{"id":1934,"date":"2020-06-19T15:05:59","date_gmt":"2020-06-19T08:05:59","guid":{"rendered":"http:\/\/anpiano.com\/?post_type=product&#038;p=1934"},"modified":"2025-10-02T16:20:38","modified_gmt":"2025-10-02T09:20:38","slug":"casio-px720","status":"publish","type":"product","link":"https:\/\/anpiano.com\/?product=casio-px720","title":{"rendered":"Casio PX 720"},"content":{"rendered":"<h4><strong>Gi\u1edbi Thi\u1ec7u \u0110\u00e0n <\/strong><strong>Casio PX 720<\/strong><\/h4>\n<ul>\n<li>Piano Casio l\u00e0 m\u1ed9t trong nh\u1eefng d\u00f2ng h\u00e0ng \u0111\u01b0\u1ee3c kh\u00e1ch h\u00e0ng tin d\u00f9ng v\u00e0 s\u1eed d\u1ee5ng trong su\u1ed1t th\u1eddi gian qua v\u00e0 l\u00e0 s\u1ef1 l\u1ef1a ch\u1ecdn h\u00e0ng \u0111\u1ea7u t\u1ea1i Vi\u1ec7t Nam.<\/li>\n<\/ul>\n<p>&nbsp;<\/p>\n<p><img fetchpriority=\"high\" decoding=\"async\" class=\"alignnone size-medium wp-image-11628\" src=\"https:\/\/anpiano.com\/wp-content\/uploads\/2020\/06\/6187618d738fd1d1889e36-300x225.jpg\" alt=\"Casio PX 720\" width=\"300\" height=\"225\" srcset=\"https:\/\/anpiano.com\/wp-content\/uploads\/2020\/06\/6187618d738fd1d1889e36-300x225.jpg 300w, https:\/\/anpiano.com\/wp-content\/uploads\/2020\/06\/6187618d738fd1d1889e36-1024x768.jpg 1024w, https:\/\/anpiano.com\/wp-content\/uploads\/2020\/06\/6187618d738fd1d1889e36-768x576.jpg 768w, https:\/\/anpiano.com\/wp-content\/uploads\/2020\/06\/6187618d738fd1d1889e36-1536x1152.jpg 1536w, https:\/\/anpiano.com\/wp-content\/uploads\/2020\/06\/6187618d738fd1d1889e36-2048x1536.jpg 2048w, https:\/\/anpiano.com\/wp-content\/uploads\/2020\/06\/6187618d738fd1d1889e36-247x185.jpg 247w, https:\/\/anpiano.com\/wp-content\/uploads\/2020\/06\/6187618d738fd1d1889e36-510x383.jpg 510w\" sizes=\"(max-width: 300px) 100vw, 300px\" \/><\/p>\n<p>&nbsp;<\/p>\n<p><strong>\u0110\u00e1nh gi\u00e1 <\/strong><strong>Casio PX 720<\/strong><strong>:<\/strong><\/p>\n<ul>\n<li>\u0110\u00e0n piano \u0111i\u1ec7n Casio PX 720 s\u1edf h\u1eefu \u00e2m thanh ch\u00e2n th\u1ef1c, \u0111\u1ec9nh cao, c\u00f3 ki\u1ec3u d\u00e1ng nh\u1ecf g\u1ecdn, hi\u1ec7n \u0111\u1ea1i, linh ho\u1ea1t \u0111\u1ec5 mang \u0111i b\u1ea5t c\u1ee9 n\u01a1i \u0111\u00e2u m\u00ecnh th\u00edch v\u00e0 l\u00e0 s\u1ef1 l\u1ef1a ch\u1ecdn cho th\u00e0nh vi\u00ean th\u00edch phong c\u00e1ch \u0111\u01a1n gi\u1ea3n. L\u00e0 c\u00e2y \u0111\u00e0n piano ho\u00e0n h\u1ea3o cho ng\u01b0\u1eddi m\u1edbi h\u1ecdc, c\u0169ng nh\u01b0 ng\u01b0\u1eddi ch\u01a1i gi\u1ea3i tr\u00ed.<\/li>\n<\/ul>\n<p><strong>\u0110\u1eb7c \u0111i\u1ec3m n\u1ed5i b\u1eadt c\u1ee7a \u0111\u00e0n piano \u0111i\u1ec7n Casio PX 720<\/strong><\/p>\n<ul>\n<li>Ngu\u1ed3n \u00e2m AFI (Acoustic and Intelligent Filtering system): K\u1ebft h\u1ee3p s\u00f3ng \u00e2m ch\u00ednh x\u00e1c v\u00e0 th\u1ec3 t\u00edch l\u1edbn v\u1edbi c\u00f4ng ngh\u1ec7 x\u1eed l\u00fd m\u1edbi nh\u1ea5t \u0111\u1ec3 t\u1ea1o ra \u00e2m thanh t\u1ef1 nhi\u00ean v\u00e0 c\u1ef1c k\u1ef3 ch\u00e2n th\u1eadt, t\u1ea1o c\u1ea3m gi\u00e1c nh\u01b0 \u0111ang nghe nh\u1eefng nh\u1ea1c c\u1ee5 acoustic th\u1eadt.<\/li>\n<li>Piano \u0111i\u1ec7n Casio PX 720 \u0111\u01b0\u1ee3c \u00e1p d\u1ee5ng c\u00f4ng ngh\u1ec7 Lid Simulator &#8211; m\u1eabu \u00e2m thanh hi\u1ec7n \u0111\u1ea1i, m\u1edbi nh\u1ea5t t\u1eeb Casio c\u00f3 th\u1ec3 \u0111i\u1ec1u ch\u1ec9nh \u0111\u01b0\u1ee3c \u00e2m thanh qua 4 m\u1ee9c m\u00f4 ph\u1ecfng nh\u01b0 c\u00e2y \u0111\u00e0n grand Piano\u00a0 \u0111\u00e0n piano acoustic 3 ch\u00e2n (n\u1eafp \u0111\u00e0n \u0111\u00f3ng &#8211; m\u1edf \u00edt &#8211; m\u1edf nhi\u1ec1u &#8211; kh\u00f4ng c\u00f3 n\u1eafp)<\/li>\n<li>B\u00e0n ph\u00edm n\u1eb7ng h\u01a1n cho nh\u1eefng n\u1ed1t tr\u1ea7m v\u00e0 nh\u1eb9 h\u01a1n cho nh\u1eedng n\u1ed1t cao cho c\u1ea3m gi\u00e1c nh\u01b0 ch\u01a1i \u0111\u00e0n th\u1eadt.<\/li>\n<\/ul>\n<p><img decoding=\"async\" class=\"alignnone size-medium wp-image-11631\" src=\"https:\/\/anpiano.com\/wp-content\/uploads\/2020\/06\/de56984f8a4d2813715c34-300x225.jpg\" alt=\"Casio PX 720\" width=\"300\" height=\"225\" srcset=\"https:\/\/anpiano.com\/wp-content\/uploads\/2020\/06\/de56984f8a4d2813715c34-300x225.jpg 300w, https:\/\/anpiano.com\/wp-content\/uploads\/2020\/06\/de56984f8a4d2813715c34-1024x768.jpg 1024w, https:\/\/anpiano.com\/wp-content\/uploads\/2020\/06\/de56984f8a4d2813715c34-768x576.jpg 768w, https:\/\/anpiano.com\/wp-content\/uploads\/2020\/06\/de56984f8a4d2813715c34-1536x1152.jpg 1536w, https:\/\/anpiano.com\/wp-content\/uploads\/2020\/06\/de56984f8a4d2813715c34-2048x1536.jpg 2048w, https:\/\/anpiano.com\/wp-content\/uploads\/2020\/06\/de56984f8a4d2813715c34-247x185.jpg 247w, https:\/\/anpiano.com\/wp-content\/uploads\/2020\/06\/de56984f8a4d2813715c34-510x383.jpg 510w\" sizes=\"(max-width: 300px) 100vw, 300px\" \/><\/p>\n<p>&nbsp;<\/p>\n<p><strong>Th\u00f4ng s\u1ed1 k\u0129 thu\u1eadt c\u00e2y<\/strong><strong> Casio PX 720 <\/strong><strong>:<\/strong><\/p>\n<p>K\u00edch th\u01b0\u1edbc : (W)137cm x (H)73cm x (S)30cm<\/p>\n<p>Tr\u1ecdng l\u01b0\u1ee3ng : 32 kg<\/p>\n<div data-id=\"9ly1xDmkO1M\" data-query=\"\" data-src=\"https:\/\/www.youtube.com\/embed\/9ly1xDmkO1M\"><a href=\"https:\/\/www.facebook.com\/Anpiano.hanoi\" target=\"_blank\" rel=\"noopener\">T\u01b0 v\u1ea5n v\u00e0 ch\u1ecdn mua s\u1ea3n ph\u1ea9m kh\u00e1c t\u1ea1i \u0111\u00e2y<\/a><\/div>\n<div data-id=\"9ly1xDmkO1M\" data-query=\"\" data-src=\"https:\/\/www.youtube.com\/embed\/9ly1xDmkO1M\"><a href=\"http:\/\/thumuapiano.com\/\" target=\"_blank\" rel=\"noopener\">Ch\u00fang t\u00f4i nh\u1eadn thu mua Piano, h\u00e3y li\u00ean h\u1ec7 n\u1ebfu b\u1ea1n c\u00f3 nhu c\u1ea7u.<\/a><\/div>\n","protected":false},"excerpt":{"rendered":"<ul>\n<li>\n<h1><strong><span style=\"font-size: 24pt;\">Qu\u00e0 T\u1eb7ng:<\/span><\/strong><\/h1>\n<ul>\n<li>B\u1ea3o h\u00e0nh 9 th\u00e1ng <a href=\"https:\/\/anpiano.com\/chinh-sach-bao-hanh\/\">xem th\u00eam<\/a><\/li>\n<li>Gh\u1ebf<\/li>\n<li>Kh\u0103n ph\u1ee7 ph\u00edm<\/li>\n<li>\u0110\u1ed5i ngu\u1ed3n 220V<\/li>\n<li>Freeship HCM &#8211; HN &#8211; \u0110N &#8211; NT &#8211; BMT<\/li>\n<li>Kh\u00f3a h\u1ecdc online<\/li>\n<\/ul>\n<\/li>\n<\/ul>\n","protected":false},"featured_media":11628,"comment_status":"open","ping_status":"closed","template":"","meta":[],"product_cat":[17,133],"product_tag":[211,142,143,161],"class_list":{"0":"post-1934","1":"product","2":"type-product","3":"status-publish","4":"has-post-thumbnail","6":"product_cat-piano-dan-dien","7":"product_cat-ca-si-o","8":"product_tag-casio-px-720","9":"product_tag-piano","10":"product_tag-piano-dien","11":"product_tag-px720","13":"first","14":"instock","15":"sale","16":"shipping-taxable","17":"purchasable","18":"product-type-simple"},"jetpack_sharing_enabled":true,"_links":{"self":[{"href":"https:\/\/anpiano.com\/index.php?rest_route=\/wp\/v2\/product\/1934"}],"collection":[{"href":"https:\/\/anpiano.com\/index.php?rest_route=\/wp\/v2\/product"}],"about":[{"href":"https:\/\/anpiano.com\/index.php?rest_route=\/wp\/v2\/types\/product"}],"replies":[{"embeddable":true,"href":"https:\/\/anpiano.com\/index.php?rest_route=%2Fwp%2Fv2%2Fcomments&post=1934"}],"version-history":[{"count":3,"href":"https:\/\/anpiano.com\/index.php?rest_route=\/wp\/v2\/product\/1934\/revisions"}],"predecessor-version":[{"id":14474,"href":"https:\/\/anpiano.com\/index.php?rest_route=\/wp\/v2\/product\/1934\/revisions\/14474"}],"wp:featuredmedia":[{"embeddable":true,"href":"https:\/\/anpiano.com\/index.php?rest_route=\/wp\/v2\/media\/11628"}],"wp:attachment":[{"href":"https:\/\/anpiano.com\/index.php?rest_route=%2Fwp%2Fv2%2Fmedia&parent=1934"}],"wp:term":[{"taxonomy":"product_cat","embeddable":true,"href":"https:\/\/anpiano.com\/index.php?rest_route=%2Fwp%2Fv2%2Fproduct_cat&post=1934"},{"taxonomy":"product_tag","embeddable":true,"href":"https:\/\/anpiano.com\/index.php?rest_route=%2Fwp%2Fv2%2Fproduct_tag&post=1934"}],"curies":[{"name":"wp","href":"https:\/\/api.w.org\/{rel}","templated":true}]}}