{"id":2524,"date":"2020-07-09T11:17:03","date_gmt":"2020-07-09T04:17:03","guid":{"rendered":"http:\/\/anpiano.com\/?post_type=product&#038;p=2524"},"modified":"2025-10-02T16:19:42","modified_gmt":"2025-10-02T09:19:42","slug":"yamaha-clp270c-2","status":"publish","type":"product","link":"https:\/\/anpiano.com\/?product=yamaha-clp270c-2","title":{"rendered":"Yamaha CLP 270C"},"content":{"rendered":"<h4>\u0110\u00e0n piano \u0111i\u1ec7n Yamaha CLP 270C\u00a0th\u1ec3 hi\u1ec7n \u0111\u1eb3ng c\u1ea5p v\u01b0\u1ee3t tr\u1ed9i c\u1ee7a d\u00f2ng Clavinova v\u1edbi b\u00e0n ph\u00edm \u0111\u01b0\u1ee3c l\u00e0m t\u1eeb g\u1ed7 Spruce c\u00f3 \u0111\u1ed9 b\u1ec1n cao c\u00f9ng \u00e2m thanh trong tr\u1ebbo c\u00f9ng h\u1ec7 th\u1ed1ng loa \u0111\u01b0\u1ee3c n\u00e2ng c\u1ea5p so v\u1edbi c\u00e1c \u0111\u1eddi th\u1ea5p \u0111em l\u1ea1i chi\u1ec1u s\u00e2u v\u00e0 \u0111\u1ed9 c\u1ed9ng h\u01b0\u1edfng l\u1edbn.<\/h4>\n<p><img decoding=\"async\" class=\"aligncenter\" src=\"https:\/\/anpiano.com\/wp-content\/uploads\/2020\/07\/CLP-270-C-6-1.jpg\" \/><\/p>\n<p>&nbsp;<\/p>\n<p class=\"p2\"><strong><span class=\"s2\">Nh\u1eefng c\u00f4ng ngh\u1ec7 n\u1ed5i b\u1eadt c\u1ee7a <\/span><\/strong>Yamaha CLP 270C<\/p>\n<p class=\"p1\"><span class=\"s1\">C\u00f3 th\u1ec3 n\u00f3i \u0111\u00e0n piano <\/span>Yamaha CLP 270C <span class=\"s1\">\u0111\u01b0\u1ee3c \u00e1p d\u1ee5ng nhi\u1ec1u c\u00f4ng ngh\u1ec7 ti\u00ean ti\u1ebfn nh\u1ea5t c\u1ee7a Yamaha nh\u01b0:<\/span><\/p>\n<ul>\n<li class=\"p1\"><span class=\"s1\">L\u1ea5y m\u1eabu v\u1edbi b\u1ed9 nh\u1edb (AWM) c\u1ea5p \u0111\u1ed9 5\u00a0 Dynamic Stereo Sampling<\/span><\/li>\n<li class=\"p1\"><span class=\"s1\">H\u1ec7 th\u1ed1ng Tri-Amp cho \u00e2m thanh t\u1ed1t h\u01a1n trong t\u1ea5t c\u1ea3 c\u00e1c d\u1ea3i s\u1ed1<\/span><\/li>\n<li class=\"p1\"><span class=\"s1\">iAFC (instrumental Active Field Control)<\/span><\/li>\n<li class=\"p1\"><span class=\"s1\">C\u1ed5ng k\u1ebft n\u1ed1i internet tr\u1ef1c ti\u1ebfp<\/span><\/li>\n<li class=\"p1\"><span class=\"s1\">Ph\u00edm \u0111\u00e0n b\u1eb1ng g\u1ed7 t\u1ef1 nhi\u00ean v\u00e0 synthetic ivory keytops.<\/span><\/li>\n<\/ul>\n<p><img decoding=\"async\" class=\"aligncenter\" src=\"https:\/\/anpiano.com\/wp-content\/uploads\/2020\/07\/CLP-270-C-8-1.jpg\" \/><\/p>\n<p>&nbsp;<\/p>\n<p><strong>Th\u00f4ng s\u1ed1 k\u0129 thu\u1eadt c\u00e2y piano YAMAHA CLP270C :<\/strong><\/p>\n<p>K\u00edch th\u01b0\u1edbc : (W)141cm x (H)91.5cm x (S)52cm<\/p>\n<p>Tr\u1ecdng l\u01b0\u1ee3ng : 91 kg<\/p>\n<div class=\"product-section\">\n<div class=\"row\">\n<div class=\"large-10 col pb-0 mb-0\">\n<div class=\"panel entry-content\">\n<div data-id=\"9ly1xDmkO1M\" data-query=\"\" data-src=\"https:\/\/www.youtube.com\/embed\/9ly1xDmkO1M\"><a href=\"https:\/\/www.facebook.com\/Anpiano.hanoi\" target=\"_blank\" rel=\"noopener\">T\u01b0 v\u1ea5n v\u00e0 ch\u1ecdn mua s\u1ea3n ph\u1ea9m kh\u00e1c t\u1ea1i \u0111\u00e2y<\/a><\/div>\n<div data-id=\"9ly1xDmkO1M\" data-query=\"\" data-src=\"https:\/\/www.youtube.com\/embed\/9ly1xDmkO1M\"><a href=\"http:\/\/thumuapiano.com\/\" target=\"_blank\" rel=\"noopener\">Ch\u00fang t\u00f4i nh\u1eadn thu mua Piano, h\u00e3y li\u00ean h\u1ec7 n\u1ebfu b\u1ea1n c\u00f3 nhu c\u1ea7u.<\/a><\/div>\n<\/div>\n<\/div>\n<\/div>\n<\/div>\n<div class=\"product-section\">\n<div class=\"row\">\n<div class=\"large-2 col pb-0 mb-0\"><\/div>\n<\/div>\n<\/div>\n","protected":false},"excerpt":{"rendered":"<ul>\n<li>B\u1ea3o h\u00e0nh 12 th\u00e1ng <a href=\"https:\/\/anpiano.com\/chinh-sach-bao-hanh\/\">xem th\u00eam<\/a><\/li>\n<li>Gh\u1ebf<\/li>\n<li>Kh\u0103n ph\u1ee7 ph\u00edm<\/li>\n<li>\u0110\u1ed5i ngu\u1ed3n 220V<\/li>\n<li>Freeship HCM \u2013 HN \u2013 \u0110N &#8211; NT &#8211; BMT<\/li>\n<li>Kh\u00f3a h\u1ecdc online<\/li>\n<\/ul>\n","protected":false},"featured_media":5138,"comment_status":"open","ping_status":"closed","template":"","meta":[],"product_cat":[17,129],"product_tag":[255,142,143,267],"class_list":{"0":"post-2524","1":"product","2":"type-product","3":"status-publish","4":"has-post-thumbnail","6":"product_cat-piano-dan-dien","7":"product_cat-ya-ma-ha","8":"product_tag-clp-270","9":"product_tag-piano","10":"product_tag-piano-dien","11":"product_tag-yamaha-clp270c","13":"first","14":"instock","15":"sale","16":"shipping-taxable","17":"purchasable","18":"product-type-simple"},"jetpack_sharing_enabled":true,"_links":{"self":[{"href":"https:\/\/anpiano.com\/index.php?rest_route=\/wp\/v2\/product\/2524"}],"collection":[{"href":"https:\/\/anpiano.com\/index.php?rest_route=\/wp\/v2\/product"}],"about":[{"href":"https:\/\/anpiano.com\/index.php?rest_route=\/wp\/v2\/types\/product"}],"replies":[{"embeddable":true,"href":"https:\/\/anpiano.com\/index.php?rest_route=%2Fwp%2Fv2%2Fcomments&post=2524"}],"version-history":[{"count":2,"href":"https:\/\/anpiano.com\/index.php?rest_route=\/wp\/v2\/product\/2524\/revisions"}],"predecessor-version":[{"id":13731,"href":"https:\/\/anpiano.com\/index.php?rest_route=\/wp\/v2\/product\/2524\/revisions\/13731"}],"wp:featuredmedia":[{"embeddable":true,"href":"https:\/\/anpiano.com\/index.php?rest_route=\/wp\/v2\/media\/5138"}],"wp:attachment":[{"href":"https:\/\/anpiano.com\/index.php?rest_route=%2Fwp%2Fv2%2Fmedia&parent=2524"}],"wp:term":[{"taxonomy":"product_cat","embeddable":true,"href":"https:\/\/anpiano.com\/index.php?rest_route=%2Fwp%2Fv2%2Fproduct_cat&post=2524"},{"taxonomy":"product_tag","embeddable":true,"href":"https:\/\/anpiano.com\/index.php?rest_route=%2Fwp%2Fv2%2Fproduct_tag&post=2524"}],"curies":[{"name":"wp","href":"https:\/\/api.w.org\/{rel}","templated":true}]}}