{"id":2584,"date":"2020-07-10T09:34:29","date_gmt":"2020-07-10T02:34:29","guid":{"rendered":"http:\/\/anpiano.com\/?post_type=product&#038;p=2584"},"modified":"2025-10-02T16:18:38","modified_gmt":"2025-10-02T09:18:38","slug":"yamaha-clp-820r","status":"publish","type":"product","link":"https:\/\/anpiano.com\/?product=yamaha-clp-820r","title":{"rendered":"YAMAHA CLP 820R"},"content":{"rendered":"<h4>\u0110\u00e0n pian<span class=\"s1\">o \u0111i\u1ec7n Yamaha CLP 820R \u0111\u01b0\u1ee3c s\u1ea3n xu\u1ea5t t\u1ea1i Nh\u1eadt B\u1ea3n, c\u00f3 m\u00e0u s\u1eafc n\u00e2u g\u1ed7 sang tr\u1ecdng, \u00e2m thanh hay, gi\u00e1 r\u1ebb ph\u00f9 h\u1ee3p cho c\u00e1c b\u1ea1n h\u1ecdc sinh m\u1edbi h\u1ecdc \u0111\u00e0n. Yamaha CLP-820 v\u1edbi thi\u1ebft k\u1ebf sang tr\u1ecdng v\u00e0 \u00e2m thanh tuy\u1ec7t v\u1eddi s\u1ebd \u0111\u00e1p \u1ee9ng cho b\u1ea1n nh\u1eefng ti\u00eau ch\u00ed \u0111\u1ec3 luy\u1ec7n t\u1eadp.<\/span><\/h4>\n<p>&nbsp;<\/p>\n<ul>\n<li class=\"p1\"><span class=\"s1\">T\u00ednh n\u0103ng \u0111\u00e0n piano \u0111i\u1ec7n Yamaha CLP 820R<\/span><\/li>\n<li class=\"p2\"><span class=\"s1\">\u0110\u00e0n piano \u0111i\u1ec7n Yamaha CLP 820R \u0111\u1ea7y \u0111\u1ee7 t\u00ednh n\u0103ng v\u1edbi ch\u1ea5t l\u01b0\u1ee3ng \u00e2m thanh n\u1ed5i th\u1ebf h\u1ec7 giai \u0111i\u1ec7u l\u1ea5y m\u1eabu AWM, 88-key HE b\u00e0n ph\u00edm v\u1edbi \u0111\u1ed9 nh\u1ea1y c\u1ea3m \u1ee9ng 4 v\u1ecb tr\u00ed v\u00e0 32-note \u00e2m s\u1eafc. t\u1ee7 g\u1ed7 v\u1edbi g\u1ed7 h\u1ed3ng m\u1ed9c t\u1ed1i k\u1ebft th\u00fac h\u1ea1t, 5 ti\u1ebfng, th\u00eam m\u1ed9t bi\u1ebfn th\u1ec3 cho m\u1ed7i, gi\u1ecdng k\u00e9p, reverb k\u1ef9 thu\u1eadt s\u1ed1, m\u00e1y ghi \u00e2m, 7 temprements, 20W x 2 b\u1ed9 khu\u1ebfch \u0111\u1ea1i, nh\u1ecbp, 2 b\u00e0n \u0111\u1ea1p ch\u00e2n, MIDI, giao di\u1ec7n m\u00e1y t\u00ednh, jack c\u1eafm tai nghe.<\/span><\/li>\n<\/ul>\n<p><img decoding=\"async\" class=\"aligncenter\" src=\"https:\/\/anpiano.com\/wp-content\/uploads\/2020\/07\/CLP-820-3-1.jpg\" \/><\/p>\n<ul>\n<li class=\"p2\"><span class=\"s1\">AWM Stereo Sampling\u00a0<\/span><\/li>\n<li class=\"p2\"><span class=\"s1\">AWM (Advanced s\u00f3ng Memory) th\u1ebf h\u1ec7 giai \u0111i\u1ec7u t\u1eeb l\u00e2u \u0111\u00e3 \u0111\u01b0\u1ee3c c\u00f4ng nh\u1eadn l\u00e0 ng\u00e0nh c\u00f4ng nghi\u1ec7p, nh\u00e0 l\u00e3nh \u0111\u1ea1o cho \u00e2m thanh trung th\u1ef1c. B\u1edfi v\u00ec c\u00e1c m\u1eabu ban \u0111\u1ea7u l\u00e0 g\u1ea7n v\u1edbi nh\u1eefng g\u00ec b\u1ea1n ch\u01a1i, AWM c\u00f3 \u00edt vi\u1ec7c ph\u1ea3i l\u00e0m, v\u00e0 v\u00ec v\u1eady \u00e2m thanh th\u1eadm ch\u00ed th\u1ef1c t\u1ebf h\u01a1n. V\u00e0 \u0111\u00f3 l\u00e0 ch\u1ee7 ngh\u0129a hi\u1ec7n th\u1ef1c n\u00e0y c\u1ed9ng v\u1edbi m\u1ed9t ph\u1ea1m vi ho\u1ea1t \u0111\u1ed9ng r\u1ed9ng l\u1edbn h\u01a1n m\u00e0 l\u00e0m cho nh\u1eefng CLP Clavinovas h\u00e1t, cho ph\u00e9p b\u1ea1n \u0111\u1ec3 cung c\u1ea5p cho c\u00e1c bu\u1ed5i bi\u1ec3u di\u1ec5n \u0111\u1ea7y \u0111am m\u00ea v\u00e0 bi\u1ec3u hi\u1ec7n.<\/span><\/li>\n<li><span class=\"s1\">Hammer Effect (HE)\u00a0<\/span><\/li>\n<li class=\"p2\"><span class=\"s1\">Nh\u1eefng b\u00e0n ph\u00edm cung c\u1ea5p c\u00e1c ph\u1ea3n \u1ee9ng c\u1ea3m \u1ee9ng nh\u1ea1y c\u1ea3m m\u00e0 c\u00e2y \u0111\u00e0n piano \u0111i\u1ec7n Yamaha CLP 820R mang l\u1ea1i, c\u1ed9ng v\u1edbi m\u1ed9t \u0111\u1ed9c \u0111\u00e1o th\u00eam: thay v\u00ec s\u1eed d\u1ee5ng l\u00f2 xo ho\u1eb7c b\u1ed9 gi\u1ea3m ch\u1ea5n d\u1ea7u \u0111\u1ec3 m\u00f4 ph\u1ecfng c\u1ea3m gi\u00e1c c\u1ee7a m\u1ed9t piano \u00e2m thanh, b\u00e0n ph\u00edm HE s\u1eed d\u1ee5ng tr\u1ecdng l\u01b0\u1ee3ng th\u1ef1c t\u1ebf v\u00e0 m\u1ed1i li\u00ean k\u1ebft c\u01a1 h\u1ecdc \u0111\u1ec3 mang l\u1ea1i m\u1ed9t c\u1ea5p \u0111\u1ed9 ho\u00e0n to\u00e0n m\u1edbi c\u1ee7a ch\u1ee7 ngh\u0129a hi\u1ec7n th\u1ef1c.<\/span><\/li>\n<li class=\"p2\"><span class=\"s1\">Ph\u1ea1m vi r\u1ed9ng c\u1ee7a Voices<\/span><\/li>\n<li class=\"p2\"><span class=\"s1\">\u0110\u1ec3 mang l\u1ea1i cho b\u1ea1n s\u1ef1 linh ho\u1ea1t \u00e2m nh\u1ea1c c\u1ee7a b\u1ea1n y\u00eau c\u1ea7u, c\u00e1c Clavinovas m\u1edbi cung c\u1ea5p nhi\u1ec1u l\u1ef1a ch\u1ecdn c\u00e1c ti\u1ebfng n\u00f3i t\u1eeb c\u00e2y \u0111\u00e0n piano v\u00e0 piano \u0111i\u1ec7n, \u0111\u1ec3 harpsichord, organ v\u00e0 chu\u1ed7i. B\u00ean c\u1ea1nh \u0111\u00f3, c\u00f3 m\u1ed9t bi\u1ebfn th\u1ec3 th\u1ee9 hai cho m\u1ed7i gi\u1ecdng n\u00f3i, hi\u1ec7u qu\u1ea3 t\u0103ng g\u1ea5p \u0111\u00f4i s\u1ed1 l\u01b0\u1ee3ng c\u1ee7a gi\u1ecdng \u0111\u1ecdc hi\u1ec7n c\u00f3.<\/span><\/li>\n<\/ul>\n<p><img decoding=\"async\" class=\"aligncenter\" src=\"https:\/\/anpiano.com\/wp-content\/uploads\/2020\/07\/CLP-820-1-1.jpg\" \/><\/p>\n<p>&nbsp;<\/p>\n<p><strong>Th\u00f4ng s\u1ed1 k\u0129 thu\u1eadt c\u00e2y piano YAMAHA CLP 820 :<\/strong><\/p>\n<p>K\u00edch th\u01b0\u1edbc : (W)140cm x (H)87cm x (S)51cm<\/p>\n<p>Tr\u1ecdng l\u01b0\u1ee3ng : 53 kg<\/p>\n<div class=\"product-section\">\n<div class=\"row\">\n<div class=\"large-10 col pb-0 mb-0\">\n<div class=\"panel entry-content\">\n<div data-id=\"9ly1xDmkO1M\" data-query=\"\" data-src=\"https:\/\/www.youtube.com\/embed\/9ly1xDmkO1M\"><a href=\"https:\/\/www.facebook.com\/Anpiano.hanoi\" target=\"_blank\" rel=\"noopener\">T\u01b0 v\u1ea5n v\u00e0 ch\u1ecdn mua s\u1ea3n ph\u1ea9m kh\u00e1c t\u1ea1i \u0111\u00e2y<\/a><\/div>\n<div data-id=\"9ly1xDmkO1M\" data-query=\"\" data-src=\"https:\/\/www.youtube.com\/embed\/9ly1xDmkO1M\"><a href=\"http:\/\/thumuapiano.com\/\" target=\"_blank\" rel=\"noopener\">Ch\u00fang t\u00f4i nh\u1eadn thu mua Piano, h\u00e3y li\u00ean h\u1ec7 n\u1ebfu b\u1ea1n c\u00f3 nhu c\u1ea7u.<\/a><\/div>\n<\/div>\n<\/div>\n<\/div>\n<\/div>\n<div class=\"product-section\">\n<div class=\"row\">\n<div class=\"large-2 col pb-0 mb-0\"><\/div>\n<\/div>\n<\/div>\n<p>&nbsp;<\/p>\n","protected":false},"excerpt":{"rendered":"<h1><strong><span style=\"font-size: 24pt;\">Qu\u00e0 T\u1eb7ng:<\/span><\/strong><\/h1>\n<ul>\n<li>B\u1ea3o h\u00e0nh 12 th\u00e1ng <a href=\"https:\/\/anpiano.com\/chinh-sach-bao-hanh\/\">xem th\u00eam<\/a><\/li>\n<li>Gh\u1ebf<\/li>\n<li>Kh\u0103n ph\u1ee7 ph\u00edm<\/li>\n<li>\u0110\u1ed5i ngu\u1ed3n 220V<\/li>\n<li>Freeship HCM \u2013 HN \u2013 \u0110N &#8211; NT &#8211; BMT<\/li>\n<li>Kh\u00f3a h\u1ecdc online<\/li>\n<\/ul>\n","protected":false},"featured_media":5154,"comment_status":"open","ping_status":"closed","template":"","meta":[],"product_cat":[17,129],"product_tag":[274,142,143,273],"class_list":{"0":"post-2584","1":"product","2":"type-product","3":"status-publish","4":"has-post-thumbnail","6":"product_cat-piano-dan-dien","7":"product_cat-ya-ma-ha","8":"product_tag-clp-820","9":"product_tag-piano","10":"product_tag-piano-dien","11":"product_tag-yamaha-clp-820r","13":"first","14":"instock","15":"sale","16":"shipping-taxable","17":"purchasable","18":"product-type-simple"},"jetpack_sharing_enabled":true,"_links":{"self":[{"href":"https:\/\/anpiano.com\/index.php?rest_route=\/wp\/v2\/product\/2584"}],"collection":[{"href":"https:\/\/anpiano.com\/index.php?rest_route=\/wp\/v2\/product"}],"about":[{"href":"https:\/\/anpiano.com\/index.php?rest_route=\/wp\/v2\/types\/product"}],"replies":[{"embeddable":true,"href":"https:\/\/anpiano.com\/index.php?rest_route=%2Fwp%2Fv2%2Fcomments&post=2584"}],"version-history":[{"count":3,"href":"https:\/\/anpiano.com\/index.php?rest_route=\/wp\/v2\/product\/2584\/revisions"}],"predecessor-version":[{"id":14468,"href":"https:\/\/anpiano.com\/index.php?rest_route=\/wp\/v2\/product\/2584\/revisions\/14468"}],"wp:featuredmedia":[{"embeddable":true,"href":"https:\/\/anpiano.com\/index.php?rest_route=\/wp\/v2\/media\/5154"}],"wp:attachment":[{"href":"https:\/\/anpiano.com\/index.php?rest_route=%2Fwp%2Fv2%2Fmedia&parent=2584"}],"wp:term":[{"taxonomy":"product_cat","embeddable":true,"href":"https:\/\/anpiano.com\/index.php?rest_route=%2Fwp%2Fv2%2Fproduct_cat&post=2584"},{"taxonomy":"product_tag","embeddable":true,"href":"https:\/\/anpiano.com\/index.php?rest_route=%2Fwp%2Fv2%2Fproduct_tag&post=2584"}],"curies":[{"name":"wp","href":"https:\/\/api.w.org\/{rel}","templated":true}]}}