{"id":2596,"date":"2020-07-10T10:27:42","date_gmt":"2020-07-10T03:27:42","guid":{"rendered":"http:\/\/anpiano.com\/?post_type=product&#038;p=2596"},"modified":"2025-10-02T16:17:47","modified_gmt":"2025-10-02T09:17:47","slug":"yamaha-cvp-96r","status":"publish","type":"product","link":"https:\/\/anpiano.com\/?product=yamaha-cvp-96r","title":{"rendered":"YAMAHA CVP 96R"},"content":{"rendered":"<h4>\u0110\u00e0n Piano \u0110i\u1ec7n YAMAHA CVP 96R\u00a0c\u00f3 trang b\u1ecb Riff \u0111a d\u1ea1ng v\u00e0 phong ph\u00fa gi\u00fap b\u1ea1n tho\u1ea3i m\u00e1i tr\u00ecnh di\u1ec5n nh\u1eefng b\u00e0i h\u00e1t hi\u1ec7n \u0111\u1ea1i v\u00e0 c\u00f9ng h\u00e1t h\u00f2 v\u1edbi b\u1ea1n b\u00e8 ngay t\u1ea1i nh\u00e0 b\u1ea1n nh\u01b0 ch\u01a1i c\u1ea3 m\u1ed9t d\u00e0n nh\u1ea1c.<br \/>\n\u0110\u00e0n Piano \u0110i\u1ec7n Yamaha CVP 96\u00a0 trang b\u1ecb LCD h\u00ecnh l\u1edbn v\u00e0 thi\u1ebft k\u1ebf khoa h\u1ecdc gi\u00fap b\u1ea1n ti\u1ec7n l\u1ee3i trong vi\u1ec7c c\u00e0i \u0111\u1eb7t c\u00e2y \u0111\u00e0n th\u00e2n y\u00eau c\u1ee7a m\u00ecnh.<\/h4>\n<p><img fetchpriority=\"high\" decoding=\"async\" class=\"aligncenter wp-image-3781 size-full\" src=\"https:\/\/anpiano.com\/wp-content\/uploads\/2020\/07\/CVP-96-R-1.jpg\" alt=\"\" width=\"480\" height=\"480\" srcset=\"https:\/\/anpiano.com\/wp-content\/uploads\/2020\/07\/CVP-96-R-1.jpg 480w, https:\/\/anpiano.com\/wp-content\/uploads\/2020\/07\/CVP-96-R-1-100x100.jpg 100w, https:\/\/anpiano.com\/wp-content\/uploads\/2020\/07\/CVP-96-R-1-300x300.jpg 300w, https:\/\/anpiano.com\/wp-content\/uploads\/2020\/07\/CVP-96-R-1-150x150.jpg 150w, https:\/\/anpiano.com\/wp-content\/uploads\/2020\/07\/CVP-96-R-1-160x160.jpg 160w, https:\/\/anpiano.com\/wp-content\/uploads\/2020\/07\/CVP-96-R-1-45x45.jpg 45w, https:\/\/anpiano.com\/wp-content\/uploads\/2020\/07\/CVP-96-R-1-64x64.jpg 64w\" sizes=\"(max-width: 480px) 100vw, 480px\" \/><\/p>\n<p><strong>\u0110\u00e0n piano \u0111i\u1ec7n yamaha CVP 96<\/strong>:<\/p>\n<ul>\n<li>C\u00f3 thi\u1ebft k\u1ebf 3 ch\u00e2n c\u00f9ng m\u00e0u \u0111en b\u00f3ng gi\u00fap t\u0103ng th\u00eam v\u1ebb quy\u1ebfn r\u0169 c\u1ee7a c\u00e2y \u0111\u00e0n. B\u00e0n ph\u00edm Piano th\u00edch h\u1ee3p cho b\u1ea1n t\u1eadp Piano v\u1edbi b\u00e0n ph\u00edm n\u1eb7ng nh\u01b0 b\u00e0n ph\u00edm Piano C\u01a1.<\/li>\n<li>\u00c1p d\u1ee5ng c\u00f4ng ngh\u1ec7 \u00e2m thanh ti\u00ean ti\u1ebfn v\u1edbi c\u00f4ng su\u1ea5t loa v\u00e0 amply \u0111\u01b0\u1ee3c n\u00e2ng c\u1ea5p t\u1ea1o ra \u00e2m thanh trung th\u1ef1c v\u00e0 m\u1ea1nh m\u1ebd nh\u01b0 m\u1ed9t d\u00e0n nh\u1ea1c mini t\u1ea1i gia \u0111\u00ecnh, cho b\u1ea1n th\u1ecfa s\u1ee9c kh\u00e1m ph\u00e1 v\u00e0 s\u00e1ng t\u1ea1o.<br \/>\nS\u1ee1 h\u1eefu m\u00e0n h\u00ecnh LCD l\u1edbn v\u00e0 \u0111\u01b0\u1ee3c thi\u1ebft k\u1ebf khoa h\u1ecdc gi\u00fap b\u1ea1n ti\u1ec7n l\u1ee3i trong vi\u1ec7c c\u00e0i \u0111\u1eb7t c\u00e2y \u0111\u00e0n th\u00e2n y\u00eau c\u1ee7a m\u00ecnh. B\u00ean c\u1ea1nh \u0111\u00f3, thi\u1ebft k\u1ebf c\u1ee7a Yamaha CVP-96 m\u00f4 ph\u1ecfng ki\u1ec3u piano grand cho ki\u1ec3u d\u00e1ng sang tr\u1ecdng, m\u1ea1nh m\u1ebd, t\u1ea1o s\u1ef1 \u1ea5n t\u01b0\u1ee3ng cho kh\u00f4ng gian \u0111\u1eb7t \u0111\u00e0n.<\/li>\n<\/ul>\n<p>&nbsp;<\/p>\n<p><img decoding=\"async\" class=\"aligncenter wp-image-3780 size-full\" src=\"https:\/\/anpiano.com\/wp-content\/uploads\/2020\/07\/CVP-96-R.jpg\" alt=\"\" width=\"480\" height=\"480\" srcset=\"https:\/\/anpiano.com\/wp-content\/uploads\/2020\/07\/CVP-96-R.jpg 480w, https:\/\/anpiano.com\/wp-content\/uploads\/2020\/07\/CVP-96-R-100x100.jpg 100w, https:\/\/anpiano.com\/wp-content\/uploads\/2020\/07\/CVP-96-R-300x300.jpg 300w, https:\/\/anpiano.com\/wp-content\/uploads\/2020\/07\/CVP-96-R-150x150.jpg 150w, https:\/\/anpiano.com\/wp-content\/uploads\/2020\/07\/CVP-96-R-160x160.jpg 160w, https:\/\/anpiano.com\/wp-content\/uploads\/2020\/07\/CVP-96-R-45x45.jpg 45w, https:\/\/anpiano.com\/wp-content\/uploads\/2020\/07\/CVP-96-R-64x64.jpg 64w\" sizes=\"(max-width: 480px) 100vw, 480px\" \/><\/p>\n<p><strong>Th\u00f4ng s\u1ed1 k\u0129 thu\u1eadt c\u00e2y piano YAMAHA CVP 96R :<\/strong><\/p>\n<p>K\u00edch th\u01b0\u1edbc : (W)141cm x (H)89cm x (S)50cm<\/p>\n<p>Tr\u1ecdng l\u01b0\u1ee3ng : 65 kg<\/p>\n<div class=\"product-section\">\n<div class=\"row\">\n<div class=\"large-10 col pb-0 mb-0\">\n<div class=\"panel entry-content\">\n<div data-id=\"9ly1xDmkO1M\" data-query=\"\" data-src=\"https:\/\/www.youtube.com\/embed\/9ly1xDmkO1M\"><a href=\"https:\/\/www.facebook.com\/Anpiano.hanoi\" target=\"_blank\" rel=\"noopener\">T\u01b0 v\u1ea5n v\u00e0 ch\u1ecdn mua s\u1ea3n ph\u1ea9m kh\u00e1c t\u1ea1i \u0111\u00e2y<\/a><\/div>\n<div data-id=\"9ly1xDmkO1M\" data-query=\"\" data-src=\"https:\/\/www.youtube.com\/embed\/9ly1xDmkO1M\"><a href=\"http:\/\/thumuapiano.com\/\" target=\"_blank\" rel=\"noopener\">Ch\u00fang t\u00f4i nh\u1eadn thu mua Piano, h\u00e3y li\u00ean h\u1ec7 n\u1ebfu b\u1ea1n c\u00f3 nhu c\u1ea7u.<\/a><\/div>\n<\/div>\n<\/div>\n<\/div>\n<\/div>\n<div class=\"product-section\">\n<div class=\"row\">\n<div class=\"large-2 col pb-0 mb-0\"><\/div>\n<\/div>\n<\/div>\n<p>&nbsp;<\/p>\n","protected":false},"excerpt":{"rendered":"<ul>\n<li>B\u1ea3o h\u00e0nh 12 th\u00e1ng <a href=\"https:\/\/anpiano.com\/chinh-sach-bao-hanh\/\">xem th\u00eam<\/a><\/li>\n<li>Gh\u1ebf<\/li>\n<li>Kh\u0103n ph\u1ee7 ph\u00edm<\/li>\n<li>\u0110\u1ed5i ngu\u1ed3n 220V<\/li>\n<li>Freeship HCM \u2013 HN \u2013 \u0110N &#8211; NT &#8211; BMT<\/li>\n<li>Kh\u00f3a h\u1ecdc online<\/li>\n<\/ul>\n","protected":false},"featured_media":5165,"comment_status":"open","ping_status":"closed","template":"","meta":[],"product_cat":[17,129],"product_tag":[278,142,143,277],"class_list":{"0":"post-2596","1":"product","2":"type-product","3":"status-publish","4":"has-post-thumbnail","6":"product_cat-piano-dan-dien","7":"product_cat-ya-ma-ha","8":"product_tag-cvp-96","9":"product_tag-piano","10":"product_tag-piano-dien","11":"product_tag-yamaha-cvp-96r","13":"first","14":"instock","15":"sale","16":"shipping-taxable","17":"purchasable","18":"product-type-simple"},"jetpack_sharing_enabled":true,"_links":{"self":[{"href":"https:\/\/anpiano.com\/index.php?rest_route=\/wp\/v2\/product\/2596"}],"collection":[{"href":"https:\/\/anpiano.com\/index.php?rest_route=\/wp\/v2\/product"}],"about":[{"href":"https:\/\/anpiano.com\/index.php?rest_route=\/wp\/v2\/types\/product"}],"replies":[{"embeddable":true,"href":"https:\/\/anpiano.com\/index.php?rest_route=%2Fwp%2Fv2%2Fcomments&post=2596"}],"version-history":[{"count":2,"href":"https:\/\/anpiano.com\/index.php?rest_route=\/wp\/v2\/product\/2596\/revisions"}],"predecessor-version":[{"id":13724,"href":"https:\/\/anpiano.com\/index.php?rest_route=\/wp\/v2\/product\/2596\/revisions\/13724"}],"wp:featuredmedia":[{"embeddable":true,"href":"https:\/\/anpiano.com\/index.php?rest_route=\/wp\/v2\/media\/5165"}],"wp:attachment":[{"href":"https:\/\/anpiano.com\/index.php?rest_route=%2Fwp%2Fv2%2Fmedia&parent=2596"}],"wp:term":[{"taxonomy":"product_cat","embeddable":true,"href":"https:\/\/anpiano.com\/index.php?rest_route=%2Fwp%2Fv2%2Fproduct_cat&post=2596"},{"taxonomy":"product_tag","embeddable":true,"href":"https:\/\/anpiano.com\/index.php?rest_route=%2Fwp%2Fv2%2Fproduct_tag&post=2596"}],"curies":[{"name":"wp","href":"https:\/\/api.w.org\/{rel}","templated":true}]}}