{"id":2635,"date":"2020-07-12T14:25:17","date_gmt":"2020-07-12T07:25:17","guid":{"rendered":"http:\/\/anpiano.com\/?post_type=product&#038;p=2635"},"modified":"2025-10-02T16:17:11","modified_gmt":"2025-10-02T09:17:11","slug":"yamaha-yu30wn","status":"publish","type":"product","link":"https:\/\/anpiano.com\/?product=yamaha-yu30wn","title":{"rendered":"YAMAHA YU30Wn"},"content":{"rendered":"<h3>\u0110\u00e0n Piano YAMAHA YU30Wn :<\/h3>\n<p>\u0110\u01b0\u1ee3c s\u1ea3n xu\u1ea5t v\u00e0o nh\u1eefng n\u0103m 2000,\u00a0Yamaha YU30\u00a0l\u00e0 m\u1ed9t m\u1eabu \u0111\u00e0n c\u00f2n kh\u00e1 m\u1edbi v\u00e0 \u0111\u01b0\u1ee3c t\u00edch h\u1ee3p nhi\u1ec1u c\u00f4ng ngh\u1ec7 ti\u00ean ti\u1ebfn c\u1ee7a th\u01b0\u01a1ng hi\u1ec7u Yamaha.\u00a0V\u1edbi chi\u1ec1u cao 131cm, h\u1ed9p \u0111\u00e0n c\u1ee7a\u00a0Yamaha YU30\u00a0cho ph\u00e9p m\u1ed9t b\u1ea3ng c\u1ed9ng h\u01b0\u1edfng l\u1edbn h\u01a1n v\u00e0 h\u1ec7 th\u1ed1ng d\u00e2y d\u00e0i h\u01a1n, gi\u00fap t\u0103ng c\u01b0\u1eddng \u0111\u00e1ng k\u1ec3 \u0111\u1ed9 vang v\u00e0 ch\u1ea5t l\u01b0\u1ee3ng \u00e2m thanh.<\/p>\n<p>&nbsp;<\/p>\n<ul>\n<li>\u0110\u1ec3 \u0111\u1ea3m b\u1ea3o ch\u1ea5t l\u01b0\u1ee3ng \u00e2m thanh \u1edf m\u1ee9c cao nh\u1ea5t, b\u1ea3ng c\u1ed9ng h\u01b0\u1edfng c\u1ee7a \u0111\u00e0n \u0111\u01b0\u1ee3c l\u00e0m t\u1eeb g\u1ed7 v\u00e2n sam \u0111\u01b0\u1ee3c ch\u1ecdn l\u1ecdc theo nh\u1eefng ti\u00eau chu\u1ea9n kh\u1eaft khe nh\u1ea5t (ch\u1ec9 10% s\u1ed1 g\u1ed7 nh\u1eadp v\u1ec1 \u0111\u01b0\u1ee3c s\u1eed d\u1ee5ng \u0111\u1ec3 ch\u1ebf t\u00e1c b\u1ea3ng c\u1ed9ng h\u01b0\u1edfng). V\u00e2n sam l\u00e0 m\u1ed9t lo\u1ea1i g\u1ed7 c\u1ee9ng, nh\u1eb9 v\u1edbi \u0111\u1ed9 khu\u1ebfch \u0111\u1ea1i \u00e2m thanh m\u00e0 cho t\u1edbi nay ch\u01b0a c\u00f3 lo\u1ea1i g\u1ed7 n\u00e0o thay th\u1ebf \u0111\u01b0\u1ee3c.<\/li>\n<\/ul>\n<p><img decoding=\"async\" class=\"aligncenter\" src=\"https:\/\/anpiano.com\/wp-content\/uploads\/2020\/07\/YU30WN-1.jpg\" \/><\/p>\n<ul>\n<li>B\u00faa \u0111\u00e0n \u0111\u01b0\u1ee3c c\u1ea5u t\u1ea1o t\u1eeb l\u00f4ng c\u1eebu t\u1ef1 nhi\u00ean n\u00e9n ch\u1eb7t. \u0110\u1ea7u b\u00faa c\u00f2n r\u1ea5t m\u1edbi, \u00edt c\u00f3 d\u1ea5u hi\u1ec7u b\u00e0o m\u00f2n. Khung kim lo\u1ea1i c\u1ee7a \u0111\u00e0n \u0111\u01b0\u1ee3c ch\u1ebf t\u00e1c b\u1eb1ng c\u00f4ng ngh\u1ec7 V-Pro \u0111\u00e3 \u0111\u01b0\u1ee3c c\u1ea5p b\u1eb1ng s\u00e1ng ch\u1ebf, v\u1edbi \u0111\u1ed9 b\u1ec1n l\u00e2u d\u00e0i v\u00e0 kh\u1ea3 n\u0103ng ch\u1ecbu l\u1ef1c c\u0103ng d\u00e2y r\u1ea5t t\u1ed1t.<\/li>\n<li>H\u1ec7 th\u1ed1ng h\u01a1n 200 d\u00e2y \u0111\u00e0n \u0111\u01b0\u1ee3c l\u00e0m b\u1eb1ng th\u00e9p c\u01b0\u1eddng \u0111\u1ed9 cao \u00edt c\u00e1c-bon, \u0111\u1ea3m b\u1ea3o s\u1ef1 d\u1ebbo dai, linh ho\u1ea1t. M\u1ed9t l\u1edbp \u0111\u1ed3ng nguy\u00ean ch\u1ea5t cu\u1ed1n quanh c\u00e1c d\u00e2y bass gi\u00fap t\u0103ng \u0111\u1ed9 b\u1ec1n cho c\u00e1c d\u00e2y n\u00e0y.<\/li>\n<li>Ph\u00edm \u0111\u00e0n \u0111\u01b0\u1ee3c ph\u1ee7 m\u1ed9t l\u1edbp nh\u1ef1a cao c\u1ea5p ch\u1ed1ng tr\u01a1n tr\u01b0\u1ee3t<\/li>\n<li>C\u01a1 ch\u1ebf tho\u00e1t \u00e2m \u0111\u1eb7c bi\u1ec7t gi\u00fap \u00e2m thanh c\u1ee7a \u0111\u00e0n di chuy\u1ec3n tr\u1ef1c ti\u1ebfp \u0111\u1ebfn ph\u00eda tr\u01b0\u1edbc ng\u01b0\u1eddi ch\u01a1i.<\/li>\n<\/ul>\n<p><img decoding=\"async\" class=\"aligncenter\" src=\"https:\/\/anpiano.com\/wp-content\/uploads\/2020\/07\/YU30Wn-3.jpg\" \/><\/p>\n<p>&nbsp;<\/p>\n<p><strong>Th\u00f4ng s\u1ed1 k\u0129 thu\u1eadt c\u00e2y piano YAMAHA YU30Wn :<\/strong><\/p>\n<p>K\u00edch th\u01b0\u1edbc: (W)151cm x (H)121cm x (S)63cm<\/p>\n<p>Tr\u1ecdng l\u01b0\u1ee3ng :\u00a0 228kg<\/p>\n<div class=\"product-section\">\n<div class=\"row\">\n<div class=\"large-10 col pb-0 mb-0\">\n<div class=\"panel entry-content\">\n<div data-id=\"9ly1xDmkO1M\" data-query=\"\" data-src=\"https:\/\/www.youtube.com\/embed\/9ly1xDmkO1M\"><a href=\"https:\/\/www.facebook.com\/Anpiano.hanoi\" target=\"_blank\" rel=\"noopener\">T\u01b0 v\u1ea5n v\u00e0 ch\u1ecdn mua s\u1ea3n ph\u1ea9m kh\u00e1c t\u1ea1i \u0111\u00e2y<\/a><\/div>\n<div data-id=\"9ly1xDmkO1M\" data-query=\"\" data-src=\"https:\/\/www.youtube.com\/embed\/9ly1xDmkO1M\"><a href=\"http:\/\/thumuapiano.com\/\" target=\"_blank\" rel=\"noopener\">Ch\u00fang t\u00f4i nh\u1eadn thu mua Piano, h\u00e3y li\u00ean h\u1ec7 n\u1ebfu b\u1ea1n c\u00f3 nhu c\u1ea7u.<\/a><\/div>\n<\/div>\n<\/div>\n<\/div>\n<\/div>\n<div class=\"product-section\">\n<div class=\"row\">\n<div class=\"large-2 col pb-0 mb-0\"><\/div>\n<\/div>\n<\/div>\n","protected":false},"excerpt":{"rendered":"<ul>\n<li>\n<h1><strong><span style=\"font-size: 24pt;\">Qu\u00e0 T\u1eb7ng:<\/span><\/strong><\/h1>\n<ul>\n<li>B\u1ea3o h\u00e0nh 10 n\u0103m\u00a0<a href=\"https:\/\/anpiano.com\/chinh-sach-bao-hanh\/\">xem th\u00eam<\/a><\/li>\n<li>Gh\u1ebf<\/li>\n<li>Kh\u0103n ph\u1ee7 ph\u00edm<\/li>\n<li>Kh\u0103n ph\u1ee7 \u0111\u00e0n<\/li>\n<li>\u1ed0ng s\u1ea5y<\/li>\n<li>Freeship HCM &#8211; HN &#8211; \u0110N &#8211; NT &#8211; BMT<\/li>\n<li>Kh\u00f3a h\u1ecdc online<\/li>\n<\/ul>\n<\/li>\n<\/ul>\n","protected":false},"featured_media":5078,"comment_status":"open","ping_status":"closed","template":"","meta":[],"product_cat":[125,326],"product_tag":[298,140,299,282],"class_list":{"0":"post-2635","1":"product","2":"type-product","3":"status-publish","4":"has-post-thumbnail","6":"product_cat-piano-upright","7":"product_cat-yamaha-upright","8":"product_tag-piano-upright","9":"product_tag-yamaha","10":"product_tag-yamaha-yu30","11":"product_tag-yu30wn","13":"first","14":"instock","15":"sale","16":"shipping-taxable","17":"purchasable","18":"product-type-simple"},"jetpack_sharing_enabled":true,"_links":{"self":[{"href":"https:\/\/anpiano.com\/index.php?rest_route=\/wp\/v2\/product\/2635"}],"collection":[{"href":"https:\/\/anpiano.com\/index.php?rest_route=\/wp\/v2\/product"}],"about":[{"href":"https:\/\/anpiano.com\/index.php?rest_route=\/wp\/v2\/types\/product"}],"replies":[{"embeddable":true,"href":"https:\/\/anpiano.com\/index.php?rest_route=%2Fwp%2Fv2%2Fcomments&post=2635"}],"version-history":[{"count":3,"href":"https:\/\/anpiano.com\/index.php?rest_route=\/wp\/v2\/product\/2635\/revisions"}],"predecessor-version":[{"id":14464,"href":"https:\/\/anpiano.com\/index.php?rest_route=\/wp\/v2\/product\/2635\/revisions\/14464"}],"wp:featuredmedia":[{"embeddable":true,"href":"https:\/\/anpiano.com\/index.php?rest_route=\/wp\/v2\/media\/5078"}],"wp:attachment":[{"href":"https:\/\/anpiano.com\/index.php?rest_route=%2Fwp%2Fv2%2Fmedia&parent=2635"}],"wp:term":[{"taxonomy":"product_cat","embeddable":true,"href":"https:\/\/anpiano.com\/index.php?rest_route=%2Fwp%2Fv2%2Fproduct_cat&post=2635"},{"taxonomy":"product_tag","embeddable":true,"href":"https:\/\/anpiano.com\/index.php?rest_route=%2Fwp%2Fv2%2Fproduct_tag&post=2635"}],"curies":[{"name":"wp","href":"https:\/\/api.w.org\/{rel}","templated":true}]}}