{"id":2673,"date":"2020-07-13T08:27:40","date_gmt":"2020-07-13T01:27:40","guid":{"rendered":"http:\/\/anpiano.com\/?post_type=product&#038;p=2673"},"modified":"2025-10-02T16:33:17","modified_gmt":"2025-10-02T09:33:17","slug":"yamaha-u300s","status":"publish","type":"product","link":"https:\/\/anpiano.com\/?product=yamaha-u300s","title":{"rendered":"YAMAHA U300S (sielent)"},"content":{"rendered":"<h3><strong><span style=\"font-size: 18pt;\">\u0110\u00c0N PIANO YAMAHA U300S<\/span><\/strong><\/h3>\n<ul>\n<li>N\u1ebfu b\u1ea1n l\u00e0 ng\u01b0\u1eddi am hi\u1ec3u v\u1ec1 \u0111\u00e0n Upright Piano c\u1ee7a Yamaha n\u00f3i ri\u00eang, v\u00e0 \u0111\u00e0n Piano c\u01a1 \u0111\u1ee9ng n\u00f3i chung, U300S c\u00f3 l\u1ebd kh\u00f4ng c\u00f2n xa l\u1ea1 g\u00ec v\u1edbi b\u1ea1n b\u1edfi s\u1ef1 \u01b0u vi\u1ec7t c\u1ee7a n\u00f3, l\u00e0 phi\u00ean b\u1ea3n n\u00e2ng c\u1ea5p c\u1ee7a U300, thu\u1ed9c ph\u00e2n kh\u00fac cao c\u1ea5p c\u1ee7a Yamaha, U300S h\u1ed9i t\u1ee5 \u0111\u1ea7y \u0111\u1ee7 t\u1ea5t c\u1ea3 c\u00e1c y\u1ebfu t\u1ed1 c\u1ee7a m\u1ed9t c\u00e2y \u0111\u00e0n \u0111\u1eb3ng c\u1ea5p, t\u1eeb ch\u1ea5t li\u1ec7u, \u00e2m thanh, t\u00ednh n\u0103ng&#8230;, c\u00f3 ch\u1ee9c n\u0103ng Silent \u0111\u1ec3 luy\u1ec7n t\u1eadp v\u1edbi tai nghe.<\/li>\n<\/ul>\n<p><img decoding=\"async\" class=\"alignnone size-full wp-image-8349\" src=\"https:\/\/anpiano.com\/wp-content\/uploads\/2020\/07\/IMG_3938-120x120-1.jpg\" alt=\"\" width=\"120\" height=\"120\" srcset=\"https:\/\/anpiano.com\/wp-content\/uploads\/2020\/07\/IMG_3938-120x120-1.jpg 120w, https:\/\/anpiano.com\/wp-content\/uploads\/2020\/07\/IMG_3938-120x120-1-100x100.jpg 100w\" sizes=\"(max-width: 120px) 100vw, 120px\" \/><img decoding=\"async\" class=\"alignnone size-full wp-image-8350\" src=\"https:\/\/anpiano.com\/wp-content\/uploads\/2020\/07\/IMG_4941-120x120-1.jpg\" alt=\"\" width=\"120\" height=\"120\" srcset=\"https:\/\/anpiano.com\/wp-content\/uploads\/2020\/07\/IMG_4941-120x120-1.jpg 120w, https:\/\/anpiano.com\/wp-content\/uploads\/2020\/07\/IMG_4941-120x120-1-100x100.jpg 100w\" sizes=\"(max-width: 120px) 100vw, 120px\" \/><\/p>\n<p>&nbsp;<\/p>\n<ul>\n<li>Khi \u0111\u00e3 s\u1edf h\u1eefu m\u1ed9t c\u00e2y U300S b\u1ea1n g\u1ea7n nh\u01b0 kh\u00f4ng c\u00f2n ph\u1ea3i l\u0103n t\u0103n v\u1edbi nh\u1eefng g\u00ec c\u00e2y \u0111\u00e0n n\u00e0y mang l\u1ea1i, kh\u00f4ng bao gi\u1edd ph\u1ea3i ngh\u0129 \u0111\u1ebfn vi\u1ec7c \u0111\u1ed5i \u0111\u00e0n, n\u00e2ng c\u1ea5p, l\u00ean \u0111\u1eddi&#8230; vi\u1ec7c c\u1ee7a b\u1ea1n ch\u1ec9 l\u00e0 t\u1eadp luy\u1ec7n, l\u00e0 phi\u00eau theo nh\u1eefng n\u1ed1t nh\u1ea1c bay b\u1ed5ng&#8230; tr\u1eeb vi\u1ec7c b\u1ea1n ngh\u0129 \u0111\u1ebfn m\u1ed9t c\u00e2y \u0111\u00e0n \u0110\u1ea1i D\u01b0\u01a1ng C\u1ea7m (Grand piano), th\u1eadm ch\u1ec9 n\u1ebfu so s\u00e1nh v\u1edbi m\u1ed9t s\u1ed1 d\u00f2ng \u0111\u00e0n Grand \u0111\u01b0\u1ee3c li\u1ec7t v\u00e0o d\u1ea1ng &#8220;l\u1ea1c d\u00f2ng&#8221; tr\u00ean th\u1ecb tr\u01b0\u1eddng, U300S t\u1ecf ra v\u01b0\u1ee3t tr\u1ed9i.<\/li>\n<li><img decoding=\"async\" class=\"alignnone size-full wp-image-8347\" src=\"https:\/\/anpiano.com\/wp-content\/uploads\/2020\/07\/IMG_3933-120x120-1.jpg\" alt=\"\" width=\"120\" height=\"120\" srcset=\"https:\/\/anpiano.com\/wp-content\/uploads\/2020\/07\/IMG_3933-120x120-1.jpg 120w, https:\/\/anpiano.com\/wp-content\/uploads\/2020\/07\/IMG_3933-120x120-1-100x100.jpg 100w\" sizes=\"(max-width: 120px) 100vw, 120px\" \/><\/li>\n<\/ul>\n<p>&nbsp;<\/p>\n<ul>\n<li>B\u1eb1ng vi\u1ec7c \u00e1p d\u1ee5ng c\u00f4ng ngh\u1ec7 \u0111\u00f9n nh\u00f4m Aluminum Alloy Action Rails, b\u1ed9 c\u01a1 \u0111\u00e0n ho\u1ea1t \u0111\u1ed9ng nh\u1ecbp nh\u00e0ng v\u00e0 l\u00e2u b\u1ec1n h\u01a1n tr\u01b0\u1edbc s\u1ef1 thay \u0111\u1ed5i c\u1ee7a th\u1eddi ti\u1ebft. \u0110\u00e2y c\u0169ng \u0111\u01b0\u1ee3c coi l\u00e0 m\u1ed9t trong nh\u1eefng k\u0129 thu\u1eadt ti\u1ebfn b\u1ed9 nh\u1ea5t trong 100 n\u0103m qua<\/li>\n<li>H\u1ec7 th\u1ed1ng b\u00faa \u0111\u00e0n \u0111\u01b0\u1ee3c l\u00e0m t\u1eeb l\u00f4ng c\u1eebu t\u1ef1 nhi\u00ean n\u00e9n ch\u1eb7t v\u1edbi \u0111\u1ed9 \u0111\u1ed3ng \u0111\u1ec1u cao. C\u01a1 ch\u1ebf v\u1eadn \u0111\u1ed9ng chu\u1ea9n x\u00e1c \u0111\u1ea3m b\u1ea3o \u0111\u1ed9 c\u00e2n b\u1eb1ng v\u00e0 \u0111\u1ed9 rung ti\u00eau chu\u1ea9n khi b\u00faa \u0111\u1eadp v\u00e0o d\u00e2y \u0111\u00e0n.<\/li>\n<li><img loading=\"lazy\" decoding=\"async\" class=\"alignnone size-full wp-image-8348\" src=\"https:\/\/anpiano.com\/wp-content\/uploads\/2020\/07\/IMG_3935-120x120-1.jpg\" alt=\"\" width=\"120\" height=\"120\" srcset=\"https:\/\/anpiano.com\/wp-content\/uploads\/2020\/07\/IMG_3935-120x120-1.jpg 120w, https:\/\/anpiano.com\/wp-content\/uploads\/2020\/07\/IMG_3935-120x120-1-100x100.jpg 100w\" sizes=\"(max-width: 120px) 100vw, 120px\" \/><\/li>\n<li>Ph\u00edm \u0111\u00e0n \u0111\u01b0\u1ee3c g\u1ecdt gi\u0169a b\u1eb1ng tay nh\u01b0ng v\u1eabn \u0111\u1ea3m b\u1ea3o \u0111\u1ed9 ch\u00ednh x\u00e1c v\u00e0 \u0111\u1ed3ng \u0111\u1ec1u r\u1ea5t cao. C\u01a1 ch\u1ebf v\u1eadn \u0111\u1ed9ng c\u0169ng nh\u01b0 \u0111\u1ed9 n\u1eb7ng c\u1ee7a ph\u00edm \u0111\u01b0\u1ee3c thi\u1ebft k\u1ebf gi\u1ed1ng v\u1edbi \u0111\u00e0n piano grand, mang l\u1ea1i c\u1ea3m gi\u00e1c r\u1ea5t th\u1eadt tay khi ch\u01a1i.<\/li>\n<li>Chi ti\u1ebft \u00e1nh v\u00e0ng gi\u00fap t\u1ea1o \u0111i\u1ec3m nh\u1ea5n v\u00e0 t\u0103ng \u0111\u1ed9 sang tr\u1ecdng cho \u0111\u00e0n.<\/li>\n<\/ul>\n<p><strong>Th\u00f4ng s\u1ed1 k\u0129 thu\u1eadt : YAMAHA U300S<\/strong><\/p>\n<div class=\"product-section\">\n<div class=\"row\">\n<div class=\"large-2 col pb-0 mb-0\"><span style=\"color: #555555;\">K\u00edch th\u01b0\u1edbc: (W)160cm x (H)131cm x (S)65cm<\/span><\/div>\n<\/div>\n<\/div>\n<p>Tr\u1ecdng l\u01b0\u1ee3ng\u00a0 :245kg<\/p>\n<div class=\"product-section\">\n<div class=\"row\">\n<div class=\"large-10 col pb-0 mb-0\">\n<div class=\"panel entry-content\">\n<div data-id=\"9ly1xDmkO1M\" data-query=\"\" data-src=\"https:\/\/www.youtube.com\/embed\/9ly1xDmkO1M\"><a href=\"https:\/\/www.facebook.com\/Anpiano.hanoi\" target=\"_blank\" rel=\"noopener\">T\u01b0 v\u1ea5n v\u00e0 ch\u1ecdn mua s\u1ea3n ph\u1ea9m kh\u00e1c t\u1ea1i \u0111\u00e2y<\/a><\/div>\n<div data-id=\"9ly1xDmkO1M\" data-query=\"\" data-src=\"https:\/\/www.youtube.com\/embed\/9ly1xDmkO1M\"><a href=\"http:\/\/thumuapiano.com\/\" target=\"_blank\" rel=\"noopener\">Ch\u00fang t\u00f4i nh\u1eadn thu mua Piano, h\u00e3y li\u00ean h\u1ec7 n\u1ebfu b\u1ea1n c\u00f3 nhu c\u1ea7u.<\/a><\/div>\n<\/div>\n<\/div>\n<\/div>\n<\/div>\n<div class=\"product-section\">\n<div class=\"row\">\n<div class=\"large-2 col pb-0 mb-0\"><\/div>\n<\/div>\n<\/div>\n","protected":false},"excerpt":{"rendered":"<ul>\n<li>\n<ul>\n<li>\n<h1><strong><span style=\"font-size: 24pt;\">Qu\u00e0 T\u1eb7ng:<\/span><\/strong><\/h1>\n<ul>\n<li>B\u1ea3o h\u00e0nh 10 n\u0103m\u00a0<a href=\"https:\/\/anpiano.com\/chinh-sach-bao-hanh\/\">xem th\u00eam<\/a><\/li>\n<li>Gh\u1ebf<\/li>\n<li>Kh\u0103n ph\u1ee7 ph\u00edm<\/li>\n<li>Kh\u0103n ph\u1ee7 \u0111\u00e0n<\/li>\n<li>\u1ed0ng s\u1ea5y<\/li>\n<li>Freeship HCM &#8211; HN &#8211; \u0110N &#8211; NT &#8211; BMT<\/li>\n<li>Kh\u00f3a h\u1ecdc online<\/li>\n<\/ul>\n<\/li>\n<\/ul>\n<\/li>\n<\/ul>\n","protected":false},"featured_media":8354,"comment_status":"open","ping_status":"closed","template":"","meta":[],"product_cat":[125,326],"product_tag":[283,983,286,140,982],"class_list":{"0":"post-2673","1":"product","2":"type-product","3":"status-publish","4":"has-post-thumbnail","6":"product_cat-piano-upright","7":"product_cat-yamaha-upright","8":"product_tag-piano-co","9":"product_tag-piano-co-yamaha-silent","10":"product_tag-u300s","11":"product_tag-yamaha","12":"product_tag-yamaha-u300s","14":"first","15":"instock","16":"sale","17":"shipping-taxable","18":"purchasable","19":"product-type-simple"},"jetpack_sharing_enabled":true,"_links":{"self":[{"href":"https:\/\/anpiano.com\/index.php?rest_route=\/wp\/v2\/product\/2673"}],"collection":[{"href":"https:\/\/anpiano.com\/index.php?rest_route=\/wp\/v2\/product"}],"about":[{"href":"https:\/\/anpiano.com\/index.php?rest_route=\/wp\/v2\/types\/product"}],"replies":[{"embeddable":true,"href":"https:\/\/anpiano.com\/index.php?rest_route=%2Fwp%2Fv2%2Fcomments&post=2673"}],"version-history":[{"count":3,"href":"https:\/\/anpiano.com\/index.php?rest_route=\/wp\/v2\/product\/2673\/revisions"}],"predecessor-version":[{"id":14481,"href":"https:\/\/anpiano.com\/index.php?rest_route=\/wp\/v2\/product\/2673\/revisions\/14481"}],"wp:featuredmedia":[{"embeddable":true,"href":"https:\/\/anpiano.com\/index.php?rest_route=\/wp\/v2\/media\/8354"}],"wp:attachment":[{"href":"https:\/\/anpiano.com\/index.php?rest_route=%2Fwp%2Fv2%2Fmedia&parent=2673"}],"wp:term":[{"taxonomy":"product_cat","embeddable":true,"href":"https:\/\/anpiano.com\/index.php?rest_route=%2Fwp%2Fv2%2Fproduct_cat&post=2673"},{"taxonomy":"product_tag","embeddable":true,"href":"https:\/\/anpiano.com\/index.php?rest_route=%2Fwp%2Fv2%2Fproduct_tag&post=2673"}],"curies":[{"name":"wp","href":"https:\/\/api.w.org\/{rel}","templated":true}]}}