{"id":2698,"date":"2020-07-25T09:00:57","date_gmt":"2020-07-25T02:00:57","guid":{"rendered":"http:\/\/anpiano.com\/?post_type=product&#038;p=2698"},"modified":"2023-03-04T10:02:10","modified_gmt":"2023-03-04T03:02:10","slug":"ghe-dien-nau","status":"publish","type":"product","link":"https:\/\/anpiano.com\/?product=ghe-dien-nau","title":{"rendered":"Gh\u1ebf \u0111i\u1ec7n &#8211; tr\u1eafng"},"content":{"rendered":"<p><span style=\"font-size: 18pt;\">Gh\u1ebf t\u1eb7ng k\u00e8m v\u00e0 b\u00e1n l\u1ebb.<\/span><\/p>\n<ul>\n<li>K\u00edch th\u01b0\u1edbc : (W)47,5cm x (H)49cm x (S)31cm<\/li>\n<\/ul>\n<p>&nbsp;<\/p>\n","protected":false},"excerpt":{"rendered":"<p><span style=\"font-size: 18pt;\">Gh\u1ebf t\u1eb7ng k\u00e8m v\u00e0 b\u00e1n l\u1ebb.<\/span><\/p>\n<ul>\n<li>K\u00edch th\u01b0\u1edbc :(W)47,5cm x (H)49cm x (S)31cm<\/li>\n<\/ul>\n","protected":false},"featured_media":9361,"comment_status":"open","ping_status":"closed","template":"","meta":[],"product_cat":[127,290],"product_tag":[291],"class_list":{"0":"post-2698","1":"product","2":"type-product","3":"status-publish","4":"has-post-thumbnail","6":"product_cat-phu-kien","7":"product_cat-ghe","8":"product_tag-ghe","10":"first","11":"instock","12":"shipping-taxable","13":"purchasable","14":"product-type-simple"},"jetpack_sharing_enabled":true,"_links":{"self":[{"href":"https:\/\/anpiano.com\/index.php?rest_route=\/wp\/v2\/product\/2698"}],"collection":[{"href":"https:\/\/anpiano.com\/index.php?rest_route=\/wp\/v2\/product"}],"about":[{"href":"https:\/\/anpiano.com\/index.php?rest_route=\/wp\/v2\/types\/product"}],"replies":[{"embeddable":true,"href":"https:\/\/anpiano.com\/index.php?rest_route=%2Fwp%2Fv2%2Fcomments&post=2698"}],"version-history":[{"count":0,"href":"https:\/\/anpiano.com\/index.php?rest_route=\/wp\/v2\/product\/2698\/revisions"}],"wp:featuredmedia":[{"embeddable":true,"href":"https:\/\/anpiano.com\/index.php?rest_route=\/wp\/v2\/media\/9361"}],"wp:attachment":[{"href":"https:\/\/anpiano.com\/index.php?rest_route=%2Fwp%2Fv2%2Fmedia&parent=2698"}],"wp:term":[{"taxonomy":"product_cat","embeddable":true,"href":"https:\/\/anpiano.com\/index.php?rest_route=%2Fwp%2Fv2%2Fproduct_cat&post=2698"},{"taxonomy":"product_tag","embeddable":true,"href":"https:\/\/anpiano.com\/index.php?rest_route=%2Fwp%2Fv2%2Fproduct_tag&post=2698"}],"curies":[{"name":"wp","href":"https:\/\/api.w.org\/{rel}","templated":true}]}}