{"id":2700,"date":"2020-07-13T09:03:39","date_gmt":"2020-07-13T02:03:39","guid":{"rendered":"http:\/\/anpiano.com\/?post_type=product&#038;p=2700"},"modified":"2021-01-25T11:13:12","modified_gmt":"2021-01-25T04:13:12","slug":"ong-say","status":"publish","type":"product","link":"https:\/\/anpiano.com\/?product=ong-say","title":{"rendered":"\u1ed0ng S\u1ea5y"},"content":{"rendered":"<p><span style=\"font-size: 18pt;\">\u1ed0ng s\u1ea5y t\u1eb7ng k\u00e8m v\u00e0 b\u00e1n<\/span><\/p>\n<ul>\n<li>K\u00edch th\u01b0\u1edbc : (W)90m<\/li>\n<\/ul>\n<p>&nbsp;<\/p>\n<p><img decoding=\"async\" class=\"aligncenter\" src=\"https:\/\/anpiano.com\/wp-content\/uploads\/2020\/07\/%E1%BB%90ng-s%E1%BA%A5y-.jpg\" \/><\/p>\n","protected":false},"excerpt":{"rendered":"<p><span style=\"font-size: 18pt;\">\u1ed0ng s\u1ea5y t\u1eb7ng k\u00e8m v\u00e0 b\u00e1n<\/span><\/p>\n<ul>\n<li>K\u00edch th\u01b0\u1edbc : (W)90m<\/li>\n<\/ul>\n","protected":false},"featured_media":5252,"comment_status":"open","ping_status":"closed","template":"","meta":[],"product_cat":[127,292],"product_tag":[293],"class_list":{"0":"post-2700","1":"product","2":"type-product","3":"status-publish","4":"has-post-thumbnail","6":"product_cat-phu-kien","7":"product_cat-khac","8":"product_tag-ong-say","10":"first","11":"instock","12":"shipping-taxable","13":"purchasable","14":"product-type-simple"},"jetpack_sharing_enabled":true,"_links":{"self":[{"href":"https:\/\/anpiano.com\/index.php?rest_route=\/wp\/v2\/product\/2700"}],"collection":[{"href":"https:\/\/anpiano.com\/index.php?rest_route=\/wp\/v2\/product"}],"about":[{"href":"https:\/\/anpiano.com\/index.php?rest_route=\/wp\/v2\/types\/product"}],"replies":[{"embeddable":true,"href":"https:\/\/anpiano.com\/index.php?rest_route=%2Fwp%2Fv2%2Fcomments&post=2700"}],"version-history":[{"count":0,"href":"https:\/\/anpiano.com\/index.php?rest_route=\/wp\/v2\/product\/2700\/revisions"}],"wp:featuredmedia":[{"embeddable":true,"href":"https:\/\/anpiano.com\/index.php?rest_route=\/wp\/v2\/media\/5252"}],"wp:attachment":[{"href":"https:\/\/anpiano.com\/index.php?rest_route=%2Fwp%2Fv2%2Fmedia&parent=2700"}],"wp:term":[{"taxonomy":"product_cat","embeddable":true,"href":"https:\/\/anpiano.com\/index.php?rest_route=%2Fwp%2Fv2%2Fproduct_cat&post=2700"},{"taxonomy":"product_tag","embeddable":true,"href":"https:\/\/anpiano.com\/index.php?rest_route=%2Fwp%2Fv2%2Fproduct_tag&post=2700"}],"curies":[{"name":"wp","href":"https:\/\/api.w.org\/{rel}","templated":true}]}}