{"id":2727,"date":"2020-07-26T09:19:01","date_gmt":"2020-07-26T02:19:01","guid":{"rendered":"http:\/\/anpiano.com\/?post_type=product&#038;p=2727"},"modified":"2022-04-06T11:38:12","modified_gmt":"2022-04-06T04:38:12","slug":"ghe-nhat-nang-nau","status":"publish","type":"product","link":"https:\/\/anpiano.com\/?product=ghe-nhat-nang-nau","title":{"rendered":"GH\u1ebe NH\u1eacT N\u00c2NG &#8211; N\u00c2U"},"content":{"rendered":"<p><span style=\"font-size: 18pt;\">Gh\u1ebf t\u1eb7ng k\u00e8m v\u00e0 b\u00e1n l\u1ebb<\/span><\/p>\n<ul>\n<li>K\u00edch th\u01b0\u1edbc : (W)57cm x (H)47,5cm x (S)34,5cm<\/li>\n<\/ul>\n<p><img fetchpriority=\"high\" decoding=\"async\" class=\"alignnone wp-image-3897 size-full\" src=\"https:\/\/anpiano.com\/wp-content\/uploads\/2020\/07\/gh\u1ebf-nh\u1eadt-n\u00e2ng-n\u00e2u-1.jpg\" alt=\"\" width=\"480\" height=\"480\" srcset=\"https:\/\/anpiano.com\/wp-content\/uploads\/2020\/07\/gh\u1ebf-nh\u1eadt-n\u00e2ng-n\u00e2u-1.jpg 480w, https:\/\/anpiano.com\/wp-content\/uploads\/2020\/07\/gh\u1ebf-nh\u1eadt-n\u00e2ng-n\u00e2u-1-100x100.jpg 100w, https:\/\/anpiano.com\/wp-content\/uploads\/2020\/07\/gh\u1ebf-nh\u1eadt-n\u00e2ng-n\u00e2u-1-300x300.jpg 300w, https:\/\/anpiano.com\/wp-content\/uploads\/2020\/07\/gh\u1ebf-nh\u1eadt-n\u00e2ng-n\u00e2u-1-150x150.jpg 150w, https:\/\/anpiano.com\/wp-content\/uploads\/2020\/07\/gh\u1ebf-nh\u1eadt-n\u00e2ng-n\u00e2u-1-160x160.jpg 160w, https:\/\/anpiano.com\/wp-content\/uploads\/2020\/07\/gh\u1ebf-nh\u1eadt-n\u00e2ng-n\u00e2u-1-45x45.jpg 45w, https:\/\/anpiano.com\/wp-content\/uploads\/2020\/07\/gh\u1ebf-nh\u1eadt-n\u00e2ng-n\u00e2u-1-64x64.jpg 64w\" sizes=\"(max-width: 480px) 100vw, 480px\" \/><\/p>\n<p>&nbsp;<\/p>\n<p>&nbsp;<\/p>\n","protected":false},"excerpt":{"rendered":"<p><span style=\"font-size: 18pt;\">Gh\u1ebf t\u1eb7ng k\u00e8m v\u00e0 b\u00e1n l\u1ebb<\/span><\/p>\n<ul>\n<li>K\u00edch th\u01b0\u1edbc : (W)57cm x (H)47,5cm x (S)34,5cm<\/li>\n<\/ul>\n<p>&nbsp;<\/p>\n","protected":false},"featured_media":5249,"comment_status":"open","ping_status":"closed","template":"","meta":[],"product_cat":[127,290],"product_tag":[291],"class_list":{"0":"post-2727","1":"product","2":"type-product","3":"status-publish","4":"has-post-thumbnail","6":"product_cat-phu-kien","7":"product_cat-ghe","8":"product_tag-ghe","10":"first","11":"instock","12":"shipping-taxable","13":"purchasable","14":"product-type-simple"},"jetpack_sharing_enabled":true,"_links":{"self":[{"href":"https:\/\/anpiano.com\/index.php?rest_route=\/wp\/v2\/product\/2727"}],"collection":[{"href":"https:\/\/anpiano.com\/index.php?rest_route=\/wp\/v2\/product"}],"about":[{"href":"https:\/\/anpiano.com\/index.php?rest_route=\/wp\/v2\/types\/product"}],"replies":[{"embeddable":true,"href":"https:\/\/anpiano.com\/index.php?rest_route=%2Fwp%2Fv2%2Fcomments&post=2727"}],"version-history":[{"count":0,"href":"https:\/\/anpiano.com\/index.php?rest_route=\/wp\/v2\/product\/2727\/revisions"}],"wp:featuredmedia":[{"embeddable":true,"href":"https:\/\/anpiano.com\/index.php?rest_route=\/wp\/v2\/media\/5249"}],"wp:attachment":[{"href":"https:\/\/anpiano.com\/index.php?rest_route=%2Fwp%2Fv2%2Fmedia&parent=2727"}],"wp:term":[{"taxonomy":"product_cat","embeddable":true,"href":"https:\/\/anpiano.com\/index.php?rest_route=%2Fwp%2Fv2%2Fproduct_cat&post=2727"},{"taxonomy":"product_tag","embeddable":true,"href":"https:\/\/anpiano.com\/index.php?rest_route=%2Fwp%2Fv2%2Fproduct_tag&post=2727"}],"curies":[{"name":"wp","href":"https:\/\/api.w.org\/{rel}","templated":true}]}}