{"id":2729,"date":"2020-07-13T09:20:10","date_gmt":"2020-07-13T02:20:10","guid":{"rendered":"http:\/\/anpiano.com\/?post_type=product&#038;p=2729"},"modified":"2021-02-20T10:00:32","modified_gmt":"2021-02-20T03:00:32","slug":"ghe-nhat-nang-den","status":"publish","type":"product","link":"https:\/\/anpiano.com\/?product=ghe-nhat-nang-den","title":{"rendered":"GH\u1ebe NH\u1eacT N\u00c2NG &#8211; \u0110EN"},"content":{"rendered":"<p><span style=\"font-size: 18pt;\">Gh\u1ebf t\u1eb7ng k\u00e8m v\u00e0 b\u00e1n l\u1ebb<\/span><\/p>\n<ul>\n<li>K\u00edch th\u01b0\u1edbc : (W)50cm x (H)x48cm x (S)35cm<\/li>\n<\/ul>\n<p><img decoding=\"async\" class=\"aligncenter\" src=\"https:\/\/anpiano.com\/wp-content\/uploads\/2020\/07\/gh%E1%BA%BF-nh%E1%BA%ADt-n%C3%A2ng-%C4%91en-2.jpg\" \/><\/p>\n<p>&nbsp;<\/p>\n","protected":false},"excerpt":{"rendered":"<p><span style=\"font-size: 18pt;\">Gh\u1ebf t\u1eb7ng k\u00e8m v\u00e0 b\u00e1n l\u1ebb<\/span><\/p>\n<ul>\n<li>K\u00edch th\u01b0\u1edbc : (W)50cm x (H)x48cm x (S)35cm<\/li>\n<\/ul>\n<p>&nbsp;<\/p>\n","protected":false},"featured_media":6489,"comment_status":"open","ping_status":"closed","template":"","meta":[],"product_cat":[127,290],"product_tag":[291],"class_list":{"0":"post-2729","1":"product","2":"type-product","3":"status-publish","4":"has-post-thumbnail","6":"product_cat-phu-kien","7":"product_cat-ghe","8":"product_tag-ghe","10":"first","11":"instock","12":"shipping-taxable","13":"purchasable","14":"product-type-simple"},"jetpack_sharing_enabled":true,"_links":{"self":[{"href":"https:\/\/anpiano.com\/index.php?rest_route=\/wp\/v2\/product\/2729"}],"collection":[{"href":"https:\/\/anpiano.com\/index.php?rest_route=\/wp\/v2\/product"}],"about":[{"href":"https:\/\/anpiano.com\/index.php?rest_route=\/wp\/v2\/types\/product"}],"replies":[{"embeddable":true,"href":"https:\/\/anpiano.com\/index.php?rest_route=%2Fwp%2Fv2%2Fcomments&post=2729"}],"version-history":[{"count":0,"href":"https:\/\/anpiano.com\/index.php?rest_route=\/wp\/v2\/product\/2729\/revisions"}],"wp:featuredmedia":[{"embeddable":true,"href":"https:\/\/anpiano.com\/index.php?rest_route=\/wp\/v2\/media\/6489"}],"wp:attachment":[{"href":"https:\/\/anpiano.com\/index.php?rest_route=%2Fwp%2Fv2%2Fmedia&parent=2729"}],"wp:term":[{"taxonomy":"product_cat","embeddable":true,"href":"https:\/\/anpiano.com\/index.php?rest_route=%2Fwp%2Fv2%2Fproduct_cat&post=2729"},{"taxonomy":"product_tag","embeddable":true,"href":"https:\/\/anpiano.com\/index.php?rest_route=%2Fwp%2Fv2%2Fproduct_tag&post=2729"}],"curies":[{"name":"wp","href":"https:\/\/api.w.org\/{rel}","templated":true}]}}