{"id":2970,"date":"2020-07-17T10:33:34","date_gmt":"2020-07-17T03:33:34","guid":{"rendered":"http:\/\/anpiano.com\/?post_type=product&#038;p=2970"},"modified":"2023-07-03T09:48:19","modified_gmt":"2023-07-03T02:48:19","slug":"ve-sinh-dan-dien","status":"publish","type":"product","link":"https:\/\/anpiano.com\/?product=ve-sinh-dan-dien","title":{"rendered":"V\u1ec6 SINH \u0110\u00c0N \u0110I\u1ec6N"},"content":{"rendered":"<h1>An Piano nh\u1eadn v\u1ec7 sinh \u0111\u00e0n \u0111i\u1ec7n t\u1eeb trong ra ngo\u00e0i<\/h1>\n<h3>An Piano nh\u1eadn v\u1ec7 sinh \u0111\u00e0n \u0111i\u1ec7n t\u1eeb trong ra ngo\u00e0i, t\u1eeb th\u00e2n v\u1ecf \u0111\u00e0n \u0111\u1ebfn c\u00e1c k\u1ebft c\u1ea5u b\u00ean trong piano t\u1ea1i nh\u00e0. Ch\u00fang t\u00f4i s\u1ebd v\u1ec7 sinh c\u00e2y \u0111\u00e0n c\u1ee7a qu\u00fd kh\u00e1ch tr\u1edf n\u00ean nh\u01b0 m\u1edbi, Mang \u0111\u1ebfn s\u1ef1 h\u00e0i l\u00f2ng cho Qu\u00fd Kh\u00e1ch.<\/h3>\n<p>Piano l\u00e0 \u0111\u1ed3 v\u1eadt g\u1eafn b\u00f3 h\u00e0ng ng\u00e0y v\u1edbi ng\u01b0\u1eddi ngh\u1ec7 s\u0129, nh\u1eefng ng\u01b0\u1eddi y\u00eau nh\u1ea1c. Trong v\u0103n h\u1ecdc v\u00e0 ngh\u1ec7 thu\u1eadt ch\u1eafc h\u1eb3n b\u1ea1n \u0111\u00e3 t\u1eebng nghe t\u1edbi c\u1ee5m t\u1eeb \u201cl\u00e0m b\u1ea1n v\u1edbi c\u00e2y \u0111\u00e0n\u201d. Vi\u1ec7c v\u1ec7 sinh \u0111\u00e0n \u0111i\u1ec7n t\u1eeb trong ra ngo\u00e0i\u00a0ch\u00ednh l\u00e0 th\u1ec3 hi\u1ec7n s\u1ef1 ch\u0103m s\u00f3c c\u1ee7a b\u1ea1n t\u1edbi c\u00e2y \u0111\u00e0n. C\u00f4ng vi\u1ec7c n\u00e0y c\u0169ng gi\u00fap b\u1ea1n ti\u1ebft ki\u1ec7m v\u00e0 b\u1ea3o v\u1ec7 t\u00e0i s\u1ea3n c\u1ee7a b\u1ea1n t\u1ed1i \u01b0u nh\u1ea5t. Tr\u00e1nh l\u00e3ng ph\u00ed b\u1edfi s\u1ef1 hao m\u00f2n c\u1ee7a th\u1eddi gian, Piano r\u1ea5t b\u1ec1n khi \u0111\u01b0\u1ee3c ch\u0103m s\u00f3c \u0111\u00fang c\u00e1ch.<\/p>\n<p>Tu\u1ed5i th\u1ecd c\u1ee7a m\u1ed9t c\u00e2y \u0111\u00e0n Piano c\u00f3 th\u1ec3 l\u00ean \u0111\u1ebfn h\u00e0ng ch\u1ee5c n\u0103m, th\u1eadm ch\u00ed c\u1ea3 tr\u0103m n\u0103m. Th\u1ebf nh\u01b0ng kh\u00f4ng ph\u1ea3i t\u1ef1 nhi\u00ean m\u00e0 Piano c\u00f3 \u0111\u01b0\u1ee3c th\u1eddi gian s\u1eed d\u1ee5ng l\u00e2u \u0111\u1ebfn nh\u01b0 v\u1eady.\u00a0C\u00e1c linh ki\u1ec7n c\u1ee7a \u0111\u00e0n c\u1ea7n \u0111\u01b0\u1ee3c lau ch\u00f9i v\u1ec7 sinh v\u00e0 b\u1ea3o qu\u1ea3n th\u01b0\u1eddng xuy\u00ean \u0111\u1ec3 \u0111\u1ea1t \u0111\u01b0\u1ee3c \u0111\u1ed9 b\u1ec1n t\u1ed1t nh\u1ea5t.<\/p>\n<p>Vi\u1ec7c lau ch\u00f9i v\u1ec7 sinh \u0111\u00e0n \u0111i\u1ec7n t\u1eeb trong ra ngo\u00e0i th\u01b0\u1eddng xuy\u00ean v\u00e0 \u0111\u00fang quy tr\u00ecnh c\u00f2n gi\u00fap cho c\u00e2y \u0111\u00e0n c\u1ee7a b\u1ea1n lu\u00f4n lu\u00f4n tr\u00f4ng nh\u01b0 m\u1edbi. C\u00e1c chi ti\u1ebft ch\u1eef \u0111\u1ed3ng s\u1ebd s\u00e1ng b\u00f3ng khi\u1ebfn cho b\u1ea5t c\u1ee9 ai nh\u00ecn v\u00e0o s\u1ebd c\u00f3 thi\u1ec7n c\u1ea3m v\u1edbi c\u00e2y \u0111\u00e0n nhi\u1ec1u h\u01a1n.<\/p>\n<ul style=\"list-style-type: circle;\">\n<li>Lau ch\u00f9i v\u1ebft b\u1ea9n<\/li>\n<li>\u0110\u00e1nh b\u00f3ng<\/li>\n<li>Th\u1eddi gian ho\u00e0n th\u00e0nh trong ng\u00e0y<\/li>\n<li>H\u00fat b\u1ee5i, v\u1ec7 sinh<\/li>\n<li>B\u1ea3o v\u1ec7 vi m\u1ea1ch<\/li>\n<li>B\u1ea3o d\u01b0\u1ee1ng main m\u1ea1ch<\/li>\n<li>Ch\u01b0a bao g\u1ed3m d\u1ecbch v\u1ee5 l\u00e0m t\u1ea1i nh\u00e0<\/li>\n<\/ul>\n<h1>L\u01afU \u00dd C\u00c1CH CH\u0102M S\u00d3C V\u00c0 T\u1ef0 V\u1ec6 SINH \u0110\u00c0N \u0110I\u1ec6N T\u1eea TRONG RA NGO\u00c0I<\/h1>\n<h3>1\/ V\u1ec7 sinh \u0111\u00e0n \u0111i\u1ec7n v\u1ecf ngo\u00e0i:<\/h3>\n<ul>\n<li>V\u1ecf ngo\u00e0i hay c\u00f2n \u0111\u01b0\u1ee3c g\u1ecdi l\u00e0 th\u00e2n \u0111\u00e0n, th\u01b0\u1eddng \u0111\u01b0\u1ee3c l\u00e0m b\u1eb1ng g\u1ed7 c\u00f4ng nghi\u1ec7p n\u00ean vi\u1ec7c v\u1ec7 sinh v\u00e0 b\u1ea3o qu\u1ea3n n\u00f3 l\u00e0 r\u1ea5t c\u1ea7n thi\u1ebft. Th\u00e2n \u0111\u00e0n c\u00f3 ch\u1ee9c n\u0103ng n\u00e2ng \u0111\u1ee1 c\u00e1c b\u1ed9 ph\u1eadn c\u1ee7a \u0111\u00e0n, ngo\u00e0i ra n\u00f3 g\u00f3p ph\u1ea7n t\u1ea1o n\u00ean ki\u1ec3u d\u00e1ng cho \u0111\u00e0n.<\/li>\n<li>V\u00ec th\u00e2n \u0111\u00e0n \u0111a ph\u1ea7n l\u00e0m b\u1eb1ng g\u1ed7 c\u00f4ng nghi\u1ec7p n\u00ean n\u00f3 r\u1ea5t d\u1ec5 b\u1ecb ng\u1ea5m n\u01b0\u1edbc v\u00e0 ph\u1ed3ng l\u00ean. C\u1ea7n tr\u00e1nh vi\u1ec7c s\u1eed d\u1ee5ng kh\u0103n \u01b0\u1edbt hay kh\u0103n t\u1ea9m ch\u1ea5t h\u00f3a h\u1ecdc \u0111\u1ec3 lau \u0111\u00e0n. Ngo\u00e0i ra n\u1ebfu kh\u00f4ng c\u1ea9n th\u1eadn s\u1ebd l\u00e0m n\u01b0\u1edbc d\u00ednh v\u00e0o c\u00e1c v\u1ecb tr\u00ed con \u1ed1c tr\u00ean \u0111\u00e0n, l\u00e0m con \u1ed1c b\u1ecb r\u1ec9 s\u00e9t.<\/li>\n<li>Tr\u00e1nh l\u00e0m v\u1ea9y n\u01b0\u1edbc v\u00e0o b\u1ed9 ph\u1eadn c\u1ee7a \u0111\u00e0n \u0111\u1eb7c bi\u1ec7t l\u00e0 m\u1ea1ch \u0111i\u1ec7n c\u1ee7a \u0111\u00e0n. D\u1ec5 d\u1eabn \u0111\u1ebfn t\u00ecnh tr\u1ea1ng ch\u1ea1m m\u1ea1ch ho\u1eb7c \u1ea3nh h\u01b0\u1edfng \u0111\u1ebfn \u00e2m thanh c\u1ee7a \u0111\u00e0n.<\/li>\n<li>Th\u01b0\u1eddng xuy\u00ean v\u1ec7 sinh \u0111\u00e0n \u0111i\u1ec7n, lau ch\u00f9i b\u1ee5i b\u1ea9n cho \u0111\u00e0n. N\u1ebfu \u0111\u1ec3 \u0111\u00e0n b\u1ecb b\u00e1m b\u1ee5i b\u1ea9n l\u00e2u ng\u00e0y s\u1ebd g\u00e2y m\u1ea5t th\u1ea9m m\u1ef9 c\u0169ng nh\u01b0 vi\u1ec7c b\u1ee5i b\u1ea9n b\u00e1m qu\u00e1 nhi\u1ec1u v\u00e0o b\u1ed9 ph\u1eadn c\u1ee7a \u0111\u00e0n l\u00e0m cho \u00e2m thanh c\u1ee7a \u0111\u00e0n b\u1ecb l\u1eabn t\u1ea1p \u00e2m.<\/li>\n<li>Kh\u00f4ng \u0111\u01b0\u1ee3c \u0111\u1ec3 nh\u1eefng v\u1eadt d\u1ee5ng n\u1eb7ng nh\u01b0 b\u00ecnh hoa l\u00ean tr\u00ean th\u00e2n \u0111\u00e0n, l\u00e0m th\u00e2n \u0111\u00e0n b\u1ecb cong \u0111i.<\/li>\n<li>Khi kh\u00f4ng s\u1eed d\u1ee5ng n\u00ean d\u00f9ng kh\u0103n ph\u1ee7 \u0111\u00e0n nh\u01b0ng kh\u00f4ng \u0111\u01b0\u1ee3c tr\u00f9m k\u00edn, khi \u1ea5y \u0111\u00e0n s\u1ebd c\u00f3 h\u01a1i \u1ea9m nh\u1ea5t l\u00e0 trong nh\u1eefng ng\u00e0y n\u1eafng n\u00f3ng.<\/li>\n<li>C\u1ea7n \u0111\u1ec3 \u0111\u00e0n \u1edf kh\u00f4ng gian tho\u00e1ng m\u00e1t, tr\u00e1nh \u0111\u1ec3 g\u1ea7n c\u00e1c thi\u1ebft b\u1ecb t\u1ecfa nhi\u1ec7t.<\/li>\n<\/ul>\n<h3>2\/ V\u1ec7 sinh \u0111\u00e0n \u0111i\u1ec7n b\u00e0n ph\u00edm:<\/h3>\n<p>B\u00e0n ph\u00edm l\u00e0 khu v\u1ef1c c\u1ee7a \u0111\u00e0n m\u00e0 ng\u01b0\u1eddi ch\u01a1i ti\u1ebfp x\u00fac nhi\u1ec1u nh\u1ea5t. \u0110\u01b0\u1ee3c coi l\u00e0 b\u1ed9 ph\u1eadn quan tr\u1ecdng v\u00e0 nh\u1ea1y c\u1ea3m nh\u1ea5t c\u1ee7a \u0111\u00e0n piano. N\u1ebfu b\u00e0n ph\u00edm c\u1ee7a \u0111\u00e0n s\u1ea1ch s\u1ebd th\u00ec l\u00e0m cho ng\u01b0\u1eddi ch\u01a1i tho\u1ea3i m\u00e1i v\u00e0 c\u00f3 h\u1ee9ng th\u00fa ch\u01a1i \u0111\u00e0n h\u01a1n.<\/p>\n<ul>\n<li>Th\u01b0\u1eddng xuy\u00ean l\u00e0m s\u1ea1ch b\u00e0n ph\u00edm, v\u1ec7 sinh \u0111\u00e0n \u0111i\u1ec7n. C\u00f3 th\u1ec3 d\u00f9ng n\u01b0\u1edbc tr\u1eafng ho\u1eb7c c\u00e1c ch\u1ea5t t\u1ea9y r\u1eeda nh\u1eb9. L\u01b0u \u00fd kh\u00f4ng s\u1eed d\u1ee5ng c\u00e1c ch\u1ea5t h\u00f3a h\u1ecdc c\u00f3 t\u00ednh t\u1ea9y r\u1eeda cao, d\u1ec5 l\u00e0m cho b\u00e0n ph\u00edm bong tr\u00f3c s\u01a1n.<\/li>\n<li>Sau khi s\u1eed d\u1ee5ng \u0111\u00e0n m\u1ed9t th\u1eddi gian d\u00e0i, m\u00e0u s\u01a1n c\u1ee7a ph\u00edm \u0111\u00e0n th\u01b0\u1eddng s\u1ebd b\u1ecb ng\u1ea3 m\u00e0u. B\u1ea1n kh\u00f4ng n\u00ean t\u1ef1 ti\u1ec7n d\u00f9ng c\u00e1c lo\u1ea1i s\u01a1n \u0111\u1ec3 s\u01a1n l\u1ea1i m\u00e0u cho ph\u00edm \u0111\u00e0n. L\u00e0m nh\u01b0 v\u1eady c\u00f3 th\u1ec3 m\u1ea5t \u0111i t\u00ednh h\u00e0i h\u00f2a m\u00e0u s\u1eafc c\u1ee7a b\u00e0n ph\u00edm v\u00e0 nhi\u1ec1u lo\u1ea1i s\u01a1n c\u00f3 t\u00ednh \u0103n m\u00f2n cao s\u1ebd l\u00e0m h\u1ecfng c\u1ea5u tr\u00fac c\u1ee7a ph\u00edm \u0111\u00e0n.<\/li>\n<li>H\u00e3y \u0111\u1ec3 m\u1ed9t m\u1ea3nh v\u1ea3i m\u1ec1m b\u00ean c\u1ea1nh \u0111\u00e0n, \u0111\u1ec3 ti\u1ec7n cho vi\u1ec7c lau ch\u00f9i b\u00e0n ph\u00edm sau khi \u0111\u00e3 s\u1eed d\u1ee5ng sau. Kh\u00f4ng \u0111\u01b0\u1ee3c d\u00f9ng c\u00e1c lo\u1ea1i v\u1ea3i c\u1ee9ng ho\u1eb7c kh\u0103n gi\u1ea5y, d\u1ec5 l\u00e0m tr\u1ea7y \u0111i l\u1edbp s\u01a1n c\u1ee7a ph\u00edm \u0111\u00e0n. \u0110\u1eb7c bi\u1ec7t l\u01b0u \u00fd kh\u00f4ng \u0111\u01b0\u1ee3c s\u1eed d\u1ee5ng c\u00e1c lo\u1ea1i kh\u0103n m\u00e0u \u0111\u1ec3 lau ph\u00edm \u0111\u00e0n, nh\u1eefng m\u00e0u \u1edf kh\u0103n c\u00f3 th\u1ec3 th\u1ea5m v\u00e0o ph\u00edm \u0111\u00e0n, l\u00e0m bi\u1ebfn \u0111\u1ed5i m\u00e0u s\u1eafc c\u1ee7a b\u00e0n ph\u00edm. Th\u01b0\u1eddng xuy\u00ean v\u1ec7 sinh \u0111\u00e0n \u0111i\u1ec7n<\/li>\n<\/ul>\n<p>!!! An Piano Kh\u00f4ng nh\u1eadn s\u1eeda ch\u1eefa \u0111\u00e0n Trung Qu\u1ed1c v\u00e0 H\u00e0n Qu\u1ed1c<\/p>\n<p>&nbsp;<\/p>\n<p><img fetchpriority=\"high\" decoding=\"async\" class=\"alignleft wp-image-2978 size-medium\" src=\"https:\/\/anpiano.com\/wp-content\/uploads\/2020\/07\/huong-dan-lam-sach-phim-dan-piano-cu-300x225.jpg\" alt=\"v\u1ec7 sinh \u0111\u00e0n \u0111i\u1ec7n\" width=\"300\" height=\"225\" srcset=\"https:\/\/anpiano.com\/wp-content\/uploads\/2020\/07\/huong-dan-lam-sach-phim-dan-piano-cu-300x225.jpg 300w, https:\/\/anpiano.com\/wp-content\/uploads\/2020\/07\/huong-dan-lam-sach-phim-dan-piano-cu-247x185.jpg 247w, https:\/\/anpiano.com\/wp-content\/uploads\/2020\/07\/huong-dan-lam-sach-phim-dan-piano-cu.jpg 500w\" sizes=\"(max-width: 300px) 100vw, 300px\" \/><\/p>\n<p>&nbsp;<\/p>\n<p>&nbsp;<\/p>\n<p>&nbsp;<\/p>\n<p>&nbsp;<\/p>\n<p>&nbsp;<\/p>\n<p>&nbsp;<\/p>\n<p>&nbsp;<\/p>\n<p><em>Nh\u00e2n vi\u00ean K\u1ef9 Thu\u1eadt c\u1ee7a<\/em> ch\u00fang<em> t\u00f4i s\u1ebd c\u00f3 m\u1eb7t \u0111\u1ec3 ki\u1ec3m tra t\u1ea1i nh\u00e0 kh\u00e1ch h\u00e0ng trong 24h k\u1ec3 t\u1eeb l\u00fac nh\u1eadn \u0111\u01b0\u1ee3c cu\u1ed9c g\u1ecdi (Hotline k\u1ef9 thu\u1eadt: <strong>090 326 5826<\/strong>)<\/em><\/p>\n<p>&#8212;&#8212;&#8212;&#8212;&#8212;&#8212;&#8212;&#8212;&#8212;&#8211;<\/p>\n<p>AN PIANO &#8211; H\u1ec6 TH\u1ed0NG SHOWROOM 3 MI\u1ec0N<\/p>\n<p>H\u00c0 N\u1ed8I: 120 Ha\u0300o Nam, \u0110o\u0302\u0301ng \u0110a, Ha\u0300 No\u0323\u0302i &#8211; 0903265826<\/p>\n<p>H\u1ed2 CH\u00cd MINH: 282e Nguye\u0302\u0303n Tro\u0323ng Tuye\u0302\u0309n, Phu\u031bo\u031b\u0300ng 10, Phu\u0301 Nhua\u0323\u0302n, H\u1ed3 Ch\u00ed Minh &#8211; 0902172128<\/p>\n<p>\u0110\u00c0 N\u1eb4NG:163 Huy\u0300nh Ta\u0302\u0301n Pha\u0301t, Ha\u0309i Cha\u0302u, \u0110a\u0300 Na\u0306\u0303ng &#8211; 0936267126<\/p>\n<p><a href=\"https:\/\/anpiano.com\/san-pham\/\">Xem th\u00eam s\u1ea3n ph\u1ea9m<\/a><\/p>\n<div data-id=\"9ly1xDmkO1M\" data-query=\"\" data-src=\"https:\/\/www.youtube.com\/embed\/9ly1xDmkO1M\"><a href=\"https:\/\/www.facebook.com\/Anpiano.hanoi\" target=\"_blank\" rel=\"noopener\">T\u01b0 v\u1ea5n v\u00e0 ch\u1ecdn mua s\u1ea3n ph\u1ea9m kh\u00e1c t\u1ea1i \u0111\u00e2y<\/a><\/div>\n<div data-id=\"9ly1xDmkO1M\" data-query=\"\" data-src=\"https:\/\/www.youtube.com\/embed\/9ly1xDmkO1M\"><a href=\"http:\/\/thumuapiano.com\/\" target=\"_blank\" rel=\"noopener\">Ch\u00fang t\u00f4i nh\u1eadn thu mua Piano, h\u00e3y li\u00ean h\u1ec7 n\u1ebfu b\u1ea1n c\u00f3 nhu c\u1ea7u.<\/a><\/div>\n","protected":false},"excerpt":{"rendered":"<p>An Piano nh\u1eadn v\u1ec7 sinh \u0111\u00e0n \u0111i\u1ec7n t\u1eeb trong ra ngo\u00e0i, t\u1eeb th\u00e2n v\u1ecf \u0111\u00e0n \u0111\u1ebfn c\u00e1c k\u1ebft c\u1ea5u b\u00ean trong piano t\u1ea1i nh\u00e0. Ch\u00fang t\u00f4i s\u1ebd v\u1ec7 sinh c\u00e2y \u0111\u00e0n c\u1ee7a qu\u00fd kh\u00e1ch tr\u1edf n\u00ean nh\u01b0 m\u1edbi, Mang \u0111\u1ebfn s\u1ef1 h\u00e0i l\u00f2ng cho Qu\u00fd Kh\u00e1ch.<\/p>\n<ul style=\"list-style-type: circle;\">\n<li>Lau ch\u00f9i v\u1ebft b\u1ea9n<\/li>\n<li>\u0110\u00e1nh b\u00f3ng<\/li>\n<li>Th\u1eddi gian ho\u00e0n th\u00e0nh trong ng\u00e0y<\/li>\n<li>H\u00fat b\u1ee5i, v\u1ec7 sinh<\/li>\n<li>B\u1ea3o v\u1ec7 vi m\u1ea1ch<\/li>\n<li>B\u1ea3o d\u01b0\u1ee1ng main m\u1ea1ch<\/li>\n<li>Ch\u01b0a bao g\u1ed3m d\u1ecbch v\u1ee5 l\u00e0m t\u1ea1i nh\u00e0<\/li>\n<\/ul>\n<p>### Kh\u00f4ng nh\u1eadn s\u1eeda ch\u1eefa \u0111\u00e0n Trung Qu\u1ed1c v\u00e0 H\u00e0n Qu\u1ed1c<\/p>\n","protected":false},"featured_media":5224,"comment_status":"open","ping_status":"closed","template":"","meta":[],"product_cat":[315,321],"product_tag":[319,316,317,318],"class_list":{"0":"post-2970","1":"product","2":"type-product","3":"status-publish","4":"has-post-thumbnail","6":"product_cat-dich-vu-piano","7":"product_cat-dich-vu-dan-dien","8":"product_tag-danh-bong","9":"product_tag-dich-vu","10":"product_tag-lau-chui","11":"product_tag-ve-sinh","13":"first","14":"instock","15":"shipping-taxable","16":"purchasable","17":"product-type-simple"},"jetpack_sharing_enabled":true,"_links":{"self":[{"href":"https:\/\/anpiano.com\/index.php?rest_route=\/wp\/v2\/product\/2970"}],"collection":[{"href":"https:\/\/anpiano.com\/index.php?rest_route=\/wp\/v2\/product"}],"about":[{"href":"https:\/\/anpiano.com\/index.php?rest_route=\/wp\/v2\/types\/product"}],"replies":[{"embeddable":true,"href":"https:\/\/anpiano.com\/index.php?rest_route=%2Fwp%2Fv2%2Fcomments&post=2970"}],"version-history":[{"count":0,"href":"https:\/\/anpiano.com\/index.php?rest_route=\/wp\/v2\/product\/2970\/revisions"}],"wp:featuredmedia":[{"embeddable":true,"href":"https:\/\/anpiano.com\/index.php?rest_route=\/wp\/v2\/media\/5224"}],"wp:attachment":[{"href":"https:\/\/anpiano.com\/index.php?rest_route=%2Fwp%2Fv2%2Fmedia&parent=2970"}],"wp:term":[{"taxonomy":"product_cat","embeddable":true,"href":"https:\/\/anpiano.com\/index.php?rest_route=%2Fwp%2Fv2%2Fproduct_cat&post=2970"},{"taxonomy":"product_tag","embeddable":true,"href":"https:\/\/anpiano.com\/index.php?rest_route=%2Fwp%2Fv2%2Fproduct_tag&post=2970"}],"curies":[{"name":"wp","href":"https:\/\/api.w.org\/{rel}","templated":true}]}}