{"id":3058,"date":"2020-07-18T10:06:00","date_gmt":"2020-07-18T03:06:00","guid":{"rendered":"http:\/\/anpiano.com\/?post_type=product&#038;p=3058"},"modified":"2023-07-03T09:46:29","modified_gmt":"2023-07-03T02:46:29","slug":"bao-duong-may-moc","status":"publish","type":"product","link":"https:\/\/anpiano.com\/?product=bao-duong-may-moc","title":{"rendered":"B\u1ea2O D\u01af\u1ee0NG B\u1ed8 M\u00c1Y \u0110\u00c0N C\u01a0"},"content":{"rendered":"<p>Nh\u1eefng ng\u00e0y th\u1eddi ti\u1ebft \u1ea9m, m\u01b0a nhi\u1ec1u, \u0111\u1ed9 \u1ea9m t\u0103ng l\u00e0m cho Da, N\u1ec9, G\u1ed7 b\u1ecb b\u1eaft \u1ea9m khi\u1ebfn \u0111\u1ed9ng c\u01a1 (action) kh\u1ecb k\u1eb9t, \u0111\u1ed9 n\u1ea3y ph\u00edm \u0111\u00e0n kh\u00f4ng c\u00f2n tr\u01a1n chu. N\u1ebfu t\u00ecnh tr\u1ea1ng n\u1eb7ng h\u01a1n, \u0111\u00e0n piano s\u1ebd b\u1ecb ti\u1ebfng \u00f9, kh\u00f4ng vang v\u00e0 th\u1eadm ch\u00ed kh\u00f4ng g\u00f5 \u0111\u01b0\u1ee3c (g\u1ecdi l\u00e0 k\u1eb9t ph\u00edm).<\/p>\n<p>Vi\u1ec7c ki\u1ec3m tra v\u00e0 s\u1eeda ch\u1eefa piano nh\u1eb1m kh\u1eafc ph\u1ee5c k\u1ecbp th\u1eddi \u0111\u01b0a \u0111\u00e0n v\u1ec1 tr\u1ea1ng th\u00e1i ho\u1ea1t \u0111\u1ed9ng t\u1ed1t nh\u1ea5t. \u0110\u1ed3ng th\u1eddi \u0111\u1ea3m b\u1ea3o \u0111\u1ed9 b\u1ec1n v\u00e0 th\u1ea9m m\u1ef9 \u0111\u00e0n.<\/p>\n<p><img fetchpriority=\"high\" decoding=\"async\" class=\"aligncenter wp-image-3062 size-medium\" src=\"http:\/\/anpiano.com\/wp-content\/uploads\/2020\/07\/z1980329421021_491e1ba2b50a741519ddbefd866b1702-300x271.jpg\" alt=\"\" width=\"300\" height=\"271\" \/><\/p>\n<p>D\u1ecbch v\u1ee5 b\u1ea3o d\u01b0\u1ee1ng piano c\u01a1 c\u1ea5p t\u1ed1c v\u00e0 chuy\u00ean nghi\u1ec7p t\u1ea1i nh\u00e0, \u0111\u1ea3m b\u1ea3o , ch\u00ednh x\u00e1c v\u00e0 c\u00f3 b\u1ea3o h\u00e0nh .<\/p>\n<p><em>Nh\u00e2n vi\u00ean K\u1ef9 Thu\u1eadt c\u1ee7a<\/em> ch\u00fang<em> t\u00f4i s\u1ebd c\u00f3 m\u1eb7t \u0111\u1ec3 ki\u1ec3m tra t\u1ea1i nh\u00e0 kh\u00e1ch h\u00e0ng trong 24h k\u1ec3 t\u1eeb l\u00fac nh\u1eadn \u0111\u01b0\u1ee3c cu\u1ed9c g\u1ecdi (Hotline k\u1ef9 thu\u1eadt: <strong>090 326 5826<\/strong>)<\/em><\/p>\n<p>&#8212;&#8212;&#8212;&#8212;&#8212;&#8212;&#8212;&#8212;&#8212;&#8211;<\/p>\n<p>AN PIANO &#8211; H\u1ec6 TH\u1ed0NG SHOWROOM 3 MI\u1ec0N<\/p>\n<p>H\u00c0 N\u1ed8I: 120 Ha\u0300o Nam, \u0110o\u0302\u0301ng \u0110a, Ha\u0300 No\u0323\u0302i &#8211; 0903265826<\/p>\n<p>H\u1ed2 CH\u00cd MINH: 282e Nguye\u0302\u0303n Tro\u0323ng Tuye\u0302\u0309n, Phu\u031bo\u031b\u0300ng 10, Phu\u0301 Nhua\u0323\u0302n, H\u1ed3 Ch\u00ed Minh &#8211; 0902172128<\/p>\n<p>\u0110\u00c0 N\u1eb4NG:163 Huy\u0300nh Ta\u0302\u0301n Pha\u0301t, Ha\u0309i Cha\u0302u, \u0110a\u0300 Na\u0306\u0303ng &#8211; 0936267126<\/p>\n<p>&nbsp;<\/p>\n","protected":false},"excerpt":{"rendered":"<p>An Piano cung c\u1ea5p d\u1ecbch v\u1ee5 b\u1ea3o d\u01b0\u1ee1ng b\u1ed9 m\u00e1y piano c\u01a1:<\/p>\n<ul>\n<li>B\u1ea3o h\u00e0nh 30 ng\u00e0y<\/li>\n<li>B\u1ea3o d\u01b0\u1ee1ng + v\u1ec7 sinh + h\u00fat b\u1ee5i<\/li>\n<li>C\u0103n ch\u1ec9nh m\u00e1y b\u00faa \u0111\u00e0n c\u01a1<\/li>\n<li>Ch\u01b0a bao g\u1ed3m thay th\u1ebf linh ki\u1ec7n &amp; d\u1ecbch v\u1ee5 t\u1ea1i nh\u00e0.<\/li>\n<\/ul>\n","protected":false},"featured_media":5223,"comment_status":"open","ping_status":"closed","template":"","meta":[],"product_cat":[315,320],"product_tag":[328,329,336,318],"class_list":{"0":"post-3058","1":"product","2":"type-product","3":"status-publish","4":"has-post-thumbnail","6":"product_cat-dich-vu-piano","7":"product_cat-dich-vu-dan-co","8":"product_tag-bao-duong","9":"product_tag-bao-duong-may-moc","10":"product_tag-dan-co","11":"product_tag-ve-sinh","13":"first","14":"instock","15":"shipping-taxable","16":"purchasable","17":"product-type-simple"},"jetpack_sharing_enabled":true,"_links":{"self":[{"href":"https:\/\/anpiano.com\/index.php?rest_route=\/wp\/v2\/product\/3058"}],"collection":[{"href":"https:\/\/anpiano.com\/index.php?rest_route=\/wp\/v2\/product"}],"about":[{"href":"https:\/\/anpiano.com\/index.php?rest_route=\/wp\/v2\/types\/product"}],"replies":[{"embeddable":true,"href":"https:\/\/anpiano.com\/index.php?rest_route=%2Fwp%2Fv2%2Fcomments&post=3058"}],"version-history":[{"count":0,"href":"https:\/\/anpiano.com\/index.php?rest_route=\/wp\/v2\/product\/3058\/revisions"}],"wp:featuredmedia":[{"embeddable":true,"href":"https:\/\/anpiano.com\/index.php?rest_route=\/wp\/v2\/media\/5223"}],"wp:attachment":[{"href":"https:\/\/anpiano.com\/index.php?rest_route=%2Fwp%2Fv2%2Fmedia&parent=3058"}],"wp:term":[{"taxonomy":"product_cat","embeddable":true,"href":"https:\/\/anpiano.com\/index.php?rest_route=%2Fwp%2Fv2%2Fproduct_cat&post=3058"},{"taxonomy":"product_tag","embeddable":true,"href":"https:\/\/anpiano.com\/index.php?rest_route=%2Fwp%2Fv2%2Fproduct_tag&post=3058"}],"curies":[{"name":"wp","href":"https:\/\/api.w.org\/{rel}","templated":true}]}}