{"id":3060,"date":"2020-07-18T10:11:32","date_gmt":"2020-07-18T03:11:32","guid":{"rendered":"http:\/\/anpiano.com\/?post_type=product&#038;p=3060"},"modified":"2023-07-03T09:45:49","modified_gmt":"2023-07-03T02:45:49","slug":"thay-the-linh-kien-dien-tu","status":"publish","type":"product","link":"https:\/\/anpiano.com\/?product=thay-the-linh-kien-dien-tu","title":{"rendered":"THAY TH\u1ebe LINH KI\u1ec6N \u0110I\u1ec6N T\u1eec"},"content":{"rendered":"<p>An Piano nh\u1eadn s\u1eeda ch\u1eefa \u0111\u00e0n piano \u0111i\u1ec7n, thay th\u1ebf linh ki\u1ec7n m\u1ea1ch \u0111i\u1ec7n t\u1eed, vi m\u1ea1ch, ic&#8230;<\/p>\n<ul>\n<li>S\u1ea3n ph\u1ea9m t\u00ednh theo gi\u00e1 th\u1ecb tr\u01b0\u1eddng + c\u00f4ng l\u1eafp \u0111\u1eb7t<\/li>\n<li>Li\u00ean h\u1ec7 tr\u1ef1c ti\u1ebfp K\u1ef9 Thu\u1eadt An Piano \u0111\u1ec3 c\u00f3 gi\u00e1 t\u1ed1t nh\u1ea5t nh\u00e9 !!<\/li>\n<\/ul>\n<p><img fetchpriority=\"high\" decoding=\"async\" class=\"aligncenter wp-image-3115 size-full\" src=\"http:\/\/anpiano.com\/wp-content\/uploads\/2020\/07\/anpiano-linh-kien-2.jpg\" alt=\"\" width=\"800\" height=\"600\" srcset=\"https:\/\/anpiano.com\/wp-content\/uploads\/2020\/07\/anpiano-linh-kien-2.jpg 800w, https:\/\/anpiano.com\/wp-content\/uploads\/2020\/07\/anpiano-linh-kien-2-247x185.jpg 247w, https:\/\/anpiano.com\/wp-content\/uploads\/2020\/07\/anpiano-linh-kien-2-510x383.jpg 510w, https:\/\/anpiano.com\/wp-content\/uploads\/2020\/07\/anpiano-linh-kien-2-300x225.jpg 300w, https:\/\/anpiano.com\/wp-content\/uploads\/2020\/07\/anpiano-linh-kien-2-768x576.jpg 768w\" sizes=\"(max-width: 800px) 100vw, 800px\" \/><\/p>\n<p><em>Nh\u00e2n vi\u00ean K\u1ef9 Thu\u1eadt c\u1ee7a<\/em> ch\u00fang<em> t\u00f4i s\u1ebd c\u00f3 m\u1eb7t \u0111\u1ec3 ki\u1ec3m tra t\u1ea1i nh\u00e0 kh\u00e1ch h\u00e0ng trong 24h k\u1ec3 t\u1eeb l\u00fac nh\u1eadn \u0111\u01b0\u1ee3c cu\u1ed9c g\u1ecdi (Hotline k\u1ef9 thu\u1eadt: <strong>090 326 5826<\/strong>)<\/em><\/p>\n<p>&#8212;&#8212;&#8212;&#8212;&#8212;&#8212;&#8212;&#8212;&#8212;&#8211;<\/p>\n<p>AN PIANO &#8211; H\u1ec6 TH\u1ed0NG SHOWROOM 3 MI\u1ec0N<\/p>\n<p>H\u00c0 N\u1ed8I: 120 Ha\u0300o Nam, \u0110o\u0302\u0301ng \u0110a, Ha\u0300 No\u0323\u0302i &#8211; 0903265826<\/p>\n<p>H\u1ed2 CH\u00cd MINH: 282e Nguye\u0302\u0303n Tro\u0323ng Tuye\u0302\u0309n, Phu\u031bo\u031b\u0300ng 10, Phu\u0301 Nhua\u0323\u0302n, H\u1ed3 Ch\u00ed Minh &#8211; 0902172128<\/p>\n<p>\u0110\u00c0 N\u1eb4NG:163 Huy\u0300nh Ta\u0302\u0301n Pha\u0301t, Ha\u0309i Cha\u0302u, \u0110a\u0300 Na\u0306\u0303ng &#8211; 0936267126<\/p>\n","protected":false},"excerpt":{"rendered":"<p>An Piano nh\u1eadn s\u1eeda ch\u1eefa \u0111\u00e0n piano \u0111i\u1ec7n, thay th\u1ebf linh ki\u1ec7n m\u1ea1ch \u0111i\u1ec7n t\u1eed, vi m\u1ea1ch, ic&#8230;<\/p>\n<ul>\n<li>S\u1ea3n ph\u1ea9m t\u00ednh theo gi\u00e1 th\u1ecb tr\u01b0\u1eddng + c\u00f4ng l\u1eafp \u0111\u1eb7t<\/li>\n<li>Li\u00ean h\u1ec7 tr\u1ef1c ti\u1ebfp K\u1ef9 Thu\u1eadt An Piano \u0111\u1ec3 c\u00f3 gi\u00e1 t\u1ed1t nh\u1ea5t nh\u00e9 !!<\/li>\n<li>Hotline k\u1ef9 thu\u1eadt <strong>091.261.38.75<\/strong><\/li>\n<\/ul>\n","protected":false},"featured_media":5219,"comment_status":"open","ping_status":"closed","template":"","meta":[],"product_cat":[315,321],"product_tag":[332,333,335,334],"class_list":{"0":"post-3060","1":"product","2":"type-product","3":"status-publish","4":"has-post-thumbnail","6":"product_cat-dich-vu-piano","7":"product_cat-dich-vu-dan-dien","8":"product_tag-thay-the-ic","9":"product_tag-thay-the-linh-kien","10":"product_tag-thay-the-linh-kien-dien-tu","11":"product_tag-thay-the-mach","13":"first","14":"instock","15":"shipping-taxable","16":"product-type-simple"},"jetpack_sharing_enabled":true,"_links":{"self":[{"href":"https:\/\/anpiano.com\/index.php?rest_route=\/wp\/v2\/product\/3060"}],"collection":[{"href":"https:\/\/anpiano.com\/index.php?rest_route=\/wp\/v2\/product"}],"about":[{"href":"https:\/\/anpiano.com\/index.php?rest_route=\/wp\/v2\/types\/product"}],"replies":[{"embeddable":true,"href":"https:\/\/anpiano.com\/index.php?rest_route=%2Fwp%2Fv2%2Fcomments&post=3060"}],"version-history":[{"count":0,"href":"https:\/\/anpiano.com\/index.php?rest_route=\/wp\/v2\/product\/3060\/revisions"}],"wp:featuredmedia":[{"embeddable":true,"href":"https:\/\/anpiano.com\/index.php?rest_route=\/wp\/v2\/media\/5219"}],"wp:attachment":[{"href":"https:\/\/anpiano.com\/index.php?rest_route=%2Fwp%2Fv2%2Fmedia&parent=3060"}],"wp:term":[{"taxonomy":"product_cat","embeddable":true,"href":"https:\/\/anpiano.com\/index.php?rest_route=%2Fwp%2Fv2%2Fproduct_cat&post=3060"},{"taxonomy":"product_tag","embeddable":true,"href":"https:\/\/anpiano.com\/index.php?rest_route=%2Fwp%2Fv2%2Fproduct_tag&post=3060"}],"curies":[{"name":"wp","href":"https:\/\/api.w.org\/{rel}","templated":true}]}}