{"id":3917,"date":"2020-08-10T16:34:10","date_gmt":"2020-08-10T09:34:10","guid":{"rendered":"https:\/\/anpiano.com\/?post_type=product&#038;p=3917"},"modified":"2025-11-08T12:04:38","modified_gmt":"2025-11-08T05:04:38","slug":"yamaha-w106","status":"publish","type":"product","link":"https:\/\/anpiano.com\/?product=yamaha-w106","title":{"rendered":"YAMAHA W106"},"content":{"rendered":"<h4>D\u00f2ng piano yamaha W l\u00e0 ch\u1eef vi\u1ebft t\u1eaft c\u1ee7a Wood (G\u1ed7), m\u00e0u s\u1eafc \u0111\u1eb7c tr\u01b0ng c\u1ee7a d\u00f2ng n\u00e0y l\u00e0 m\u00e0u v\u00e2n G\u1ed7, b\u00f3ng m\u1edd ho\u1eb7c b\u00f3ng k\u00ednh. \u0110\u01b0\u1ee3c s\u1ea3n xu\u1ea5t ho\u00e0n to\u00e0n th\u1ee7 c\u00f4ng b\u1edfi nh\u1eefng ngh\u1ec7 nh\u00e2n Nh\u1eadt B\u1ea3n. \u0110\u00e0n Piano<strong> Yamaha W106<\/strong> v\u1edbi thi\u1ebft k\u1ebf r\u1ea5t tinh t\u1ebf mang \u0111\u1eadm phong c\u00e1ch ch\u00e2u \u00e2u.<\/h4>\n<p><img decoding=\"async\" class=\"alignnone\" src=\"https:\/\/anpiano.com\/wp-content\/uploads\/2020\/08\/yamaha-w106_-150x150.jpg\" alt=\"Yamaha W106\" width=\"150\" height=\"150\" \/><\/p>\n<p>\u0110\u00e0n Piano<strong>\u00a0Yamaha W106<\/strong> \u0111\u01b0\u1ee3c s\u1ea3n xu\u1ea5t t\u1eeb nh\u1eefng n\u0103m 1975 \u0111\u1ebfn n\u0103m 1990, th\u1eddi k\u1ef3 Yamaha \u0111\u00e3 \u0111\u1ea1t \u0111\u1ebfn \u0111\u1ec9nh cao trong l\u0129nh v\u1ef1c s\u1ea3n xu\u1ea5t \u0111\u00e0n piano \u0111\u0103c bi\u1ec7t trong th\u1eddi gian n\u00e0y s\u1ea3n l\u01b0\u1ee3ng g\u1ed7 ch\u1ea5t l\u01b0\u1ee3ng cao phong ph\u00fa \u0111\u01b0\u1ee3c nh\u1eadp kh\u1ea9u t\u1eeb B\u1eafc Phi r\u1ea5t th\u00edch h\u1ee3p cho\u00a0\u0111\u00e0n piano\u00a0m\u00e0 cho \u0111\u1ebfn nay kh\u00f4ng c\u00f3 b\u1ea5t k\u1ef3 lo\u1ea1i g\u1ed7 n\u00e0o c\u00f3 th\u1ec3 thay th\u1ebf.<\/p>\n<p><img fetchpriority=\"high\" decoding=\"async\" class=\"alignnone\" src=\"https:\/\/anpiano.com\/wp-content\/uploads\/2020\/08\/yamaha-w406_1-scaled.jpg\" alt=\"yamaha w106\" width=\"2560\" height=\"2382\" \/><\/p>\n<p>Ki\u1ec3u d\u00e1ng ch\u00e2n cong c\u1ed5 \u0111i\u1ec3n c\u1ee7a d\u00f2ng Yamaha W106 \u0111\u01b0\u1ee3c \u01b0a chu\u1ed9ng t\u1ea1i th\u1ecb tr\u01b0\u1eddng ch\u00e2u \u00c2u b\u00ean c\u1ea1nh ch\u1ea5t l\u01b0\u1ee3ng \u00e2m thanh c\u00f3 ph\u1ea7n Bass \u1ea5m v\u00e0 ph\u1ea7n tress vang trong \u0111i s\u00e2u v\u00e0o l\u00f2ng ng\u01b0\u1eddi, Yamaha W106 \u0111\u01b0\u1ee3c c\u00e1c ngh\u1ec7 s\u1ef9 chuy\u00ean nghi\u1ec7p \u01b0a chu\u1ed9ng \u0111\u1ec3 bi\u1ec3u di\u1ec5n v\u00e0 gi\u1ea3i tr\u00ed.<\/p>\n<p>B\u00e0n ph\u00edm &amp; m\u00e1y \u0111\u00e0n piano <strong>Yamaha W106 <\/strong><\/p>\n<p>Ph\u00edm \u0111\u00e0n \u0111\u01b0\u1ee3c ch\u1ebf t\u00e1c t\u1eeb g\u1ed7 v\u00e2n sam r\u1ea5t c\u1ee9ng v\u00e0 nh\u1eb9. C\u01a1 ch\u1ebf uniformed key travel khi\u1ebfn \u0111\u1ed9 nh\u1ea1y c\u1ee7a \u0111\u00e0n kh\u00f4ng kh\u00e1c g\u00ed nh\u1eefng c\u00e2y \u0111\u00e0n piano grand cao c\u1ea5p.<\/p>\n<p>&#8211; Th\u00f4ng tin kh\u00e1c: B\u1ea3ng c\u1ed9ng h\u01b0\u1edfng g\u1ed7 v\u00e2n sam, ng\u1ef1a \u0111\u00e0n g\u1ed7 phong, \u0111\u00e2y d\u00e0n b\u1eb1ng th\u00e9p c\u01b0\u1eddng \u0111\u1ed9 cao \u00edt c\u00e1c-bon \u0111\u1ea3m b\u1ea3o s\u1ef1 d\u1ebbo dai, linh ho\u1ea1t.<\/p>\n<p>&nbsp;<\/p>\n<p><span style=\"font-size: 115%;\"><strong>Th\u00f4ng s\u1ed1 k\u1ef9 thu\u1eadt \u0111\u00e0n Yamaha W106 :<\/strong><\/span><\/p>\n<p>&#8211; H\u00e3ng s\u1ea3n xu\u1ea5t : Yamaha<\/p>\n<p>&#8211; T\u00ean s\u1ea3n ph\u1ea9m : W106<\/p>\n<p>&#8211; Xu\u1ea5t x\u1ee9: Nh\u1eadt B\u1ea3n<\/p>\n<p>&#8211; M\u00e0u: m\u00e0u g\u1ed5<\/p>\n<p>&#8211; K\u00edch th\u01b0\u1edbc: (H)131cm x (W)154cm x (S) 65cm<\/p>\n<p>&#8211; Tr\u1ecdng l\u01b0\u1ee3ng: 248kg<\/p>\n<p>&#8211; S\u1ed1 ph\u00edm: 88,<\/p>\n<p>&#8211; S\u1ed1 pedal: 03 (pedal gi\u1ea3m \u00e2m, duy tr\u00ec \u00e2m, vang \u00e2m)<\/p>\n<p>&#8211; Ch\u1ea5t l\u01b0\u1ee3ng: \u0110\u00e3 qua s\u1eed d\u1ee5ng \u2013 M\u1edbi \u2013 95% (Nh\u1eadp kh\u1ea9u tr\u1ef1c ti\u1ebfp t\u1eeb Nh\u1eadt B\u1ea3n).<\/p>\n<div data-id=\"9ly1xDmkO1M\" data-query=\"\" data-src=\"https:\/\/www.youtube.com\/embed\/9ly1xDmkO1M\">\n<div data-id=\"9ly1xDmkO1M\" data-query=\"\" data-src=\"https:\/\/www.youtube.com\/embed\/9ly1xDmkO1M\"><a href=\"https:\/\/www.facebook.com\/anpiano.saigon\" target=\"_blank\" rel=\"noopener\">T\u01b0 v\u1ea5n v\u00e0 ch\u1ecdn mua s\u1ea3n ph\u1ea9m kh\u00e1c t\u1ea1i \u0111\u00e2y<\/a><\/div>\n<div data-id=\"9ly1xDmkO1M\" data-query=\"\" data-src=\"https:\/\/www.youtube.com\/embed\/9ly1xDmkO1M\"><a href=\"http:\/\/thumuapiano.com\/\" target=\"_blank\" rel=\"noopener\">Ch\u00fang t\u00f4i nh\u1eadn thu mua Piano, h\u00e3y li\u00ean h\u1ec7 n\u1ebfu b\u1ea1n c\u00f3 nhu c\u1ea7u.<\/a><\/div>\n<\/div>\n<h3><\/h3>\n<p>&nbsp;<\/p>\n","protected":false},"excerpt":{"rendered":"<ul>\n<li>\n<h1><strong><span style=\"font-size: 24pt;\">Qu\u00e0 T\u1eb7ng:<\/span><\/strong><\/h1>\n<ul>\n<li>B\u1ea3o h\u00e0nh 10 n\u0103m\u00a0<a href=\"https:\/\/anpiano.com\/chinh-sach-bao-hanh\/\">xem th\u00eam<\/a><\/li>\n<li>Gh\u1ebf<\/li>\n<li>Kh\u0103n ph\u1ee7 ph\u00edm<\/li>\n<li>Kh\u0103n ph\u1ee7 \u0111\u00e0n<\/li>\n<li>\u1ed0ng s\u1ea5y<\/li>\n<li>Freeship HCM &#8211; HN &#8211; \u0110N &#8211; NT &#8211; BMT<\/li>\n<li>Kh\u00f3a h\u1ecdc online<\/li>\n<\/ul>\n<\/li>\n<\/ul>\n","protected":false},"featured_media":9466,"comment_status":"open","ping_status":"closed","template":"","meta":[],"product_cat":[125,326],"product_tag":[657,1267,1266],"class_list":{"0":"post-3917","1":"product","2":"type-product","3":"status-publish","4":"has-post-thumbnail","6":"product_cat-piano-upright","7":"product_cat-yamaha-upright","8":"product_tag-piano-co-yamaha","9":"product_tag-w-106","10":"product_tag-yamaha-w106","12":"first","13":"instock","14":"sale","15":"featured","16":"shipping-taxable","17":"purchasable","18":"product-type-simple"},"jetpack_sharing_enabled":true,"_links":{"self":[{"href":"https:\/\/anpiano.com\/index.php?rest_route=\/wp\/v2\/product\/3917"}],"collection":[{"href":"https:\/\/anpiano.com\/index.php?rest_route=\/wp\/v2\/product"}],"about":[{"href":"https:\/\/anpiano.com\/index.php?rest_route=\/wp\/v2\/types\/product"}],"replies":[{"embeddable":true,"href":"https:\/\/anpiano.com\/index.php?rest_route=%2Fwp%2Fv2%2Fcomments&post=3917"}],"version-history":[{"count":4,"href":"https:\/\/anpiano.com\/index.php?rest_route=\/wp\/v2\/product\/3917\/revisions"}],"predecessor-version":[{"id":11911,"href":"https:\/\/anpiano.com\/index.php?rest_route=\/wp\/v2\/product\/3917\/revisions\/11911"}],"wp:featuredmedia":[{"embeddable":true,"href":"https:\/\/anpiano.com\/index.php?rest_route=\/wp\/v2\/media\/9466"}],"wp:attachment":[{"href":"https:\/\/anpiano.com\/index.php?rest_route=%2Fwp%2Fv2%2Fmedia&parent=3917"}],"wp:term":[{"taxonomy":"product_cat","embeddable":true,"href":"https:\/\/anpiano.com\/index.php?rest_route=%2Fwp%2Fv2%2Fproduct_cat&post=3917"},{"taxonomy":"product_tag","embeddable":true,"href":"https:\/\/anpiano.com\/index.php?rest_route=%2Fwp%2Fv2%2Fproduct_tag&post=3917"}],"curies":[{"name":"wp","href":"https:\/\/api.w.org\/{rel}","templated":true}]}}