{"id":4116,"date":"2020-08-30T08:27:13","date_gmt":"2020-08-30T01:27:13","guid":{"rendered":"https:\/\/anpiano.com\/?post_type=product&#038;p=4116"},"modified":"2025-12-24T16:35:46","modified_gmt":"2025-12-24T09:35:46","slug":"yamaha-ux30bl","status":"publish","type":"product","link":"https:\/\/anpiano.com\/?product=yamaha-ux30bl","title":{"rendered":"YAMAHA UX30BL"},"content":{"rendered":"<h4><span style=\"font-size: 18pt;\"><strong>\u0110\u00c0N PIANO UX30BL<\/strong><\/span><\/h4>\n<ul>\n<li>\u0110\u00e0n piano YAMAHA UX30BL l\u00e0 c\u00e2y \u0111\u00e0n cao c\u1ea5p \u0111\u01b0\u1ee3c s\u1ea3n xu\u1ea5t v\u00e0o nh\u1eefng n\u0103m 1988-1990, th\u1eddi k\u1ef3 \u0111\u1ec9nh cao c\u1ee7a c\u00f4ng ngh\u1ec7 s\u1ea3n xu\u1ea5t \u0111\u00e0n piano t\u1ea1i Nh\u1eadt B\u1ea3n. Nh\u1edd v\u00e0o thi\u1ebft k\u1ebf to\u00e0n di\u1ec7n, Nh\u1eefng chi\u1ebfc \u0111\u00e0n piano Piano UX30BL s\u1edf h\u1eefu nh\u1eefng linh ki\u1ec7n ti\u00eau chu\u1ea9n th\u1ebf gi\u1edbi \u0111\u01b0\u1ee3c ch\u1ecdn l\u1ecdc k\u1ef9 c\u00e0ng, v\u1edbi v\u00f4 s\u1ed1 c\u1ea3i ti\u1ebfn v\u1ec1 v\u1eadt li\u1ec7u v\u00e0 ch\u1ebf t\u1ea1o. C\u00e1c chi ti\u1ebft c\u1ee7a \u0111\u00e0n piano YAMAHA UX30BL \u0111\u01b0\u1ee3c th\u1ef1c hi\u1ec7n b\u1eb1ng ph\u01b0\u01a1ng ph\u00e1p th\u1ee7 c\u00f4ng b\u1edfi c\u00e1c ngh\u1ec7 Nh\u00e2n h\u00e0ng \u0111\u1ea7u c\u1ee7a Yamaha. Th\u00f9ng \u00e2m c\u1ed9ng h\u01b0\u1edfng \u0111\u01b0\u1ee3c m\u1edf r\u1ed9ng th\u00eam \u0111\u00e3 mang l\u1ea1i nhi\u1ec1u kh\u00f4ng gian h\u01a1n cho \u00e2m thanh bay b\u1ed5ng. V\u00e0 UX30BL c\u0169ng nh\u01b0 c\u00e1c d\u00f2ng cao c\u1ea5p kh\u00e1c \u0111\u00e3 \u0111\u01b0\u1ee3c thi\u1ebft l\u1eadp c\u00e1c ti\u00eau chu\u1ea9n \u0111\u00e1ng kinh ng\u1ea1c v\u1ec1 ch\u1ea5t l\u01b0\u1ee3ng \u00e2m thanh, Khi so s\u00e1nh d\u00f2ng \u0111\u00e0n n\u00e0y n\u00f3 \u0111\u01b0\u1ee3c \u0111\u00e1nh gi\u00e1 kh\u00f4ng thua k\u00e9m v\u00e0 c\u00f3 ph\u1ea7n tr\u1ed9i h\u01a1n so v\u1edbi \u0111\u00e0n Piano Grand hi\u1ec7n \u0111\u1ea1i.<\/li>\n<\/ul>\n<p>&nbsp;<\/p>\n<ul>\n<li><img fetchpriority=\"high\" decoding=\"async\" class=\"alignnone size-medium wp-image-14637\" src=\"https:\/\/anpiano.com\/wp-content\/uploads\/2020\/08\/IMG_2931-300x225.jpeg\" alt=\"Yamaha UX30BL\" width=\"300\" height=\"225\" srcset=\"https:\/\/anpiano.com\/wp-content\/uploads\/2020\/08\/IMG_2931-300x225.jpeg 300w, https:\/\/anpiano.com\/wp-content\/uploads\/2020\/08\/IMG_2931-1024x768.jpeg 1024w, https:\/\/anpiano.com\/wp-content\/uploads\/2020\/08\/IMG_2931-768x576.jpeg 768w, https:\/\/anpiano.com\/wp-content\/uploads\/2020\/08\/IMG_2931-1536x1152.jpeg 1536w, https:\/\/anpiano.com\/wp-content\/uploads\/2020\/08\/IMG_2931-2048x1536.jpeg 2048w, https:\/\/anpiano.com\/wp-content\/uploads\/2020\/08\/IMG_2931-247x185.jpeg 247w, https:\/\/anpiano.com\/wp-content\/uploads\/2020\/08\/IMG_2931-510x383.jpeg 510w\" sizes=\"(max-width: 300px) 100vw, 300px\" \/>S\u1ef1 tinh x\u1ea3o trong t\u1ea5t c\u1ea3 c\u00e1c th\u00e0nh ph\u1ea7n t\u1ea1o \u00e2m thanh \u0111\u00e3 mang \u0111\u1ebfn cho U30 series ng\u00e0y nay v\u1edbi \u00e2m thanh phong ph\u00fa, vang h\u01a1n nh\u1edd \u00e2m s\u1eafc c\u00e2n b\u1eb1ng trong to\u00e0n b\u1ed9 b\u00e0n ph\u00edm.<\/li>\n<li>C\u00e1c k\u1ebft c\u1ea5u s\u01b0\u1eddn \u0111\u1eb7c bi\u1ec7t khung h\u00ecnh ch\u1eef X l\u00e0m cho\u00a0\u0111\u00e0n piano YAMAHA UX30BL t\u0103ng th\u00eam v\u1ebb m\u1ea1nh m\u1ebd cho b\u1ea3ng t\u0103ng \u00e2m \u0111\u1ed3ng th\u1eddi c\u1ed9t \u0111\u1ee1 v\u00e0 c\u00e1c c\u1ea3i ti\u1ebfn kh\u00e1c t\u0103ng c\u01b0\u1eddng \u0111\u1ed9 b\u1ec1n, c\u1ed9ng h\u01b0\u1edfng v\u00e0 \u0111\u1ed9 \u1ed5n \u0111\u1ecbnh k\u1ebft c\u1ea5u.<\/li>\n<\/ul>\n<p><img decoding=\"async\" class=\"alignnone size-medium wp-image-14638\" src=\"https:\/\/anpiano.com\/wp-content\/uploads\/2020\/08\/IMG_2936-300x225.jpeg\" alt=\"Yamaha UX30BL\" width=\"300\" height=\"225\" srcset=\"https:\/\/anpiano.com\/wp-content\/uploads\/2020\/08\/IMG_2936-300x225.jpeg 300w, https:\/\/anpiano.com\/wp-content\/uploads\/2020\/08\/IMG_2936-1024x768.jpeg 1024w, https:\/\/anpiano.com\/wp-content\/uploads\/2020\/08\/IMG_2936-768x576.jpeg 768w, https:\/\/anpiano.com\/wp-content\/uploads\/2020\/08\/IMG_2936-1536x1152.jpeg 1536w, https:\/\/anpiano.com\/wp-content\/uploads\/2020\/08\/IMG_2936-2048x1536.jpeg 2048w, https:\/\/anpiano.com\/wp-content\/uploads\/2020\/08\/IMG_2936-247x185.jpeg 247w, https:\/\/anpiano.com\/wp-content\/uploads\/2020\/08\/IMG_2936-510x383.jpeg 510w\" sizes=\"(max-width: 300px) 100vw, 300px\" \/><\/p>\n<ul>\n<li>C\u00e1c \u0111\u1ea7u c\u1ea7n c\u1ee7a \u0111\u00e0n piano Yamaha UX30BL \u00a0s\u1eed d\u1ee5ng c\u00e1c v\u1eadt li\u1ec7u \u0111\u01b0\u1ee3c ch\u1ecdn \u0111\u1eb7c bi\u1ec7t cho m\u1ed7i model \u0111\u1ec3 t\u1ea1o \u00e2m, \u0111\u00e1p \u1ee9ng t\u1ed1i \u01b0u v\u00e0 \u0111\u1ed9 b\u1ec1n l\u00e2u d\u00e0i.<\/li>\n<li>M\u1ed9t c\u01a1 c\u1ea5u gi\u1ea3m \u00e2m \u0111\u01b0\u1ee3c s\u1eed d\u1ee5ng trong c\u00e1c \u0111\u00e0n piano c\u01a1 c\u00e1nh gi\u00fap ng\u0103n t\u1ea5m che b\u00e0n ph\u00edm kh\u1ecfi \u0111\u00f3ng n\u1eafp \u0111\u1ed9t ng\u1ed9t l\u00ean b\u00e0n ph\u00edm, tr\u00e1nh \u0111\u01b0\u1ee3c t\u1ed5n th\u01b0\u01a1ng ho\u1eb7c t\u1ed5n h\u1ea1i do t\u00ecnh c\u1edd.<\/li>\n<li>B\u00ean c\u1ea1nh \u0111\u00f3, \u0111\u00e0n piano UX30BL c\u00f3 khung tr\u1ee5 ch\u1ed1ng h\u00ecnh ch\u1eef X v\u1eefng ch\u1eafc, m\u1ea1nh m\u1ebd, \u0111\u1eb3ng c\u1ea5p, th\u00edch h\u1ee3p d\u00e0nh cho gi\u1ea3i tr\u00ed gia \u0111\u00ecnh,ph\u00e1t tri\u1ec3n bi\u1ec3u di\u1ec5n, \u0111\u1eb7t t\u1ea1i c\u00e1c ph\u00f2ng tr\u00e0, bar sang tr\u1ecdng.<\/li>\n<\/ul>\n<p>&nbsp;<\/p>\n<p><strong><img decoding=\"async\" class=\"alignnone size-medium wp-image-8369\" src=\"https:\/\/anpiano.com\/wp-content\/uploads\/2020\/08\/z3660440433356_9c95063d17172d3798c389784ba05b1c-300x225.jpg\" alt=\"\" width=\"300\" height=\"225\" srcset=\"https:\/\/anpiano.com\/wp-content\/uploads\/2020\/08\/z3660440433356_9c95063d17172d3798c389784ba05b1c-300x225.jpg 300w, https:\/\/anpiano.com\/wp-content\/uploads\/2020\/08\/z3660440433356_9c95063d17172d3798c389784ba05b1c-247x185.jpg 247w, https:\/\/anpiano.com\/wp-content\/uploads\/2020\/08\/z3660440433356_9c95063d17172d3798c389784ba05b1c-510x383.jpg 510w, https:\/\/anpiano.com\/wp-content\/uploads\/2020\/08\/z3660440433356_9c95063d17172d3798c389784ba05b1c.jpg 640w\" sizes=\"(max-width: 300px) 100vw, 300px\" \/><\/strong><\/p>\n<p><strong>Th\u00f4ng s\u1ed1 k\u0129 thu\u1eadt Yamaha UX30BL :<\/strong><\/p>\n<ul class=\"KsbFXc U6u95\" data-processed=\"true\">\n<li data-hveid=\"CAMQAA\" data-processed=\"true\"><span class=\"T286Pc\" data-sfc-cp=\"\" data-processed=\"true\"><strong class=\"Yjhzub\" data-processed=\"true\">Model:<\/strong>\u00a0Yamaha UX30BL (thu\u1ed9c d\u00f2ng UX, n\u00e2ng c\u1ea5p t\u1eeb U Series).<\/span><\/li>\n<li data-hveid=\"CAMQAQ\" data-processed=\"true\"><span class=\"T286Pc\" data-sfc-cp=\"\" data-processed=\"true\"><strong class=\"Yjhzub\" data-processed=\"true\">Lo\u1ea1i \u0111\u00e0n:<\/strong>\u00a0Upright Piano (Piano c\u01a1 \u0111\u1ee9ng).<\/span><\/li>\n<li data-hveid=\"CAMQAg\" data-processed=\"true\"><span class=\"T286Pc\" data-sfc-cp=\"\" data-processed=\"true\"><strong class=\"Yjhzub\" data-processed=\"true\">K\u00edch th\u01b0\u1edbc:<\/strong><\/span>\n<ul class=\"KsbFXc U6u95\" data-processed=\"true\">\n<li data-hveid=\"CAMQAw\" data-processed=\"true\"><span class=\"T286Pc\" data-sfc-cp=\"\" data-processed=\"true\"><strong class=\"Yjhzub\" data-processed=\"true\">Chi\u1ec1u cao:<\/strong>\u00a0131 cm.<\/span><\/li>\n<li data-hveid=\"CAMQBA\" data-processed=\"true\"><span class=\"T286Pc\" data-sfc-cp=\"\" data-processed=\"true\"><strong class=\"Yjhzub\" data-processed=\"true\">Chi\u1ec1u ngang:<\/strong>\u00a0160 cm.<\/span><\/li>\n<li data-hveid=\"CAMQBQ\" data-processed=\"true\"><span class=\"T286Pc\" data-sfc-cp=\"\" data-processed=\"true\"><strong class=\"Yjhzub\" data-processed=\"true\">Chi\u1ec1u s\u00e2u:<\/strong>\u00a065 cm.<\/span><\/li>\n<\/ul>\n<\/li>\n<li data-hveid=\"CAMQBg\" data-processed=\"true\"><span class=\"T286Pc\" data-sfc-cp=\"\" data-processed=\"true\"><strong class=\"Yjhzub\" data-processed=\"true\">Tr\u1ecdng l\u01b0\u1ee3ng:<\/strong>\u00a0Kho\u1ea3ng 235 &#8211; 242 kg.<\/span><\/li>\n<li data-hveid=\"CAMQBw\" data-processed=\"true\"><span class=\"T286Pc\" data-sfc-cp=\"\" data-processed=\"true\"><strong class=\"Yjhzub\" data-processed=\"true\">M\u00e0u s\u1eafc:<\/strong>\u00a0\u0110en b\u00f3ng (Black Polished).<\/span><\/li>\n<li data-hveid=\"CAMQCA\" data-processed=\"true\"><span class=\"T286Pc\" data-sfc-cp=\"\" data-processed=\"true\"><strong class=\"Yjhzub\" data-processed=\"true\">Ph\u00edm \u0111\u00e0n:<\/strong><\/span>\n<ul class=\"KsbFXc U6u95\" data-processed=\"true\">\n<li data-hveid=\"CAMQCQ\" data-processed=\"true\"><span class=\"T286Pc\" data-sfc-cp=\"\" data-processed=\"true\"><strong class=\"Yjhzub\" data-processed=\"true\">Ph\u00edm tr\u1eafng:<\/strong>\u00a0B\u1ec1 m\u1eb7t Acrylic.<\/span><\/li>\n<li data-hveid=\"CAMQCg\" data-processed=\"true\"><span class=\"T286Pc\" data-sfc-cp=\"\" data-processed=\"true\"><strong class=\"Yjhzub\" data-processed=\"true\">Ph\u00edm \u0111en:<\/strong>\u00a0B\u1ec1 m\u1eb7t Phenolic.<\/span><\/li>\n<\/ul>\n<\/li>\n<li data-hveid=\"CAMQCw\" data-processed=\"true\"><span class=\"T286Pc\" data-sfc-cp=\"\" data-processed=\"true\"><strong class=\"Yjhzub\" data-processed=\"true\">B\u1ed9 m\u00e1y c\u01a1:<\/strong><\/span>\n<ul class=\"KsbFXc U6u95\" data-processed=\"true\">\n<li data-hveid=\"CAMQDA\" data-processed=\"true\"><span class=\"T286Pc\" data-sfc-cp=\"\" data-processed=\"true\">Thi\u1ebft k\u1ebf n\u00e2ng c\u1ea5p cho d\u00f2ng UX, c\u00f3 d\u00e2y d\u00e0i h\u01a1n, khung ch\u1eef X (V-Pro).<\/span><\/li>\n<li data-hveid=\"CAMQDQ\" data-processed=\"true\"><span class=\"T286Pc\" data-sfc-cp=\"\" data-processed=\"true\">Thanh ngang b\u1eb1ng h\u1ee3p kim nh\u00f4m.<\/span><\/li>\n<\/ul>\n<\/li>\n<li data-hveid=\"CAMQDg\" data-processed=\"true\"><span class=\"T286Pc\" data-sfc-cp=\"\" data-processed=\"true\"><strong class=\"Yjhzub\" data-processed=\"true\">B\u1ea3ng c\u1ed9ng h\u01b0\u1edfng (Soundboard):<\/strong>\u00a0G\u1ed7 v\u00e2n Sam (Spruce) r\u1eafn ch\u1eafc, nguy\u00ean t\u1ea5m.<\/span><\/li>\n<li data-hveid=\"CAMQDw\" data-processed=\"true\"><span class=\"T286Pc\" data-sfc-cp=\"\" data-processed=\"true\"><strong class=\"Yjhzub\" data-processed=\"true\">Ng\u1ef1a \u0111\u00e0n:<\/strong>\u00a0G\u1ed7 Maple r\u1eafn ch\u1eafc.<\/span><\/li>\n<li data-hveid=\"CAMQEA\" data-processed=\"true\"><span class=\"T286Pc\" data-sfc-cp=\"\" data-processed=\"true\"><strong class=\"Yjhzub\" data-processed=\"true\">N\u1ec9 b\u00faa \u0111\u00e0n:<\/strong>\u00a0N\u1ec9 l\u00f4ng c\u1eebu cao c\u1ea5p, \u00e9p ch\u1eb7t, c\u00f3 T-fasteners.<\/span><\/li>\n<li data-hveid=\"CAMQEQ\" data-processed=\"true\"><span class=\"T286Pc\" data-sfc-cp=\"\" data-processed=\"true\"><strong class=\"Yjhzub\" data-processed=\"true\">Pedals:<\/strong>\u00a03 pedal: Soft (Una Corda), Sostenuto (gi\u1eefa), Damper (Sustain).<\/span><\/li>\n<li data-hveid=\"CAMQEg\" data-processed=\"true\"><span class=\"T286Pc\" data-sfc-cp=\"\" data-processed=\"true\"><strong class=\"Yjhzub\" data-processed=\"true\">Khung \u0111\u00e0n (Frame):<\/strong>\u00a0Thi\u1ebft k\u1ebf V-Pro (khung ch\u1eef X).<\/span><\/li>\n<li data-hveid=\"CAMQEw\" data-processed=\"true\"><span class=\"T286Pc\" data-sfc-cp=\"\" data-processed=\"true\"><strong class=\"Yjhzub\" data-processed=\"true\">\u0110\u1eb7c \u0111i\u1ec3m kh\u00e1c:<\/strong>\u00a0B\u00e1nh xe b\u1eb1ng \u0111\u1ed3ng thau, n\u1eafp \u0111\u00e0n c\u00f3 thi\u1ebft k\u1ebf tho\u00e1t \u00e2m.<\/span><span class=\"uJ19be notranslate\" data-wiz-uids=\"HgIbXd_2f,HgIbXd_2g,HgIbXd_2h\" data-processed=\"true\"><span class=\"vKEkVd\" data-animation-atomic=\"\" data-wiz-attrbind=\"class=HgIbXd_2f\/TKHnVd;\" data-processed=\"true\">\u00a0<button class=\"rBl3me\" tabindex=\"0\" data-amic=\"true\" data-icl-uuid=\"f8550b7c-57c8-4ece-9de0-22d853f73689\" aria-label=\"Xem c\u00e1c \u0111\u01b0\u1eddng li\u00ean k\u1ebft c\u00f3 li\u00ean quan\" data-wiz-attrbind=\"disabled=HgIbXd_2f\/C5gNJc;class=HgIbXd_2f\/UpSNec;\" data-ved=\"2ahUKEwjPx-X_9dWRAxX5rlYBHbpvANkQye0OegQIAxAU\" data-processed=\"true\"><\/button><\/span><\/span><\/li>\n<\/ul>\n<div class=\"Fsg96\" data-sfc-cp=\"\" data-processed=\"true\"><\/div>\n<div class=\"otQkpb\" role=\"heading\" aria-level=\"3\" data-animation-nesting=\"\" data-sfc-cp=\"\" data-processed=\"true\">\u0110\u1eb7c \u0111i\u1ec3m n\u1ed5i b\u1eadt:<button class=\"rBl3me\" tabindex=\"0\" data-amic=\"true\" data-icl-uuid=\"dedc8f8a-4ece-4a41-bacd-7c48e8b18f69\" aria-label=\"Xem c\u00e1c \u0111\u01b0\u1eddng li\u00ean k\u1ebft c\u00f3 li\u00ean quan\" data-wiz-attrbind=\"disabled=HgIbXd_2q\/C5gNJc;class=HgIbXd_2q\/UpSNec;\" data-ved=\"2ahUKEwjPx-X_9dWRAxX5rlYBHbpvANkQye0OegQIBBAA\" data-processed=\"true\"><\/button><\/div>\n<ul class=\"KsbFXc U6u95\" data-processed=\"true\">\n<li data-hveid=\"CAYQAA\" data-processed=\"true\"><span class=\"T286Pc\" data-sfc-cp=\"\" data-processed=\"true\"><strong class=\"Yjhzub\" data-processed=\"true\">\u00c2m thanh:<\/strong>\u00a0M\u1ea1nh m\u1ebd, trong tr\u1ebbo, gi\u00e0u c\u1ea3m x\u00fac, t\u01b0\u01a1ng \u0111\u01b0\u01a1ng piano grand \u1edf m\u1ed9t s\u1ed1 kh\u00eda c\u1ea1nh.<\/span><\/li>\n<li data-hveid=\"CAYQAQ\" data-processed=\"true\"><span class=\"T286Pc\" data-sfc-cp=\"\" data-processed=\"true\"><strong class=\"Yjhzub\" data-processed=\"true\">C\u1ea3m gi\u00e1c ph\u00edm:<\/strong>\u00a0Nh\u1ea1y, l\u1ef1c \u0111\u00e1nh \u00eam v\u00e0 ch\u00ednh x\u00e1c, ph\u00f9 h\u1ee3p nhi\u1ec1u th\u1ec3 lo\u1ea1i.<\/span><\/li>\n<li data-hveid=\"CAYQAg\" data-processed=\"true\"><span class=\"T286Pc\" data-sfc-cp=\"\" data-processed=\"true\"><strong class=\"Yjhzub\" data-processed=\"true\">Ch\u1ea5t li\u1ec7u cao c\u1ea5p:<\/strong>\u00a0S\u1eed d\u1ee5ng v\u1eadt li\u1ec7u t\u1ed1t nh\u1ea5t c\u1ee7a Yamaha, t\u0103ng \u0111\u1ed9 b\u1ec1n v\u00e0 ch\u1ea5t l\u01b0\u1ee3ng \u00e2m thanh.<\/span><span class=\"uJ19be notranslate\" data-wiz-uids=\"HgIbXd_4q,HgIbXd_4r,HgIbXd_4s\" data-processed=\"true\"><span class=\"vKEkVd\" data-animation-atomic=\"\" data-wiz-attrbind=\"class=HgIbXd_4q\/TKHnVd;\" data-processed=\"true\">\u00a0<\/span><\/span><\/li>\n<\/ul>\n<div class=\"product-section\">\n<div class=\"row\">\n<div class=\"large-10 col pb-0 mb-0\">\n<div class=\"panel entry-content\">\n<div data-id=\"9ly1xDmkO1M\" data-query=\"\" data-src=\"https:\/\/www.youtube.com\/embed\/9ly1xDmkO1M\"><a href=\"https:\/\/www.facebook.com\/Anpiano.hanoi\" target=\"_blank\" rel=\"noopener\">T\u01b0 v\u1ea5n v\u00e0 ch\u1ecdn mua s\u1ea3n ph\u1ea9m kh\u00e1c t\u1ea1i \u0111\u00e2y<\/a><\/div>\n<div data-id=\"9ly1xDmkO1M\" data-query=\"\" data-src=\"https:\/\/www.youtube.com\/embed\/9ly1xDmkO1M\"><a href=\"http:\/\/thumuapiano.com\/\" target=\"_blank\" rel=\"noopener\">Ch\u00fang t\u00f4i nh\u1eadn thu mua Piano, h\u00e3y li\u00ean h\u1ec7 n\u1ebfu b\u1ea1n c\u00f3 nhu c\u1ea7u.<\/a><\/div>\n<\/div>\n<\/div>\n<\/div>\n<\/div>\n<div class=\"product-section\">\n<div class=\"row\">\n<div class=\"large-2 col pb-0 mb-0\"><\/div>\n<\/div>\n<\/div>\n","protected":false},"excerpt":{"rendered":"<ul>\n<li>\n<h1><strong><span style=\"font-size: 24pt;\">Qu\u00e0 T\u1eb7ng:<\/span><\/strong><\/h1>\n<ul>\n<li>B\u1ea3o h\u00e0nh 10 n\u0103m\u00a0<a href=\"https:\/\/anpiano.com\/chinh-sach-bao-hanh\/\">xem th\u00eam<\/a><\/li>\n<li>Gh\u1ebf<\/li>\n<li>Kh\u0103n ph\u1ee7 ph\u00edm<\/li>\n<li>Kh\u0103n ph\u1ee7 \u0111\u00e0n<\/li>\n<li>\u1ed0ng s\u1ea5y<\/li>\n<li>Freeship HCM &#8211; HN &#8211; \u0110N &#8211; NT &#8211; BMT<\/li>\n<li>Kh\u00f3a h\u1ecdc online<\/li>\n<\/ul>\n<\/li>\n<\/ul>\n","protected":false},"featured_media":14634,"comment_status":"open","ping_status":"closed","template":"","meta":[],"product_cat":[125,326],"product_tag":[142,283,406,140],"class_list":{"0":"post-4116","1":"product","2":"type-product","3":"status-publish","4":"has-post-thumbnail","6":"product_cat-piano-upright","7":"product_cat-yamaha-upright","8":"product_tag-piano","9":"product_tag-piano-co","10":"product_tag-ux30bl","11":"product_tag-yamaha","13":"first","14":"instock","15":"sale","16":"shipping-taxable","17":"purchasable","18":"product-type-simple"},"jetpack_sharing_enabled":true,"_links":{"self":[{"href":"https:\/\/anpiano.com\/index.php?rest_route=\/wp\/v2\/product\/4116"}],"collection":[{"href":"https:\/\/anpiano.com\/index.php?rest_route=\/wp\/v2\/product"}],"about":[{"href":"https:\/\/anpiano.com\/index.php?rest_route=\/wp\/v2\/types\/product"}],"replies":[{"embeddable":true,"href":"https:\/\/anpiano.com\/index.php?rest_route=%2Fwp%2Fv2%2Fcomments&post=4116"}],"version-history":[{"count":4,"href":"https:\/\/anpiano.com\/index.php?rest_route=\/wp\/v2\/product\/4116\/revisions"}],"predecessor-version":[{"id":14639,"href":"https:\/\/anpiano.com\/index.php?rest_route=\/wp\/v2\/product\/4116\/revisions\/14639"}],"wp:featuredmedia":[{"embeddable":true,"href":"https:\/\/anpiano.com\/index.php?rest_route=\/wp\/v2\/media\/14634"}],"wp:attachment":[{"href":"https:\/\/anpiano.com\/index.php?rest_route=%2Fwp%2Fv2%2Fmedia&parent=4116"}],"wp:term":[{"taxonomy":"product_cat","embeddable":true,"href":"https:\/\/anpiano.com\/index.php?rest_route=%2Fwp%2Fv2%2Fproduct_cat&post=4116"},{"taxonomy":"product_tag","embeddable":true,"href":"https:\/\/anpiano.com\/index.php?rest_route=%2Fwp%2Fv2%2Fproduct_tag&post=4116"}],"curies":[{"name":"wp","href":"https:\/\/api.w.org\/{rel}","templated":true}]}}