{"id":4272,"date":"2020-09-09T08:29:17","date_gmt":"2020-09-09T01:29:17","guid":{"rendered":"https:\/\/anpiano.com\/?post_type=product&#038;p=4272"},"modified":"2025-05-07T16:07:50","modified_gmt":"2025-05-07T09:07:50","slug":"yamaha-u3h-2","status":"publish","type":"product","link":"https:\/\/anpiano.com\/?product=yamaha-u3h-2","title":{"rendered":"Yamaha U3H"},"content":{"rendered":"<h2><span style=\"font-size: 18pt;\"><strong>\u0110\u00c0N PIANO C\u01a0 YAMAHA U3H<\/strong><\/span><\/h2>\n<ul>\n<li>\u0110\u00e0n piano c\u01a1 YAMAHA U3H l\u00e0 model \u0111\u1ea1i di\u1ec7n cho d\u00f2ng U Series, ngay t\u1eeb khi m\u1edbi ra \u0111\u1eddi cho \u0111\u1ebfn nay lo\u1ea1i \u0111\u00e0n n\u00e0y lu\u00f4n nh\u1eadn \u0111\u01b0\u1ee3c s\u1ef1 \u01b0u \u00e1i c\u1ee7a c\u00e1c nh\u1ea1c s\u1ef9 v\u00e0 ngh\u1ec7 s\u1ef9 \u0111\u00e0n d\u01b0\u01a1ng c\u1ea7m chuy\u00ean nghi\u1ec7p b\u1edfi k\u1ebft h\u1ee3p h\u00e0i h\u00f2a gi\u1eefa c\u1ed5 \u0111i\u1ec3n v\u00e0 hi\u1ec7n \u0111\u1ea1i, \u0111\u00e0n piano Yamaha U3H mang c\u00f3 th\u1ec3 ph\u00e1t ra nh\u1eefng giai \u0111i\u1ec7u v\u00f4 c\u00f9ng \u1ea5m \u00e1p.<\/li>\n<\/ul>\n<p><img fetchpriority=\"high\" decoding=\"async\" class=\"alignnone\" src=\"https:\/\/www.shimamura.co.jp\/shop\/nagoyachaya\/wp-content\/uploads\/sites\/162\/2021\/01\/20210131-dd479455-2942-4854-a880-35267d8c642e.jpeg\" alt=\"Yamaha U3H\" width=\"3264\" height=\"2448\" \/><\/p>\n<p><span style=\"font-size: 14pt;\"><strong>C\u1ea3i ti\u1ebfn v\u1ec1 k\u1ef9 thu\u1eadt<\/strong><\/span><\/p>\n<ul>\n<li>C\u1ea3i ti\u1ebfn trong t\u1ea5t c\u1ea3 c\u00e1c y\u1ebfu t\u1ed1 c\u1ee7a s\u1ea3n xu\u1ea5t \u00e2m thanh \u0111\u00e3 cho \u0111\u00e0n piano Yamaha U3H ng\u00e0y nay m\u1ed9t ch\u1ea5t l\u01b0\u1ee3ng \u00e2m thanh phong ph\u00fa h\u01a1n,\u00e2m thanh c\u1ed9ng h\u01b0\u1edfng nhi\u1ec1u h\u01a1n v\u1edbi \u00e2m s\u1eafc c\u00e2n b\u1eb1ng tr\u00ean to\u00e0n b\u1ed9 b\u00e0n ph\u00edm.<\/li>\n<li>B\u1ed9 m\u00e1y\u00a0\u0111\u00e0n piano Yamaha U3H\u00a0thi\u1ebft k\u1ebf \u0111\u1eb7c tr\u01b0ng, chia l\u00e0m 4 khoang \u00e2m thanh r\u1ed9ng, mang \u0111\u1ebfn ch\u1ea5t \u00e2m vang v\u00e0 th\u1ec3 hi\u1ec7n chi ti\u1ebft \u0111\u01b0\u1ee3c c\u1ea3 3 d\u1ea3i t\u1ea7n cho ng\u01b0\u1eddi ch\u01a1i \u0111\u00e0n. N\u00f3 cho ph\u00e9p s\u1ea3n ph\u1ea9m n\u00e0y th\u1ec3 hi\u1ec7n \u0111\u01b0\u1ee3c h\u1ebft s\u1eafc th\u00e1i v\u00e0 ph\u00f9 h\u1ee3p v\u1edbi nhi\u1ec1u th\u1ec3 lo\u1ea1i nh\u1ea1c kh\u00e1c nhau.Nh\u00e0 s\u1ea3n xu\u1ea5t Yamaha s\u1eed d\u1ee5ng ch\u1ea5t li\u1ec7u g\u1ed7 v\u00e2n sam \u0111\u1ec3 l\u00e0m b\u1ea3ng c\u1ed9ng h\u01b0\u1edfng cho c\u00e2y\u00a0<em>\u0111\u00e0n\u00a0piano c\u0169\u00a0Yamaha U3H<\/em>, v\u1edbi 3 tr\u1ee5 th\u1eb3ng \u0111\u1ee9ng t\u1ea1o th\u00eam s\u1ee9c m\u1ea1nh v\u00e0 \u0111\u1ed9 b\u1ec1n cho b\u1ea3ng c\u1ed9ng h\u01b0\u1edfng. C\u00f2n v\u1edbi b\u1ed9 khung b\u1eb1ng gang, \u0111\u1ed9 c\u1ed9ng h\u01b0\u1edfng v\u00e0 c\u1ea5u tr\u00fac c\u1ee7a c\u00e2y \u0111\u00e0n piano Yamaha U3H \u0111\u01b0\u1ee3c \u0111\u00e1nh gi\u00e1 l\u00e0 c\u1ef1c k\u1ef3 t\u1ed1t t\u1eeb th\u1eddi \u0111i\u1ec3m n\u00f3 s\u1ea3n xu\u1ea5t cho \u0111\u1ebfn nay.<\/li>\n<li>Ph\u00edm \u0111\u00e0n c\u1ee7a c\u00e1c d\u00f2ng Yamaha U3H \u0111\u1ed3ng lo\u1ea1t \u0111\u01b0\u1ee3c l\u00e0m t\u1eeb Phenolic Resin (nh\u1ef1a Phenol) c\u00f3 \u0111\u1ed9 b\u1ec1n cao, c\u00f3 kh\u1ea3 n\u0103ng ch\u1ed1ng m\u00e0i m\u00f2n c\u1ef1c k\u00ec t\u1ed1t. V\u00ec v\u1eady, ph\u00edm \u0111\u00e0n c\u1ee7a upright piano yamaha u3h serial c\u00f3 tu\u1ed5i th\u1ecd cao h\u01a1n nh\u1eefng ph\u00edm \u0111\u00e0n t\u1eeb c\u00e1c ch\u1ea5t li\u1ec7u \u0111\u00e3 l\u00e0m tr\u01b0\u1edbc \u0111\u00f3. Ph\u00edm \u0111\u00e0n c\u00f3 s\u1ef1 \u0111\u00e0n h\u1ed3i t\u1ed1t, kh\u00f4ng c\u1ee9ng nh\u1eafc nh\u01b0 c\u00e1c Model kh\u00e1c n\u00ean U3H mang \u0111\u1ebfn c\u1ea3m gi\u00e1c l\u01b0\u1edbt ph\u00edm m\u01b0\u1ee3t m\u00e0 h\u01a1n.<\/li>\n<\/ul>\n<p><span style=\"font-size: 14pt;\"><strong>Soundboard v\u00e0 Frame<\/strong><\/span><\/p>\n<ul>\n<li>C\u1ea5u h\u00ecnh x\u01b0\u01a1ng s\u01b0\u1eddn \u0111\u1eb7c bi\u1ec7t v\u1edbi ba tr\u1ee5 th\u1eb3ng \u0111\u1ee9ng \u0111\u01b0\u1ee3c l\u00e0m b\u1eb1ng g\u1ed7 v\u00e2n sam \u0111\u01b0\u1ee3c nh\u1eadp t\u1eeb c\u00e1c ngu\u1ed3n nguy\u00ean li\u1ec7u ch\u1ea5t l\u01b0\u1ee3ng t\u1eeb B\u1eafc M\u1ef9 v\u00e0 tr\u1ea3i qua qu\u00e1 tr\u00ecnh x\u1eed l\u00fd b\u1eb1ng c\u00e1c k\u1ef9 thu\u1eadt ri\u00eang c\u1ee7a Yamaha \u0111\u00e3 t\u1ea1o th\u00eam s\u1ee9c m\u1ea1nh v\u00e0 \u0111\u1ed9 b\u1ec1n cho b\u1ea3ng c\u1ed9ng h\u01b0\u1edfng (soundboard). B\u1ea3ng c\u1ed9ng h\u01b0\u1edfng l\u00e0 b\u1ed9 ph\u1eadn quan tr\u1ecdng nh\u1ea5t c\u1ee7a m\u1ed9t c\u00e2y \u0111\u00e0n n\u00f3 \u1ea3nh h\u01b0\u1edfng \u0111\u1ebfn ch\u1ea5t l\u01b0\u1ee3ng \u00e2m thanh, t\u1ea1o ra \u0111\u1ed9 ng\u00e2n, \u0111\u1ed9 \u1ea5m c\u1ee7a m\u1ed9t \u00e2m thanh ti\u00eau chu\u1ea9n.<\/li>\n<\/ul>\n<p><span style=\"font-size: 14pt;\"><strong>B\u00faa \u0111\u00e0n<\/strong><\/span><\/p>\n<ul>\n<li>Piano Yamaha U3H c\u00f3 b\u00faa \u0111\u00e0n s\u1eed d\u1ee5ng v\u1eadt li\u1ec7u l\u00e0 l\u00f4ng c\u1eebu t\u1ef1 nhi\u00ean 100%, \u0111\u00e2y l\u00e0 lo\u1ea1i v\u1eadt li\u1ec7u t\u1ed1t nh\u1ea5t \u0111\u1ec3 t\u1ea1o ra \u00e2m thanh ch\u1eafc v\u00e0 d\u1ea7y \u0111\u1eb7c tr\u01b0ng c\u1ee7a d\u00f2ng U3H, ngo\u00e0i ra l\u00f4ng c\u1eebu r\u1ea5t b\u1ec1n, t\u1ea1o ra hi\u1ec7u qu\u1ea3 s\u1eed d\u1ee5ng l\u00e2u d\u00e0i l\u00ean \u0111\u1ebfn 100 n\u0103m.<\/li>\n<\/ul>\n<p><span style=\"font-size: 14pt;\"><strong>B\u1ed9 c\u01a1 (Action)<\/strong><\/span><\/p>\n<ul>\n<li>B\u1ed9 m\u00e1y \u0111\u00e0n piano Yamaha U3H \u0111\u01b0\u1ee3c chia l\u00e0m 4 khoang, khoang \u00e2m thanh r\u1ed9ng \u0111em l\u1ea1i cho ng\u01b0\u1eddi d\u00f9ng \u00e2m thanh \u0111\u00fang chu\u1ea9n c\u1ee7a Piano Yamaha, \u0111\u1ed3ng th\u1eddi n\u00f3 c\u00f2n t\u1ea1o ra nhi\u1ec1u s\u1eafc th\u00e1i \u00e2m nh\u1ea1c ph\u00f9 h\u1ee3p v\u1edbi nhi\u1ec1u th\u1ec3 lo\u1ea1i nh\u1ea1c kh\u00e1c nhau.<\/li>\n<\/ul>\n<p><strong>Th\u00f4ng s\u1ed1 k\u0129 thu\u1eadt<\/strong><\/p>\n<p>K\u00edch th\u01b0\u1edbc : (W)154cm x (H)131cm x (S)65cm<\/p>\n<p>Tr\u1ecdng l\u01b0\u1ee3ng : 265 kg<\/p>\n<p><a href=\"https:\/\/www.facebook.com\/Anpiano.hanoi\" target=\"_blank\" rel=\"noopener\">T\u01b0 v\u1ea5n v\u00e0 ch\u1ecdn mua s\u1ea3n\u00a0ph\u1ea9m kh\u00e1c t\u1ea1i \u0111\u00e2y<\/a><\/p>\n<p><a href=\"http:\/\/thumuapiano.com\/\" target=\"_blank\" rel=\"noopener\">Ch\u00fang t\u00f4i nh\u1eadn thu mua Piano, h\u00e3y li\u00ean h\u1ec7 n\u1ebfu b\u1ea1n c\u00f3 nhu c\u1ea7u.<\/a><\/p>\n","protected":false},"excerpt":{"rendered":"<ul>\n<li>B\u1ea3o h\u00e0nh 5 n\u0103m <a href=\"https:\/\/anpiano.com\/chinh-sach-bao-hanh\/\">xem th\u00eam<\/a><\/li>\n<li>Gh\u1ebf<\/li>\n<li>Kh\u0103n ph\u1ee7 ph\u00edm<\/li>\n<li>Kh\u0103n ph\u1ee7 \u0111\u00e0n<\/li>\n<li>\u1ed0ng s\u1ea5y<\/li>\n<li>Freeship HCM &#8211; HN &#8211; \u0110N &#8211; NT &#8211; BMT<\/li>\n<li>Kh\u00f3a h\u1ecdc online<\/li>\n<li>Mi\u1ec5n ph\u00ed qu\u1eb9t th\u1ebb t\u00edn d\u1ee5ng<\/li>\n<\/ul>\n<p>\u0110\u00e0n piano c\u01a1 YAMAHA U3H l\u00e0 model \u0111\u1ea1i di\u1ec7n cho d\u00f2ng U Series, ngay t\u1eeb khi m\u1edbi ra \u0111\u1eddi cho \u0111\u1ebfn nay lo\u1ea1i \u0111\u00e0n n\u00e0y lu\u00f4n nh\u1eadn \u0111\u01b0\u1ee3c s\u1ef1 \u01b0u \u00e1i c\u1ee7a c\u00e1c nh\u1ea1c s\u1ef9 v\u00e0 ngh\u1ec7 s\u1ef9 \u0111\u00e0n d\u01b0\u01a1ng c\u1ea7m chuy\u00ean nghi\u1ec7p b\u1edfi k\u1ebft h\u1ee3p h\u00e0i h\u00f2a gi\u1eefa c\u1ed5 \u0111i\u1ec3n v\u00e0 hi\u1ec7n \u0111\u1ea1i, \u0111\u00e0n piano Yamaha U3H mang c\u00f3 th\u1ec3 ph\u00e1t ra nh\u1eefng giai \u0111i\u1ec7u v\u00f4 c\u00f9ng \u1ea5m \u00e1p.<\/p>\n<p>&nbsp;<\/p>\n","protected":false},"featured_media":8716,"comment_status":"open","ping_status":"closed","template":"","meta":[],"product_cat":[125,326],"product_tag":[142,283,287,140,40],"class_list":{"0":"post-4272","1":"product","2":"type-product","3":"status-publish","4":"has-post-thumbnail","6":"product_cat-piano-upright","7":"product_cat-yamaha-upright","8":"product_tag-piano","9":"product_tag-piano-co","10":"product_tag-u3h","11":"product_tag-yamaha","12":"product_tag-yamaha-u3h","14":"first","15":"instock","16":"sale","17":"shipping-taxable","18":"purchasable","19":"product-type-simple"},"jetpack_sharing_enabled":true,"_links":{"self":[{"href":"https:\/\/anpiano.com\/index.php?rest_route=\/wp\/v2\/product\/4272"}],"collection":[{"href":"https:\/\/anpiano.com\/index.php?rest_route=\/wp\/v2\/product"}],"about":[{"href":"https:\/\/anpiano.com\/index.php?rest_route=\/wp\/v2\/types\/product"}],"replies":[{"embeddable":true,"href":"https:\/\/anpiano.com\/index.php?rest_route=%2Fwp%2Fv2%2Fcomments&post=4272"}],"version-history":[{"count":3,"href":"https:\/\/anpiano.com\/index.php?rest_route=\/wp\/v2\/product\/4272\/revisions"}],"predecessor-version":[{"id":13654,"href":"https:\/\/anpiano.com\/index.php?rest_route=\/wp\/v2\/product\/4272\/revisions\/13654"}],"wp:featuredmedia":[{"embeddable":true,"href":"https:\/\/anpiano.com\/index.php?rest_route=\/wp\/v2\/media\/8716"}],"wp:attachment":[{"href":"https:\/\/anpiano.com\/index.php?rest_route=%2Fwp%2Fv2%2Fmedia&parent=4272"}],"wp:term":[{"taxonomy":"product_cat","embeddable":true,"href":"https:\/\/anpiano.com\/index.php?rest_route=%2Fwp%2Fv2%2Fproduct_cat&post=4272"},{"taxonomy":"product_tag","embeddable":true,"href":"https:\/\/anpiano.com\/index.php?rest_route=%2Fwp%2Fv2%2Fproduct_tag&post=4272"}],"curies":[{"name":"wp","href":"https:\/\/api.w.org\/{rel}","templated":true}]}}