{"id":4523,"date":"2020-10-02T10:16:38","date_gmt":"2020-10-02T03:16:38","guid":{"rendered":"https:\/\/anpiano.com\/?post_type=product&#038;p=4523"},"modified":"2025-10-02T16:57:23","modified_gmt":"2025-10-02T09:57:23","slug":"yamaha-c7","status":"publish","type":"product","link":"https:\/\/anpiano.com\/?product=yamaha-c7","title":{"rendered":"YAMAHA C7"},"content":{"rendered":"<h4><span style=\"font-size: 18pt;\"><strong>\u0110\u00c0N PIANO YAMAHA C7(B)<\/strong><\/span><\/h4>\n<ul>\n<li>\u0110\u00e0n Piano Yamaha C7b thu\u1ed9c ph\u00e2n kh\u00fac (Music Room Grand)<strong>:\u00a0<\/strong>Music Room Grand l\u00e0 s\u1ef1 l\u1ef1a ch\u1ecdn h\u00e0ng \u0111\u1ea7u c\u1ee7a c\u00e1c h\u00e3ng ghi \u00e2m v\u00e0 trung t\u00e2m \u00e2m nh\u1ea1c. Chi\u1ec1u d\u00e0i \u0111\u00e0n dao \u0111\u1ed9ng trong kho\u1ea3ng t\u1eeb 215 cm \u0111\u1ebfn 227cm . M\u1ed9t trong nh\u1eefng l\u1ee3i th\u1ebf l\u1edbn nh\u1ea5t c\u1ee7a Music Room Grand l\u00e0 \u0111\u1ed9 d\u00e0i kho\u00e1. \u0110\u1ed9 d\u00e0i kho\u00e1 c\u1ee7a m\u1ed9t c\u00e2y \u0111\u00e0n Music Room Grand l\u00e0 t\u1eeb 21 &#8220;\u0111\u1ebfn 22&#8221;, \u0111\u1eb7c \u0111i\u1ec3m n\u00e0y cho ph\u00e9p ng\u01b0\u1eddi ch\u01a1i ki\u1ec3m so\u00e1t \u00e2m thanh t\u1ed1t h\u01a1n.<\/li>\n<li>H\u01b0\u1edfng l\u1ee3i t\u1eeb c\u00e1c c\u1ea3i ti\u1ebfn c\u1ea3 v\u1ec1 ki\u1ec3m so\u00e1t \u1ea5n t\u01b0\u1ee3ng v\u00e0 giao h\u01b0\u1edfng, \u0111\u00e0n C series grand l\u00e0 s\u1ea3n ph\u1ea9m cam k\u1ebft c\u1ee7a Yamaha \u0111\u1ebfn t\u1eebng chi ti\u1ebft. V\u1edbi m\u1ed9t lo\u1ea1t c\u00e1c model r\u1ed9ng c\u00f3 s\u1eb5n, d\u00f2ng C series c\u00f3 th\u1ec3 \u0111\u00e1p \u1ee9ng c\u00e1c y\u00eau c\u1ea7u c\u1ee7a h\u1ea7u h\u1ebft nh\u1eefng ng\u01b0\u1eddi ch\u01a1i \u0111\u00e0n piano.<\/li>\n<\/ul>\n<p><img fetchpriority=\"high\" decoding=\"async\" class=\"wp-image-4528 size-full aligncenter\" src=\"https:\/\/anpiano.com\/wp-content\/uploads\/2020\/10\/yamaha-c7-5.jpg\" alt=\"\" width=\"480\" height=\"480\" srcset=\"https:\/\/anpiano.com\/wp-content\/uploads\/2020\/10\/yamaha-c7-5.jpg 480w, https:\/\/anpiano.com\/wp-content\/uploads\/2020\/10\/yamaha-c7-5-100x100.jpg 100w, https:\/\/anpiano.com\/wp-content\/uploads\/2020\/10\/yamaha-c7-5-300x300.jpg 300w, https:\/\/anpiano.com\/wp-content\/uploads\/2020\/10\/yamaha-c7-5-150x150.jpg 150w, https:\/\/anpiano.com\/wp-content\/uploads\/2020\/10\/yamaha-c7-5-160x160.jpg 160w, https:\/\/anpiano.com\/wp-content\/uploads\/2020\/10\/yamaha-c7-5-45x45.jpg 45w, https:\/\/anpiano.com\/wp-content\/uploads\/2020\/10\/yamaha-c7-5-64x64.jpg 64w\" sizes=\"(max-width: 480px) 100vw, 480px\" \/><\/p>\n<ul>\n<li>N\u00e9t s\u1eafc v\u1ec1 \u00e2m gi\u1ecdng v\u00e0 duy tr\u00ec \u0111\u1ed9 d\u1ecbu \u00e2m c\u1ee7a\u00a0Piano Yamaha C7B\u00a0l\u00e0 c\u1ea3m h\u1ee9ng cho s\u1ef1 t\u01b0\u1edfng t\u01b0\u1ee3ng c\u1ee7a nh\u1eefng ng\u01b0\u1eddi ch\u01a1i \u0111\u00e0n.<\/li>\n<li>Cam k\u1ebft c\u1ee7a Yamaha \u0111\u1ed1i v\u1edbi s\u1ef1 \u0111\u00e1nh gi\u00e1 l\u1ea1i li\u00ean t\u1ee5c vi\u1ec7c x\u1eed l\u00fd t\u1ea1o ra \u00e2m thanh c\u1ed1t l\u00f5i \u0111\u00e3 l\u00e0m cho c\u00e1c \u0111\u00e0n grand piano d\u00f2ng C series tr\u1edf th\u00e0nh lo\u1ea1i \u0111\u00e0n grand piano b\u00e1n ch\u1ea1y nh\u1ea5t th\u1ebf gi\u1edbi. Quy tr\u00ecnh \u0111i\u1ec1u ch\u1ec9nh theo y\u00eau c\u1ea7u k\u1ef9 thu\u1eadt &#8211; \u0111i\u1ec1u quan tr\u1ecdng \u0111\u1ed1i v\u1edbi c\u00e1c gi\u1ecdng cao c\u1ee7a grand piano \u0111\u01b0\u1ee3c nh\u1ea5n m\u1ea1nh \u0111\u1eb7c bi\u1ec7t trong nh\u1ea1c c\u1ee5 n\u00e0y. Nhi\u1ec1u th\u1eddi gian \u0111\u01b0\u1ee3c b\u1ecf ra \u0111\u1ec3 h\u00f2an h\u1ea3o b\u00faa \u0111\u00e0n, d\u00e2y \u0111\u00e0n v\u00e0 s\u1ef1 c\u00e2n b\u1eb1ng c\u01a1 c\u1ea5u vang \u00e2m, v\u1edbi m\u1ee5c ti\u00eau cu\u1ed1i c\u00f9ng l\u00e0 th\u1ef1c hi\u1ec7n m\u1ed7i v\u00e0 t\u1eebng chi ti\u1ebft trung th\u00e0nh v\u1edbi \u00fd \u0111\u1ecbnh c\u1ee7a ng\u01b0\u1eddi ch\u01a1i piano.<\/li>\n<\/ul>\n<p><img decoding=\"async\" class=\"wp-image-4525 size-full aligncenter\" src=\"https:\/\/anpiano.com\/wp-content\/uploads\/2020\/10\/yamaha-c7-1.jpg\" alt=\"\" width=\"480\" height=\"480\" srcset=\"https:\/\/anpiano.com\/wp-content\/uploads\/2020\/10\/yamaha-c7-1.jpg 480w, https:\/\/anpiano.com\/wp-content\/uploads\/2020\/10\/yamaha-c7-1-100x100.jpg 100w, https:\/\/anpiano.com\/wp-content\/uploads\/2020\/10\/yamaha-c7-1-300x300.jpg 300w, https:\/\/anpiano.com\/wp-content\/uploads\/2020\/10\/yamaha-c7-1-150x150.jpg 150w, https:\/\/anpiano.com\/wp-content\/uploads\/2020\/10\/yamaha-c7-1-160x160.jpg 160w, https:\/\/anpiano.com\/wp-content\/uploads\/2020\/10\/yamaha-c7-1-45x45.jpg 45w, https:\/\/anpiano.com\/wp-content\/uploads\/2020\/10\/yamaha-c7-1-64x64.jpg 64w\" sizes=\"(max-width: 480px) 100vw, 480px\" \/><\/p>\n<ul>\n<li>\u0110\u00e0n Piano Grand Yamaha C7B c\u00f3 thi\u1ebft k\u1ebf m\u1ea1nh m\u1ebd \u0111\u1ebfn t\u1eebng chi ti\u1ebft, gi\u00e1 nh\u1ea1c \u0111\u01b0\u1ee3c thi\u1ebft k\u1ebf l\u1ea1i u\u1ed1n l\u01b0\u1ee3n v\u00e0 m\u1ec1m m\u1ea1i h\u01a1n c\u00e1c model tr\u01b0\u1edbc \u0111\u00f3.<\/li>\n<li>\u0110\u00e0n Piano Yamaha C7B c\u00f3 c\u00e1c ph\u00edm nh\u1ea1c m\u00e0u tr\u1eafng \u0111\u01b0\u1ee3c ch\u1ebf t\u1ea1o \u0111\u1eb7c bi\u1ec7t t\u1eeb ng\u00e0 voi b\u00ean c\u1ea1nh nh\u1eefng ph\u00edm \u0111en l\u00e0m b\u1eb1ng g\u1ed7 mun \u0111\u01b0\u1ee3c l\u00e0m t\u1eeb ch\u1ea5t li\u1ec7u g\u1ed7 t\u1ed5ng h\u1ee3p s\u1ebd \u0111em \u0111\u1ebfn c\u1ea3m gi\u00e1c v\u00f4 c\u00f9ng t\u1ef1 nhi\u00ean t\u1edbi t\u1eebng ng\u00f3n tay.<\/li>\n<li>\u0110\u00e0n Piano Yamaha C7 c\u00f3 m\u00e0u s\u01a1n l\u00e0 s\u1ef1 \u0103n kh\u1edbp gi\u1eefa m\u00e0u Lavishly c\u1ee7a khung v\u00e0 m\u1eb7t \u0111\u00e0n l\u00e0m to\u00e1t l\u00ean v\u1ebb sang tr\u1ecdng c\u1ee7a m\u1ed9t c\u00e2y \u0111\u00e0n piano qu\u00fd t\u1ed9c cao c\u1ea5p.<\/li>\n<\/ul>\n<p><img decoding=\"async\" class=\"wp-image-4527 size-full aligncenter\" src=\"https:\/\/anpiano.com\/wp-content\/uploads\/2020\/10\/yamaha-c7-3.jpg\" alt=\"\" width=\"480\" height=\"480\" srcset=\"https:\/\/anpiano.com\/wp-content\/uploads\/2020\/10\/yamaha-c7-3.jpg 480w, https:\/\/anpiano.com\/wp-content\/uploads\/2020\/10\/yamaha-c7-3-100x100.jpg 100w, https:\/\/anpiano.com\/wp-content\/uploads\/2020\/10\/yamaha-c7-3-300x300.jpg 300w, https:\/\/anpiano.com\/wp-content\/uploads\/2020\/10\/yamaha-c7-3-150x150.jpg 150w, https:\/\/anpiano.com\/wp-content\/uploads\/2020\/10\/yamaha-c7-3-160x160.jpg 160w, https:\/\/anpiano.com\/wp-content\/uploads\/2020\/10\/yamaha-c7-3-45x45.jpg 45w, https:\/\/anpiano.com\/wp-content\/uploads\/2020\/10\/yamaha-c7-3-64x64.jpg 64w\" sizes=\"(max-width: 480px) 100vw, 480px\" \/><\/p>\n<p><strong>Th\u00f4ng s\u1ed1 k\u0129 thu\u1eadt<\/strong><\/p>\n<p>K\u00edch th\u01b0\u1edbc : (W)223cm x (H)151cm x (S)101cm<\/p>\n<p>Tr\u1ecdng l\u01b0\u1ee3ng : 428 kg<\/p>\n<div class=\"product-section\">\n<div class=\"row\">\n<div class=\"large-10 col pb-0 mb-0\">\n<div class=\"panel entry-content\">\n<div data-id=\"9ly1xDmkO1M\" data-query=\"\" data-src=\"https:\/\/www.youtube.com\/embed\/9ly1xDmkO1M\"><a href=\"https:\/\/www.facebook.com\/Anpiano.hanoi\" target=\"_blank\" rel=\"noopener\">T\u01b0 v\u1ea5n v\u00e0 ch\u1ecdn mua s\u1ea3n ph\u1ea9m kh\u00e1c t\u1ea1i \u0111\u00e2y<\/a><\/div>\n<div data-id=\"9ly1xDmkO1M\" data-query=\"\" data-src=\"https:\/\/www.youtube.com\/embed\/9ly1xDmkO1M\"><a href=\"http:\/\/thumuapiano.com\/\" target=\"_blank\" rel=\"noopener\">Ch\u00fang t\u00f4i nh\u1eadn thu mua Piano, h\u00e3y li\u00ean h\u1ec7 n\u1ebfu b\u1ea1n c\u00f3 nhu c\u1ea7u.<\/a><\/div>\n<\/div>\n<\/div>\n<\/div>\n<\/div>\n<div class=\"product-section\">\n<div class=\"row\">\n<div class=\"large-2 col pb-0 mb-0\"><\/div>\n<\/div>\n<\/div>\n","protected":false},"excerpt":{"rendered":"<ul>\n<li>B\u1ea3o h\u00e0nh 10 n\u0103m\u00a0<a href=\"https:\/\/anpiano.com\/chinh-sach-bao-hanh\/\">xem th\u00eam<\/a><\/li>\n<li>Gh\u1ebf<\/li>\n<li>Kh\u0103n ph\u1ee7 ph\u00edm<\/li>\n<li>Kh\u0103n ph\u1ee7 \u0111\u00e0n<\/li>\n<li>\u1ed0ng s\u1ea5y<\/li>\n<li>Freeship HCM &#8211; HN &#8211; \u0110N &#8211; NT &#8211; BMT<\/li>\n<li>Kh\u00f3a h\u1ecdc online<\/li>\n<\/ul>\n","protected":false},"featured_media":5076,"comment_status":"open","ping_status":"closed","template":"","meta":[],"product_cat":[124,322],"product_tag":[447,142,446,140],"class_list":{"0":"post-4523","1":"product","2":"type-product","3":"status-publish","4":"has-post-thumbnail","6":"product_cat-piano-grand","7":"product_cat-yamaha-grand","8":"product_tag-c7","9":"product_tag-piano","10":"product_tag-pianogrand","11":"product_tag-yamaha","13":"first","14":"instock","15":"sale","16":"shipping-taxable","17":"purchasable","18":"product-type-simple"},"jetpack_sharing_enabled":true,"_links":{"self":[{"href":"https:\/\/anpiano.com\/index.php?rest_route=\/wp\/v2\/product\/4523"}],"collection":[{"href":"https:\/\/anpiano.com\/index.php?rest_route=\/wp\/v2\/product"}],"about":[{"href":"https:\/\/anpiano.com\/index.php?rest_route=\/wp\/v2\/types\/product"}],"replies":[{"embeddable":true,"href":"https:\/\/anpiano.com\/index.php?rest_route=%2Fwp%2Fv2%2Fcomments&post=4523"}],"version-history":[{"count":3,"href":"https:\/\/anpiano.com\/index.php?rest_route=\/wp\/v2\/product\/4523\/revisions"}],"predecessor-version":[{"id":14511,"href":"https:\/\/anpiano.com\/index.php?rest_route=\/wp\/v2\/product\/4523\/revisions\/14511"}],"wp:featuredmedia":[{"embeddable":true,"href":"https:\/\/anpiano.com\/index.php?rest_route=\/wp\/v2\/media\/5076"}],"wp:attachment":[{"href":"https:\/\/anpiano.com\/index.php?rest_route=%2Fwp%2Fv2%2Fmedia&parent=4523"}],"wp:term":[{"taxonomy":"product_cat","embeddable":true,"href":"https:\/\/anpiano.com\/index.php?rest_route=%2Fwp%2Fv2%2Fproduct_cat&post=4523"},{"taxonomy":"product_tag","embeddable":true,"href":"https:\/\/anpiano.com\/index.php?rest_route=%2Fwp%2Fv2%2Fproduct_tag&post=4523"}],"curies":[{"name":"wp","href":"https:\/\/api.w.org\/{rel}","templated":true}]}}