{"id":4639,"date":"2020-10-06T16:53:50","date_gmt":"2020-10-06T09:53:50","guid":{"rendered":"https:\/\/anpiano.com\/?post_type=product&#038;p=4639"},"modified":"2021-01-23T22:21:26","modified_gmt":"2021-01-23T15:21:26","slug":"ghe-nhat-nang-do-tham","status":"publish","type":"product","link":"https:\/\/anpiano.com\/?product=ghe-nhat-nang-do-tham","title":{"rendered":"GH\u1ebe NH\u1eacT N\u00c2NG &#8211; \u0110\u1ece TH\u1ea8M"},"content":{"rendered":"<p><span style=\"font-size: 18pt;\">Gh\u1ebf t\u1eb7ng k\u00e8m v\u00e0 b\u00e1n l\u1ebb<\/span><\/p>\n<ul>\n<li>K\u00edch th\u01b0\u1edbc : (W)57cm x (H)47,5cm x (S)34,5cm<\/li>\n<\/ul>\n<p><img fetchpriority=\"high\" decoding=\"async\" class=\"wp-image-4641 size-full aligncenter\" src=\"https:\/\/anpiano.com\/wp-content\/uploads\/2020\/10\/2.jpg\" alt=\"\" width=\"480\" height=\"480\" srcset=\"https:\/\/anpiano.com\/wp-content\/uploads\/2020\/10\/2.jpg 480w, https:\/\/anpiano.com\/wp-content\/uploads\/2020\/10\/2-100x100.jpg 100w, https:\/\/anpiano.com\/wp-content\/uploads\/2020\/10\/2-300x300.jpg 300w, https:\/\/anpiano.com\/wp-content\/uploads\/2020\/10\/2-150x150.jpg 150w, https:\/\/anpiano.com\/wp-content\/uploads\/2020\/10\/2-160x160.jpg 160w, https:\/\/anpiano.com\/wp-content\/uploads\/2020\/10\/2-45x45.jpg 45w, https:\/\/anpiano.com\/wp-content\/uploads\/2020\/10\/2-64x64.jpg 64w\" sizes=\"(max-width: 480px) 100vw, 480px\" \/><\/p>\n","protected":false},"excerpt":{"rendered":"<p><span style=\"font-size: 18pt;\">Gh\u1ebf t\u1eb7ng k\u00e8m v\u00e0 b\u00e1n l\u1ebb<\/span><\/p>\n<ul>\n<li>K\u00edch th\u01b0\u1edbc : (R)57cm x (H)47,5cm x (W)34,5cm<\/li>\n<\/ul>\n<p>&nbsp;<\/p>\n<p>&nbsp;<\/p>\n","protected":false},"featured_media":5242,"comment_status":"open","ping_status":"closed","template":"","meta":[],"product_cat":[290,127],"product_tag":[291],"class_list":{"0":"post-4639","1":"product","2":"type-product","3":"status-publish","4":"has-post-thumbnail","6":"product_cat-ghe","7":"product_cat-phu-kien","8":"product_tag-ghe","10":"first","11":"instock","12":"shipping-taxable","13":"purchasable","14":"product-type-simple"},"jetpack_sharing_enabled":true,"_links":{"self":[{"href":"https:\/\/anpiano.com\/index.php?rest_route=\/wp\/v2\/product\/4639"}],"collection":[{"href":"https:\/\/anpiano.com\/index.php?rest_route=\/wp\/v2\/product"}],"about":[{"href":"https:\/\/anpiano.com\/index.php?rest_route=\/wp\/v2\/types\/product"}],"replies":[{"embeddable":true,"href":"https:\/\/anpiano.com\/index.php?rest_route=%2Fwp%2Fv2%2Fcomments&post=4639"}],"version-history":[{"count":0,"href":"https:\/\/anpiano.com\/index.php?rest_route=\/wp\/v2\/product\/4639\/revisions"}],"wp:featuredmedia":[{"embeddable":true,"href":"https:\/\/anpiano.com\/index.php?rest_route=\/wp\/v2\/media\/5242"}],"wp:attachment":[{"href":"https:\/\/anpiano.com\/index.php?rest_route=%2Fwp%2Fv2%2Fmedia&parent=4639"}],"wp:term":[{"taxonomy":"product_cat","embeddable":true,"href":"https:\/\/anpiano.com\/index.php?rest_route=%2Fwp%2Fv2%2Fproduct_cat&post=4639"},{"taxonomy":"product_tag","embeddable":true,"href":"https:\/\/anpiano.com\/index.php?rest_route=%2Fwp%2Fv2%2Fproduct_tag&post=4639"}],"curies":[{"name":"wp","href":"https:\/\/api.w.org\/{rel}","templated":true}]}}