{"id":4791,"date":"2020-11-28T09:42:25","date_gmt":"2020-11-28T02:42:25","guid":{"rendered":"https:\/\/anpiano.com\/?post_type=product&#038;p=4791"},"modified":"2025-10-02T17:09:09","modified_gmt":"2025-10-02T10:09:09","slug":"primaone","status":"publish","type":"product","link":"https:\/\/anpiano.com\/?product=primaone","title":{"rendered":"PRIMATONE"},"content":{"rendered":"<h3><strong>\u0110\u00e0n piano c\u01a1 Primatone:<\/strong><\/h3>\n<ul>\n<li>\u0110\u00e0n piano c\u01a1<span class=\"s1\"> Primatone\u00a0c\u00f3 thi\u1ebft k\u1ebf ch\u1eafc ch\u1eafn sang tr\u1ecdng c\u1ea3m h\u1ee9ng t\u1eeb nh\u1eefng c\u00e2y \u0111\u00e0n piano Ch\u00e2u \u00c2u. S\u1edf \u00e2m thanh tr\u1ea7m \u1ea5m v\u00e0 r\u00f5 n\u00e9t kh\u00f4ng h\u1ec1 thua k\u00e9m c\u00e1c model U Series c\u1ee7a Yamaha.<\/span><\/li>\n<li>\u0110\u00e0n piano Primatone \u0111\u01b0\u1ee3c ch\u1ebf t\u00e1c tinh x\u1ea3o, ho\u00e0n to\u00e0n th\u1ee7 c\u00f4ng b\u1edfi nh\u1eefng ngh\u1ec7 nh\u00e2n Nh\u1eadt B\u1ea3n. K\u1ebft h\u1ee3p c\u00f9ng v\u1edbi ch\u1ea5t li\u1ec7u t\u1ed1t v\u00e0 \u00e1p d\u1ee5ng c\u00f4ng ngh\u1ec7 ti\u00ean ti\u1ebfn nh\u1ea5t \u0111\u1ec3 mang l\u1ea1i m\u1ed9t c\u00e2y \u0111\u00e0n v\u01b0\u1ee3t ngo\u00e0i mong \u0111\u1ee3i. Thi\u1ebft k\u1ebf \u0111\u1ed9c \u0111\u00e1o, ch\u1ea5t l\u01b0\u1ee3ng \u00e2m thanh v\u00e0 b\u00e0n ph\u00edm tuy\u1ec7t v\u1eddi l\u00e0 nh\u1eefng g\u00ec m\u00e0 kh\u00e1ch h\u00e0ng \u0111\u00e1nh gi\u00e1 v\u1ec1 nh\u01b0ng c\u00e2y \u0111\u00e0n mang th\u01b0\u01a1ng hi\u1ec7u Primatone.<\/li>\n<\/ul>\n<p><img fetchpriority=\"high\" decoding=\"async\" class=\"aligncenter wp-image-4794 size-full\" src=\"https:\/\/anpiano.com\/wp-content\/uploads\/2020\/11\/PRIMAONE-3.jpg\" alt=\"\" width=\"480\" height=\"480\" srcset=\"https:\/\/anpiano.com\/wp-content\/uploads\/2020\/11\/PRIMAONE-3.jpg 480w, https:\/\/anpiano.com\/wp-content\/uploads\/2020\/11\/PRIMAONE-3-100x100.jpg 100w, https:\/\/anpiano.com\/wp-content\/uploads\/2020\/11\/PRIMAONE-3-300x300.jpg 300w, https:\/\/anpiano.com\/wp-content\/uploads\/2020\/11\/PRIMAONE-3-150x150.jpg 150w, https:\/\/anpiano.com\/wp-content\/uploads\/2020\/11\/PRIMAONE-3-160x160.jpg 160w, https:\/\/anpiano.com\/wp-content\/uploads\/2020\/11\/PRIMAONE-3-45x45.jpg 45w, https:\/\/anpiano.com\/wp-content\/uploads\/2020\/11\/PRIMAONE-3-64x64.jpg 64w\" sizes=\"(max-width: 480px) 100vw, 480px\" \/><\/p>\n<ul>\n<li class=\"p2\"><span class=\"s1\">Primatone th\u00edch h\u1ee3p v\u1edbi m\u1ecdi kh\u00f4ng gian \u0111\u1eb7t \u0111\u00e0n, ph\u1ea7n v\u1ecf \u0111\u00e0n \u0111\u01b0\u1ee3c l\u00e0m b\u1eb1ng g\u1ed7 nguy\u00ean kh\u1ed1i v\u1edbi ki\u1ec3u d\u00e1ng ch\u00e2n th\u1eb3ng m\u1ea1nh m\u1ebd, m\u00e0u s\u01a1n tr\u1eafng tinh t\u1ebf t\u1ea1o c\u1ea3m gi\u00e1c trang tr\u1ecdng, qu\u00fd ph\u00e1i.<\/span><\/li>\n<li class=\"p2\"><span class=\"s1\">N\u1ebfu b\u1ea1n \u0111ang t\u00ecm ki\u1ebfm m\u1ed9t c\u00e2y \u0111\u00e0n c\u00f3 m\u1ee9c gi\u00e1 v\u1eeba ph\u1ea3i nh\u01b0ng c\u00f3 hi\u1ec7u n\u0103ng v\u01b0\u1ee3t tr\u1ed9i \u0111i k\u00e8m thi\u1ebft k\u1ebf b\u1eaft m\u1eaft, \u0111\u00e0n c\u01a1 Primatone s\u1ebd l\u00e0 l\u1ef1a ch\u1ecdn ho\u00e0n h\u1ea3o.<\/span><\/li>\n<\/ul>\n<p>&nbsp;<\/p>\n<p><img decoding=\"async\" class=\"aligncenter wp-image-4795 size-full\" src=\"https:\/\/anpiano.com\/wp-content\/uploads\/2020\/11\/PRIMAONE.jpg\" alt=\"\" width=\"480\" height=\"480\" srcset=\"https:\/\/anpiano.com\/wp-content\/uploads\/2020\/11\/PRIMAONE.jpg 480w, https:\/\/anpiano.com\/wp-content\/uploads\/2020\/11\/PRIMAONE-100x100.jpg 100w, https:\/\/anpiano.com\/wp-content\/uploads\/2020\/11\/PRIMAONE-300x300.jpg 300w, https:\/\/anpiano.com\/wp-content\/uploads\/2020\/11\/PRIMAONE-150x150.jpg 150w, https:\/\/anpiano.com\/wp-content\/uploads\/2020\/11\/PRIMAONE-160x160.jpg 160w, https:\/\/anpiano.com\/wp-content\/uploads\/2020\/11\/PRIMAONE-45x45.jpg 45w, https:\/\/anpiano.com\/wp-content\/uploads\/2020\/11\/PRIMAONE-64x64.jpg 64w\" sizes=\"(max-width: 480px) 100vw, 480px\" \/><\/p>\n<p><strong>Th\u00f4ng s\u1ed1 k\u0129 thu\u1eadt:<\/strong><\/p>\n<ul>\n<li>K\u00edch th\u01b0\u1edbc: (W)153cm x (H)127cm x (S)66cm<\/li>\n<li>Tr\u1ecdng l\u01b0\u1ee3ng: 228 Kg<\/li>\n<\/ul>\n<div data-id=\"9ly1xDmkO1M\" data-query=\"\" data-src=\"https:\/\/www.youtube.com\/embed\/9ly1xDmkO1M\"><a href=\"https:\/\/www.facebook.com\/anpiano.saigon\" target=\"_blank\" rel=\"noopener\">T\u01b0 v\u1ea5n v\u00e0 ch\u1ecdn mua s\u1ea3n ph\u1ea9m kh\u00e1c t\u1ea1i \u0111\u00e2y<\/a><\/div>\n<div data-id=\"9ly1xDmkO1M\" data-query=\"\" data-src=\"https:\/\/www.youtube.com\/embed\/9ly1xDmkO1M\"><a href=\"http:\/\/thumuapiano.com\/\" target=\"_blank\" rel=\"noopener\">Ch\u00fang t\u00f4i nh\u1eadn thu mua Piano, h\u00e3y li\u00ean h\u1ec7 n\u1ebfu b\u1ea1n c\u00f3 nhu c\u1ea7u.<\/a><\/div>\n","protected":false},"excerpt":{"rendered":"<ul>\n<li>\n<h1><strong><span style=\"font-size: 24pt;\">Qu\u00e0 T\u1eb7ng:<\/span><\/strong><\/h1>\n<ul>\n<li>B\u1ea3o h\u00e0nh 5 n\u0103m <a href=\"https:\/\/anpiano.com\/chinh-sach-bao-hanh\/\">xem th\u00eam<\/a><\/li>\n<li>Gh\u1ebf<\/li>\n<li>Kh\u0103n ph\u1ee7 ph\u00edm<\/li>\n<li>Kh\u0103n ph\u1ee7 \u0111\u00e0n<\/li>\n<li>\u1ed0ng s\u1ea5y<\/li>\n<li>Freeship HCM &#8211; HN &#8211; \u0110N &#8211; NT &#8211; BMT<\/li>\n<li>Kh\u00f3a h\u1ecdc online<\/li>\n<\/ul>\n<\/li>\n<\/ul>\n","protected":false},"featured_media":5083,"comment_status":"open","ping_status":"closed","template":"","meta":[],"product_cat":[325,125],"product_tag":[474,283,298,386],"class_list":{"0":"post-4791","1":"product","2":"type-product","3":"status-publish","4":"has-post-thumbnail","6":"product_cat-thuong-hieu-khac-piano-upright","7":"product_cat-piano-upright","8":"product_tag-an-piano","9":"product_tag-piano-co","10":"product_tag-piano-upright","11":"product_tag-primatone","13":"first","14":"outofstock","15":"sale","16":"shipping-taxable","17":"purchasable","18":"product-type-simple"},"jetpack_sharing_enabled":true,"_links":{"self":[{"href":"https:\/\/anpiano.com\/index.php?rest_route=\/wp\/v2\/product\/4791"}],"collection":[{"href":"https:\/\/anpiano.com\/index.php?rest_route=\/wp\/v2\/product"}],"about":[{"href":"https:\/\/anpiano.com\/index.php?rest_route=\/wp\/v2\/types\/product"}],"replies":[{"embeddable":true,"href":"https:\/\/anpiano.com\/index.php?rest_route=%2Fwp%2Fv2%2Fcomments&post=4791"}],"version-history":[{"count":3,"href":"https:\/\/anpiano.com\/index.php?rest_route=\/wp\/v2\/product\/4791\/revisions"}],"predecessor-version":[{"id":14532,"href":"https:\/\/anpiano.com\/index.php?rest_route=\/wp\/v2\/product\/4791\/revisions\/14532"}],"wp:featuredmedia":[{"embeddable":true,"href":"https:\/\/anpiano.com\/index.php?rest_route=\/wp\/v2\/media\/5083"}],"wp:attachment":[{"href":"https:\/\/anpiano.com\/index.php?rest_route=%2Fwp%2Fv2%2Fmedia&parent=4791"}],"wp:term":[{"taxonomy":"product_cat","embeddable":true,"href":"https:\/\/anpiano.com\/index.php?rest_route=%2Fwp%2Fv2%2Fproduct_cat&post=4791"},{"taxonomy":"product_tag","embeddable":true,"href":"https:\/\/anpiano.com\/index.php?rest_route=%2Fwp%2Fv2%2Fproduct_tag&post=4791"}],"curies":[{"name":"wp","href":"https:\/\/api.w.org\/{rel}","templated":true}]}}