{"id":5389,"date":"2020-12-17T09:16:07","date_gmt":"2020-12-17T02:16:07","guid":{"rendered":"https:\/\/anpiano.com\/?post_type=product&#038;p=5389"},"modified":"2025-10-02T17:06:49","modified_gmt":"2025-10-02T10:06:49","slug":"kawai-ku-1","status":"publish","type":"product","link":"https:\/\/anpiano.com\/?product=kawai-ku-1","title":{"rendered":"KAWAI KU-1"},"content":{"rendered":"<h4><strong>\u0110\u00e0n Pi<span class=\"s1\">ano c\u01a1 Kawai Ku-1:<\/span><\/strong><\/h4>\n<ul>\n<li class=\"p1\">\u0110\u00e0n pi<span class=\"s1\">ano c\u01a1 Kawai Ku-1 \u0111\u01b0\u1ee3c l\u00e0m th\u1ee7 c\u00f4ng v\u1edbi c\u00e1c k\u1ef9 n\u0103ng th\u00e0nh t\u1ea1o v\u00e0 t\u1ec9 m\u1ec9. C\u00e1c ngh\u1ec7 nh\u00e2n c\u1ee7a Kawai t\u1ea1o ra t\u1eebng nh\u1ea1c c\u1ee5 v\u1edbi c\u00e1c v\u1eadt li\u1ec7u t\u1ed1t nh\u1ea5t k\u1ebft h\u1ee3p h\u00e0i h\u00f2a gi\u1eefa c\u00f4ng ngh\u1ec7 ti\u00ean ti\u1ebfn v\u00e0 truy\u1ec1n th\u1ed1ng. Nh\u1eefng c\u00e2y \u0111\u00e0n ra \u0111\u1eddi th\u1ec3 hi\u1ec7n cho s\u1ef1 \u0111am m\u00ea s\u00e1ng ta\u1ecd c\u1ee7a ba th\u1ebf h\u1ec7 gia \u0111\u00ecnh Kawai \u0111\u1ebfn nay.<\/span><\/li>\n<\/ul>\n<p><img fetchpriority=\"high\" decoding=\"async\" class=\"aligncenter wp-image-5392 size-medium\" src=\"https:\/\/anpiano.com\/wp-content\/uploads\/2020\/12\/kawai-KU-12-300x300.jpg\" alt=\"\" width=\"300\" height=\"300\" srcset=\"https:\/\/anpiano.com\/wp-content\/uploads\/2020\/12\/kawai-KU-12-300x300.jpg 300w, https:\/\/anpiano.com\/wp-content\/uploads\/2020\/12\/kawai-KU-12-100x100.jpg 100w, https:\/\/anpiano.com\/wp-content\/uploads\/2020\/12\/kawai-KU-12-510x510.jpg 510w, https:\/\/anpiano.com\/wp-content\/uploads\/2020\/12\/kawai-KU-12-1024x1024.jpg 1024w, https:\/\/anpiano.com\/wp-content\/uploads\/2020\/12\/kawai-KU-12-150x150.jpg 150w, https:\/\/anpiano.com\/wp-content\/uploads\/2020\/12\/kawai-KU-12-768x768.jpg 768w, https:\/\/anpiano.com\/wp-content\/uploads\/2020\/12\/kawai-KU-12-1536x1536.jpg 1536w, https:\/\/anpiano.com\/wp-content\/uploads\/2020\/12\/kawai-KU-12-2048x2048.jpg 2048w\" sizes=\"(max-width: 300px) 100vw, 300px\" \/><\/p>\n<ul>\n<li class=\"p1\"><span class=\"s1\">Kawai KU-1 c\u00f3 \u00e2m thanh \u0111\u1ed9c \u0111\u00e1o v\u00e0 thi\u1ebft k\u1ebf \u1ea5n t\u01b0\u1ee3ng. \u0110\u01b0\u1ee3c s\u1ea3n xu\u1ea5t b\u1edfi c\u00f4ng ngh\u1ec7 hi\u1ec7n \u0111\u1ea1i k\u1ebft h\u1ee3p th\u1ee7 c\u00f4ng t\u1ea1o ra s\u1ef1 chu\u1ea9n x\u00e1c \u0111\u1ebfn t\u1eebng chi ti\u1ebft nh\u1ecf nh\u01b0 b\u1ea3ng c\u1ed9ng h\u01b0\u1edfng v\u00e2n sam, b\u00e0n ph\u00edm phenolic resin, d\u00e2y \u0111\u00e0n th\u00e9p c\u01b0\u1eddng \u0111\u1ed9 cao\u2026<\/span><\/li>\n<\/ul>\n<p><img decoding=\"async\" class=\"aligncenter wp-image-5393 size-medium\" src=\"https:\/\/anpiano.com\/wp-content\/uploads\/2020\/12\/kawai-KU-13-300x300.jpg\" alt=\"\" width=\"300\" height=\"300\" srcset=\"https:\/\/anpiano.com\/wp-content\/uploads\/2020\/12\/kawai-KU-13-300x300.jpg 300w, https:\/\/anpiano.com\/wp-content\/uploads\/2020\/12\/kawai-KU-13-100x100.jpg 100w, https:\/\/anpiano.com\/wp-content\/uploads\/2020\/12\/kawai-KU-13-510x510.jpg 510w, https:\/\/anpiano.com\/wp-content\/uploads\/2020\/12\/kawai-KU-13-1024x1024.jpg 1024w, https:\/\/anpiano.com\/wp-content\/uploads\/2020\/12\/kawai-KU-13-150x150.jpg 150w, https:\/\/anpiano.com\/wp-content\/uploads\/2020\/12\/kawai-KU-13-768x768.jpg 768w, https:\/\/anpiano.com\/wp-content\/uploads\/2020\/12\/kawai-KU-13-1536x1536.jpg 1536w, https:\/\/anpiano.com\/wp-content\/uploads\/2020\/12\/kawai-KU-13-2048x2048.jpg 2048w\" sizes=\"(max-width: 300px) 100vw, 300px\" \/><\/p>\n<ul>\n<li class=\"p1\"><span class=\"s1\">KU-1 v\u1edbi \u0111\u01b0\u1eddng n\u00e9t thanh l\u1ecbch tinh t\u1ebf l\u00e0m b\u1eb1ng g\u1ed7 nguy\u00ean kh\u1ed1i ch\u1eafc ch\u1eafn, phong c\u00e1ch thi\u1ebft k\u1ebf n\u1ed9i th\u1ea5t hi\u1ec7n \u0111\u1ea1i, t\u00f4n l\u00ean s\u1ef1 trang tr\u1ecdng cho ng\u00f4i nh\u00e0 c\u1ee7a b\u1ea1n.<\/span><\/li>\n<li class=\"p1\"><span class=\"s1\">Kawai KU-1 kh\u00f4ng ch\u1ec9 th\u00edch h\u1ee3p d\u00e0nh cho ng\u01b0\u1eddi m\u1edbi h\u1ecdc \u0111\u1ec3 luy\u1ec7n ng\u00f3n v\u00e0 l\u00e0m quen v\u1edbi \u0111\u00e0n m\u00e0 c\u0169ng d\u00e0nh cho nh\u1eefng ng\u01b0\u1eddi ch\u01a1i b\u00e1n chuy\u00ean nghi\u1ec7p, luy\u1ec7n t\u1eadp t\u1ea1i nh\u00e0 \u0111\u1ec3 ph\u00e1t tri\u1ec3n k\u0129 n\u0103ng.<\/span><\/li>\n<\/ul>\n<p><strong>Th\u00f4ng s\u1ed1 k\u0129 thu\u1eadt:<\/strong><\/p>\n<ul>\n<li>K\u00edch th\u01b0\u1edbc : (W)153cm x (H)122cm x (S) 66cm<\/li>\n<li>Tr\u1ecdng l\u01b0\u1ee3ng : 250 kg<\/li>\n<\/ul>\n<div data-id=\"9ly1xDmkO1M\" data-query=\"\" data-src=\"https:\/\/www.youtube.com\/embed\/9ly1xDmkO1M\"><a href=\"https:\/\/www.facebook.com\/anpiano.saigon\" target=\"_blank\" rel=\"noopener\">T\u01b0 v\u1ea5n v\u00e0 ch\u1ecdn mua s\u1ea3n ph\u1ea9m kh\u00e1c t\u1ea1i \u0111\u00e2y<\/a><\/div>\n<div data-id=\"9ly1xDmkO1M\" data-query=\"\" data-src=\"https:\/\/www.youtube.com\/embed\/9ly1xDmkO1M\"><a href=\"http:\/\/thumuapiano.com\/\" target=\"_blank\" rel=\"noopener\">Ch\u00fang t\u00f4i nh\u1eadn thu mua Piano, h\u00e3y li\u00ean h\u1ec7 n\u1ebfu b\u1ea1n c\u00f3 nhu c\u1ea7u.<\/a><\/div>\n","protected":false},"excerpt":{"rendered":"<ul>\n<li>\n<h1><strong><span style=\"font-size: 24pt;\">Qu\u00e0 T\u1eb7ng:<\/span><\/strong><\/h1>\n<ul>\n<li>B\u1ea3o h\u00e0nh 5 n\u0103m <a href=\"https:\/\/anpiano.com\/chinh-sach-bao-hanh\/\">xem th\u00eam<\/a><\/li>\n<li>Gh\u1ebf<\/li>\n<li>Kh\u0103n ph\u1ee7 ph\u00edm<\/li>\n<li>Kh\u0103n ph\u1ee7 \u0111\u00e0n<\/li>\n<li>\u1ed0ng s\u1ea5y<\/li>\n<li>Freeship HCM &#8211; HN &#8211; \u0110N &#8211; NT &#8211; BMT<\/li>\n<li>Kh\u00f3a h\u1ecdc online<\/li>\n<\/ul>\n<\/li>\n<\/ul>\n","protected":false},"featured_media":5390,"comment_status":"open","ping_status":"closed","template":"","meta":[],"product_cat":[125,327],"product_tag":[474,360,300,487,283],"class_list":{"0":"post-5389","1":"product","2":"type-product","3":"status-publish","4":"has-post-thumbnail","6":"product_cat-piano-upright","7":"product_cat-kawai-upright","8":"product_tag-an-piano","9":"product_tag-dan-piano","10":"product_tag-kawai","11":"product_tag-kawai-ku-1","12":"product_tag-piano-co","14":"first","15":"instock","16":"sale","17":"shipping-taxable","18":"purchasable","19":"product-type-simple"},"jetpack_sharing_enabled":true,"_links":{"self":[{"href":"https:\/\/anpiano.com\/index.php?rest_route=\/wp\/v2\/product\/5389"}],"collection":[{"href":"https:\/\/anpiano.com\/index.php?rest_route=\/wp\/v2\/product"}],"about":[{"href":"https:\/\/anpiano.com\/index.php?rest_route=\/wp\/v2\/types\/product"}],"replies":[{"embeddable":true,"href":"https:\/\/anpiano.com\/index.php?rest_route=%2Fwp%2Fv2%2Fcomments&post=5389"}],"version-history":[{"count":3,"href":"https:\/\/anpiano.com\/index.php?rest_route=\/wp\/v2\/product\/5389\/revisions"}],"predecessor-version":[{"id":14527,"href":"https:\/\/anpiano.com\/index.php?rest_route=\/wp\/v2\/product\/5389\/revisions\/14527"}],"wp:featuredmedia":[{"embeddable":true,"href":"https:\/\/anpiano.com\/index.php?rest_route=\/wp\/v2\/media\/5390"}],"wp:attachment":[{"href":"https:\/\/anpiano.com\/index.php?rest_route=%2Fwp%2Fv2%2Fmedia&parent=5389"}],"wp:term":[{"taxonomy":"product_cat","embeddable":true,"href":"https:\/\/anpiano.com\/index.php?rest_route=%2Fwp%2Fv2%2Fproduct_cat&post=5389"},{"taxonomy":"product_tag","embeddable":true,"href":"https:\/\/anpiano.com\/index.php?rest_route=%2Fwp%2Fv2%2Fproduct_tag&post=5389"}],"curies":[{"name":"wp","href":"https:\/\/api.w.org\/{rel}","templated":true}]}}