{"id":5396,"date":"2020-12-17T09:23:55","date_gmt":"2020-12-17T02:23:55","guid":{"rendered":"https:\/\/anpiano.com\/?post_type=product&#038;p=5396"},"modified":"2025-10-02T17:06:06","modified_gmt":"2025-10-02T10:06:06","slug":"laurie-ul2","status":"publish","type":"product","link":"https:\/\/anpiano.com\/?product=laurie-ul2","title":{"rendered":"LAURIE UL2"},"content":{"rendered":"<h4><strong>\u0110\u00e0n Piano c\u01a1 Laurie UL2:<\/strong><\/h4>\n<ul>\n<li>\u0110\u00e0n Piano Laurie UL2\u00a0l\u00e0 m\u1ed9t trong nh\u1eefng d\u00f2ng model n\u1ed5i ti\u1ebfng t\u1ea1i Nh\u1eadt B\u1ea3n. V\u1edbi thi\u1ebft k\u1ebf size cao 121cm t\u1ea1o chi\u1ec1u cao c\u00e2n b\u1eb1ng h\u00e0i ho\u00e0 cho kh\u00f4ng gian. \u00c2m thanh nh\u1edd \u0111\u00f3 s\u1ebd vang xa m\u1ed9t c\u00e1ch ph\u00f9 h\u1ee3p, kh\u00f4ng qu\u00e1 to hay qu\u00e1 nh\u1ecf. K\u00edch th\u01b0\u1edbc n\u00e0y th\u1eadt s\u1ef1 l\u00e0 m\u1ed9t l\u1ef1a ch\u1ecdn ph\u00f9 h\u1ee3p cho c\u00e1c gia \u0111\u00ecnh c\u00f3 di\u1ec7n t\u00edch l\u00e0 kh\u00f4ng qu\u00e1 r\u1ed9ng.<\/li>\n<\/ul>\n<p><img fetchpriority=\"high\" decoding=\"async\" class=\"aligncenter wp-image-5398 size-medium\" src=\"https:\/\/anpiano.com\/wp-content\/uploads\/2020\/12\/Laurie-UL22-300x300.jpg\" alt=\"\" width=\"300\" height=\"300\" srcset=\"https:\/\/anpiano.com\/wp-content\/uploads\/2020\/12\/Laurie-UL22-300x300.jpg 300w, https:\/\/anpiano.com\/wp-content\/uploads\/2020\/12\/Laurie-UL22-100x100.jpg 100w, https:\/\/anpiano.com\/wp-content\/uploads\/2020\/12\/Laurie-UL22-510x510.jpg 510w, https:\/\/anpiano.com\/wp-content\/uploads\/2020\/12\/Laurie-UL22-1024x1024.jpg 1024w, https:\/\/anpiano.com\/wp-content\/uploads\/2020\/12\/Laurie-UL22-150x150.jpg 150w, https:\/\/anpiano.com\/wp-content\/uploads\/2020\/12\/Laurie-UL22-768x768.jpg 768w, https:\/\/anpiano.com\/wp-content\/uploads\/2020\/12\/Laurie-UL22-1536x1536.jpg 1536w, https:\/\/anpiano.com\/wp-content\/uploads\/2020\/12\/Laurie-UL22-2048x2048.jpg 2048w\" sizes=\"(max-width: 300px) 100vw, 300px\" \/><\/p>\n<ul>\n<li>V\u1edbi m\u00e0u g\u1ed7 s\u00e1ng b\u00f3ng s\u1ebd l\u00e0m t\u0103ng v\u1ebb \u0111\u1eb9p sang tr\u1ecdng, c\u1ed5 \u0111i\u1ec3n cho Laurie UL2. Qu\u00fd kh\u00e1ch ho\u00e0n to\u00e0n y\u00ean t\u00e2m v\u1edbi ch\u1ea5t l\u01b0\u1ee3ng v\u00e0 \u0111\u1ed9 b\u1ec1n c\u1ee7a s\u1ea3n ph\u1ea9m v\u00ec l\u00e0 h\u00e0ng n\u1ed9i \u0111\u1ea1i Nh\u1eadt B\u1ea3n.<\/li>\n<\/ul>\n<p><img decoding=\"async\" class=\"aligncenter wp-image-5399 size-medium\" src=\"https:\/\/anpiano.com\/wp-content\/uploads\/2020\/12\/Laurie-UL23-300x300.jpg\" alt=\"\" width=\"300\" height=\"300\" srcset=\"https:\/\/anpiano.com\/wp-content\/uploads\/2020\/12\/Laurie-UL23-300x300.jpg 300w, https:\/\/anpiano.com\/wp-content\/uploads\/2020\/12\/Laurie-UL23-100x100.jpg 100w, https:\/\/anpiano.com\/wp-content\/uploads\/2020\/12\/Laurie-UL23-510x510.jpg 510w, https:\/\/anpiano.com\/wp-content\/uploads\/2020\/12\/Laurie-UL23-1024x1024.jpg 1024w, https:\/\/anpiano.com\/wp-content\/uploads\/2020\/12\/Laurie-UL23-150x150.jpg 150w, https:\/\/anpiano.com\/wp-content\/uploads\/2020\/12\/Laurie-UL23-768x768.jpg 768w, https:\/\/anpiano.com\/wp-content\/uploads\/2020\/12\/Laurie-UL23-1536x1536.jpg 1536w, https:\/\/anpiano.com\/wp-content\/uploads\/2020\/12\/Laurie-UL23-2048x2048.jpg 2048w\" sizes=\"(max-width: 300px) 100vw, 300px\" \/><\/p>\n<p>&nbsp;<\/p>\n<p><strong>Th\u00f4ng s\u1ed1 k\u0129 thu\u1eadt:<\/strong><\/p>\n<ul>\n<li>K\u00edch th\u01b0\u1edbc : (W)151cm x (H)121cm x (S) 63cm<\/li>\n<li>Tr\u1ecdng l\u01b0\u1ee3ng : 238 kg<\/li>\n<\/ul>\n<div data-id=\"9ly1xDmkO1M\" data-query=\"\" data-src=\"https:\/\/www.youtube.com\/embed\/9ly1xDmkO1M\"><a href=\"https:\/\/www.facebook.com\/anpiano.saigon\" target=\"_blank\" rel=\"noopener\">T\u01b0 v\u1ea5n v\u00e0 ch\u1ecdn mua s\u1ea3n ph\u1ea9m kh\u00e1c t\u1ea1i \u0111\u00e2y<\/a><\/div>\n<div data-id=\"9ly1xDmkO1M\" data-query=\"\" data-src=\"https:\/\/www.youtube.com\/embed\/9ly1xDmkO1M\"><a href=\"http:\/\/thumuapiano.com\/\" target=\"_blank\" rel=\"noopener\">Ch\u00fang t\u00f4i nh\u1eadn thu mua Piano, h\u00e3y li\u00ean h\u1ec7 n\u1ebfu b\u1ea1n c\u00f3 nhu c\u1ea7u.<\/a><\/div>\n","protected":false},"excerpt":{"rendered":"<ul>\n<li>\n<h1><strong><span style=\"font-size: 24pt;\">Qu\u00e0 T\u1eb7ng:<\/span><\/strong><\/h1>\n<ul>\n<li>B\u1ea3o h\u00e0nh 5 n\u0103m <a href=\"https:\/\/anpiano.com\/chinh-sach-bao-hanh\/\">xem th\u00eam<\/a><\/li>\n<li>Gh\u1ebf<\/li>\n<li>Kh\u0103n ph\u1ee7 ph\u00edm<\/li>\n<li>Kh\u0103n ph\u1ee7 \u0111\u00e0n<\/li>\n<li>\u1ed0ng s\u1ea5y<\/li>\n<li>Freeship HCM &#8211; HN &#8211; \u0110N &#8211; NT &#8211; BMT<\/li>\n<li>Kh\u00f3a h\u1ecdc online<\/li>\n<\/ul>\n<\/li>\n<\/ul>\n","protected":false},"featured_media":5397,"comment_status":"open","ping_status":"closed","template":"","meta":[],"product_cat":[125,325],"product_tag":[474,379,488,283],"class_list":{"0":"post-5396","1":"product","2":"type-product","3":"status-publish","4":"has-post-thumbnail","6":"product_cat-piano-upright","7":"product_cat-thuong-hieu-khac-piano-upright","8":"product_tag-an-piano","9":"product_tag-laurie","10":"product_tag-laurie-ul2","11":"product_tag-piano-co","13":"first","14":"instock","15":"sale","16":"shipping-taxable","17":"purchasable","18":"product-type-simple"},"jetpack_sharing_enabled":true,"_links":{"self":[{"href":"https:\/\/anpiano.com\/index.php?rest_route=\/wp\/v2\/product\/5396"}],"collection":[{"href":"https:\/\/anpiano.com\/index.php?rest_route=\/wp\/v2\/product"}],"about":[{"href":"https:\/\/anpiano.com\/index.php?rest_route=\/wp\/v2\/types\/product"}],"replies":[{"embeddable":true,"href":"https:\/\/anpiano.com\/index.php?rest_route=%2Fwp%2Fv2%2Fcomments&post=5396"}],"version-history":[{"count":2,"href":"https:\/\/anpiano.com\/index.php?rest_route=\/wp\/v2\/product\/5396\/revisions"}],"predecessor-version":[{"id":14526,"href":"https:\/\/anpiano.com\/index.php?rest_route=\/wp\/v2\/product\/5396\/revisions\/14526"}],"wp:featuredmedia":[{"embeddable":true,"href":"https:\/\/anpiano.com\/index.php?rest_route=\/wp\/v2\/media\/5397"}],"wp:attachment":[{"href":"https:\/\/anpiano.com\/index.php?rest_route=%2Fwp%2Fv2%2Fmedia&parent=5396"}],"wp:term":[{"taxonomy":"product_cat","embeddable":true,"href":"https:\/\/anpiano.com\/index.php?rest_route=%2Fwp%2Fv2%2Fproduct_cat&post=5396"},{"taxonomy":"product_tag","embeddable":true,"href":"https:\/\/anpiano.com\/index.php?rest_route=%2Fwp%2Fv2%2Fproduct_tag&post=5396"}],"curies":[{"name":"wp","href":"https:\/\/api.w.org\/{rel}","templated":true}]}}