{"id":5410,"date":"2020-12-17T09:37:36","date_gmt":"2020-12-17T02:37:36","guid":{"rendered":"https:\/\/anpiano.com\/?post_type=product&#038;p=5410"},"modified":"2025-05-07T14:57:47","modified_gmt":"2025-05-07T07:57:47","slug":"steinbach-s-3m","status":"publish","type":"product","link":"https:\/\/anpiano.com\/?product=steinbach-s-3m","title":{"rendered":"STEINBACH S-3M"},"content":{"rendered":"<h3><strong>\u0110\u00e0n Piano c\u01a1 STEINBACH S-3M:<\/strong><\/h3>\n<ul>\n<li>Piano Stainbach l\u00e0 t\u00ean c\u00f4ng ty s\u1ea3n xu\u1ea5t \u0111\u00e0n piano t\u1ea1i Nh\u1eadt B\u1ea3n \u2013 l\u00e0 n\u01a1i s\u1ea3n xu\u1ea5t \u0111\u00e0n piano Yamaha, Kawai. Piano Stainbach ra \u0111\u1eddi v\u1edbi s\u1ef1 tr\u00f4ng \u0111\u1ee3i c\u1ee7a nh\u1eefng ng\u01b0\u1eddi y\u00eau th\u00edch \u0111\u00e0n piano. \u0110\u00e0n Piano Stainbach c\u0169ng l\u00e0 1 trong nh\u1eefng th\u01b0\u01a1ng hi\u1ec7u n\u1ed5i ti\u1ebfng v\u00e0 \u0111\u01b0\u1ee3c \u01b0a chu\u1ed9ng t\u1ea1i Nh\u1eadt B\u1ea3n.<\/li>\n<\/ul>\n<p><img fetchpriority=\"high\" decoding=\"async\" class=\"aligncenter wp-image-5413 size-medium\" src=\"https:\/\/anpiano.com\/wp-content\/uploads\/2020\/12\/steinbach-s3m2-300x300.jpg\" alt=\"\" width=\"300\" height=\"300\" srcset=\"https:\/\/anpiano.com\/wp-content\/uploads\/2020\/12\/steinbach-s3m2-300x300.jpg 300w, https:\/\/anpiano.com\/wp-content\/uploads\/2020\/12\/steinbach-s3m2-100x100.jpg 100w, https:\/\/anpiano.com\/wp-content\/uploads\/2020\/12\/steinbach-s3m2-510x510.jpg 510w, https:\/\/anpiano.com\/wp-content\/uploads\/2020\/12\/steinbach-s3m2-1024x1024.jpg 1024w, https:\/\/anpiano.com\/wp-content\/uploads\/2020\/12\/steinbach-s3m2-150x150.jpg 150w, https:\/\/anpiano.com\/wp-content\/uploads\/2020\/12\/steinbach-s3m2-768x768.jpg 768w, https:\/\/anpiano.com\/wp-content\/uploads\/2020\/12\/steinbach-s3m2-1536x1536.jpg 1536w, https:\/\/anpiano.com\/wp-content\/uploads\/2020\/12\/steinbach-s3m2-2048x2048.jpg 2048w\" sizes=\"(max-width: 300px) 100vw, 300px\" \/><\/p>\n<ul>\n<li>Piano Stainbach l\u00e0m cho ng\u01b0\u1eddi ch\u01a1i th\u1ef1c s\u1ef1 c\u1ea3m nh\u1eadn \u0111\u01b0\u1ee3c nh\u1eefng \u0111i\u1ec1u th\u00fa v\u1ecb.<\/li>\n<\/ul>\n<p><img decoding=\"async\" class=\"aligncenter wp-image-5414 size-medium\" src=\"https:\/\/anpiano.com\/wp-content\/uploads\/2020\/12\/steinbach-s3m3-300x300.jpg\" alt=\"\" width=\"300\" height=\"300\" srcset=\"https:\/\/anpiano.com\/wp-content\/uploads\/2020\/12\/steinbach-s3m3-300x300.jpg 300w, https:\/\/anpiano.com\/wp-content\/uploads\/2020\/12\/steinbach-s3m3-100x100.jpg 100w, https:\/\/anpiano.com\/wp-content\/uploads\/2020\/12\/steinbach-s3m3-510x510.jpg 510w, https:\/\/anpiano.com\/wp-content\/uploads\/2020\/12\/steinbach-s3m3-1024x1024.jpg 1024w, https:\/\/anpiano.com\/wp-content\/uploads\/2020\/12\/steinbach-s3m3-150x150.jpg 150w, https:\/\/anpiano.com\/wp-content\/uploads\/2020\/12\/steinbach-s3m3-768x768.jpg 768w, https:\/\/anpiano.com\/wp-content\/uploads\/2020\/12\/steinbach-s3m3-1536x1536.jpg 1536w, https:\/\/anpiano.com\/wp-content\/uploads\/2020\/12\/steinbach-s3m3-2048x2048.jpg 2048w\" sizes=\"(max-width: 300px) 100vw, 300px\" \/><\/p>\n<ul>\n<li>Piano Stainbach v\u1edbi \u0111\u01b0\u1eddng n\u00e9t thanh l\u1ecbch tinh t\u1ebf l\u00e0m b\u1eb1ng g\u1ed7 nguy\u00ean kh\u1ed1i ch\u1eafc ch\u1eafn, phong c\u00e1ch thi\u1ebft k\u1ebf n\u1ed9i th\u1ea5t hi\u1ec7n \u0111\u1ea1i, t\u00f4n l\u00ean s\u1ef1 trang tr\u1ecdng cho ng\u00f4i nh\u00e0 c\u1ee7a b\u1ea1n.<\/li>\n<\/ul>\n<p><strong>Th\u00f4ng s\u1ed1 k\u0129 thu\u1eadt:<\/strong><\/p>\n<ul>\n<li>K\u00edch th\u01b0\u1edbc : (W)160cm x (H)131cm x (S) 65cm<\/li>\n<li>Tr\u1ecdng l\u01b0\u1ee3ng : 220 kg<\/li>\n<\/ul>\n<div data-id=\"9ly1xDmkO1M\" data-query=\"\" data-src=\"https:\/\/www.youtube.com\/embed\/9ly1xDmkO1M\"><a href=\"https:\/\/www.facebook.com\/Anpiano.hanoi\" target=\"_blank\" rel=\"noopener\">T\u01b0 v\u1ea5n v\u00e0 ch\u1ecdn mua s\u1ea3n ph\u1ea9m kh\u00e1c t\u1ea1i \u0111\u00e2y<\/a><\/div>\n<div data-id=\"9ly1xDmkO1M\" data-query=\"\" data-src=\"https:\/\/www.youtube.com\/embed\/9ly1xDmkO1M\"><a href=\"http:\/\/thumuapiano.com\/\" target=\"_blank\" rel=\"noopener\">Ch\u00fang t\u00f4i nh\u1eadn thu mua Piano, h\u00e3y li\u00ean h\u1ec7 n\u1ebfu b\u1ea1n c\u00f3 nhu c\u1ea7u.<\/a><\/div>\n","protected":false},"excerpt":{"rendered":"<ul>\n<li>\n<h1><strong><span style=\"font-size: 24pt;\">Qu\u00e0 T\u1eb7ng:<\/span><\/strong><\/h1>\n<ul>\n<li>B\u1ea3o h\u00e0nh 5 n\u0103m <a href=\"https:\/\/anpiano.com\/chinh-sach-bao-hanh\/\">xem th\u00eam<\/a><\/li>\n<li>Gh\u1ebf<\/li>\n<li>Kh\u0103n ph\u1ee7 ph\u00edm<\/li>\n<li>Kh\u0103n ph\u1ee7 \u0111\u00e0n<\/li>\n<li>\u1ed0ng s\u1ea5y<\/li>\n<li>Freeship HCM &#8211; HN &#8211; \u0110N &#8211; NT &#8211; BMT<\/li>\n<li>Kh\u00f3a h\u1ecdc online<\/li>\n<\/ul>\n<\/li>\n<\/ul>\n","protected":false},"featured_media":5411,"comment_status":"open","ping_status":"closed","template":"","meta":[],"product_cat":[325,125],"product_tag":[474,360,283,490],"class_list":{"0":"post-5410","1":"product","2":"type-product","3":"status-publish","4":"has-post-thumbnail","6":"product_cat-thuong-hieu-khac-piano-upright","7":"product_cat-piano-upright","8":"product_tag-an-piano","9":"product_tag-dan-piano","10":"product_tag-piano-co","11":"product_tag-steinbach-s-3m","13":"first","14":"instock","15":"sale","16":"shipping-taxable","17":"purchasable","18":"product-type-simple"},"jetpack_sharing_enabled":true,"_links":{"self":[{"href":"https:\/\/anpiano.com\/index.php?rest_route=\/wp\/v2\/product\/5410"}],"collection":[{"href":"https:\/\/anpiano.com\/index.php?rest_route=\/wp\/v2\/product"}],"about":[{"href":"https:\/\/anpiano.com\/index.php?rest_route=\/wp\/v2\/types\/product"}],"replies":[{"embeddable":true,"href":"https:\/\/anpiano.com\/index.php?rest_route=%2Fwp%2Fv2%2Fcomments&post=5410"}],"version-history":[{"count":3,"href":"https:\/\/anpiano.com\/index.php?rest_route=\/wp\/v2\/product\/5410\/revisions"}],"predecessor-version":[{"id":13622,"href":"https:\/\/anpiano.com\/index.php?rest_route=\/wp\/v2\/product\/5410\/revisions\/13622"}],"wp:featuredmedia":[{"embeddable":true,"href":"https:\/\/anpiano.com\/index.php?rest_route=\/wp\/v2\/media\/5411"}],"wp:attachment":[{"href":"https:\/\/anpiano.com\/index.php?rest_route=%2Fwp%2Fv2%2Fmedia&parent=5410"}],"wp:term":[{"taxonomy":"product_cat","embeddable":true,"href":"https:\/\/anpiano.com\/index.php?rest_route=%2Fwp%2Fv2%2Fproduct_cat&post=5410"},{"taxonomy":"product_tag","embeddable":true,"href":"https:\/\/anpiano.com\/index.php?rest_route=%2Fwp%2Fv2%2Fproduct_tag&post=5410"}],"curies":[{"name":"wp","href":"https:\/\/api.w.org\/{rel}","templated":true}]}}