{"id":5426,"date":"2020-12-17T09:57:33","date_gmt":"2020-12-17T02:57:33","guid":{"rendered":"https:\/\/anpiano.com\/?post_type=product&#038;p=5426"},"modified":"2025-10-02T17:04:51","modified_gmt":"2025-10-02T10:04:51","slug":"yamaha-u1e","status":"publish","type":"product","link":"https:\/\/anpiano.com\/?product=yamaha-u1e","title":{"rendered":"YAMAHA U1E"},"content":{"rendered":"<h4><strong>\u0110\u00e0n Piano c\u01a1 YAMAHA U1E:<\/strong><\/h4>\n<ul>\n<li>Gi\u1edbi thi\u1ec7u YAMAHA U1E, m\u1ed9t c\u00e2y \u0111\u00e0n piano lai c\u1ee7a Yamaha k\u1ebft h\u1ee3p truy\u1ec1n th\u1ed1ng c\u1ee7a m\u1ed9t nh\u1ea1c c\u1ee5 \u00e2m thanh v\u1edbi s\u1ef1 \u0111\u1ed5i m\u1edbi c\u1ee7a c\u00f4ng ngh\u1ec7 k\u1ef9 thu\u1eadt s\u1ed1. V\u1edbi h\u00e0nh \u0111\u1ed9ng piano t\u01b0\u01a1ng t\u1ef1 \u0111\u01b0\u1ee3c s\u1eed d\u1ee5ng trong \u0111\u00e0n piano th\u1eb3ng \u0111\u1ee9ng c\u1ee7a Yamaha v\u00e0 thi\u1ebft k\u1ebf nh\u1ecf g\u1ecdn, tinh t\u1ebf, NOU1 l\u00e0 l\u1ef1a ch\u1ecdn ho\u00e0n h\u1ea3o \u0111\u1ec3 mang \u00e2m thanh Yamaha n\u1ed5i ti\u1ebfng \u0111\u1ebfn b\u1ea5t k\u1ef3 ng\u00f4i nh\u00e0 n\u00e0o.<\/li>\n<li>C\u1ea3m gi\u00e1c v\u00e0 c\u1ea3m gi\u00e1c c\u1ee7a m\u1ed9t c\u00e2y \u0111\u00e0n piano c\u1ef1c k\u1ef3 quan tr\u1ecdng \u0111\u1ed1i v\u1edbi b\u1ea5t k\u1ef3 ngh\u1ec7 s\u0129 piano n\u00e0o, cho d\u00f9 h\u1ecd ch\u1ec9 m\u1edbi b\u1eaft \u0111\u1ea7u ho\u1eb7c ch\u01a1i \u1edf c\u1ea5p \u0111\u1ed9 chuy\u00ean nghi\u1ec7p. YAMAHA U1E mang \u0111\u1ebfn tr\u1ea3i nghi\u1ec7m ch\u01a1i \u0111\u00e0n \u0111\u00edch th\u1ef1c g\u1ea7n. V\u1edbi h\u00e0nh \u0111\u1ed9ng t\u01b0\u01a1ng t\u1ef1 v\u00e0 c\u00e1c ph\u00edm g\u1ed7 t\u1ef1 nhi\u00ean nh\u01b0 \u0111\u01b0\u1ee3c s\u1eed d\u1ee5ng trong nh\u1eefng c\u00e2y \u0111\u00e0n piano th\u1eb3ng \u0111\u1ee9ng t\u1ed1t nh\u1ea5t c\u1ee7a Yamaha, YAMAHA U1E mang \u0111\u1ebfn c\u1ea3m gi\u00e1c ch\u00e2n th\u1ef1c, ch\u1eafc ch\u1eafn s\u1ebd truy\u1ec1n c\u1ea3m h\u1ee9ng.<\/li>\n<li>S\u1ef1 \u0111\u01a1n gi\u1ea3n thanh l\u1ecbch c\u1ee7a YAMAHA U1E h\u00f2a tr\u1ed9n d\u1ec5 d\u00e0ng v\u00e0o b\u1ea5t k\u1ef3 khung c\u1ea3nh n\u00e0o, th\u00eam kh\u00f4ng kh\u00ed kh\u00e1c bi\u1ec7t m\u00e0 kh\u00f4ng b\u1ecb \u00e1p \u0111\u1eb7t. NOU1 mang \u0111\u1ebfn s\u1ef1 \u1ea5m \u00e1p v\u00e0 t\u1ef1 nhi\u00ean c\u1ee7a m\u1ed9t nh\u1ea1c c\u1ee5 \u00e2m thanh \u1edf d\u1ea1ng nh\u1ecf g\u1ecdn, th\u1eddi trang.<\/li>\n<\/ul>\n<p><img fetchpriority=\"high\" decoding=\"async\" class=\"alignnone size-medium wp-image-10420\" src=\"https:\/\/anpiano.com\/wp-content\/uploads\/2020\/12\/yamaha-u1e-300x225.jpeg\" alt=\"YAMAHA U1E\" width=\"300\" height=\"225\" srcset=\"https:\/\/anpiano.com\/wp-content\/uploads\/2020\/12\/yamaha-u1e-300x225.jpeg 300w, https:\/\/anpiano.com\/wp-content\/uploads\/2020\/12\/yamaha-u1e-1024x768.jpeg 1024w, https:\/\/anpiano.com\/wp-content\/uploads\/2020\/12\/yamaha-u1e-768x576.jpeg 768w, https:\/\/anpiano.com\/wp-content\/uploads\/2020\/12\/yamaha-u1e-1536x1152.jpeg 1536w, https:\/\/anpiano.com\/wp-content\/uploads\/2020\/12\/yamaha-u1e-2048x1536.jpeg 2048w, https:\/\/anpiano.com\/wp-content\/uploads\/2020\/12\/yamaha-u1e-247x185.jpeg 247w, https:\/\/anpiano.com\/wp-content\/uploads\/2020\/12\/yamaha-u1e-510x383.jpeg 510w\" sizes=\"(max-width: 300px) 100vw, 300px\" \/><\/p>\n<p><strong>Th\u00f4ng s\u1ed1 k\u0129 thu\u1eadt:<\/strong><\/p>\n<ul>\n<li>K\u00edch th\u01b0\u1edbc : (W)150cm x (H)121cm x (S) 64cm<\/li>\n<li>Tr\u1ecdng l\u01b0\u1ee3ng : 228 kg<\/li>\n<\/ul>\n<p><a href=\"https:\/\/www.facebook.com\/Anpiano.hanoi\" target=\"_blank\" rel=\"noopener\">T\u01b0 v\u1ea5n v\u00e0 ch\u1ecdn mua s\u1ea3n\u00a0ph\u1ea9m kh\u00e1c t\u1ea1i \u0111\u00e2y<\/a><\/p>\n<p><a href=\"http:\/\/thumuapiano.com\/\" target=\"_blank\" rel=\"noopener\">Ch\u00fang t\u00f4i nh\u1eadn thu mua Piano, h\u00e3y li\u00ean h\u1ec7 n\u1ebfu b\u1ea1n c\u00f3 nhu c\u1ea7u.<\/a><\/p>\n","protected":false},"excerpt":{"rendered":"<ul>\n<li>B\u1ea3o h\u00e0nh 5 n\u0103m <a href=\"https:\/\/anpiano.com\/chinh-sach-bao-hanh\/\">xem th\u00eam<\/a><\/li>\n<li>Gh\u1ebf<\/li>\n<li>Kh\u0103n ph\u1ee7 ph\u00edm<\/li>\n<li>Kh\u0103n ph\u1ee7 \u0111\u00e0n<\/li>\n<li>\u1ed0ng s\u1ea5y<\/li>\n<li>Freeship HCM &#8211; HN &#8211; \u0110N &#8211; NT &#8211; BMT<\/li>\n<li>Kh\u00f3a h\u1ecdc online<\/li>\n<\/ul>\n<p>YAMAHA U1E, m\u1ed9t c\u00e2y \u0111\u00e0n piano lai c\u1ee7a Yamaha k\u1ebft h\u1ee3p truy\u1ec1n th\u1ed1ng c\u1ee7a m\u1ed9t nh\u1ea1c c\u1ee5 \u00e2m thanh v\u1edbi s\u1ef1 \u0111\u1ed5i m\u1edbi c\u1ee7a c\u00f4ng ngh\u1ec7 k\u1ef9 thu\u1eadt s\u1ed1.<\/p>\n","protected":false},"featured_media":7012,"comment_status":"open","ping_status":"closed","template":"","meta":[],"product_cat":[125,326],"product_tag":[474,360,492,283,140,480],"class_list":{"0":"post-5426","1":"product","2":"type-product","3":"status-publish","4":"has-post-thumbnail","6":"product_cat-piano-upright","7":"product_cat-yamaha-upright","8":"product_tag-an-piano","9":"product_tag-dan-piano","10":"product_tag-nou1","11":"product_tag-piano-co","12":"product_tag-yamaha","13":"product_tag-yamaha-nou1","15":"first","16":"instock","17":"sale","18":"shipping-taxable","19":"purchasable","20":"product-type-simple"},"jetpack_sharing_enabled":true,"_links":{"self":[{"href":"https:\/\/anpiano.com\/index.php?rest_route=\/wp\/v2\/product\/5426"}],"collection":[{"href":"https:\/\/anpiano.com\/index.php?rest_route=\/wp\/v2\/product"}],"about":[{"href":"https:\/\/anpiano.com\/index.php?rest_route=\/wp\/v2\/types\/product"}],"replies":[{"embeddable":true,"href":"https:\/\/anpiano.com\/index.php?rest_route=%2Fwp%2Fv2%2Fcomments&post=5426"}],"version-history":[{"count":3,"href":"https:\/\/anpiano.com\/index.php?rest_route=\/wp\/v2\/product\/5426\/revisions"}],"predecessor-version":[{"id":14524,"href":"https:\/\/anpiano.com\/index.php?rest_route=\/wp\/v2\/product\/5426\/revisions\/14524"}],"wp:featuredmedia":[{"embeddable":true,"href":"https:\/\/anpiano.com\/index.php?rest_route=\/wp\/v2\/media\/7012"}],"wp:attachment":[{"href":"https:\/\/anpiano.com\/index.php?rest_route=%2Fwp%2Fv2%2Fmedia&parent=5426"}],"wp:term":[{"taxonomy":"product_cat","embeddable":true,"href":"https:\/\/anpiano.com\/index.php?rest_route=%2Fwp%2Fv2%2Fproduct_cat&post=5426"},{"taxonomy":"product_tag","embeddable":true,"href":"https:\/\/anpiano.com\/index.php?rest_route=%2Fwp%2Fv2%2Fproduct_tag&post=5426"}],"curies":[{"name":"wp","href":"https:\/\/api.w.org\/{rel}","templated":true}]}}