{"id":6272,"date":"2021-01-27T15:28:42","date_gmt":"2021-01-27T08:28:42","guid":{"rendered":"https:\/\/anpiano.com\/?post_type=product&#038;p=6272"},"modified":"2025-05-07T14:36:20","modified_gmt":"2025-05-07T07:36:20","slug":"6272","status":"publish","type":"product","link":"https:\/\/anpiano.com\/?product=6272","title":{"rendered":"SAMICK WG-5"},"content":{"rendered":"<h4><strong>\u0110\u00e0n Piano c\u01a1 SAMICK WG-5 :<\/strong><\/h4>\n<p><strong>SAMICK WG-5 <\/strong>l\u00e0 m\u1ed9t c\u00e2y \u0111\u00e0n piano c\u1ee7a h\u00e3ng Samick c\u00f3 xu\u1ea5t s\u1ee9 t\u1eeb H\u00e0n Qu\u1ed1c. S\u1edf h\u1eefu phong c\u00e1ch thanh l\u1ecbch v\u00e0 h\u01b0\u1edbng n\u1ed9i n\u00f3 ph\u00f9 h\u1ee3p v\u1edbi n\u1ed9i th\u1ea5t c\u1ee7a nh\u1eefng ng\u00f4i nh\u00e0 hi\u1ec7n \u0111\u1ea1i, nh\u1edd th\u1edd v\u00e0 tr\u01b0\u1eddng h\u1ecdc. Trong t\u1ea5t c\u1ea3 nh\u1eefng c\u00e2y \u0111\u00e0n c\u1ee7a Samick \u0111\u1ec1u s\u1edf h\u1eefu c\u00f4ng ngh\u1ec7 ti\u00ean ti\u1ebfn c\u1ee7a \u0110\u1ee9c. B\u1ed9 ph\u1eadn c\u1ed9ng h\u01b0\u1edfng v\u00e0 d\u00e2y \u0111\u00e0n \u0111\u01b0\u1ee3c thi\u1ebft k\u1ebf d\u00e0i h\u01a1n so v\u1edbi c\u00e1c c\u00e2y \u0111\u00e0n kh\u00e1c n\u00ean cho m\u1ed9t \u00e2m thanh v\u1edbi ch\u1ea5t l\u01b0\u1ee3ng s\u00e2u h\u01a1n.<\/p>\n<p dir=\"ltr\">\u00a0Ch\u1ea5t l\u01b0\u1ee3ng \u00e2m thanh \u0111\u00e1ng mong \u0111\u01a1i v\u1edbi ti\u1ebfng \u0111\u00e0n m\u1ec1m m\u1ea1i, r\u00f5 r\u00e0ng, \u00e2m s\u1eafc phong ph\u00fa gi\u00fap c\u00e1c bu\u1ed5i tr\u00ecnh di\u1ec5n th\u00eam ph\u1ea7n \u1ea5n t\u01b0\u1ee3ng h\u01a1n.<\/p>\n<p dir=\"ltr\">&#8211; B\u00e0n ph\u00edm c\u1ee7a \u0111\u00e0n \u0111\u1ea7y \u0111\u1ee7 88 ph\u00edm \u0111\u01b0\u1ee3c l\u00e0m t\u1eeb ch\u1ea5t li\u1ec7u t\u1ed1t cho c\u1ea3m gi\u00e1c ch\u1ea1m ph\u00edm nh\u1ea1y b\u00e9n, \u0111\u1ed9 n\u1eb7ng gi\u1ed1ng \u0111\u00e0n grand v\u00e0 \u0111\u1ed9 b\u1ec1n c\u1ee7a \u0111\u00e0n r\u1ea5t t\u1ed1t.<\/p>\n<p dir=\"ltr\"><img fetchpriority=\"high\" decoding=\"async\" class=\"aligncenter wp-image-6274 size-medium\" src=\"https:\/\/anpiano.com\/wp-content\/uploads\/2021\/01\/samiWG52-300x225.jpg\" alt=\"SAMICK WG-5\" width=\"300\" height=\"225\" srcset=\"https:\/\/anpiano.com\/wp-content\/uploads\/2021\/01\/samiWG52-300x225.jpg 300w, https:\/\/anpiano.com\/wp-content\/uploads\/2021\/01\/samiWG52-768x576.jpg 768w, https:\/\/anpiano.com\/wp-content\/uploads\/2021\/01\/samiWG52-247x185.jpg 247w, https:\/\/anpiano.com\/wp-content\/uploads\/2021\/01\/samiWG52-510x383.jpg 510w, https:\/\/anpiano.com\/wp-content\/uploads\/2021\/01\/samiWG52.jpg 800w\" sizes=\"(max-width: 300px) 100vw, 300px\" \/><\/p>\n<p dir=\"ltr\">&#8211; B\u1ed9 khung ch\u1eafc ch\u1eafn v\u1edbi l\u1edbp m\u1ea1 niken gi\u00fap k\u00e9o d\u00e0i tu\u1ed5i th\u1ecd cho c\u00e2y \u0111\u00e0n.<\/p>\n<p dir=\"ltr\">&#8211; N\u1eafp b\u00e0n ph\u00edm gi\u1ea3m x\u00f3c h\u1ea1n ch\u1ebf t\u00ecnh tr\u1ea1ng \u0111\u00f3ng n\u1eafp \u0111\u00e0n \u0111\u1ed9t ng\u1ed9t \u1ea3nh h\u01b0\u1edfng t\u1edbi v\u00f9ng tay.<\/p>\n<p dir=\"ltr\">&#8211; D\u00e2y \u0111\u00e0n Roslau n\u1ed5i ti\u1ebfng c\u1ee7a \u0110\u1ee9c mang \u0111\u1ebfn \u00e2m thanh ch\u1ea5t l\u01b0\u1ee3ng cao v\u00e0 d\u00e2y \u0111\u00e0n lu\u00f4n b\u1ec1n theo th\u1eddi gian.<\/p>\n<p dir=\"ltr\">&#8211; B\u00faa \u0111\u00e0n \u0111\u01b0\u1ee3c b\u1ecdc n\u1ecf FFW n\u1ed5i ti\u1ebfng c\u1ee7a \u0110\u1ee9c cho t\u00e1c \u0111\u1ed9ng ch\u00ednh x\u00e1c \u0111\u1ebfn d\u00e2y \u0111\u00e0n v\u00e0 mang \u0111\u1ebfn \u0111\u1ed9 b\u1ec1n cao khi d\u00f9ng.<\/p>\n<p dir=\"ltr\"><img decoding=\"async\" class=\"aligncenter wp-image-6281 size-medium\" src=\"https:\/\/anpiano.com\/wp-content\/uploads\/2021\/01\/samiWG55-300x225.jpg\" alt=\"\" width=\"300\" height=\"225\" srcset=\"https:\/\/anpiano.com\/wp-content\/uploads\/2021\/01\/samiWG55-300x225.jpg 300w, https:\/\/anpiano.com\/wp-content\/uploads\/2021\/01\/samiWG55-768x576.jpg 768w, https:\/\/anpiano.com\/wp-content\/uploads\/2021\/01\/samiWG55-247x185.jpg 247w, https:\/\/anpiano.com\/wp-content\/uploads\/2021\/01\/samiWG55-510x383.jpg 510w, https:\/\/anpiano.com\/wp-content\/uploads\/2021\/01\/samiWG55.jpg 800w\" sizes=\"(max-width: 300px) 100vw, 300px\" \/><\/p>\n<p><strong>Th\u00f4ng s\u1ed1 k\u0129 thu\u1eadt:<\/strong><\/p>\n<ul>\n<li>K\u00edch th\u01b0\u1edbc : (W)150cm x (H)121cm x (S) 64cm<\/li>\n<li>Tr\u1ecdng l\u01b0\u1ee3ng : 228 kg<\/li>\n<\/ul>\n<div data-id=\"9ly1xDmkO1M\" data-query=\"\" data-src=\"https:\/\/www.youtube.com\/embed\/9ly1xDmkO1M\"><a href=\"https:\/\/www.facebook.com\/Anpiano.hanoi\" target=\"_blank\" rel=\"noopener\">T\u01b0 v\u1ea5n v\u00e0 ch\u1ecdn mua s\u1ea3n ph\u1ea9m kh\u00e1c t\u1ea1i \u0111\u00e2y<\/a><\/div>\n<div data-id=\"9ly1xDmkO1M\" data-query=\"\" data-src=\"https:\/\/www.youtube.com\/embed\/9ly1xDmkO1M\"><a href=\"http:\/\/thumuapiano.com\/\" target=\"_blank\" rel=\"noopener\">Ch\u00fang t\u00f4i nh\u1eadn thu mua Piano, h\u00e3y li\u00ean h\u1ec7 n\u1ebfu b\u1ea1n c\u00f3 nhu c\u1ea7u.<\/a><\/div>\n","protected":false},"excerpt":{"rendered":"<ul>\n<li>\n<h1><strong><span style=\"font-size: 24pt;\">Qu\u00e0 T\u1eb7ng:<\/span><\/strong><\/h1>\n<ul>\n<li>B\u1ea3o h\u00e0nh 5 n\u0103m <a href=\"https:\/\/anpiano.com\/chinh-sach-bao-hanh\/\">xem th\u00eam<\/a><\/li>\n<li>Gh\u1ebf<\/li>\n<li>Kh\u0103n ph\u1ee7 ph\u00edm<\/li>\n<li>Kh\u0103n ph\u1ee7 \u0111\u00e0n<\/li>\n<li>\u1ed0ng s\u1ea5y<\/li>\n<li>Freeship HCM &#8211; HN &#8211; \u0110N &#8211; NT &#8211; BMT<\/li>\n<li>Kh\u00f3a h\u1ecdc online<\/li>\n<\/ul>\n<\/li>\n<\/ul>\n","protected":false},"featured_media":6273,"comment_status":"open","ping_status":"closed","template":"","meta":[],"product_cat":[125,325],"product_tag":[474,360,283,554],"class_list":{"0":"post-6272","1":"product","2":"type-product","3":"status-publish","4":"has-post-thumbnail","6":"product_cat-piano-upright","7":"product_cat-thuong-hieu-khac-piano-upright","8":"product_tag-an-piano","9":"product_tag-dan-piano","10":"product_tag-piano-co","11":"product_tag-samick-wg-5","13":"first","14":"instock","15":"sale","16":"shipping-taxable","17":"purchasable","18":"product-type-simple"},"jetpack_sharing_enabled":true,"_links":{"self":[{"href":"https:\/\/anpiano.com\/index.php?rest_route=\/wp\/v2\/product\/6272"}],"collection":[{"href":"https:\/\/anpiano.com\/index.php?rest_route=\/wp\/v2\/product"}],"about":[{"href":"https:\/\/anpiano.com\/index.php?rest_route=\/wp\/v2\/types\/product"}],"replies":[{"embeddable":true,"href":"https:\/\/anpiano.com\/index.php?rest_route=%2Fwp%2Fv2%2Fcomments&post=6272"}],"version-history":[{"count":3,"href":"https:\/\/anpiano.com\/index.php?rest_route=\/wp\/v2\/product\/6272\/revisions"}],"predecessor-version":[{"id":13616,"href":"https:\/\/anpiano.com\/index.php?rest_route=\/wp\/v2\/product\/6272\/revisions\/13616"}],"wp:featuredmedia":[{"embeddable":true,"href":"https:\/\/anpiano.com\/index.php?rest_route=\/wp\/v2\/media\/6273"}],"wp:attachment":[{"href":"https:\/\/anpiano.com\/index.php?rest_route=%2Fwp%2Fv2%2Fmedia&parent=6272"}],"wp:term":[{"taxonomy":"product_cat","embeddable":true,"href":"https:\/\/anpiano.com\/index.php?rest_route=%2Fwp%2Fv2%2Fproduct_cat&post=6272"},{"taxonomy":"product_tag","embeddable":true,"href":"https:\/\/anpiano.com\/index.php?rest_route=%2Fwp%2Fv2%2Fproduct_tag&post=6272"}],"curies":[{"name":"wp","href":"https:\/\/api.w.org\/{rel}","templated":true}]}}