{"id":6335,"date":"2021-01-28T15:51:31","date_gmt":"2021-01-28T08:51:31","guid":{"rendered":"https:\/\/anpiano.com\/?post_type=product&#038;p=6335"},"modified":"2025-05-07T14:33:42","modified_gmt":"2025-05-07T07:33:42","slug":"6335","status":"publish","type":"product","link":"https:\/\/anpiano.com\/?product=6335","title":{"rendered":"YAMAHA U2E"},"content":{"rendered":"<h2><strong>\u0110\u00e0n Piano c\u01a1 YAMAHA U2E<\/strong> :<\/h2>\n<ul>\n<li>S\u1ef1 kh\u00e1c bi\u1ec7t c\u1ee7a <strong>YAMAHA U2E<\/strong>\u00a0 so s\u1edbi u1 v\u00e0 u3 n\u1eb1m \u1edf thi\u1ebft k\u1ebf b\u1ec1 ngo\u00e0i. Trong khi ba c\u00e2y \u0111\u00e0n n\u00e0y \u0111\u01b0\u1ee3c th\u1ebf k\u1ebf hao hao gi\u1ed1ng nhau v\u1edbi m\u00e0u \u0111en \u0111\u1eb7c tr\u01b0ng th\u00ec U2 l\u00e0 c\u00e2y \u0111\u00e0n kh\u00f4ng c\u00f3 2 ch\u00e2n 2 b\u00ean m\u00e0 ch\u1ec9 l\u00e0 1 m\u1ea3nh gh\u00e9p li\u1ec1n v\u1edbi th\u00f9ng \u0111\u00e0n. V\u1edbi chi\u1ec1u cao 127cm th\u00ec k\u00edch th\u01b0\u1edbc c\u1ee7a h\u1ed9p c\u1ed9ng h\u01b0\u1edfng kh\u00f4ng qu\u00e1 to m\u00e0 s\u1ebd ph\u00f9 h\u1ee3p v\u1edbi nh\u1eefng c\u0103n ph\u00f2ng \u00edt nh\u1ea5t l\u00e0 17m2 tr\u1edf l\u00ean. Th\u00edch h\u1ee3p cho ng\u01b0\u1eddi l\u1edbn tu\u1ed5i, h\u1ecdc sinh trung h\u1ecdc m\u1edbi ch\u01a1i ho\u1eb7c \u0111\u00e3 ch\u01a1i \u0111\u00e0n nhi\u1ec1u n\u0103m \u0111\u1ec1u c\u00f3 th\u1ec3 ph\u00f9 h\u1ee3p.<\/li>\n<li>S\u1ef1 tinh x\u1ea3o trong t\u1eebng y\u1ebfu t\u1ed1 \u00e2m thanh gi\u00fap d\u00f2ng s\u1ea3n ph\u1ea9m U c\u00f3 \u0111\u01b0\u1ee3c \u00e2m thanh \u0111a d\u1ea1ng, \u0111\u1ed9 vang t\u1ed1t h\u01a1n v\u1edbi \u00e2m s\u1eafc \u0111\u01b0\u1ee3c c\u00e2n b\u1eb1ng tr\u00ean to\u00e0n b\u1ed9 b\u00e0n ph\u00edm.<\/li>\n<\/ul>\n<h3 class=\"headingB01\">H\u1ed9p c\u1ed9ng h\u01b0\u1edfng v\u00e0 khung<\/h3>\n<div class=\"imageDescriptionB01\">\n<div class=\"desc\">\n<ul>\n<li>Thi\u1ebft k\u1ebf khung x\u01b0\u01a1ng \u0111\u1eb7c bi\u1ec7t l\u00e0m t\u0103ng th\u00eam s\u1ee9c m\u1ea1nh cho h\u1ed9p c\u1ed9ng h\u01b0\u1edfng trong khi ph\u1ea7n ch\u1ed1ng l\u01b0ng v\u00e0 nh\u1eefng c\u1ea3i ti\u1ebfn kh\u00e1c gi\u00fap t\u0103ng t\u00ednh \u1ed5n \u0111\u1ecbnh, \u0111\u1ed9 vang v\u00e0 k\u1ebft c\u1ea5u b\u1ec1n ch\u1eb7t c\u1ee7a s\u1ea3n ph\u1ea9m.<\/li>\n<\/ul>\n<p><img fetchpriority=\"high\" decoding=\"async\" class=\"aligncenter wp-image-6339 size-medium\" src=\"https:\/\/anpiano.com\/wp-content\/uploads\/2021\/01\/YAMAHA-U2E-4-300x225.jpg\" alt=\"\" width=\"300\" height=\"225\" srcset=\"https:\/\/anpiano.com\/wp-content\/uploads\/2021\/01\/YAMAHA-U2E-4-300x225.jpg 300w, https:\/\/anpiano.com\/wp-content\/uploads\/2021\/01\/YAMAHA-U2E-4-768x576.jpg 768w, https:\/\/anpiano.com\/wp-content\/uploads\/2021\/01\/YAMAHA-U2E-4-247x185.jpg 247w, https:\/\/anpiano.com\/wp-content\/uploads\/2021\/01\/YAMAHA-U2E-4-510x383.jpg 510w, https:\/\/anpiano.com\/wp-content\/uploads\/2021\/01\/YAMAHA-U2E-4.jpg 800w\" sizes=\"(max-width: 300px) 100vw, 300px\" \/><\/p>\n<h3 class=\"headingB01\">B\u00faa \u0111\u01b0\u1ee3c c\u1ea3i ti\u1ebfn<\/h3>\n<div class=\"imageDescriptionB01\">\n<div class=\"desc\">\n<ul>\n<li>B\u00faa d\u00f2ng U s\u1eed d\u1ee5ng v\u1eadt li\u1ec7u \u0111\u1eb7c bi\u1ec7t \u0111\u01b0\u1ee3c l\u1ef1a ch\u1ecdn ri\u00eang cho m\u1ed7i m\u00f4 \u0111en \u0111\u1ec3 t\u1ea1o ra \u00e2m thanh, ph\u1ea3n \u1ee9ng t\u1ed1i \u01b0u v\u00e0 \u0111\u1ed9 b\u1ec1n cao.<\/li>\n<\/ul>\n<p><img decoding=\"async\" class=\"size-medium wp-image-6340 aligncenter\" src=\"https:\/\/anpiano.com\/wp-content\/uploads\/2021\/01\/YAMAHA-U2E-5-300x225.jpg\" alt=\"\" width=\"300\" height=\"225\" srcset=\"https:\/\/anpiano.com\/wp-content\/uploads\/2021\/01\/YAMAHA-U2E-5-300x225.jpg 300w, https:\/\/anpiano.com\/wp-content\/uploads\/2021\/01\/YAMAHA-U2E-5-768x576.jpg 768w, https:\/\/anpiano.com\/wp-content\/uploads\/2021\/01\/YAMAHA-U2E-5-247x185.jpg 247w, https:\/\/anpiano.com\/wp-content\/uploads\/2021\/01\/YAMAHA-U2E-5-510x383.jpg 510w, https:\/\/anpiano.com\/wp-content\/uploads\/2021\/01\/YAMAHA-U2E-5.jpg 800w\" sizes=\"(max-width: 300px) 100vw, 300px\" \/><\/p>\n<\/div>\n<\/div>\n<h3 class=\"headingB01\">N\u1eafp \u0111\u00e0n c\u01a1 ch\u1ebf \u0111\u00f3ng m\u1ec1m<\/h3>\n<div class=\"imageDescriptionB01\">\n<div class=\"desc\">\n<ul>\n<li>C\u01a1 ch\u1ebf gi\u1ea3m ch\u1ea5n, tr\u01b0\u1edbc kia v\u1ed1n ch\u1ec9 \u0111\u01b0\u1ee3c s\u1eed d\u1ee5ng cho \u0111\u1ea1i d\u01b0\u01a1ng c\u1ea7m, gi\u00fap ng\u0103n n\u1eafp \u0111\u00e0n kh\u00f4ng s\u1eadp b\u1ea5t ng\u1edd v\u00e0o b\u00e0n ph\u00edm nh\u1ea1c, tr\u00e1nh t\u1ed5n th\u01b0\u01a1ng ho\u1eb7c thi\u1ec7t h\u1ea1i kh\u00f4ng mong mu\u1ed1n.<\/li>\n<\/ul>\n<p><img decoding=\"async\" class=\"size-medium wp-image-6336 aligncenter\" src=\"https:\/\/anpiano.com\/wp-content\/uploads\/2021\/01\/YAMAHA-U2E-300x225.jpg\" alt=\"\" width=\"300\" height=\"225\" srcset=\"https:\/\/anpiano.com\/wp-content\/uploads\/2021\/01\/YAMAHA-U2E-300x225.jpg 300w, https:\/\/anpiano.com\/wp-content\/uploads\/2021\/01\/YAMAHA-U2E-768x576.jpg 768w, https:\/\/anpiano.com\/wp-content\/uploads\/2021\/01\/YAMAHA-U2E-247x185.jpg 247w, https:\/\/anpiano.com\/wp-content\/uploads\/2021\/01\/YAMAHA-U2E-510x383.jpg 510w, https:\/\/anpiano.com\/wp-content\/uploads\/2021\/01\/YAMAHA-U2E.jpg 800w\" sizes=\"(max-width: 300px) 100vw, 300px\" \/><\/p>\n<p><strong>Th\u00f4ng s\u1ed1 k\u0129 thu\u1eadt:<\/strong><\/p>\n<ul>\n<li>K\u00edch th\u01b0\u1edbc : (W)153cm x (H)120cm x (S) 62cm<\/li>\n<li>Tr\u1ecdng l\u01b0\u1ee3ng : 240 kg<\/li>\n<\/ul>\n<div class=\"product-section\">\n<div class=\"row\">\n<div class=\"large-10 col pb-0 mb-0\">\n<div class=\"panel entry-content\">\n<div data-id=\"9ly1xDmkO1M\" data-query=\"\" data-src=\"https:\/\/www.youtube.com\/embed\/9ly1xDmkO1M\"><a href=\"https:\/\/www.facebook.com\/Anpiano.hanoi\" target=\"_blank\" rel=\"noopener\">T\u01b0 v\u1ea5n v\u00e0 ch\u1ecdn mua s\u1ea3n ph\u1ea9m kh\u00e1c t\u1ea1i \u0111\u00e2y<\/a><\/div>\n<div data-id=\"9ly1xDmkO1M\" data-query=\"\" data-src=\"https:\/\/www.youtube.com\/embed\/9ly1xDmkO1M\"><a href=\"http:\/\/thumuapiano.com\/\" target=\"_blank\" rel=\"noopener\">Ch\u00fang t\u00f4i nh\u1eadn thu mua Piano, h\u00e3y li\u00ean h\u1ec7 n\u1ebfu b\u1ea1n c\u00f3 nhu c\u1ea7u.<\/a><\/div>\n<\/div>\n<\/div>\n<\/div>\n<\/div>\n<div class=\"product-section\">\n<div class=\"row\">\n<div class=\"large-2 col pb-0 mb-0\"><\/div>\n<\/div>\n<\/div>\n<\/div>\n<\/div>\n<\/div>\n<\/div>\n","protected":false},"excerpt":{"rendered":"<ul>\n<li>\n<h1><strong><span style=\"font-size: 24pt;\">Qu\u00e0 T\u1eb7ng:<\/span><\/strong><\/h1>\n<ul>\n<li>B\u1ea3o h\u00e0nh 5 n\u0103m <a href=\"https:\/\/anpiano.com\/chinh-sach-bao-hanh\/\">xem th\u00eam<\/a><\/li>\n<li>Gh\u1ebf<\/li>\n<li>Kh\u0103n ph\u1ee7 ph\u00edm<\/li>\n<li>Kh\u0103n ph\u1ee7 \u0111\u00e0n<\/li>\n<li>\u1ed0ng s\u1ea5y<\/li>\n<li>Freeship HCM &#8211; HN &#8211; \u0110N &#8211; NT &#8211; BMT<\/li>\n<li>Kh\u00f3a h\u1ecdc online<\/li>\n<\/ul>\n<\/li>\n<\/ul>\n","protected":false},"featured_media":6336,"comment_status":"open","ping_status":"closed","template":"","meta":[],"product_cat":[125,326],"product_tag":[474,360,283,140,557],"class_list":{"0":"post-6335","1":"product","2":"type-product","3":"status-publish","4":"has-post-thumbnail","6":"product_cat-piano-upright","7":"product_cat-yamaha-upright","8":"product_tag-an-piano","9":"product_tag-dan-piano","10":"product_tag-piano-co","11":"product_tag-yamaha","12":"product_tag-yamaha-u2e","14":"first","15":"instock","16":"sale","17":"shipping-taxable","18":"purchasable","19":"product-type-simple"},"jetpack_sharing_enabled":true,"_links":{"self":[{"href":"https:\/\/anpiano.com\/index.php?rest_route=\/wp\/v2\/product\/6335"}],"collection":[{"href":"https:\/\/anpiano.com\/index.php?rest_route=\/wp\/v2\/product"}],"about":[{"href":"https:\/\/anpiano.com\/index.php?rest_route=\/wp\/v2\/types\/product"}],"replies":[{"embeddable":true,"href":"https:\/\/anpiano.com\/index.php?rest_route=%2Fwp%2Fv2%2Fcomments&post=6335"}],"version-history":[{"count":3,"href":"https:\/\/anpiano.com\/index.php?rest_route=\/wp\/v2\/product\/6335\/revisions"}],"predecessor-version":[{"id":13615,"href":"https:\/\/anpiano.com\/index.php?rest_route=\/wp\/v2\/product\/6335\/revisions\/13615"}],"wp:featuredmedia":[{"embeddable":true,"href":"https:\/\/anpiano.com\/index.php?rest_route=\/wp\/v2\/media\/6336"}],"wp:attachment":[{"href":"https:\/\/anpiano.com\/index.php?rest_route=%2Fwp%2Fv2%2Fmedia&parent=6335"}],"wp:term":[{"taxonomy":"product_cat","embeddable":true,"href":"https:\/\/anpiano.com\/index.php?rest_route=%2Fwp%2Fv2%2Fproduct_cat&post=6335"},{"taxonomy":"product_tag","embeddable":true,"href":"https:\/\/anpiano.com\/index.php?rest_route=%2Fwp%2Fv2%2Fproduct_tag&post=6335"}],"curies":[{"name":"wp","href":"https:\/\/api.w.org\/{rel}","templated":true}]}}