{"id":6553,"date":"2021-02-27T13:55:37","date_gmt":"2021-02-27T06:55:37","guid":{"rendered":"https:\/\/anpiano.com\/?post_type=product&#038;p=6553"},"modified":"2025-10-02T17:12:31","modified_gmt":"2025-10-02T10:12:31","slug":"yamaha-p60","status":"publish","type":"product","link":"https:\/\/anpiano.com\/?product=yamaha-p60","title":{"rendered":"YAMAHA P60"},"content":{"rendered":"<h3><strong>\u0110\u00e0n Piano \u0111i\u1ec7n YAMAHA P60:<\/strong><\/h3>\n<ul>\n<li>\u0110\u00e0n Piano \u0111i\u1ec7n YAMAHA P60 thu\u1ed9c d\u00f2ng P serial \u0111\u01b0\u1ee3c t\u00edch h\u1ee3p nhi\u1ec1u t\u00ednh n\u0103ng m\u1edbi mang \u0111\u1ebfn cho ng\u01b0\u1eddi ch\u01a1i nhi\u1ec1u tr\u1ea3i nghi\u1ec7m h\u01a1n.<\/li>\n<li>P60 c\u00f3 thi\u1ebft k\u1ebf ngo\u1ea1i h\u00ecnh c\u1ef1c k\u1ef3 \u0111\u01a1n gi\u1ea3n so v\u1edbi c\u00e1c d\u00f2ng piano \u0111i\u1ec7n kh\u00e1c. M\u1eabu \u0111\u00e0n n\u00e0y ph\u00f9 h\u1ee3p cho ng\u01b0\u1eddi m\u1edbi t\u1eadp ch\u01a1i v\u00e0 ng\u01b0\u1eddi \u0111ang bi\u1ec3u di\u1ec5n b\u1edfi \u00e2m thanh s\u1ed1ng \u0111\u1ed9ng v\u00e0 ch\u00e2n th\u1ef1c.<\/li>\n<li><strong>Th\u00f4ng s\u1ed1 chung:<\/strong><\/li>\n<li>\u0110\u01b0\u1ee3c trau chu\u1ed1t h\u01a1n v\u1ec1 \u00e2m thanh, mang \u0111\u1ebfn s\u1ef1 s\u1ed1ng \u0111\u1ed9ng cho t\u1eebng \u00e2m s\u1eafc (d\u00f9 tr\u1ea7m hay cao)<\/li>\n<li>C\u00f3 m\u1ee9c c\u1ed9ng h\u01b0\u1edfng \u1edf c\u00e1c c\u00e2y \u0111\u00e0n chuy\u00ean nghi\u1ec7p: [Recital Hall], Concert Hall], [Salon], [Club] \u2026<\/li>\n<\/ul>\n<p><img fetchpriority=\"high\" decoding=\"async\" class=\"aligncenter wp-image-6554 size-medium\" src=\"https:\/\/anpiano.com\/wp-content\/uploads\/2021\/02\/p60-2-300x225.jpg\" alt=\"YAMAHA P60\" width=\"300\" height=\"225\" srcset=\"https:\/\/anpiano.com\/wp-content\/uploads\/2021\/02\/p60-2-300x225.jpg 300w, https:\/\/anpiano.com\/wp-content\/uploads\/2021\/02\/p60-2-768x576.jpg 768w, https:\/\/anpiano.com\/wp-content\/uploads\/2021\/02\/p60-2-247x185.jpg 247w, https:\/\/anpiano.com\/wp-content\/uploads\/2021\/02\/p60-2-510x383.jpg 510w, https:\/\/anpiano.com\/wp-content\/uploads\/2021\/02\/p60-2.jpg 800w\" sizes=\"(max-width: 300px) 100vw, 300px\" \/><\/p>\n<ul>\n<li>T\u00ednh n\u0103ng Pianist Style h\u1ed7 tr\u1ee3 ng\u01b0\u1eddi ch\u01a1i tr\u1edf n\u00ean nhi\u1ec1u m\u00e0u s\u1eafc h\u01a1n nh\u01b0 th\u1ec3 \u0111ang ch\u01a1i song t\u1ea5u<\/li>\n<li>K\u1ebft n\u1ed1i ngo\u00e0i \u0111a d\u1ea1ng<\/li>\n<li>S\u1ed1 Pedal: 1 pedal r\u1eddi<\/li>\n<li>Ch\u1ee9c n\u0103ng kh\u00e1c: Dual, Split, transpose, Demo, Reverb<\/li>\n<li>Ph\u00edm \u0111\u00e0n: 88 ph\u00edm<\/li>\n<\/ul>\n<p><img decoding=\"async\" class=\"size-medium wp-image-6556 aligncenter\" src=\"https:\/\/anpiano.com\/wp-content\/uploads\/2021\/02\/p60-1-300x225.jpg\" alt=\"\" width=\"300\" height=\"225\" srcset=\"https:\/\/anpiano.com\/wp-content\/uploads\/2021\/02\/p60-1-300x225.jpg 300w, https:\/\/anpiano.com\/wp-content\/uploads\/2021\/02\/p60-1-768x576.jpg 768w, https:\/\/anpiano.com\/wp-content\/uploads\/2021\/02\/p60-1-247x185.jpg 247w, https:\/\/anpiano.com\/wp-content\/uploads\/2021\/02\/p60-1-510x383.jpg 510w, https:\/\/anpiano.com\/wp-content\/uploads\/2021\/02\/p60-1.jpg 800w\" sizes=\"(max-width: 300px) 100vw, 300px\" \/><\/p>\n<p><strong>Th\u00f4ng s\u1ed1 k\u0129 thu\u1eadt:\u00a0<\/strong><\/p>\n<ul>\n<li>K\u00edch th\u01b0\u1edbc :\u00a0<em>\u00a0D\u00e0i: 140 cm | Cao: 95 cm | R\u1ed9ng: 40 cm |\u00a0<\/em><\/li>\n<li>C\u00e2n n\u1eb7ng: 22kg<\/li>\n<\/ul>\n<div class=\"product-section\">\n<div class=\"row\">\n<div class=\"large-10 col pb-0 mb-0\">\n<div class=\"panel entry-content\">\n<div data-id=\"9ly1xDmkO1M\" data-query=\"\" data-src=\"https:\/\/www.youtube.com\/embed\/9ly1xDmkO1M\"><a href=\"https:\/\/www.facebook.com\/Anpiano.hanoi\" target=\"_blank\" rel=\"noopener\">T\u01b0 v\u1ea5n v\u00e0 ch\u1ecdn mua s\u1ea3n ph\u1ea9m kh\u00e1c t\u1ea1i \u0111\u00e2y<\/a><\/div>\n<div data-id=\"9ly1xDmkO1M\" data-query=\"\" data-src=\"https:\/\/www.youtube.com\/embed\/9ly1xDmkO1M\"><a href=\"http:\/\/thumuapiano.com\/\" target=\"_blank\" rel=\"noopener\">Ch\u00fang t\u00f4i nh\u1eadn thu mua Piano, h\u00e3y li\u00ean h\u1ec7 n\u1ebfu b\u1ea1n c\u00f3 nhu c\u1ea7u.<\/a><\/div>\n<\/div>\n<\/div>\n<\/div>\n<\/div>\n<div class=\"product-section\">\n<div class=\"row\">\n<div class=\"large-2 col pb-0 mb-0\"><\/div>\n<\/div>\n<\/div>\n","protected":false},"excerpt":{"rendered":"<ul>\n<li>B\u1ea3o h\u00e0nh 9 th\u00e1ng <a href=\"https:\/\/anpiano.com\/chinh-sach-bao-hanh\/\">xem th\u00eam<\/a><\/li>\n<li>Gh\u1ebf<\/li>\n<li>Kh\u0103n ph\u1ee7 ph\u00edm<\/li>\n<li>\u0110\u1ed5i ngu\u1ed3n 220V<\/li>\n<li>Freeship HCM \u2013 HN \u2013 \u0110N &#8211; NT &#8211; BMT<\/li>\n<li>Kh\u00f3a h\u1ecdc online<\/li>\n<\/ul>\n","protected":false},"featured_media":6556,"comment_status":"open","ping_status":"closed","template":"","meta":[],"product_cat":[17,129],"product_tag":[474,143,581],"class_list":{"0":"post-6553","1":"product","2":"type-product","3":"status-publish","4":"has-post-thumbnail","6":"product_cat-piano-dan-dien","7":"product_cat-ya-ma-ha","8":"product_tag-an-piano","9":"product_tag-piano-dien","10":"product_tag-yamaha-p60","12":"first","13":"instock","14":"sale","15":"shipping-taxable","16":"purchasable","17":"product-type-simple"},"jetpack_sharing_enabled":true,"_links":{"self":[{"href":"https:\/\/anpiano.com\/index.php?rest_route=\/wp\/v2\/product\/6553"}],"collection":[{"href":"https:\/\/anpiano.com\/index.php?rest_route=\/wp\/v2\/product"}],"about":[{"href":"https:\/\/anpiano.com\/index.php?rest_route=\/wp\/v2\/types\/product"}],"replies":[{"embeddable":true,"href":"https:\/\/anpiano.com\/index.php?rest_route=%2Fwp%2Fv2%2Fcomments&post=6553"}],"version-history":[{"count":3,"href":"https:\/\/anpiano.com\/index.php?rest_route=\/wp\/v2\/product\/6553\/revisions"}],"predecessor-version":[{"id":14538,"href":"https:\/\/anpiano.com\/index.php?rest_route=\/wp\/v2\/product\/6553\/revisions\/14538"}],"wp:featuredmedia":[{"embeddable":true,"href":"https:\/\/anpiano.com\/index.php?rest_route=\/wp\/v2\/media\/6556"}],"wp:attachment":[{"href":"https:\/\/anpiano.com\/index.php?rest_route=%2Fwp%2Fv2%2Fmedia&parent=6553"}],"wp:term":[{"taxonomy":"product_cat","embeddable":true,"href":"https:\/\/anpiano.com\/index.php?rest_route=%2Fwp%2Fv2%2Fproduct_cat&post=6553"},{"taxonomy":"product_tag","embeddable":true,"href":"https:\/\/anpiano.com\/index.php?rest_route=%2Fwp%2Fv2%2Fproduct_tag&post=6553"}],"curies":[{"name":"wp","href":"https:\/\/api.w.org\/{rel}","templated":true}]}}