{"id":6844,"date":"2021-12-08T10:47:12","date_gmt":"2021-12-08T03:47:12","guid":{"rendered":"https:\/\/anpiano.com\/?post_type=product&#038;p=6844"},"modified":"2025-10-02T17:22:53","modified_gmt":"2025-10-02T10:22:53","slug":"yamaha-ju109-new","status":"publish","type":"product","link":"https:\/\/anpiano.com\/?product=yamaha-ju109-new","title":{"rendered":"YAMAHA JU109 WH (New)"},"content":{"rendered":"<div id=\"d1386934\" class=\"gc h3-image-bottom waves_bar_text\">\n<div class=\"container-fluid\">\n<h3 class=\"description\">D\u00f2ng \u0111\u00e0n JU\/JX nh\u1ecf g\u1ecdn l\u00e0 s\u1ef1 k\u1ebft tinh c\u1ee7a to\u00e0n b\u1ed9 tri\u1ebft l\u00fd thi\u1ebft k\u1ebf \u0111\u00e0n piano \u0111\u1ee9ng c\u1ee7a Yamaha\u2014truy\u1ec1n t\u1ea3i \u00e2m thanh ch\u1ea5t l\u01b0\u1ee3ng cao v\u00e0 s\u1ef1 c\u1ed9ng h\u01b0\u1edfng t\u1ef1 nhi\u00ean c\u00f9ng v\u1edbi \u0111\u1ed9 b\u1ec1n v\u01b0\u1ee3t tr\u1ed9i. C\u1ea3m nh\u1eadn ni\u1ec1m vui t\u1ed9t \u0111\u1ed9 khi s\u1edf h\u1eefu m\u1ed9t nh\u1ea1c c\u1ee5 acoustic tinh t\u1ebf v\u00e0 b\u01b0\u1edbc v\u00e0o l\u1ed1i s\u1ed1ng m\u1edbi c\u00f9ng c\u00e2y \u0111\u00e0n piano thu\u1ed9c d\u00f2ng JU\/ JX, v\u00f4 c\u00f9ng g\u1ea7n g\u0169i v\u1edbi \u00e2m nh\u1ea1c.<\/h3>\n<\/div>\n<\/div>\n<div id=\"d1386289\" class=\"gc h3-image-bottom waves_bar_lead02_pc hidden-xs\">\n<div class=\"container-fluid\">\n<div class=\"media-box media-image bottom\"><img decoding=\"async\" class=\"img-responsive images\" src=\"https:\/\/vn.yamaha.com\/vi\/files\/upright_cmn_wave_bar02_pc_43e4021e120a827017d0b0a15c0f0a18.jpg?impolicy=resize&amp;imwid=1800&amp;imhei=18\" alt=\"\" width=\"1800\" height=\"18\" \/><\/div>\n<\/div>\n<\/div>\n<div id=\"d1386306\" class=\"heading-h2\">\n<div class=\"container-fluid\">\n<h2>T\u00cdNH N\u0102NG<\/h2>\n<\/div>\n<\/div>\n<div id=\"d1386935\" class=\"custom-image-right\">\n<div class=\"container-fluid\">\n<div class=\"clearfix\">\n<div class=\"media-box media-image pull-right\"><img fetchpriority=\"high\" decoding=\"async\" class=\"img-responsive\" src=\"https:\/\/vn.yamaha.com\/vi\/files\/upright_jujx_fig01_9034286b57931330583ed2a3029b1c07.jpg?impolicy=resize&amp;imwid=900&amp;imhei=900\" alt=\"\" width=\"900\" height=\"900\" \/><\/div>\n<div class=\"text-box\">\n<h3 class=\"hidden-xs\">K\u1ebeT H\u1ee2P GI\u1eeeA S\u1ef0 TR\u00ccNH DI\u1ec4N C\u01a0 B\u1ea2N V\u00c0 \u00c2M THANH CH\u1ea4T L\u01af\u1ee2NG CAO<\/h3>\n<p>Yamaha thi\u1ebft k\u1ebf v\u00e0 s\u1ea3n xu\u1ea5t b\u1ea3ng c\u1ed9ng h\u01b0\u1edfng, khung \u0111\u00e0n, b\u1ed9 c\u01a1 ph\u00edm \u0111\u00e0n v\u00e0 c\u00e1c b\u1ed9 ph\u1eadn \u0111\u00e0n piano kh\u00e1c v\u1edbi \u0111\u1ed9 tin c\u1eady \u1ed5n \u0111\u1ecbnh v\u00e0 quy tr\u00ecnh ki\u1ec3m so\u00e1t ch\u1ea5t l\u01b0\u1ee3ng nghi\u00eam ng\u1eb7t nh\u1ea5t. T\u1ea5t c\u1ea3 c\u00e1c b\u1ed9 ph\u1eadn \u0111\u1ec1u do nh\u1eefng ngh\u1ec7 nh\u00e2n l\u00e0nh ngh\u1ec1 l\u1eafp r\u00e1p \u0111\u1ec3 t\u1ea1o ra c\u00e2y \u0111\u00e0n piano c\u00e2n b\u1eb1ng ho\u00e0n h\u1ea3o, k\u1ebft h\u1ee3p ch\u1ea5t l\u01b0\u1ee3ng \u00e2m thanh trong tr\u1ebbo \u0111\u1ed9c \u0111\u00e1o c\u1ee7a Yamaha v\u00e0 hi\u1ec7u qu\u1ea3 bi\u1ec3u di\u1ec5n tuy\u1ec7t v\u1eddi. K\u1ebft qu\u1ea3 l\u00e0 c\u00e2y \u0111\u00e0n mang l\u1ea1i m\u1ee9c \u0111\u1ed9 bi\u1ec3u \u0111\u1ea1t cao, \u0111\u00e1p \u1ee9ng trung th\u1ef1c v\u1edbi ngay c\u1ea3 nh\u1eefng ng\u01b0\u1eddi m\u1edbi ch\u01a1i \u0111\u00e0n piano l\u1ea7n \u0111\u1ea7u ti\u00ean.<\/p>\n<\/div>\n<\/div>\n<\/div>\n<\/div>\n<div id=\"d1386937\" class=\"custom-image-left\">\n<div class=\"container-fluid\">\n<div class=\"clearfix\">\n<div class=\"media-box media-image pull-left\"><\/div>\n<div class=\"text-box\">\n<h3 class=\"hidden-xs\">K\u00cdCH TH\u01af\u1edaC L\u00dd T\u01af\u1edeNG \u0110\u1ec2 \u0110\u1eb6T \u1ede M\u1eccI V\u1eca TR\u00cd<\/h3>\n<p>D\u00f2ng \u0111\u00e0n JU\/ JX \u0111\u01b0\u1ee3c thi\u1ebft k\u1ebf t\u1eadp trung v\u00e0o s\u1ef1 nh\u1ecf g\u1ecdn \u1edf m\u1ecdi kh\u00eda c\u1ea1nh\u2014chi\u1ec1u cao, chi\u1ec1u r\u1ed9ng v\u00e0 chi\u1ec1u d\u00e0y. JU109 \u0111\u01b0\u1ee3c ch\u1ebf t\u00e1c \u0111\u1eb7c bi\u1ec7t c\u1ea9n th\u1eadn v\u00e0 ch\u00fa \u00fd t\u1edbi t\u1eebng chi ti\u1ebft. V\u1edbi k\u00edch th\u01b0\u1edbc nh\u1ecf g\u1ecdn (chi\u1ec1u cao 109 cm), \u0111\u00e2y l\u00e0 c\u00e2y \u0111\u00e0n l\u00fd t\u01b0\u1edfng cho nh\u1eefng kh\u00f4ng gian nh\u1ecf h\u1eb9p. JX113T v\u00e0 JX113CP c\u00f3 chi\u1ec1u cao 113 cm, v\u1edbi \u00e2m thanh c\u00f3 s\u1ee9c bi\u1ec3u \u0111\u1ea1t cao h\u01a1n.<\/p>\n<\/div>\n<\/div>\n<\/div>\n<\/div>\n<div id=\"d1386938\" class=\"custom-image-right\">\n<div class=\"container-fluid\">\n<div class=\"clearfix\">\n<div class=\"media-box media-image pull-right\"><\/div>\n<div class=\"text-box\">\n<h3 class=\"hidden-xs\">SILENT Piano\u2122<\/h3>\n<p>D\u00f2ng \u0111\u00e0n JU\/JX c\u0169ng c\u00f3 m\u1ed9t c\u00e2y \u0111\u00e0n s\u1eed d\u1ee5ng c\u00f4ng ngh\u1ec7 Yamaha SILENT Piano\u2122, nh\u1edd \u0111\u00f3 b\u1ea1n c\u00f3 th\u1ec3 c\u1eafm tai nghe v\u00e0o \u0111\u00e0n v\u00e0 ho\u00e0n to\u00e0n \u0111\u1eafm m\u00ecnh trong \u00e2m thanh trong khi ch\u01a1i m\u00e0 kh\u00f4ng ph\u1ea3i quan t\u00e2m t\u1edbi xung quanh.<\/p>\n<\/div>\n<\/div>\n<\/div>\n<\/div>\n<div id=\"d1386292\" class=\"gc h3-image-bottom waves_bar_footer_pc hidden-xs\">\n<div class=\"container-fluid\">\n<h3 class=\"spectable-stickyheader-container inactive\" aria-hidden=\"true\"><strong>Th\u00f4ng s\u1ed1 k\u1ef9 thu\u1eadt : YAMAHA JU109 WH (New)<\/strong><\/h3>\n<table class=\"table table-bordered\">\n<thead>\n<tr class=\"active\">\n<th colspan=\"2\">\n<div class=\"spectable-filter text-center\" aria-label=\"C\u00e0i \u0111\u1eb7t l\u1ea1i\"><\/div>\n<\/th>\n<th class=\"spectable-colnumber-0\" scope=\"col\">\n<div class=\"text-right spectable-filter-remove-wrapper\"><\/div>\n<p>JU109<\/th>\n<th class=\"spectable-colnumber-1\" scope=\"col\">\n<div class=\"text-right spectable-filter-remove-wrapper\"><\/div>\n<p>JX113T<\/th>\n<th class=\"spectable-colnumber-2\" scope=\"col\">\n<div class=\"text-right spectable-filter-remove-wrapper\"><\/div>\n<p>JX113CP<\/th>\n<\/tr>\n<\/thead>\n<tbody>\n<tr class=\"active\">\n<th colspan=\"5\" aria-hidden=\"true\">M\u00e0u s\u1eafc\/L\u1edbp ho\u00e0n thi\u1ec7n<\/th>\n<\/tr>\n<tr>\n<th class=\"active\" rowspan=\"1\" scope=\"row\">T\u1ee7 \u0111\u00e0n<\/th>\n<th class=\"active\" scope=\"row\">M\u00e0u s\u1eafc<\/th>\n<td class=\"spectable-colnumber-0\">Polished Ebony *Availability of other finishes depends on model and is subject to regional variation. Please consult your Yamaha dealer for further information.<\/td>\n<td class=\"spectable-colnumber-1\">Polished Ebony<\/td>\n<td class=\"spectable-colnumber-2\">Polished Mahogany<\/td>\n<\/tr>\n<tr class=\"active\">\n<th colspan=\"5\" aria-hidden=\"true\">M\u00e0u s\u1eafc\/\/L\u1edbp ho\u00e0n thi\u1ec7n<\/th>\n<\/tr>\n<tr>\n<th class=\"active\" rowspan=\"1\" scope=\"row\">T\u1ee7 \u0111\u00e0n<\/th>\n<th class=\"active\" scope=\"row\">L\u1edbp ho\u00e0n thi\u1ec7n<\/th>\n<td class=\"spectable-colnumber-0\">Polished<\/td>\n<td class=\"spectable-colnumber-1\">Polished<\/td>\n<td class=\"spectable-colnumber-2\">Polished<\/td>\n<\/tr>\n<tr class=\"active\">\n<th colspan=\"5\" aria-hidden=\"true\">K\u00edch c\u1ee1\/Tr\u1ecdng l\u01b0\u1ee3ng<\/th>\n<\/tr>\n<tr>\n<th class=\"active\" rowspan=\"3\" scope=\"row\">K\u00edch th\u01b0\u1edbc<\/th>\n<th class=\"active\" scope=\"row\">R\u1ed9ng<\/th>\n<td class=\"spectable-colnumber-0\">149cm(58 3\/4&#8243;)<\/td>\n<td class=\"spectable-colnumber-1\">150cm(59&#8243;)<\/td>\n<td class=\"spectable-colnumber-2\">150cm(59&#8243;)<\/td>\n<\/tr>\n<tr>\n<th class=\"active\" scope=\"row\">Cao<\/th>\n<td class=\"spectable-colnumber-0\">109cm(43&#8243;)<\/td>\n<td class=\"spectable-colnumber-1\">113cm(44 1\/2&#8243;)<\/td>\n<td class=\"spectable-colnumber-2\">113cm(44 1\/2&#8243;)<\/td>\n<\/tr>\n<tr>\n<th class=\"active\" scope=\"row\">D\u00e0y<\/th>\n<td class=\"spectable-colnumber-0\">54cm(21 1\/4&#8243;)<\/td>\n<td class=\"spectable-colnumber-1\">54cm(21 1\/4&#8243;)<\/td>\n<td class=\"spectable-colnumber-2\">54cm(21 1\/4&#8243;)<\/td>\n<\/tr>\n<tr>\n<th class=\"active\" rowspan=\"1\" scope=\"row\">Tr\u1ecdng l\u01b0\u1ee3ng<\/th>\n<th class=\"active\" scope=\"row\">Tr\u1ecdng l\u01b0\u1ee3ng<\/th>\n<td class=\"spectable-colnumber-0\">197kg(434lbs)<\/td>\n<td class=\"spectable-colnumber-1\">216kg(476lbs)<\/td>\n<td class=\"spectable-colnumber-2\">216kg(476lbs)<\/td>\n<\/tr>\n<tr class=\"active\">\n<th colspan=\"5\" aria-hidden=\"true\">Giao di\u1ec7n \u0111i\u1ec1u khi\u1ec3n<\/th>\n<\/tr>\n<tr>\n<th class=\"active\" rowspan=\"1\" scope=\"row\">B\u00e0n ph\u00edm<\/th>\n<th class=\"active\" scope=\"row\">S\u1ed1 ph\u00edm<\/th>\n<td class=\"spectable-colnumber-0\">88<\/td>\n<td class=\"spectable-colnumber-1\">88<\/td>\n<td class=\"spectable-colnumber-2\">88<\/td>\n<\/tr>\n<\/tbody>\n<\/table>\n<div data-id=\"9ly1xDmkO1M\" data-query=\"\" data-src=\"https:\/\/www.youtube.com\/embed\/9ly1xDmkO1M\"><a href=\"https:\/\/www.facebook.com\/Anpiano.hanoi\" target=\"_blank\" rel=\"noopener\">T\u01b0 v\u1ea5n v\u00e0 ch\u1ecdn mua s\u1ea3n ph\u1ea9m kh\u00e1c t\u1ea1i \u0111\u00e2y<\/a><\/div>\n<div data-id=\"9ly1xDmkO1M\" data-query=\"\" data-src=\"https:\/\/www.youtube.com\/embed\/9ly1xDmkO1M\"><a href=\"http:\/\/thumuapiano.com\/\" target=\"_blank\" rel=\"noopener\">Ch\u00fang t\u00f4i nh\u1eadn thu mua Piano, h\u00e3y li\u00ean h\u1ec7 n\u1ebfu b\u1ea1n c\u00f3 nhu c\u1ea7u.<\/a><\/div>\n<\/div>\n<\/div>\n","protected":false},"excerpt":{"rendered":"<ul>\n<li>B\u1ea3o h\u00e0nh 10 n\u0103m\u00a0<a href=\"https:\/\/anpiano.com\/chinh-sach-bao-hanh\/\">xem th\u00eam<\/a><\/li>\n<li>Gh\u1ebf<\/li>\n<li>Kh\u0103n ph\u1ee7 ph\u00edm<\/li>\n<li>Kh\u0103n ph\u1ee7 \u0111\u00e0n<\/li>\n<li>\u1ed0ng s\u1ea5y<\/li>\n<li>Freeship HCM &#8211; HN &#8211; \u0110N &#8211; NT &#8211; BMT<\/li>\n<li>Kh\u00f3a h\u1ecdc online<\/li>\n<\/ul>\n","protected":false},"featured_media":7833,"comment_status":"open","ping_status":"closed","template":"","meta":[],"product_cat":[326,125],"product_tag":[666,929,736,930],"class_list":{"0":"post-6844","1":"product","2":"type-product","3":"status-publish","4":"has-post-thumbnail","6":"product_cat-yamaha-upright","7":"product_cat-piano-upright","8":"product_tag-piano-co-trang","9":"product_tag-piano-co-yamaha-moi","10":"product_tag-piano-yamaha-trang","11":"product_tag-yamaha-ju-109","13":"first","14":"instock","15":"shipping-taxable","16":"product-type-simple"},"jetpack_sharing_enabled":true,"_links":{"self":[{"href":"https:\/\/anpiano.com\/index.php?rest_route=\/wp\/v2\/product\/6844"}],"collection":[{"href":"https:\/\/anpiano.com\/index.php?rest_route=\/wp\/v2\/product"}],"about":[{"href":"https:\/\/anpiano.com\/index.php?rest_route=\/wp\/v2\/types\/product"}],"replies":[{"embeddable":true,"href":"https:\/\/anpiano.com\/index.php?rest_route=%2Fwp%2Fv2%2Fcomments&post=6844"}],"version-history":[{"count":3,"href":"https:\/\/anpiano.com\/index.php?rest_route=\/wp\/v2\/product\/6844\/revisions"}],"predecessor-version":[{"id":13561,"href":"https:\/\/anpiano.com\/index.php?rest_route=\/wp\/v2\/product\/6844\/revisions\/13561"}],"wp:featuredmedia":[{"embeddable":true,"href":"https:\/\/anpiano.com\/index.php?rest_route=\/wp\/v2\/media\/7833"}],"wp:attachment":[{"href":"https:\/\/anpiano.com\/index.php?rest_route=%2Fwp%2Fv2%2Fmedia&parent=6844"}],"wp:term":[{"taxonomy":"product_cat","embeddable":true,"href":"https:\/\/anpiano.com\/index.php?rest_route=%2Fwp%2Fv2%2Fproduct_cat&post=6844"},{"taxonomy":"product_tag","embeddable":true,"href":"https:\/\/anpiano.com\/index.php?rest_route=%2Fwp%2Fv2%2Fproduct_tag&post=6844"}],"curies":[{"name":"wp","href":"https:\/\/api.w.org\/{rel}","templated":true}]}}