{"id":7326,"date":"2022-04-14T16:28:24","date_gmt":"2022-04-14T09:28:24","guid":{"rendered":"https:\/\/anpiano.com\/?post_type=product&#038;p=7326"},"modified":"2025-10-03T18:40:00","modified_gmt":"2025-10-03T11:40:00","slug":"yamaha-clp-725r","status":"publish","type":"product","link":"https:\/\/anpiano.com\/?product=yamaha-clp-725r","title":{"rendered":"Yamaha CLP 725 (M\u1edbi 100%)"},"content":{"rendered":"<div id=\"d1330013\" class=\"gc h3-image-bottom key_visual\">\n<div class=\"container-fluid\">\n<div class=\"media-box media-image bottom\"><img fetchpriority=\"high\" decoding=\"async\" class=\"img-responsive images\" src=\"https:\/\/vn.yamaha.com\/vi\/files\/ov01_0b22272de81f422cc0db41449d2fc1a9.jpg?impolicy=resize&amp;imwid=1200&amp;imhei=445\" alt=\"Yamaha Clavinova CLP-725\" width=\"1200\" height=\"445\" \/><\/div>\n<\/div>\n<\/div>\n<div id=\"d1330014\" class=\"gc h3-image-bottom\">\n<div class=\"container-fluid\">\n<h3 class=\"heading\">S\u1ee9c h\u1ea5p d\u1eabn c\u1ee7a Yamaha CLP 725 (M\u1edbi 100%)<\/h3>\n<p class=\"description\">D\u00f2ng \u0111\u00e0n piano k\u1ef9 thu\u1eadt s\u1ed1 CLP \u00e1p d\u1ee5ng c\u00f4ng ngh\u1ec7 ti\u00ean ti\u1ebfn \u0111\u1ec3 t\u00e1i t\u1ea1o tr\u1ea3i nghi\u1ec7m bi\u1ec3u di\u1ec5n tr\u00ean m\u1ed9t c\u00e2y \u0111\u1ea1i d\u01b0\u01a1ng c\u1ea7m, cho ph\u00e9p ngh\u1ec7 s\u0129 piano b\u1ea5m ph\u00edm v\u1edbi t\u1ed1c \u0111\u1ed9 v\u00e0 \u0111\u1ed9 s\u00e2u kh\u00e1c nhau, t\u1ea1o ra s\u1ef1 \u0111a d\u1ea1ng v\u1ec1 \u00e2m s\u1eafc v\u00e0 mang l\u1ea1i nh\u1eefng m\u00e0n \u0111\u1ed9c di\u1ec5n c\u00e1 t\u00ednh. V\u1edbi kh\u1ea3 n\u0103ng bi\u1ec3u \u0111\u1ea1t t\u01b0\u01a1ng t\u1ef1 nh\u1eefng c\u00e2y \u0111\u1ea1i d\u01b0\u01a1ng c\u1ea7m, CLP-700 series ch\u1eafc ch\u1eafn s\u1ebd khi\u1ebfn vi\u1ec7c ch\u01a1i \u0111\u00e0n tr\u1edf n\u00ean th\u00fa v\u1ecb h\u01a1n bao gi\u1edd h\u1ebft.<\/p>\n<\/div>\n<\/div>\n<section class=\"make_waves_gc layer_img layer_img_l\" data-id=\"1330025\">\n<div class=\"container-fluid\">\n<div class=\"row wrapper scroll-fade-row\">\n<div class=\"col-lg-6 col-md-5 col-sm-5 col-xs-12 col_img col_img_b\">\n<div class=\"wave_image\"><\/div>\n<div class=\"wave_bg_image\"><\/div>\n<\/div>\n<div class=\"col-lg-6 col-md-7 col-sm-7 col-xs-12 col_text\">\n<h3>S\u1ef1 ti\u1ec7n l\u1ee3i c\u1ee7a ri\u00eang piano \u0111i\u1ec7n<\/h3>\n<p class=\"description\">\u0110\u00e0n piano Clavinova c\u00f3 c\u00e1c t\u00ednh n\u0103ng thu\u1eadn ti\u1ec7n m\u00e0 ch\u1ec9 c\u00f3 \u0111\u00e0n piano k\u1ef9 thu\u1eadt s\u1ed1 m\u1edbi c\u00f3 th\u1ec3 cung c\u1ea5p. S\u1eed d\u1ee5ng tai nghe \u0111\u1ec3 gi\u1eef y\u00ean t\u0129nh cho m\u00f4i tr\u01b0\u1eddng xung quanh v\u00e0 ph\u00e1t c\u00f9ng v\u1edbi c\u00e1c b\u00e0i h\u00e1t c\u00e0i s\u1eb5n. Ngo\u00e0i ra, h\u00e3y k\u1ebft n\u1ed1i v\u1edbi \u1ee9ng d\u1ee5ng Smart Pianist c\u1ee7a Yamaha \u0111\u1ec3 c\u00f3 th\u00eam tr\u1ee3 gi\u00fap cho vi\u1ec7c luy\u1ec7n t\u1eadp piano c\u1ee7a b\u1ea1n.<\/p>\n<div class=\"layer_img_link wave_color_calm\"><img decoding=\"async\" class=\"alignnone\" src=\"https:\/\/pianofingers.vn\/wp-content\/uploads\/2021\/06\/yamaha-clp-725-2.png\" alt=\"Yamaha CLP 725 (M\u1edbi 100%)\" width=\"1190\" height=\"680\" \/><\/div>\n<\/div>\n<\/div>\n<\/div>\n<\/section>\n<div id=\"d1330016\" class=\"gc h3-image-bottom bg_gray good_piano1\">\n<div class=\"container-fluid\">\n<h3 class=\"heading heading_line\">Tho\u1ea3i m\u00e1i tr\u00f2 chuy\u1ec7n v\u1edbi c\u00e2y \u0111\u00e0n piano<\/h3>\n<div class=\"media-box media-image bottom\"><img decoding=\"async\" class=\"img-responsive images\" src=\"https:\/\/vn.yamaha.com\/vi\/files\/ov03_4f97414b3b8bb7d29fb2e00f9f8cd7ac.jpg?impolicy=resize&amp;imwid=750&amp;imhei=501\" alt=\"Yamaha Clavinova CLP-725\" width=\"750\" height=\"501\" \/><\/div>\n<\/div>\n<\/div>\n<div id=\"d1330017\" class=\"gc h3-image-bottom bg_gray good_piano2\">\n<div class=\"container-fluid\">\n<p class=\"description\">Ng\u01b0\u1eddi ch\u01a1i \u0111\u00e1nh \u0111\u00e0n, piano ph\u1ea3n h\u1ed3i, v\u00e0 ng\u01b0\u1eddi ch\u01a1i ti\u1ebfp t\u1ee5c \u0111\u00e1nh \u0111\u00e0n. Ng\u01b0\u1eddi ch\u01a1i truy\u1ec1n t\u1ea3i nh\u1eefng c\u1ea3m x\u00fac h\u1ecd mu\u1ed1n th\u1ec3 hi\u1ec7n, v\u00e0 piano h\u1ed3i \u0111\u00e1p, c\u00e2u chuy\u1ec7n c\u1ee9 th\u1ebf di\u1ec5n ra t\u1ea1o th\u00e0nh m\u1ed9t cu\u1ed9c tr\u00f2 chuy\u1ec7n gi\u1eefa hai ph\u00eda. \u0110\u1ec3 c\u00e2u chuy\u1ec7n th\u1ef1c s\u1ef1 phong ph\u00fa, c\u1ea3 ng\u01b0\u1eddi ch\u01a1i v\u00e0 piano ph\u1ea3i c\u00f3 kh\u1ea3 n\u0103ng bi\u1ec3u \u0111\u1ea1t tuy\u1ec7t v\u1eddi; \u0111\u00e0n piano ph\u1ea3i d\u1ec5 ch\u01a1i v\u00e0 c\u00f3 \u0111\u1ed9 ph\u1ea3n h\u1ed3i t\u1ed1t, v\u00e0 ph\u1ea3i t\u1ea1o ra \u0111\u01b0\u1ee3c nh\u1eefng \u00e2m thanh \u0111\u1eb9p. \u0110\u00e0n piano CLP-700 series \u0111\u00e1p \u1ee9ng t\u1ea5t c\u1ea3 c\u00e1c \u0111i\u1ec1u ki\u1ec7n tr\u00ean, v\u00e0 ngu\u1ed3n c\u1ea3m h\u1ee9ng c\u00f3 \u0111\u01b0\u1ee3c t\u1eeb bu\u1ed5i t\u00e2m s\u1ef1 v\u1edbi c\u00e2y \u0111\u00e0n ch\u1eafc ch\u1eafn s\u1ebd khi\u1ebfn b\u1ea1n th\u00eam h\u1ee9ng th\u00fa \u0111\u1ec3 chia s\u1ebb c\u00e2u chuy\u1ec7n c\u1ee7a m\u00ecnh.<\/p>\n<table class=\"table table-bordered\">\n<thead>\n<tr class=\"active\">\n<th colspan=\"2\">\n<h2>M\u00e3 s\u1ea3n ph\u1ea9m<\/h2>\n<\/th>\n<th class=\"spectable-colnumber-0\" scope=\"col\">\n<h2>CLP-725<\/h2>\n<\/th>\n<\/tr>\n<\/thead>\n<tbody>\n<tr class=\"active\">\n<th colspan=\"3\" aria-hidden=\"true\">K\u00edch c\u1ee1\/tr\u1ecdng l\u01b0\u1ee3ng<\/th>\n<\/tr>\n<tr>\n<th class=\"active\" rowspan=\"3\" scope=\"row\">K\u00edch th\u01b0\u1edbc<\/th>\n<th class=\"active\" scope=\"row\">Chi\u1ec1u r\u1ed9ng<\/th>\n<td class=\"spectable-colnumber-0\">1350 mm<\/td>\n<\/tr>\n<tr>\n<th class=\"active\" scope=\"row\">Chi\u1ec1u cao<\/th>\n<td class=\"spectable-colnumber-0\">849 mm<\/td>\n<\/tr>\n<tr>\n<th class=\"active\" scope=\"row\">\u0110\u1ed9 d\u00e0y<\/th>\n<td class=\"spectable-colnumber-0\">414 mm<\/td>\n<\/tr>\n<tr>\n<th class=\"active\" rowspan=\"1\" scope=\"row\">Tr\u1ecdng l\u01b0\u1ee3ng<\/th>\n<th class=\"active\" scope=\"row\">Tr\u1ecdng l\u01b0\u1ee3ng<\/th>\n<td class=\"spectable-colnumber-0\">43 kg<\/td>\n<\/tr>\n<tr class=\"active\">\n<th colspan=\"3\" aria-hidden=\"true\">Giao di\u1ec7n \u0110i\u1ec1u Khi\u1ec3n<\/th>\n<\/tr>\n<tr>\n<th class=\"active\" rowspan=\"3\" scope=\"row\">B\u00e0n ph\u00edm<\/th>\n<th class=\"active\" scope=\"row\">S\u1ed1 ph\u00edm<\/th>\n<td class=\"spectable-colnumber-0\">88<\/td>\n<\/tr>\n<tr>\n<th class=\"active\" scope=\"row\">Lo\u1ea1i<\/th>\n<td class=\"spectable-colnumber-0\">B\u00e0n ph\u00edm GrandTouch-S\u2122 v\u1edbi Escapement<\/td>\n<\/tr>\n<tr>\n<th class=\"active\" scope=\"row\">Touch Sensitivity<\/th>\n<td class=\"spectable-colnumber-0\">Hard \/ Medium \/ Soft \/ Fixed<\/td>\n<\/tr>\n<tr>\n<th class=\"active\" rowspan=\"1\" scope=\"row\">B\u1ea3ng \u0111i\u1ec1u khi\u1ec3n<\/th>\n<th class=\"active\" scope=\"row\">Ng\u00f4n ng\u1eef<\/th>\n<td class=\"spectable-colnumber-0\">ti\u1ebfng Anh<\/td>\n<\/tr>\n<tr class=\"active\">\n<th colspan=\"3\" aria-hidden=\"true\">Gi\u1ecdng<\/th>\n<\/tr>\n<tr>\n<th class=\"active\" rowspan=\"1\" scope=\"row\">T\u1ea1o \u00c2m<\/th>\n<th class=\"active\" scope=\"row\">\u00c2m thanh Piano<\/th>\n<td class=\"spectable-colnumber-0\">Yamaha CFX, B\u00f6sendorfer Imperial<\/td>\n<\/tr>\n<tr>\n<th class=\"active\" rowspan=\"1\" scope=\"row\">\u0110a \u00e2m<\/th>\n<th class=\"active\" scope=\"row\">S\u1ed1 \u0111a \u00e2m (T\u1ed1i \u0111a)<\/th>\n<td class=\"spectable-colnumber-0\">256<\/td>\n<\/tr>\n<tr>\n<th class=\"active\" rowspan=\"1\" scope=\"row\">C\u00e0i \u0111\u1eb7t s\u1eb5n<\/th>\n<th class=\"active\" scope=\"row\">S\u1ed1 \u00e2m s\u1eafc<\/th>\n<td class=\"spectable-colnumber-0\">10<\/td>\n<\/tr>\n<tr class=\"active\">\n<th colspan=\"3\" aria-hidden=\"true\">Bi\u1ebfn t\u1ea5u<\/th>\n<\/tr>\n<tr>\n<th class=\"active\" rowspan=\"1\" scope=\"row\">Lo\u1ea1i<\/th>\n<th class=\"active\" scope=\"row\">Ti\u1ebfng Vang<\/th>\n<td class=\"spectable-colnumber-0\">C\u00f3 (4 lo\u1ea1i)<\/td>\n<\/tr>\n<tr>\n<th class=\"active\" rowspan=\"2\" scope=\"row\">C\u00e1c ch\u1ee9c n\u0103ng<\/th>\n<th class=\"active\" scope=\"row\">K\u00e9p\/Tr\u1ed9n \u00e2m<\/th>\n<td class=\"spectable-colnumber-0\">C\u00f3<\/td>\n<\/tr>\n<tr>\n<th class=\"active\" scope=\"row\">Duo<\/th>\n<td class=\"spectable-colnumber-0\">C\u00f3<\/td>\n<\/tr>\n<tr class=\"active\">\n<th colspan=\"3\" aria-hidden=\"true\">C\u00e1c ch\u1ee9c n\u0103ng<\/th>\n<\/tr>\n<tr>\n<th class=\"active\" rowspan=\"4\" scope=\"row\">Ki\u1ec3m so\u00e1t to\u00e0n b\u1ed9<\/th>\n<th class=\"active\" scope=\"row\">B\u1ed9 \u0111\u1ebfm nh\u1ecbp<\/th>\n<td class=\"spectable-colnumber-0\">Yes<\/td>\n<\/tr>\n<tr>\n<th class=\"active\" scope=\"row\">D\u00e3y Nh\u1ecbp \u0110i\u1ec7u<\/th>\n<td class=\"spectable-colnumber-0\">5 \u2013 280<\/td>\n<\/tr>\n<tr>\n<th class=\"active\" scope=\"row\">D\u1ecbch gi\u1ecdng<\/th>\n<td class=\"spectable-colnumber-0\">-6 t\u1edbi 0,0 t\u1edbi +6<\/td>\n<\/tr>\n<tr>\n<th class=\"active\" scope=\"row\">Tinh ch\u1ec9nh<\/th>\n<td class=\"spectable-colnumber-0\">414.8 \u2013 440.0 \u2013 446.8 Hz<\/td>\n<\/tr>\n<tr class=\"active\">\n<th colspan=\"3\" aria-hidden=\"true\">L\u01b0u tr\u1eef v\u00e0 K\u1ebft n\u1ed1i<\/th>\n<\/tr>\n<tr>\n<th class=\"active\" rowspan=\"7\" scope=\"row\">K\u1ebft n\u1ed1i<\/th>\n<th class=\"active\" scope=\"row\">DC IN<\/th>\n<td class=\"spectable-colnumber-0\">DC IN 12 V<\/td>\n<\/tr>\n<tr>\n<th class=\"active\" scope=\"row\">Tai nghe<\/th>\n<td class=\"spectable-colnumber-0\">Standard<\/td>\n<\/tr>\n<tr>\n<th class=\"active\" scope=\"row\">Pedal duy tr\u00ec<\/th>\n<td class=\"spectable-colnumber-0\">Gi\u1eafc c\u1eafm \u0111i\u1ec7n tho\u1ea1i stereo chu\u1ea9n (x2)<\/td>\n<\/tr>\n<tr>\n<th class=\"active\" scope=\"row\">B\u1ed9 ph\u1eadn B\u00e0n \u0111\u1ea1p<\/th>\n<td class=\"spectable-colnumber-0\">Kh\u00f4ng<\/td>\n<\/tr>\n<tr>\n<th class=\"active\" scope=\"row\">MIDI<\/th>\n<td class=\"spectable-colnumber-0\">Kh\u00f4ng<\/td>\n<\/tr>\n<tr>\n<th class=\"active\" scope=\"row\">NG\u00d5 RA PH\u1ee4<\/th>\n<td class=\"spectable-colnumber-0\">Kh\u00f4ng<\/td>\n<\/tr>\n<tr>\n<th class=\"active\" scope=\"row\">USB TO HOST<\/th>\n<td class=\"spectable-colnumber-0\">C\u00f3<\/td>\n<\/tr>\n<tr class=\"active\">\n<th colspan=\"3\" aria-hidden=\"true\">Ampli v\u00e0 Loa<\/th>\n<\/tr>\n<tr>\n<th class=\"active\" colspan=\"2\" scope=\"row\">Ampli<\/th>\n<td class=\"spectable-colnumber-0\">20 W x 2<\/td>\n<\/tr>\n<tr>\n<th class=\"active\" colspan=\"2\" scope=\"row\">Loa<\/th>\n<td class=\"spectable-colnumber-0\">12 cm x 2<\/td>\n<\/tr>\n<tr class=\"active\">\n<th colspan=\"3\" aria-hidden=\"true\">Ngu\u1ed3n \u0111i\u1ec7n<\/th>\n<\/tr>\n<tr>\n<th class=\"active\" colspan=\"2\" scope=\"row\">Ngu\u1ed3n \u0111i\u1ec7n<\/th>\n<td class=\"spectable-colnumber-0\">PA-150B or other Yamaha-preferred parts<\/td>\n<\/tr>\n<tr>\n<th class=\"active\" colspan=\"2\" scope=\"row\">Ti\u00eau th\u1ee5 \u0111i\u1ec7n<\/th>\n<td class=\"spectable-colnumber-0\">6 W (using PA-150 power adapter)<\/td>\n<\/tr>\n<tr>\n<th class=\"active\" colspan=\"2\" scope=\"row\">Ch\u1ee9c n\u0103ng T\u1ef1 \u0111\u1ed9ng T\u1eaft Ngu\u1ed3n<\/th>\n<td class=\"spectable-colnumber-0\">Yes<\/td>\n<\/tr>\n<tr class=\"active\">\n<th colspan=\"3\" aria-hidden=\"true\">Ph\u1ee5 ki\u1ec7n<\/th>\n<\/tr>\n<tr>\n<th class=\"active\" rowspan=\"3\" scope=\"row\">Ph\u1ee5 ki\u1ec7n k\u00e8m s\u1ea3n ph\u1ea9m<\/th>\n<th class=\"active\" scope=\"row\">Gi\u00e1 \u0111\u1ec3 b\u1ea3n nh\u1ea1c<\/th>\n<td class=\"spectable-colnumber-0\">Yes<\/td>\n<\/tr>\n<tr>\n<th class=\"active\" scope=\"row\">Pedal\/B\u00e0n \u0111\u1ea1p ch\u00e2n<\/th>\n<td class=\"spectable-colnumber-0\">Yes<\/td>\n<\/tr>\n<tr>\n<th class=\"active\" scope=\"row\">AC Adaptor<\/th>\n<td class=\"spectable-colnumber-0\">PA-150B or other Yamaha-preferred parts<\/td>\n<\/tr>\n<\/tbody>\n<\/table>\n<div data-id=\"9ly1xDmkO1M\" data-query=\"\" data-src=\"https:\/\/www.youtube.com\/embed\/9ly1xDmkO1M\"><a href=\"https:\/\/www.facebook.com\/anpiano.saigon\" target=\"_blank\" rel=\"noopener\">T\u01b0 v\u1ea5n v\u00e0 ch\u1ecdn mua s\u1ea3n ph\u1ea9m kh\u00e1c t\u1ea1i \u0111\u00e2y<\/a><\/div>\n<div data-id=\"9ly1xDmkO1M\" data-query=\"\" data-src=\"https:\/\/www.youtube.com\/embed\/9ly1xDmkO1M\"><a href=\"http:\/\/thumuapiano.com\/\" target=\"_blank\" rel=\"noopener\">Ch\u00fang t\u00f4i nh\u1eadn thu mua Piano, h\u00e3y li\u00ean h\u1ec7 n\u1ebfu b\u1ea1n c\u00f3 nhu c\u1ea7u.<\/a><\/div>\n<\/div>\n<\/div>\n","protected":false},"excerpt":{"rendered":"<ul>\n<li>B\u1ea3o h\u00e0nh 24 th\u00e1ng <a href=\"https:\/\/anpiano.com\/chinh-sach-bao-hanh\/\">xem th\u00eam<\/a><\/li>\n<li>Gh\u1ebf<\/li>\n<li>Kh\u0103n ph\u1ee7 ph\u00edm<\/li>\n<li>\u0110\u1ed5i ngu\u1ed3n 220V<\/li>\n<li>Freeship HCM \u2013 HN \u2013 \u0110N &#8211; NT &#8211; BMT<\/li>\n<li>Kh\u00f3a h\u1ecdc online<\/li>\n<\/ul>\n","protected":false},"featured_media":9440,"comment_status":"open","ping_status":"closed","template":"","meta":[],"product_cat":[17,129],"product_tag":[800,799,793,801],"class_list":{"0":"post-7326","1":"product","2":"type-product","3":"status-publish","4":"has-post-thumbnail","6":"product_cat-piano-dan-dien","7":"product_cat-ya-ma-ha","8":"product_tag-clp-725r","9":"product_tag-dan-piano-yamaha-clp-725r","10":"product_tag-yamaha-clp-725","11":"product_tag-yamaha-clp-725r","13":"first","14":"instock","15":"sale","16":"shipping-taxable","17":"purchasable","18":"product-type-simple"},"jetpack_sharing_enabled":true,"_links":{"self":[{"href":"https:\/\/anpiano.com\/index.php?rest_route=\/wp\/v2\/product\/7326"}],"collection":[{"href":"https:\/\/anpiano.com\/index.php?rest_route=\/wp\/v2\/product"}],"about":[{"href":"https:\/\/anpiano.com\/index.php?rest_route=\/wp\/v2\/types\/product"}],"replies":[{"embeddable":true,"href":"https:\/\/anpiano.com\/index.php?rest_route=%2Fwp%2Fv2%2Fcomments&post=7326"}],"version-history":[{"count":2,"href":"https:\/\/anpiano.com\/index.php?rest_route=\/wp\/v2\/product\/7326\/revisions"}],"predecessor-version":[{"id":13500,"href":"https:\/\/anpiano.com\/index.php?rest_route=\/wp\/v2\/product\/7326\/revisions\/13500"}],"wp:featuredmedia":[{"embeddable":true,"href":"https:\/\/anpiano.com\/index.php?rest_route=\/wp\/v2\/media\/9440"}],"wp:attachment":[{"href":"https:\/\/anpiano.com\/index.php?rest_route=%2Fwp%2Fv2%2Fmedia&parent=7326"}],"wp:term":[{"taxonomy":"product_cat","embeddable":true,"href":"https:\/\/anpiano.com\/index.php?rest_route=%2Fwp%2Fv2%2Fproduct_cat&post=7326"},{"taxonomy":"product_tag","embeddable":true,"href":"https:\/\/anpiano.com\/index.php?rest_route=%2Fwp%2Fv2%2Fproduct_tag&post=7326"}],"curies":[{"name":"wp","href":"https:\/\/api.w.org\/{rel}","templated":true}]}}