{"id":7620,"date":"2022-04-22T08:20:08","date_gmt":"2022-04-22T01:20:08","guid":{"rendered":"https:\/\/anpiano.com\/?post_type=product&#038;p=7620"},"modified":"2025-09-29T11:40:22","modified_gmt":"2025-09-29T04:40:22","slug":"yamaha-clp-795gp","status":"publish","type":"product","link":"https:\/\/anpiano.com\/?product=yamaha-clp-795gp","title":{"rendered":"Yamaha CLP 795GP (New)"},"content":{"rendered":"<div id=\"d1330329\" class=\"gc h3-image-bottom key_visual\">\n<div class=\"container-fluid\">\n<h3><strong>Yamaha CLP 795GP :<\/strong><\/h3>\n<div class=\"media-box media-image bottom\"><img fetchpriority=\"high\" decoding=\"async\" class=\"img-responsive images\" src=\"https:\/\/vn.yamaha.com\/vi\/files\/ov01_5c7b87acd3c02fababc7211ba8cb519d.jpg?impolicy=resize&amp;imwid=1200&amp;imhei=445\" alt=\"Yamaha Clavinova CLP-725\" width=\"1200\" height=\"445\" \/><\/div>\n<\/div>\n<\/div>\n<div id=\"d1330330\" class=\"gc h3-image-bottom\">\n<div class=\"container-fluid\">\n<h3 class=\"heading\">S\u1ee9c h\u1ea5p d\u1eabn c\u1ee7a CLP-700 Series<\/h3>\n<p class=\"description\">D\u00f2ng \u0111\u00e0n piano k\u1ef9 thu\u1eadt s\u1ed1 CLP \u00e1p d\u1ee5ng c\u00f4ng ngh\u1ec7 ti\u00ean ti\u1ebfn \u0111\u1ec3 t\u00e1i t\u1ea1o tr\u1ea3i nghi\u1ec7m bi\u1ec3u di\u1ec5n tr\u00ean m\u1ed9t c\u00e2y \u0111\u1ea1i d\u01b0\u01a1ng c\u1ea7m, cho ph\u00e9p ngh\u1ec7 s\u0129 piano b\u1ea5m ph\u00edm v\u1edbi t\u1ed1c \u0111\u1ed9 v\u00e0 \u0111\u1ed9 s\u00e2u kh\u00e1c nhau, t\u1ea1o ra s\u1ef1 \u0111a d\u1ea1ng v\u1ec1 \u00e2m s\u1eafc v\u00e0 mang l\u1ea1i nh\u1eefng m\u00e0n \u0111\u1ed9c di\u1ec5n c\u00e1 t\u00ednh. V\u1edbi kh\u1ea3 n\u0103ng bi\u1ec3u \u0111\u1ea1t t\u01b0\u01a1ng t\u1ef1 nh\u1eefng c\u00e2y \u0111\u1ea1i d\u01b0\u01a1ng c\u1ea7m, CLP-700 series ch\u1eafc ch\u1eafn s\u1ebd khi\u1ebfn vi\u1ec7c ch\u01a1i \u0111\u00e0n tr\u1edf n\u00ean th\u00fa v\u1ecb h\u01a1n bao gi\u1edd h\u1ebft.<\/p>\n<\/div>\n<\/div>\n<section class=\"make_waves_gc layer_img layer_img_l\" data-id=\"1330331\">\n<div class=\"container-fluid\">\n<div class=\"row wrapper scroll-fade-row\">\n<div class=\"col-lg-6 col-md-5 col-sm-5 col-xs-12 col_img col_img_b\">\n<div class=\"wave_image\"><img decoding=\"async\" src=\"https:\/\/vn.yamaha.com\/vi\/files\/ov02-clp-795gp_cb8c590574a0eb443e5fdac4778b50ef.jpg\" alt=\"Yamaha Clavinova CLP-795GP\" \/><\/div>\n<div class=\"wave_bg_image\"><img decoding=\"async\" src=\"https:\/\/vn.yamaha.com\/vi\/files\/ov02-wave_0c707b274b69e2da67372a1e0ef97535.jpg\" \/><\/div>\n<\/div>\n<div class=\"col-lg-6 col-md-7 col-sm-7 col-xs-12 col_text\">\n<h3>S\u1ef1 ti\u1ec7n l\u1ee3i c\u1ee7a ri\u00eang piano \u0111i\u1ec7n<\/h3>\n<p class=\"description\">\u0110\u00e0n piano Clavinova \u0111\u01b0\u1ee3c trang b\u1ecb nhi\u1ec1u t\u00ednh n\u0103ng ti\u1ec7n l\u1ee3i ch\u1ec9 c\u00f3 tr\u00ean \u0111\u00e0n piano \u0111i\u1ec7n. B\u1ea1n c\u00f3 th\u1ec3 s\u1eed d\u1ee5ng tai nghe \u0111\u1ec3 gi\u1eef y\u00ean t\u0129nh cho xung quanh, hay k\u1ebft n\u1ed1i thi\u1ebft b\u1ecb Bluetooth\u00ae v\u1edbi \u0111\u00e0n Clavinova \u0111\u1ec3 nghe nh\u1ea1c t\u1eeb loa c\u1ee7a \u0111\u00e0n. Ngo\u00e0i ra, h\u00e3y k\u1ebft n\u1ed1i v\u1edbi \u1ee9ng d\u1ee5ng Smart Pianist c\u1ee7a Yamaha \u0111\u1ec3 \u0111\u01b0\u1ee3c tr\u1ee3 gi\u00fap th\u00eam trong qu\u00e1 tr\u00ecnh luy\u1ec7n t\u1eadp piano c\u1ee7a m\u00ecnh. B\u1ea3ng \u0111i\u1ec1u khi\u1ec3n c\u1ea3m \u1ee9ng ch\u1ec9 hi\u1ec7n ch\u1eef khi b\u1eadt \u2013 khi b\u1ea3ng n\u00e0y t\u1eaft, n\u00f3 c\u00f3 b\u1ec1 m\u1eb7t nh\u1eb5n nh\u01b0 m\u1ed9t ph\u00edm tr\u00ean c\u00e2y \u0111\u1ea1i d\u01b0\u01a1ng c\u1ea7m th\u1ef1c th\u1ee5.<\/p>\n<div class=\"layer_img_link wave_color_calm\"><\/div>\n<\/div>\n<\/div>\n<\/div>\n<\/section>\n<div id=\"d1330332\" class=\"gc h3-image-bottom bg_gray good_piano1\">\n<div class=\"container-fluid\">\n<h3 class=\"heading heading_line\">Tho\u1ea3i m\u00e1i tr\u00f2 chuy\u1ec7n v\u1edbi c\u00e2y \u0111\u00e0n piano<\/h3>\n<div class=\"media-box media-image bottom\"><img decoding=\"async\" class=\"img-responsive images\" src=\"https:\/\/vn.yamaha.com\/vi\/files\/ov03_6bfd56309136e01d3ff580825c7df04f.jpg?impolicy=resize&amp;imwid=750&amp;imhei=501\" alt=\"Yamaha Clavinova CLP-725\" width=\"750\" height=\"501\" \/><\/div>\n<\/div>\n<\/div>\n<div id=\"d1330333\" class=\"gc h3-image-bottom bg_gray good_piano2\">\n<div class=\"container-fluid\">\n<p class=\"description\">Ng\u01b0\u1eddi ch\u01a1i \u0111\u00e1nh \u0111\u00e0n, piano ph\u1ea3n h\u1ed3i, v\u00e0 ng\u01b0\u1eddi ch\u01a1i ti\u1ebfp t\u1ee5c \u0111\u00e1nh \u0111\u00e0n. Ng\u01b0\u1eddi ch\u01a1i truy\u1ec1n t\u1ea3i nh\u1eefng c\u1ea3m x\u00fac h\u1ecd mu\u1ed1n th\u1ec3 hi\u1ec7n, v\u00e0 piano h\u1ed3i \u0111\u00e1p, c\u00e2u chuy\u1ec7n c\u1ee9 th\u1ebf di\u1ec5n ra t\u1ea1o th\u00e0nh m\u1ed9t cu\u1ed9c tr\u00f2 chuy\u1ec7n gi\u1eefa hai ph\u00eda. \u0110\u1ec3 c\u00e2u chuy\u1ec7n th\u1ef1c s\u1ef1 phong ph\u00fa, c\u1ea3 ng\u01b0\u1eddi ch\u01a1i v\u00e0 piano ph\u1ea3i c\u00f3 kh\u1ea3 n\u0103ng bi\u1ec3u \u0111\u1ea1t tuy\u1ec7t v\u1eddi; \u0111\u00e0n piano ph\u1ea3i d\u1ec5 ch\u01a1i v\u00e0 c\u00f3 \u0111\u1ed9 ph\u1ea3n h\u1ed3i t\u1ed1t, v\u00e0 ph\u1ea3i t\u1ea1o ra \u0111\u01b0\u1ee3c nh\u1eefng \u00e2m thanh \u0111\u1eb9p. \u0110\u00e0n piano CLP-700 series \u0111\u00e1p \u1ee9ng t\u1ea5t c\u1ea3 c\u00e1c \u0111i\u1ec1u ki\u1ec7n tr\u00ean, v\u00e0 ngu\u1ed3n c\u1ea3m h\u1ee9ng c\u00f3 \u0111\u01b0\u1ee3c t\u1eeb bu\u1ed5i t\u00e2m s\u1ef1 v\u1edbi c\u00e2y \u0111\u00e0n ch\u1eafc ch\u1eafn s\u1ebd khi\u1ebfn b\u1ea1n th\u00eam h\u1ee9ng th\u00fa \u0111\u1ec3 chia s\u1ebb c\u00e2u chuy\u1ec7n c\u1ee7a m\u00ecnh.<\/p>\n<\/div>\n<p><strong>Th\u00f4ng s\u1ed1 k\u1ef9 thu\u1eadt c\u00e2y \u0111\u00e0n Yamaha CLP 795GP:<\/strong><\/p>\n<table class=\"table table-bordered\">\n<thead>\n<tr class=\"active\">\n<th class=\"spectable-colnumber-0\" scope=\"col\">CLP-795GP<\/th>\n<th class=\"spectable-colnumber-6\" scope=\"col\">\n<div class=\"text-right spectable-filter-remove-wrapper\"><\/div>\n<\/th>\n<\/tr>\n<\/thead>\n<tbody>\n<tr class=\"active\">\n<th colspan=\"9\" aria-hidden=\"true\">K\u00cdCH C\u1ee0\/TR\u1eccNG L\u01af\u1ee2NG<\/th>\n<\/tr>\n<tr>\n<th class=\"active\" rowspan=\"3\" scope=\"row\">K\u00cdCH TH\u01af\u1edaC<\/th>\n<th class=\"active\" scope=\"row\">R\u1ed8NG<\/th>\n<td class=\"spectable-colnumber-0\">1.430 mm (56 -5\/16&#8243;)<\/td>\n<td class=\"spectable-colnumber-6\"><\/td>\n<\/tr>\n<tr>\n<th class=\"active\" scope=\"row\">CAO<\/th>\n<td class=\"spectable-colnumber-0\">932 mm (36 -11\/16&#8243;)<\/td>\n<td class=\"spectable-colnumber-6\"><\/td>\n<\/tr>\n<tr>\n<th class=\"active\" scope=\"row\">D\u00c0Y<\/th>\n<td class=\"spectable-colnumber-0\">1.237 mm (48 -11\/16&#8243;)<\/td>\n<td class=\"spectable-colnumber-6\"><\/td>\n<\/tr>\n<tr>\n<th class=\"active\" rowspan=\"1\" scope=\"row\">TR\u1eccNG L\u01af\u1ee2NG<\/th>\n<th class=\"active\" scope=\"row\">TR\u1eccNG L\u01af\u1ee2NG<\/th>\n<td class=\"spectable-colnumber-0\">126 kg (277 lb, 13 oz)<\/td>\n<td class=\"spectable-colnumber-6\"><\/td>\n<\/tr>\n<tr class=\"active\">\n<th colspan=\"9\" aria-hidden=\"true\">GIAO DI\u1ec6N \u0110I\u1ec0U KHI\u1ec2N<\/th>\n<\/tr>\n<tr>\n<th class=\"active\" rowspan=\"5\" scope=\"row\">B\u00c0N PH\u00cdM<\/th>\n<th class=\"active\" scope=\"row\">S\u1ed0 PH\u00cdM<\/th>\n<td class=\"spectable-colnumber-0\">88<\/td>\n<td class=\"spectable-colnumber-6\"><\/td>\n<\/tr>\n<tr>\n<th class=\"active\" scope=\"row\">LO\u1ea0I<\/th>\n<td class=\"spectable-colnumber-0\">B\u00e0n ph\u00edm GrandTouch\u2122: ph\u00edm \u0111\u00e0n b\u1eb1ng g\u1ed7 (ph\u00edm tr\u1eafng), b\u00e0n ph\u00edm b\u1eb1ng g\u1ed7 mun v\u00e0 ph\u1ee7 ng\u00e0 voi t\u1ed5ng h\u1ee3p, c\u01a1 ch\u1ebf tho\u00e1t escapement<\/td>\n<td class=\"spectable-colnumber-6\"><\/td>\n<\/tr>\n<tr>\n<th class=\"active\" scope=\"row\">TOUCH SENSITIVITY<\/th>\n<td class=\"spectable-colnumber-0\">Hard2\/Hard1\/Medium\/Soft1\/Soft2\/Fixed<\/td>\n<td class=\"spectable-colnumber-6\"><\/td>\n<\/tr>\n<tr>\n<th class=\"active\" scope=\"row\">88 N\u00d4\u0301T C\u00d3 B\u00daA \u0110\u1ed0I TR\u1eccNG N\u1eb6NG<\/th>\n<td class=\"spectable-colnumber-0\">C\u00f3<\/td>\n<td class=\"spectable-colnumber-6\"><\/td>\n<\/tr>\n<tr>\n<th class=\"active\" scope=\"row\">\u0110\u1ed0I TR\u1eccNG<\/th>\n<td class=\"spectable-colnumber-0\">C\u00f3<\/td>\n<td class=\"spectable-colnumber-6\"><\/td>\n<\/tr>\n<tr>\n<th class=\"active\" rowspan=\"3\" scope=\"row\">HI\u1ec2N TH\u1eca<\/th>\n<th class=\"active\" scope=\"row\">LO\u1ea0I<\/th>\n<td class=\"spectable-colnumber-0\">M\u00e0n h\u00ecnh LCD \u0111a \u0111i\u1ec3m<\/td>\n<td class=\"spectable-colnumber-6\"><\/td>\n<\/tr>\n<tr>\n<th class=\"active\" scope=\"row\">K\u00cdCH C\u1ee0<\/th>\n<td class=\"spectable-colnumber-0\">128 x 64 \u0111i\u1ec3m<\/td>\n<td class=\"spectable-colnumber-6\"><\/td>\n<\/tr>\n<tr>\n<th class=\"active\" scope=\"row\">NG\u00d4N NG\u1eee<\/th>\n<td class=\"spectable-colnumber-0\">English, Japanese<\/td>\n<td class=\"spectable-colnumber-6\"><\/td>\n<\/tr>\n<tr>\n<th class=\"active\" rowspan=\"2\" scope=\"row\">B\u1ea2NG \u0110I\u1ec0U KHI\u1ec2N<\/th>\n<th class=\"active\" scope=\"row\">LO\u1ea0I<\/th>\n<td class=\"spectable-colnumber-0\">M\u00e0n h\u00ecnh c\u1ea3m \u1ee9ng<\/td>\n<td class=\"spectable-colnumber-6\"><\/td>\n<\/tr>\n<tr>\n<th class=\"active\" scope=\"row\">NG\u00d4N NG\u1eee<\/th>\n<td class=\"spectable-colnumber-0\">Ti\u1ebfng Anh<\/td>\n<td class=\"spectable-colnumber-6\"><\/td>\n<\/tr>\n<tr class=\"active\">\n<th colspan=\"9\" aria-hidden=\"true\">GIAO DI\u1ec6N \u0110I\u1ec0U KHI\u1ec2N<\/th>\n<\/tr>\n<tr>\n<th class=\"active\" rowspan=\"3\" scope=\"row\">PEDAL<\/th>\n<th class=\"active\" scope=\"row\">S\u1ed0 PEDAL<\/th>\n<td class=\"spectable-colnumber-0\">3: Ch\u1eb7n ti\u1ebfng (damper) (v\u1edbi ch\u1ee9c n\u0103ng n\u1eeda pedal), Sostenuto, Soft<\/td>\n<td class=\"spectable-colnumber-6\"><\/td>\n<\/tr>\n<tr>\n<th class=\"active\" scope=\"row\">C\u00c1C CH\u1ee8C N\u0102NG<\/th>\n<td class=\"spectable-colnumber-0\">Sustain (Switch), Sustain Continuously, Sostenuto, Soft, Pitch Bend Up, Pitch Bend Down, Rotary Speed, Vibe Rotor, Song Play\/Pause<\/td>\n<td class=\"spectable-colnumber-6\"><\/td>\n<\/tr>\n<tr>\n<th class=\"active\" scope=\"row\">PEDAL GIA\u0309M \u00c2M GP<\/th>\n<td class=\"spectable-colnumber-0\">C\u00f3<\/td>\n<td class=\"spectable-colnumber-6\"><\/td>\n<\/tr>\n<tr class=\"active\">\n<th colspan=\"9\" aria-hidden=\"true\">T\u1ee6 \u0110\u00c0N<\/th>\n<\/tr>\n<tr>\n<th class=\"active\" rowspan=\"1\" scope=\"row\">N\u1eaeP CHE PH\u00cdM<\/th>\n<th class=\"active\" scope=\"row\">KI\u1ec2U N\u1eaeP CHE PH\u00cdM<\/th>\n<td class=\"spectable-colnumber-0\">Tr\u01b0\u1ee3t<\/td>\n<td class=\"spectable-colnumber-6\"><\/td>\n<\/tr>\n<tr>\n<th class=\"active\" colspan=\"2\" scope=\"row\"><\/th>\n<td class=\"spectable-colnumber-0\">C\u00f3<\/td>\n<td class=\"spectable-colnumber-6\"><\/td>\n<\/tr>\n<tr>\n<th class=\"active\" colspan=\"2\" scope=\"row\">MUSIC BRACES<\/th>\n<td class=\"spectable-colnumber-0\">C\u00f3<\/td>\n<td class=\"spectable-colnumber-6\"><\/td>\n<\/tr>\n<tr class=\"active\">\n<th colspan=\"9\" aria-hidden=\"true\">GI\u1eccNG<\/th>\n<\/tr>\n<tr>\n<th class=\"active\" rowspan=\"6\" scope=\"row\">T\u1ea0O \u00c2M<\/th>\n<th class=\"active\" scope=\"row\">\u00c2M THANH PIANO<\/th>\n<td class=\"spectable-colnumber-0\">Yamaha CFX, B\u00f6sendorfer Imperial<\/td>\n<td class=\"spectable-colnumber-6\"><\/td>\n<\/tr>\n<tr>\n<th class=\"active\" scope=\"row\">L\u1ea4Y M\u1eaaU SONG \u00c2M BINAURAL<\/th>\n<td class=\"spectable-colnumber-0\">C\u00f3 (Ch\u1ec9 v\u1edbi ti\u1ebfng CFX Grand v\u00e0 B\u00f6sendorfer)<\/td>\n<td class=\"spectable-colnumber-6\"><\/td>\n<\/tr>\n<tr>\n<th class=\"active\" scope=\"row\">M\u1eaaU KEY-OFF<\/th>\n<td class=\"spectable-colnumber-0\">C\u00f3<\/td>\n<td class=\"spectable-colnumber-6\"><\/td>\n<\/tr>\n<tr>\n<th class=\"active\" scope=\"row\">NH\u1ea2 \u00c2M \u00caM \u00c1I<\/th>\n<td class=\"spectable-colnumber-0\">C\u00f3<\/td>\n<td class=\"spectable-colnumber-6\"><\/td>\n<\/tr>\n<tr>\n<th class=\"active\" scope=\"row\">VRM<\/th>\n<td class=\"spectable-colnumber-0\">C\u00f3<\/td>\n<td class=\"spectable-colnumber-6\"><\/td>\n<\/tr>\n<tr>\n<th class=\"active\" scope=\"row\">GRAND EXPRESSION MODELING (GI\u1ea2 L\u1eacP \u00c2M THANH C\u1ee6A \u0110\u00c0N GRAND)<\/th>\n<td class=\"spectable-colnumber-0\">C\u00f3<\/td>\n<td class=\"spectable-colnumber-6\"><\/td>\n<\/tr>\n<tr>\n<th class=\"active\" rowspan=\"1\" scope=\"row\">\u0110A \u00c2M<\/th>\n<th class=\"active\" scope=\"row\">S\u1ed0 \u0110A \u00c2M (T\u1ed0I \u0110A)<\/th>\n<td class=\"spectable-colnumber-0\">256<\/td>\n<td class=\"spectable-colnumber-6\"><\/td>\n<\/tr>\n<tr>\n<th class=\"active\" rowspan=\"1\" scope=\"row\">C\u00c0I \u0110\u1eb6T S\u1eb4N<\/th>\n<th class=\"active\" scope=\"row\">S\u1ed0 GI\u1eccNG<\/th>\n<td class=\"spectable-colnumber-0\">53 Ti\u1ebfng + 14 B\u1ed9 Tr\u1ed1ng\/SFX + 480 Ti\u1ebfng XG<\/td>\n<td class=\"spectable-colnumber-6\"><\/td>\n<\/tr>\n<tr>\n<th class=\"active\" colspan=\"2\" scope=\"row\">T\u00cdNH T\u01af\u01a0NG TH\u00cdCH<\/th>\n<td class=\"spectable-colnumber-0\">XG (GM), GS (\u0111\u1ec3 ph\u00e1t nh\u1ea1c), GM2 (\u0111\u1ec3 ph\u00e1t nh\u1ea1c)<\/td>\n<td class=\"spectable-colnumber-6\"><\/td>\n<\/tr>\n<tr class=\"active\">\n<th colspan=\"9\" aria-hidden=\"true\">BI\u1ebeN T\u1ea4U<\/th>\n<\/tr>\n<tr>\n<th class=\"active\" rowspan=\"5\" scope=\"row\">LO\u1ea0I<\/th>\n<th class=\"active\" scope=\"row\">TI\u1ebeNG VANG<\/th>\n<td class=\"spectable-colnumber-0\">6<\/td>\n<td class=\"spectable-colnumber-6\"><\/td>\n<\/tr>\n<tr>\n<th class=\"active\" scope=\"row\">THANH<\/th>\n<td class=\"spectable-colnumber-0\">3<\/td>\n<td class=\"spectable-colnumber-6\"><\/td>\n<\/tr>\n<tr>\n<th class=\"active\" scope=\"row\">MASTER EFFECT<\/th>\n<td class=\"spectable-colnumber-0\">12<\/td>\n<td class=\"spectable-colnumber-6\"><\/td>\n<\/tr>\n<tr>\n<th class=\"active\" scope=\"row\">KI\u1ec2M SO\u00c1T \u00c2M TH\u00d4NG MINH (IAC)<\/th>\n<td class=\"spectable-colnumber-0\">C\u00f3<\/td>\n<td class=\"spectable-colnumber-6\"><\/td>\n<\/tr>\n<tr>\n<th class=\"active\" scope=\"row\">STEREOPHONIC OPTIMIZER<\/th>\n<td class=\"spectable-colnumber-0\">C\u00f3<\/td>\n<td class=\"spectable-colnumber-6\"><\/td>\n<\/tr>\n<tr>\n<th class=\"active\" rowspan=\"1\" scope=\"row\">PH\u00c2N LO\u1ea0I<\/th>\n<th class=\"active\" scope=\"row\">HI\u1ec6U \u1ee8NG BRILLIANCE (\u00c2M R\u00d5)<\/th>\n<td class=\"spectable-colnumber-0\">7+ Ng\u01b0\u1eddi d\u00f9ng<\/td>\n<td class=\"spectable-colnumber-6\"><\/td>\n<\/tr>\n<tr>\n<th class=\"active\" rowspan=\"3\" scope=\"row\">C\u00c1C CH\u1ee8C N\u0102NG<\/th>\n<th class=\"active\" scope=\"row\">K\u00c9P\/TR\u1ed8N \u00c2M<\/th>\n<td class=\"spectable-colnumber-0\">C\u00f3<\/td>\n<td class=\"spectable-colnumber-6\"><\/td>\n<\/tr>\n<tr>\n<th class=\"active\" scope=\"row\">T\u00c1CH TI\u1ebeNG<\/th>\n<td class=\"spectable-colnumber-0\">C\u00f3<\/td>\n<td class=\"spectable-colnumber-6\"><\/td>\n<\/tr>\n<tr>\n<th class=\"active\" scope=\"row\">DUO<\/th>\n<td class=\"spectable-colnumber-0\">C\u00f3<\/td>\n<td class=\"spectable-colnumber-6\"><\/td>\n<\/tr>\n<tr class=\"active\">\n<th colspan=\"9\" aria-hidden=\"true\">B\u00c0I H\u00c1T<\/th>\n<\/tr>\n<tr>\n<th class=\"active\" rowspan=\"1\" scope=\"row\">C\u00c0I \u0110\u1eb6T S\u1eb4N<\/th>\n<th class=\"active\" scope=\"row\">S\u1ed0 L\u01af\u1ee2NG B\u00c0I H\u00c1T C\u00c0I \u0110\u1eb6T S\u1eb4N<\/th>\n<td class=\"spectable-colnumber-0\">25 b\u00e0i demo + 50 b\u00e0i c\u1ed5 \u0111i\u1ec3n + 303 b\u00e0i luy\u1ec7n t\u1eadp<\/td>\n<td class=\"spectable-colnumber-6\"><\/td>\n<\/tr>\n<tr>\n<th class=\"active\" rowspan=\"3\" scope=\"row\">THU \u00c2M<\/th>\n<th class=\"active\" scope=\"row\">S\u1ed0 L\u01af\u1ee2NG B\u00c0I H\u00c1T<\/th>\n<td class=\"spectable-colnumber-0\">250<\/td>\n<td class=\"spectable-colnumber-6\"><\/td>\n<\/tr>\n<tr>\n<th class=\"active\" scope=\"row\">S\u1ed0 L\u01af\u1ee2NG TRACK<\/th>\n<td class=\"spectable-colnumber-0\">16<\/td>\n<td class=\"spectable-colnumber-6\"><\/td>\n<\/tr>\n<tr>\n<th class=\"active\" scope=\"row\">DUNG L\u01af\u1ee2NG D\u1eee LI\u1ec6U<\/th>\n<td class=\"spectable-colnumber-0\">kho\u1ea3ng 500 KB\/b\u00e0i h\u00e1t<\/td>\n<td class=\"spectable-colnumber-6\"><\/td>\n<\/tr>\n<tr>\n<th class=\"active\" rowspan=\"2\" scope=\"row\">\u0110\u1ecaNH D\u1ea0NG D\u1eee LI\u1ec6U T\u01af\u01a0NG TH\u00cdCH<\/th>\n<th class=\"active\" scope=\"row\">PH\u00c1T L\u1ea0I<\/th>\n<td class=\"spectable-colnumber-0\">SMF (\u0110\u1ecbnh d\u1ea1ng 0, \u0110\u1ecbnh d\u1ea1ng 1)<\/td>\n<td class=\"spectable-colnumber-6\"><\/td>\n<\/tr>\n<tr>\n<th class=\"active\" scope=\"row\">THU \u00c2M<\/th>\n<td class=\"spectable-colnumber-0\">SMF (\u0110\u1ecbnh d\u1ea1ng 0)<\/td>\n<td class=\"spectable-colnumber-6\"><\/td>\n<\/tr>\n<tr class=\"active\">\n<th colspan=\"9\" aria-hidden=\"true\">C\u00c1C CH\u1ee8C N\u0102NG<\/th>\n<\/tr>\n<tr>\n<th class=\"active\" colspan=\"2\" scope=\"row\">BU\u1ed2NG PIANO<\/th>\n<td class=\"spectable-colnumber-0\">C\u00f3<\/td>\n<td class=\"spectable-colnumber-6\"><\/td>\n<\/tr>\n<tr>\n<th class=\"active\" rowspan=\"2\" scope=\"row\">\u0110\u1ea6U THU \u00c2M USB<\/th>\n<th class=\"active\" scope=\"row\">PH\u00c1T L\u1ea0I<\/th>\n<td class=\"spectable-colnumber-0\">.wav (t\u1ea7n s\u1ed1 m\u1eabu 44,1 kHz, ph\u00e2n gi\u1ea3i 16 bit, stereo)<\/td>\n<td class=\"spectable-colnumber-6\"><\/td>\n<\/tr>\n<tr>\n<th class=\"active\" scope=\"row\">THU \u00c2M<\/th>\n<td class=\"spectable-colnumber-0\">.wav (t\u1ea7n s\u1ed1 m\u1eabu 44,1 kHz, ph\u00e2n gi\u1ea3i 16 bit, stereo)<\/td>\n<td class=\"spectable-colnumber-6\"><\/td>\n<\/tr>\n<tr>\n<th class=\"active\" rowspan=\"5\" scope=\"row\">KI\u1ec2M SO\u00c1T TO\u00c0N B\u1ed8<\/th>\n<th class=\"active\" scope=\"row\">B\u1ed8 \u0110\u1ebeM NH\u1ecaP<\/th>\n<td class=\"spectable-colnumber-0\">C\u00f3<\/td>\n<td class=\"spectable-colnumber-6\"><\/td>\n<\/tr>\n<tr>\n<th class=\"active\" scope=\"row\">D\u00c3Y NH\u1ecaP \u0110I\u1ec6U<\/th>\n<td class=\"spectable-colnumber-0\">5 &#8211; 500<\/td>\n<td class=\"spectable-colnumber-6\"><\/td>\n<\/tr>\n<tr>\n<th class=\"active\" scope=\"row\">D\u1ecaCH GI\u1eccNG<\/th>\n<td class=\"spectable-colnumber-0\">-12 &#8211; 0 &#8211; +12<\/td>\n<td class=\"spectable-colnumber-6\"><\/td>\n<\/tr>\n<tr>\n<th class=\"active\" scope=\"row\">TINH CH\u1ec8NH<\/th>\n<td class=\"spectable-colnumber-0\">414,8 &#8211; 440,0 &#8211; 466,8 Hz (b\u01b0\u1edbc t\u0103ng kho\u1ea3ng 0,2 Hz)<\/td>\n<td class=\"spectable-colnumber-6\"><\/td>\n<\/tr>\n<tr>\n<th class=\"active\" scope=\"row\">LO\u1ea0I \u00c2M GIAI<\/th>\n<td class=\"spectable-colnumber-0\">7 lo\u1ea1i<\/td>\n<td class=\"spectable-colnumber-6\"><\/td>\n<\/tr>\n<tr>\n<th class=\"active\" colspan=\"2\" scope=\"row\">BLUETOOTH<\/th>\n<td class=\"spectable-colnumber-0\">Audio\/MIDI (t\u00f9y t\u1eebng qu\u1ed1c gia)<\/td>\n<td class=\"spectable-colnumber-6\"><\/td>\n<\/tr>\n<tr class=\"active\">\n<th colspan=\"9\" aria-hidden=\"true\">CH\u1ee8C N\u0102NG<\/th>\n<\/tr>\n<tr>\n<th class=\"active\" colspan=\"2\" scope=\"row\">NH\u1ecaP \u0110I\u1ec6U<\/th>\n<td class=\"spectable-colnumber-0\">20<\/td>\n<td class=\"spectable-colnumber-6\"><\/td>\n<\/tr>\n<tr class=\"active\">\n<th colspan=\"9\" aria-hidden=\"true\">L\u01afU TR\u1eee V\u00c0 K\u1ebeT N\u1ed0I<\/th>\n<\/tr>\n<tr>\n<th class=\"active\" rowspan=\"2\" scope=\"row\">L\u01afU TR\u1eee<\/th>\n<th class=\"active\" scope=\"row\">B\u1ed8 NH\u1eda TRONG<\/th>\n<td class=\"spectable-colnumber-0\">Dung l\u01b0\u1ee3ng t\u1ed1i \u0111a kho\u1ea3ng 1,4 MB<\/td>\n<td class=\"spectable-colnumber-6\"><\/td>\n<\/tr>\n<tr>\n<th class=\"active\" scope=\"row\">\u0110\u0128A NGO\u00c0I<\/th>\n<td class=\"spectable-colnumber-0\">\u1ed4 \u0111\u0129a flash USB<\/td>\n<td class=\"spectable-colnumber-6\"><\/td>\n<\/tr>\n<tr>\n<th class=\"active\" rowspan=\"8\" scope=\"row\">K\u1ebeT N\u1ed0I<\/th>\n<th class=\"active\" scope=\"row\">TAI NGHE<\/th>\n<td class=\"spectable-colnumber-0\">Gi\u1eafc c\u1eafm \u0111i\u1ec7n tho\u1ea1i stereo chu\u1ea9n (x2)<\/td>\n<td class=\"spectable-colnumber-6\"><\/td>\n<\/tr>\n<tr>\n<th class=\"active\" scope=\"row\">MIDI<\/th>\n<td class=\"spectable-colnumber-0\">[IN] [OUT] [THRU]<\/td>\n<td class=\"spectable-colnumber-6\"><\/td>\n<\/tr>\n<tr>\n<th class=\"active\" scope=\"row\">AUX IN<\/th>\n<td class=\"spectable-colnumber-0\">Stereo mini<\/td>\n<td class=\"spectable-colnumber-6\"><\/td>\n<\/tr>\n<tr>\n<th class=\"active\" scope=\"row\">NG\u00d5 RA PH\u1ee4<\/th>\n<td class=\"spectable-colnumber-0\">[L\/L+R] [R]<\/td>\n<td class=\"spectable-colnumber-6\"><\/td>\n<\/tr>\n<tr>\n<th class=\"active\" scope=\"row\">PEDAL PH\u1ee4<\/th>\n<td class=\"spectable-colnumber-0\">C\u00f3<\/td>\n<td class=\"spectable-colnumber-6\"><\/td>\n<\/tr>\n<tr>\n<th class=\"active\" scope=\"row\">USB TO DEVICE<\/th>\n<td class=\"spectable-colnumber-0\">C\u00f3<\/td>\n<td class=\"spectable-colnumber-6\"><\/td>\n<\/tr>\n<tr>\n<th class=\"active\" scope=\"row\">USB TO HOST<\/th>\n<td class=\"spectable-colnumber-0\">C\u00f3<\/td>\n<td class=\"spectable-colnumber-6\"><\/td>\n<\/tr>\n<tr>\n<th class=\"active\" scope=\"row\">DC IN<\/th>\n<td class=\"spectable-colnumber-0\">24 V<\/td>\n<td class=\"spectable-colnumber-6\"><\/td>\n<\/tr>\n<tr class=\"active\">\n<th colspan=\"9\" aria-hidden=\"true\">AMPLI V\u00c0 LOA<\/th>\n<\/tr>\n<tr>\n<th class=\"active\" colspan=\"2\" scope=\"row\">AMPLI<\/th>\n<td class=\"spectable-colnumber-0\">(50 W + 50 W + 50 W) x 2<\/td>\n<td class=\"spectable-colnumber-6\"><\/td>\n<\/tr>\n<tr>\n<th class=\"active\" colspan=\"2\" scope=\"row\"><\/th>\n<td class=\"spectable-colnumber-0\">Loa Spruce Cone (16 cm + 8 cm + 2,5 cm (v\u00f2m) + b\u1ed9 chuy\u1ec3n \u0111\u1ed5i) x 2<\/td>\n<td class=\"spectable-colnumber-6\"><\/td>\n<\/tr>\n<tr class=\"active\">\n<th colspan=\"9\" aria-hidden=\"true\">B\u1ed8 NGU\u1ed2N<\/th>\n<\/tr>\n<tr>\n<th class=\"active\" colspan=\"2\" scope=\"row\">TI\u00caU TH\u1ee4 \u0110I\u1ec6N<\/th>\n<td class=\"spectable-colnumber-0\">60 W (Khi s\u1eed d\u1ee5ng b\u1ed9 \u0111\u1ed5i ngu\u1ed3n AC PA-500)<\/td>\n<td class=\"spectable-colnumber-6\"><\/td>\n<\/tr>\n<tr>\n<th class=\"active\" colspan=\"2\" scope=\"row\">T\u1ef0 \u0110\u1ed8NG T\u1eaeT NGU\u1ed2N<\/th>\n<td class=\"spectable-colnumber-0\">C\u00f3<\/td>\n<td class=\"spectable-colnumber-6\"><\/td>\n<\/tr>\n<tr>\n<th class=\"active\" rowspan=\"1\" scope=\"row\">B\u1ed8 NGU\u1ed2N<\/th>\n<th class=\"active\" scope=\"row\">B\u1ed8 \u0110\u1ed4I NGU\u1ed2N<\/th>\n<td class=\"spectable-colnumber-0\">PA-500<\/td>\n<td class=\"spectable-colnumber-6\"><\/td>\n<\/tr>\n<tr class=\"active\">\n<th colspan=\"9\" aria-hidden=\"true\">PH\u1ee4 KI\u1ec6N<\/th>\n<\/tr>\n<tr>\n<th class=\"active\" colspan=\"2\" scope=\"row\">PH\u1ee4 KI\u1ec6N<\/th>\n<td class=\"spectable-colnumber-0\">H\u01b0\u1edbng d\u1eabn s\u1eed d\u1ee5ng, S\u00e1ch nh\u1ea1c \u201c50 Classical Music Masterpieces\u201d, \u0110\u0103ng k\u00fd th\u00e0nh vi\u00ean tr\u1ef1c tuy\u1ebfn, B\u1ea3o h\u00e0nh*, Gh\u1ebf*, D\u00e2y ngu\u1ed3n*\/ B\u1ed9 \u0111\u1ed5i ngu\u1ed3n* PA-500 *t\u00f9y t\u1eebng khu v\u1ef1c<\/td>\n<\/tr>\n<\/tbody>\n<\/table>\n<div data-id=\"9ly1xDmkO1M\" data-query=\"\" data-src=\"https:\/\/www.youtube.com\/embed\/9ly1xDmkO1M\"><\/div>\n<div data-id=\"9ly1xDmkO1M\" data-query=\"\" data-src=\"https:\/\/www.youtube.com\/embed\/9ly1xDmkO1M\"><a href=\"https:\/\/www.facebook.com\/anpiano.saigon\" target=\"_blank\" rel=\"noopener\">T\u01b0 v\u1ea5n v\u00e0 ch\u1ecdn mua s\u1ea3n ph\u1ea9m kh\u00e1c t\u1ea1i \u0111\u00e2y<\/a><\/div>\n<div data-id=\"9ly1xDmkO1M\" data-query=\"\" data-src=\"https:\/\/www.youtube.com\/embed\/9ly1xDmkO1M\"><a href=\"http:\/\/thumuapiano.com\/\" target=\"_blank\" rel=\"noopener\">Ch\u00fang t\u00f4i nh\u1eadn thu mua Piano, h\u00e3y li\u00ean h\u1ec7 n\u1ebfu b\u1ea1n c\u00f3 nhu c\u1ea7u.<\/a><\/div>\n<\/div>\n<p>&nbsp;<\/p>\n","protected":false},"excerpt":{"rendered":"<ul>\n<li>B\u1ea3o h\u00e0nh 24 th\u00e1ng\u00a0<a href=\"https:\/\/anpiano.com\/chinh-sach-bao-hanh\/\">xem th\u00eam<\/a><\/li>\n<li>Gh\u1ebf<\/li>\n<li>Kh\u0103n ph\u1ee7 ph\u00edm<\/li>\n<li>\u0110\u1ed5i ngu\u1ed3n 220V<\/li>\n<li>Freeship HCM \u2013 HN \u2013 \u0110N &#8211; NT<\/li>\n<li>Kh\u00f3a h\u1ecdc online<\/li>\n<\/ul>\n","protected":false},"featured_media":7650,"comment_status":"open","ping_status":"closed","template":"","meta":[],"product_cat":[356],"product_tag":[910,909,911],"class_list":{"0":"post-7620","1":"product","2":"type-product","3":"status-publish","4":"has-post-thumbnail","6":"product_cat-san-pham-noi-bat-dien","7":"product_tag-clp-795gp","8":"product_tag-dan-piano-yamaha-clp-795gp","9":"product_tag-yamaha-clp-795gp","11":"first","12":"instock","13":"sale","14":"shipping-taxable","15":"purchasable","16":"product-type-simple"},"jetpack_sharing_enabled":true,"_links":{"self":[{"href":"https:\/\/anpiano.com\/index.php?rest_route=\/wp\/v2\/product\/7620"}],"collection":[{"href":"https:\/\/anpiano.com\/index.php?rest_route=\/wp\/v2\/product"}],"about":[{"href":"https:\/\/anpiano.com\/index.php?rest_route=\/wp\/v2\/types\/product"}],"replies":[{"embeddable":true,"href":"https:\/\/anpiano.com\/index.php?rest_route=%2Fwp%2Fv2%2Fcomments&post=7620"}],"version-history":[{"count":2,"href":"https:\/\/anpiano.com\/index.php?rest_route=\/wp\/v2\/product\/7620\/revisions"}],"predecessor-version":[{"id":14428,"href":"https:\/\/anpiano.com\/index.php?rest_route=\/wp\/v2\/product\/7620\/revisions\/14428"}],"wp:featuredmedia":[{"embeddable":true,"href":"https:\/\/anpiano.com\/index.php?rest_route=\/wp\/v2\/media\/7650"}],"wp:attachment":[{"href":"https:\/\/anpiano.com\/index.php?rest_route=%2Fwp%2Fv2%2Fmedia&parent=7620"}],"wp:term":[{"taxonomy":"product_cat","embeddable":true,"href":"https:\/\/anpiano.com\/index.php?rest_route=%2Fwp%2Fv2%2Fproduct_cat&post=7620"},{"taxonomy":"product_tag","embeddable":true,"href":"https:\/\/anpiano.com\/index.php?rest_route=%2Fwp%2Fv2%2Fproduct_tag&post=7620"}],"curies":[{"name":"wp","href":"https:\/\/api.w.org\/{rel}","templated":true}]}}