{"id":7695,"date":"2022-04-23T10:28:07","date_gmt":"2022-04-23T03:28:07","guid":{"rendered":"https:\/\/anpiano.com\/?post_type=product&#038;p=7695"},"modified":"2025-09-29T11:40:29","modified_gmt":"2025-09-29T04:40:29","slug":"kawai_ca_48","status":"publish","type":"product","link":"https:\/\/anpiano.com\/?product=kawai_ca_48","title":{"rendered":"Kawai CA 48A"},"content":{"rendered":"<h4><strong>Kawai CA 48A<\/strong> l\u00e0 Model thu\u1ed9c ph\u00e2n kh\u00fac piano \u0111i\u1ec7n cao c\u1ea5p nh\u1ea5t th\u01b0\u01a1ng hi\u1ec7u Kawai v\u1edbi c\u00f4ng ngh\u1ec7 ph\u00edm g\u1ed7 \u0111\u1ed9 nh\u1ea1y tuy\u1ec7t v\u1eddi c\u00f9ng ch\u1ea5t \u00e2m grand piano.<\/h4>\n<p><strong>\u0110\u0103\u0323c \u0111i\u00ea\u0309m n\u00f4\u0309i b\u00e2\u0323t \u0111a\u0300n piano \u0111i\u00ea\u0323n Kawai CA 48A<\/strong><\/p>\n<p><strong>Thi\u1ebft k\u1ebf sang tr\u1ecdng, thanh l\u1ecbch<\/strong><\/p>\n<p>\u0110a\u0300n piano \u0111i\u00ea\u0323n Kawai CA 48A n\u1ed5i b\u1eadt v\u1edbi thi\u1ebft k\u1ebf c\u1ee7a m\u1ed9t c\u00e2y Piano Upright nh\u01b0ng l\u1ea1i ch\u1ee9a \u0111\u1ef1ng b\u00ean trong c\u00e1c \u0111\u1eb7c \u0111i\u1ec3m c\u1ee7a m\u1ed9t c\u00e2y Grand Piano. V\u1edbi k\u00edch th\u01b0\u1edbc linh ho\u1ea1t, Kawai CA48 ph\u00f9 h\u1ee3p cho m\u1ecdi kh\u00f4ng gian, t\u1eeb ph\u00f2ng kh\u00e1ch \u0111\u1ebfn ph\u00f2ng ng\u1ee7\u2026<\/p>\n<p><strong>\u00c2m thanh nh\u01b0 c\u00e2y \u0110\u1ea1i d\u01b0\u01a1ng c\u1ea7m<\/strong><\/p>\n<p>\u0110\u00e0n Piano \u0111i\u1ec7n Kawai CA 48A \u0111\u01b0\u1ee3c c\u00e1c nh\u00e0 k\u1ef9 thu\u1eadt \u00e2m thanh Kawai l\u1ea5y m\u1eabu t\u1eebng ph\u00edm \u0111\u1ec3 cho ra ch\u1ea5t l\u01b0\u1ee3ng ch\u00e2n th\u1ef1c nh\u1ea5t.<\/p>\n<p>\u00c2m thanh Kawai Kawai CA 48A \u0111\u01b0\u1ee3c l\u1ea5y m\u1eabu t\u1eeb 2 s\u1ea3n ph\u1ea9m Piano \u0111\u1eb3ng c\u1ea5p h\u00e0ng \u0111\u1ea7u l\u00e0 Shigeru Kawai SK-EX v\u00e0 Shigeru Kawai SK-5, mang \u0111\u1ebfn tr\u1ea3i nghi\u1ec7m nh\u01b0 tr\u00ean piano \u0111\u1eb3ng c\u1ea5p h\u00f2a nh\u1ea1c. V\u00ec v\u1eady, m\u1ed7i ph\u00edm \u0111\u00e0n Kawai CA48 l\u00e0 m\u1ed7i \u00e2m thanh c\u1ee7a t\u1eebng n\u1ed1t tr\u00ean c\u00e2y SK-EX. N\u00f3 gi\u00fap ng\u01b0\u1eddi ch\u01a1i c\u00f3 th\u1ec3 c\u1ea3m nh\u1eadn t\u1eebng dao \u0111\u1ed9ng c\u1ee7a t\u1eebng n\u1ed1t, h\u00ecnh th\u00e0nh kh\u00f4ng gian \u00e2m nh\u1ea1c chuy\u00ean nghi\u1ec7p v\u00e0 c\u1ea3m gi\u00e1c th\u1eadt ch\u1ea5t.<\/p>\n<p><strong>Ph\u00edm \u0111\u00e0n m\u00f4 ph\u1ecfng ng\u00e0 voi v\u00e0 g\u1ed7 mun \u0111en<\/strong><\/p>\n<p><img fetchpriority=\"high\" decoding=\"async\" class=\"aligncenter wp-image-9272\" src=\"https:\/\/anpiano.com\/wp-content\/uploads\/2022\/04\/z4077973646333_92ad3aea554d65e0d641f2779fd0ca2b-300x300.jpg\" alt=\"Kawai CA 48A\" width=\"462\" height=\"462\" srcset=\"https:\/\/anpiano.com\/wp-content\/uploads\/2022\/04\/z4077973646333_92ad3aea554d65e0d641f2779fd0ca2b-300x300.jpg 300w, https:\/\/anpiano.com\/wp-content\/uploads\/2022\/04\/z4077973646333_92ad3aea554d65e0d641f2779fd0ca2b-1024x1024.jpg 1024w, https:\/\/anpiano.com\/wp-content\/uploads\/2022\/04\/z4077973646333_92ad3aea554d65e0d641f2779fd0ca2b-150x150.jpg 150w, https:\/\/anpiano.com\/wp-content\/uploads\/2022\/04\/z4077973646333_92ad3aea554d65e0d641f2779fd0ca2b-768x768.jpg 768w, https:\/\/anpiano.com\/wp-content\/uploads\/2022\/04\/z4077973646333_92ad3aea554d65e0d641f2779fd0ca2b-510x510.jpg 510w, https:\/\/anpiano.com\/wp-content\/uploads\/2022\/04\/z4077973646333_92ad3aea554d65e0d641f2779fd0ca2b-100x100.jpg 100w, https:\/\/anpiano.com\/wp-content\/uploads\/2022\/04\/z4077973646333_92ad3aea554d65e0d641f2779fd0ca2b.jpg 1276w\" sizes=\"(max-width: 462px) 100vw, 462px\" \/><\/p>\n<p>Ph\u00edm \u0111\u00e0n Kawai CA 48A m\u00f4 ph\u1ecfng ng\u00e0 voi v\u00e0 g\u1ed7 mun \u0111en gi\u00fap th\u1ea5m m\u1ed3 h\u00f4i, ch\u1ed1ng tr\u01a1n tr\u01b0\u1ee3t ph\u00edm khi ch\u01a1i. \u0110\u1ed3ng th\u1eddi, n\u00f3 gi\u00fap ng\u01b0\u1eddi ch\u01a1i d\u1ec5 d\u00e0ng v\u1ec7 sinh b\u1ec1 m\u1eb7t ph\u00edm \u0111\u1ec3 gi\u1eef ph\u00edm lu\u00f4n s\u00e1ng v\u00e0 b\u1ec1n th\u1eadt l\u00e2u.<\/p>\n<p>\u0110\u1eb7c bi\u1ec7t ph\u1ea7n ph\u00edm Bass c\u1ee7a CA 48A \u0111\u01b0\u1ee3c thi\u1ebft k\u1ebf \u0110\u1ed1i Tr\u1ecdng, gi\u00fap ch\u00fang ta th\u1ec3 hi\u1ec7n c\u00e1c \u0111o\u1ea1n cao tr\u00e0o, m\u1ea1nh m\u1ebd \u0111\u01b0\u1ee3c ch\u00ednh x\u00e1c h\u01a1n. \u0110\u1ed3ng th\u1eddi truy\u1ec1n l\u1ef1c hi\u1ec7u qu\u1ea3 v\u00e0 mang \u0111\u1ebfn c\u1ea3m gi\u00e1c d\u1ec5 ch\u1ecbu cho ng\u00f3n tay.<\/p>\n<p><strong>B\u1ed9 m\u00e1y Grand Feel Compact wooden-key keyboard<\/strong><\/p>\n<p>\u0110a\u0300n piano \u0111i\u1ec7n Kawai CA 48A l\u00e0 s\u1ea3n ph\u1ea9m \u0111\u1ea7u ti\u00ean \u0111\u01b0\u1ee3c l\u1eafp B\u1ed9 m\u00e1y Grand Feel Compact v\u1edbi ph\u00edm \u0111\u00e0n \u0111\u01b0\u1ee3c l\u00e0m ho\u00e0n to\u00e0n b\u1eb1ng g\u1ed7. N\u00f3 t\u00e1i t\u1ea1o ch\u00ednh x\u00e1c c\u00e2n n\u1eb7ng c\u1ee7a t\u1eebng ph\u00edm \u0111\u00e0n nh\u01b0 tr\u00ean Piano Acoustic.<\/p>\n<p>H\u1ec7 m\u00e1y n\u00e0y thi\u1ebft k\u1ebf ph\u00edm \u0111\u00e0n d\u00e0i h\u01a1n, t\u1ea1o t\u00ednh b\u1eadc n\u1ea3y t\u1ed1t h\u01a1n, cho ra c\u1ea3m gi\u00e1c ph\u00edm m\u01b0\u1ee3t m\u00e0, ch\u1eafc tay khi ta \u0111\u00e1nh m\u1ea1nh, \u00eam tay tinh t\u1ebf khi ta \u0111\u00e1nh nh\u1eb9.<\/p>\n<p><strong>H\u1ec7 th\u1ed1ng c\u1ea3m bi\u1ebfn 3 \u0111i\u1ec3m<\/strong><\/p>\n<p>H\u1ec7 th\u1ed1ng c\u1ea3m bi\u1ebfn 3 \u0111i\u1ec3m gi\u00fap CA 48A ph\u00e1t ra \u00e2m thanh \u0111\u01b0\u1ee3c li\u00ean t\u1ee5c \u0111\u00fang \u00fd ng\u01b0\u1edfi ch\u01a1i, s\u1ebd kh\u00f4ng b\u1ecb ng\u1eaft qu\u00e3ng khi ch\u01a1i c\u00e1c \u0111o\u1ea1n c\u00f3 t\u1ed1c \u0111\u1ed9 cao m\u00e0 v\u1eabn gi\u1eef s\u1eafc th\u00e1i tuy\u1ec7t v\u1eddi.<\/p>\n<p><strong>B\u1ed9 ph\u1eadn N\u00fat \u201cLet-off\u201d<\/strong><\/p>\n<p>V\u1edbi v\u1ecb th\u1ebf l\u00e0 b\u1ed9 m\u00e1y\u00a0\u0111a\u0300n piano \u0111i\u00ea\u0323n\u00a0ch\u00e2n th\u1ef1c nh\u1ea5t, KAWAI th\u1eadm ch\u00ed c\u00f2n \u00e1p d\u1ee5ng 1 chi ti\u1ebft kh\u00e1c c\u1ee7a Piano Acoustic cho s\u1ea3n ph\u1ea9m n\u00e0y, \u0111\u00f3 l\u00e0 b\u1ed9 ph\u1eadn N\u00fat \u201clet-off\u201d. N\u00fat ch\u1eb7n trong b\u1ed9 m\u00e1y n\u00e0y gi\u00fap cho ng\u01b0\u1eddi ch\u01a1i c\u00f3 c\u1ea3m gi\u00e1c nh\u01b0 k\u1ebft n\u1ed1i \u0111\u01b0\u1ee3c v\u1edbi c\u00e1c kh\u1edbp b\u00ean trong b\u1ed9 m\u00e1y, \u0111i\u1ec1u khi\u1ec3n m\u01b0\u1ee3t h\u01a1n, \u0111\u00fang \u00fd \u0111\u1ed3 h\u01a1n, \u0111\u00e1p \u1ee9ng s\u1eb5n s\u00e0ng y\u00eau c\u1ea7u kh\u1eaft khe khi ng\u01b0\u1eddi ch\u01a1i c\u00f3 tr\u00ecnh \u0111\u1ed9 chuy\u00ean nghi\u1ec7p.<\/p>\n<p><strong>C\u00f4ng ngh\u1ec7 Harmonic Imaging<\/strong><\/p>\n<p><span style=\"font-size: 14.4px;\">Khi ch\u00fang ta ch\u01a1i Piano, m\u1ed7i n\u1ed1t nh\u1ea1c ph\u00e1t ra kh\u00f4ng ch\u1ec9 c\u00f3 \u00e2m l\u01b0\u1ee3ng l\u1edbn nh\u1ecf, nh\u01b0ng c\u00f2n c\u00f3 th\u00eam s\u1eafc th\u00e1i c\u1ee7a n\u1ed1t nh\u1ea1c \u0111\u00f3, v\u00e0 v\u1edbi C\u00f4ng ngh\u1ec7 Harmonic Imaging c\u1ee7a KAWAI, \u00e2m thanh \u0111\u01b0\u1ee3c l\u1ea5y m\u1eabu ho\u00e0n to\u00e0n chi ti\u1ebft t\u1eeb l\u1ef1c \u0111\u00e1nh c\u1ef1c nh\u1eb9 \u0111\u1ebfn c\u1ef1c m\u1ea1nh \u0111\u1ec3 x\u00e2y d\u1ef1ng d\u1ea3i t\u1ea7n c\u01b0\u1eddng \u0111\u1ed9 \u00e2m thanh c\u1ee7a t\u1eebng n\u1ed1t nh\u1ea1c, \u0111\u00e2y l\u00e0 giai \u0111o\u1ea1n t\u1ed1n r\u1ea5t nhi\u1ec1u c\u00f4ng s\u1ee9c v\u00e0 quy\u1ebft \u0111\u1ecbnh \u0111\u1ebfn ch\u1ea5t \u00e2m ph\u00e1t ra c\u00f3 gi\u1ed1ng th\u1ef1c hay kh\u00f4ng c\u1ee7a piano \u0111i\u00ea\u0323n.<\/span><\/p>\n<p>Kh\u00f4ng nh\u01b0 c\u00e1c th\u01b0\u01a1ng hi\u1ec7u \u0111a\u0300n piano \u0111i\u00ea\u0323n kh\u00e1c, khi ch\u00fang ta \u0111\u00e1nh m\u1ea1nh hay \u0111\u00e1nh nh\u1eb9, th\u00ec n\u1ed1t nh\u1ea1c ph\u00e1t ra khi l\u1edbn khi nh\u1ecf \u0111\u1ec1u ch\u1ec9 M\u1ed9t s\u1eafc th\u00e1i gi\u1ed1ng nhau. Nh\u01b0ng KAWAI \u0111\u00e3 t\u1ea1o n\u00ean m\u1ed9t C\u00f4ng ngh\u1ec7 \u0111\u1ec3 gi\u00fap c\u00e1c d\u00f2ng s\u1ea3n ph\u1ea9m piano \u0111i\u00ea\u0323n c\u00f3 \u0111\u01b0\u1ee3c H\u1ec7 ti\u1ebfng \u0111a d\u1ea1ng, t\u1ef1 nhi\u00ean &amp; thu h\u00fat nh\u1ea5t, v\u00e0 \u0111\u00f3 l\u00e0 Harmonic Imaging.<\/p>\n<p><strong>T\u00ednh n\u0103ng Artisans \u1ea2o<\/strong><\/p>\n<p>Ki\u1ebfn th\u1ee9c &amp; k\u1ef9 n\u0103ng c\u1ee7a c\u00e1c Artisans \u2013 K\u1ef9 thu\u1eadt vi\u00ean ch\u1ec9nh \u00e2m Piano chuy\u00ean nghi\u1ec7p \u2013 l\u00e0 y\u1ebfu t\u1ed1 quan tr\u1ecdng quy\u1ebft \u0111\u1ecbnh \u00e2m thanh s\u1ebd \u0111\u01b0\u1ee3c ph\u00e1t ra nh\u01b0 th\u1ebf n\u00e0o. Ti\u1ebfng s\u00e1ng, ti\u1ebfng d\u00e0y, ti\u1ebfng \u1ea5m\u2026\u0111\u1ec1u \u0111\u01b0\u1ee3c c\u00e1c Artisans quy\u1ebft \u0111\u1ecbnh.<\/p>\n<p>\u0110a\u0300n piano \u0111i\u00ea\u0323n Kawai CA 48A c\u00f3 t\u00edch h\u1ee3p lu\u00f4n c\u1ea3 ch\u1ee9c n\u0103ng K\u1ef9 Thu\u1eadt \u1ea2o gi\u00fap m\u00f4 ph\u1ecfng l\u1ea1i c\u00e1c lo\u1ea1i \u00e2m thanh \u0111\u01b0\u1ee3c c\u00e1c Artisan tinh ch\u1ec9nh \u0111\u1ec3 t\u1ea1o n\u00ean ch\u1ea5t \u00e2m ri\u00eang m\u00e0 ng\u01b0\u1eddi ch\u01a1i y\u00eau th\u00edch. \u0110\u00e2y l\u00e0 t\u00ednh n\u0103ng c\u1ef1c k\u1ef3 th\u00fa v\u1ecb m\u00e0 ch\u1ec9 KAWAI s\u00e1ng ch\u1ebf v\u00e0 g\u1eedi \u0111\u1ebfn ng\u01b0\u1eddi y\u00eau nh\u1ea1c.<\/p>\n<p><strong>H\u1ec7 th\u1ed1ng 4 loa ch\u1ea5t l\u01b0\u1ee3ng cao<\/strong><\/p>\n<p>C\u00e1c s\u1ea3n ph\u1ea9m trong d\u00f2ng CA (Concert Artist) \u0111\u01b0\u1ee3c KAWAI thi\u1ebft k\u1ebf h\u1ec7 th\u1ed1ng 4 Loa ch\u1ea5t l\u01b0\u1ee3ng cao, v\u1ecb tr\u00ed h\u01b0\u1edbng \u0111\u1ed1i di\u1ec7n v\u00e0 ph\u00eda d\u01b0\u1edbi Piano \u0111\u1ec3 cho ra ch\u1ea5t \u00e2m Bass s\u00e2u d\u00e0y &amp; Treble trong tr\u1ebbo.<\/p>\n<p><strong>Ti\u1ec7n \u00edch b\u1ed5 sung<\/strong><\/p>\n<p>Ngo\u00e0i thi\u1ebft k\u1ebf sang tr\u1ecdng ra,\u00a0<em>\u0111a\u0300n<strong> piano \u0111i\u00ea\u0323n Kawai CA48A<\/strong><\/em>\u00a0c\u00f2n c\u00f3 th\u00eam nh\u1eefng ti\u1ec7n \u00edch b\u1ed5 sung h\u1eefu \u00edch kh\u00e1c nh\u01b0 l\u1ef1a ch\u1ecdn nhanh c\u00e1c h\u1ec7 ti\u1ebfng Piano ch\u1ea5t l\u01b0\u1ee3ng kh\u00e1c nhau, c\u00f3 th\u1ec3 thu \u00e2m v\u00e0 ph\u00e1t l\u1ea1i, \u0111\u1eb7c bi\u1ec7t l\u00e0 c\u00f3 Bluetooth v\u00e0 USB \u0111\u1ec3 k\u1ebft n\u1ed1i c\u00e1c ph\u01b0\u01a1ng ti\u1ec7n kh\u00e1c.<\/p>\n<p>\u0110\u1eb7c bi\u1ec7t v\u1edbi c\u00e1c b\u00e0i t\u1eadp ng\u00f3n \u0111\u01b0\u1ee3c c\u00e0i \u0111\u1eb7t s\u1eb5n, CA 48A c\u0169ng gi\u00fap ng\u01b0\u1eddi ch\u01a1i c\u00f3 th\u1ec3 luy\u1ec7n t\u1eadp t\u1ea1i nh\u00e0 th\u00f4ng qua c\u00e1c b\u00e0i t\u1eadp chuy\u00ean nghi\u1ec7p c\u1ee7a Czerny, Burgm\u00fcller, Beyer, Bach, Beethoven, Chopin etudes, ho\u1eb7c b\u1ed9 s\u01b0u t\u1eadp c\u1ee7a s\u00e1ch Piano Alfred\u2019s Basic, Adult, v\u00e0 Premier.<\/p>\n<p><strong>C\u00e1c \u00e2m thanh v\u00e0 ch\u1ebf \u0111\u1ed9 kh\u00e1c<\/strong><\/p>\n<p>\u0110a\u0300n piano \u0111i\u00ea\u0323n <strong>Kawai CA 48A<\/strong> c\u0169ng cung c\u1ea5p h\u00e0ng lo\u1ea1t c\u00e1c lo\u1ea1i \u00e2m thanh nh\u1ea1c c\u1ee5 kh\u00e1c nhau nh\u01b0 electric pianos, organs, harpsichord, vibraphone, v\u00e0 strings<\/p>\n<p>Ch\u1ebf \u0111\u1ed9 h\u1ee3p t\u1ea5u gi\u00fap ng\u01b0\u1eddi ch\u01a1i c\u00f3 th\u1ec3 \u0111\u00e0n 2 ti\u1ebfng kh\u00e1c nhau c\u00f9ng l\u00fac, t\u1ea1o n\u00ean nh\u1eefng b\u1ea3n nh\u1ea1c \u0111\u1eb7c s\u1eafc theo ch\u1ee7 quan ng\u01b0\u1eddi ch\u01a1i.<\/p>\n<p><strong>K\u1ebft n\u1ed1i Bluetooth<\/strong><\/p>\n<p>\u0110a\u0300n piano \u0111i\u00ea\u0323n Kawai CA 48A s\u1eb5n s\u00e0ng k\u1ebft n\u1ed1i Bluebooth cho c\u00e1c m\u1ee5c \u0111\u00edch kh\u00e1c nhau c\u1ee7a ng\u01b0\u1eddi ch\u01a1i.<\/p>\n<p><strong>Pedal<\/strong><\/p>\n<p>Kawai \u0111\u00e3 l\u1eafp h\u1ec7 th\u1ed1ng pedal gi\u1ed1ng pedal c\u1ee7a Piano Grand, chi ti\u1ebft \u0111\u1ed9c quy\u1ec1n n\u00e0y gi\u00fap ng\u01b0\u1eddi ch\u01a1i s\u1ebd c\u00f3 c\u1ea3m gi\u00e1c nh\u01b0 \u0111ang \u0111\u00e0n tr\u00ean m\u1ed9t c\u00e2y Piano Grand th\u1ef1c th\u1ee5.<\/p>\n<p>H\u01a1n n\u1eefa, v\u1edbi nh\u1eefng ng\u01b0\u1eddi ch\u01a1i c\u00f3 tr\u00ecnh \u0111\u1ed9 cao, h\u1ecd s\u1ebd c\u1ea3m th\u1ea5y h\u00e0i l\u00f2ng v\u1edbi \u0111\u1ed9 nh\u1ea1y c\u1ee7a pedal th\u00f4ng qua vi\u1ec7c \u0111\u1ea1p m\u1ed9t n\u1eeda Pedal cho c\u00e1c \u0111o\u1ea1n nh\u1ea1c y\u00eau c\u1ea7u ph\u1ea3i th\u1ec3 hi\u1ec7n nh\u01b0 v\u1eady. V\u00e0 CA 48A ho\u1ea1t \u0111\u1ed9ng ch\u00ednh x\u00e1c nh\u01b0 \u00fd mu\u1ed1n ng\u01b0\u1eddi ch\u01a1i.<\/p>\n<p><strong>Tr\u1ea3i nghi\u1ec7m Headphone cao c\u1ea5p<\/strong><\/p>\n<p>C\u00f4ng ngh\u1ec7 SHS (Spatial Headphone Sound \u2013 M\u00f4 ph\u1ecfng Kh\u00f4ng gian Nghe nh\u1ea1c) l\u00e0m cho \u00e2m thanh nghe qua Headphone hay Earphone c\u00f3 chi\u1ec1u s\u00e2u \u0111\u1eb7c bi\u1ec7t v\u00e0 ng\u01b0\u1eddi nghe s\u1ebd c\u00f3 c\u1ea3m gi\u00e1c nh\u01b0 \u0111ang \u0111\u00e0n trong m\u1ed9t kh\u00f4ng gian \u00e2m nh\u1ea1c th\u1ef1c s\u1ef1 t\u1eeb s\u1ea3nh nh\u1ecf, h\u1ed9i ngh\u1ecb \u0111\u1ebfn kh\u00f4ng gian h\u00f2a nh\u1ea1c chuy\u00ean nghi\u1ec7p.<\/p>\n<p><strong>Vocal Assist &amp; Sound Preview<\/strong><\/p>\n<p>B\u00ean c\u1ea1nh khu v\u1ef1c \u0111i\u1ec1u khi\u1ec3n hi\u1ec7n \u0111\u1ea1i, CA48 c\u00f2n cung c\u1ea5p nhi\u1ec1u t\u00ednh n\u0103ng, trong \u0111\u00f3 c\u00f3 Sound Preview v\u00e0 Vocal Assist. Khi \u0111\u01b0\u1ee3c k\u00edch ho\u1ea1t, Vocal Assisst s\u1ebd ph\u00e1t ra gi\u1ecdng n\u00f3i \u0111\u1ec3 gi\u1ea3i th\u00edch ch\u1ee9c n\u0103ng c\u1ee7a n\u00fat \u0111\u00f3 l\u00e0 g\u00ec. Sound Preview s\u1ebd ch\u01a1i m\u1ed9t \u0111o\u1ea1n ng\u1eafn h\u1ec7 ti\u1ebfng \u0111\u01b0\u1ee3c ch\u1ecdn, gi\u00fap ng\u01b0\u1eddi ch\u01a1i d\u1ec5 d\u00e0ng t\u00ecm lo\u1ea1i \u00e2m thanh m\u00ecnh th\u00edch nhanh ch\u00f3ng<\/p>\n<p><strong>Th\u00f4ng s\u00f4\u0301 ky\u0303 thu\u00e2\u0323t \u0111a\u0300n piano \u0111i\u00ea\u0323n Kawai CA 48A :<\/strong><\/p>\n<table id=\"tablepress-22\">\n<tbody>\n<tr>\n<td rowspan=\"3\">K\u00edch th\u01b0\u1edbc<\/td>\n<td>Chi\u1ec1u r\u1ed9ng<\/td>\n<td>136 cm<\/td>\n<\/tr>\n<tr>\n<td>Chi\u1ec1u s\u00e2u<\/td>\n<td>46.5 cm<\/td>\n<\/tr>\n<tr>\n<td>Chi\u1ec1u cao<\/td>\n<td>86.5 cm (kh\u00f4ng bao g\u1ed3m ph\u1ea7n nh\u1ea1c)<\/td>\n<\/tr>\n<\/tbody>\n<\/table>\n<ul>\n<li>Tr\u1ecdng l\u01b0\u1ee3ng : 57 kg<\/li>\n<\/ul>\n<div data-id=\"9ly1xDmkO1M\" data-query=\"\" data-src=\"https:\/\/www.youtube.com\/embed\/9ly1xDmkO1M\"><a href=\"https:\/\/www.facebook.com\/anpiano.saigon\" target=\"_blank\" rel=\"noopener\">T\u01b0 v\u1ea5n v\u00e0 ch\u1ecdn mua s\u1ea3n ph\u1ea9m kh\u00e1c t\u1ea1i \u0111\u00e2y<\/a><\/div>\n<div data-id=\"9ly1xDmkO1M\" data-query=\"\" data-src=\"https:\/\/www.youtube.com\/embed\/9ly1xDmkO1M\"><a href=\"http:\/\/thumuapiano.com\/\" target=\"_blank\" rel=\"noopener\">Ch\u00fang t\u00f4i nh\u1eadn thu mua Piano, h\u00e3y li\u00ean h\u1ec7 n\u1ebfu b\u1ea1n c\u00f3 nhu c\u1ea7u.<\/a><\/div>\n<p>&nbsp;<\/p>\n","protected":false},"excerpt":{"rendered":"<ul>\n<li>\n<h1><strong><span style=\"font-size: 24pt;\">Qu\u00e0 T\u1eb7ng:<\/span><\/strong><\/h1>\n<ul>\n<li>B\u1ea3o h\u00e0nh 24 th\u00e1ng <a href=\"https:\/\/anpiano.com\/chinh-sach-bao-hanh\/\">xem th\u00eam<\/a><\/li>\n<li>Gh\u1ebf<\/li>\n<li>Kh\u0103n ph\u1ee7 ph\u00edm<\/li>\n<li>\u0110\u1ed5i ngu\u1ed3n 220V<\/li>\n<li>Freeship HCM &#8211; HN &#8211; \u0110N &#8211; NT &#8211; BMT<\/li>\n<li>Kh\u00f3a h\u1ecdc online<\/li>\n<\/ul>\n<\/li>\n<li><\/li>\n<\/ul>\n","protected":false},"featured_media":9343,"comment_status":"open","ping_status":"closed","template":"","meta":[],"product_cat":[17,132],"product_tag":[474,482,300,1301,1302,641],"class_list":{"0":"post-7695","1":"product","2":"type-product","3":"status-publish","4":"has-post-thumbnail","6":"product_cat-piano-dan-dien","7":"product_cat-ka-wai","8":"product_tag-an-piano","9":"product_tag-dan-dien","10":"product_tag-kawai","11":"product_tag-kawai-ca-48a","12":"product_tag-kawai-ca48","13":"product_tag-piano-gia-re","15":"first","16":"instock","17":"sale","18":"featured","19":"shipping-taxable","20":"purchasable","21":"product-type-simple"},"jetpack_sharing_enabled":true,"_links":{"self":[{"href":"https:\/\/anpiano.com\/index.php?rest_route=\/wp\/v2\/product\/7695"}],"collection":[{"href":"https:\/\/anpiano.com\/index.php?rest_route=\/wp\/v2\/product"}],"about":[{"href":"https:\/\/anpiano.com\/index.php?rest_route=\/wp\/v2\/types\/product"}],"replies":[{"embeddable":true,"href":"https:\/\/anpiano.com\/index.php?rest_route=%2Fwp%2Fv2%2Fcomments&post=7695"}],"version-history":[{"count":4,"href":"https:\/\/anpiano.com\/index.php?rest_route=\/wp\/v2\/product\/7695\/revisions"}],"predecessor-version":[{"id":14429,"href":"https:\/\/anpiano.com\/index.php?rest_route=\/wp\/v2\/product\/7695\/revisions\/14429"}],"wp:featuredmedia":[{"embeddable":true,"href":"https:\/\/anpiano.com\/index.php?rest_route=\/wp\/v2\/media\/9343"}],"wp:attachment":[{"href":"https:\/\/anpiano.com\/index.php?rest_route=%2Fwp%2Fv2%2Fmedia&parent=7695"}],"wp:term":[{"taxonomy":"product_cat","embeddable":true,"href":"https:\/\/anpiano.com\/index.php?rest_route=%2Fwp%2Fv2%2Fproduct_cat&post=7695"},{"taxonomy":"product_tag","embeddable":true,"href":"https:\/\/anpiano.com\/index.php?rest_route=%2Fwp%2Fv2%2Fproduct_tag&post=7695"}],"curies":[{"name":"wp","href":"https:\/\/api.w.org\/{rel}","templated":true}]}}