{"id":7714,"date":"2022-04-23T11:28:06","date_gmt":"2022-04-23T04:28:06","guid":{"rendered":"https:\/\/anpiano.com\/?post_type=product&#038;p=7714"},"modified":"2025-09-29T11:38:44","modified_gmt":"2025-09-29T04:38:44","slug":"korg-c2000","status":"publish","type":"product","link":"https:\/\/anpiano.com\/?product=korg-c2000","title":{"rendered":"\u00a0KORG C2000"},"content":{"rendered":"<h4>Piano \u0111i\u1ec7n <span class=\"s1\"><strong>KORG\u00a0C2000<\/strong><\/span>\u00a0c\u00f3 thi\u1ebft k\u1ebf r\u1ea5t phong c\u00e1ch \u0111\u01b0\u1ee3c ph\u1ee7 b\u1edfi l\u1edbp s\u01a1n m\u00e0u g\u1ed7 n\u00e2u \u0111en sang tr\u1ecdng. C2000 s\u1edf h\u1eefu \u00e2m thanh trong tr\u1ebbo nh\u01b0ng v\u1eabn \u1ea5m \u00e1p c\u00f9ng b\u00e0n ph\u00edm ph\u00edm Hammer Action c\u1ea3m \u1ee9ng, 88 ph\u00edm \u0111\u1ea7y \u0111\u1ee7.<\/h4>\n<p><img decoding=\"async\" src=\"https:\/\/anpiano.com\/wp-content\/uploads\/2022\/04\/Untitled.png\" alt=\"Korg C2200\" \/><\/p>\n<p><span class=\"s1\">B\u00e0n ph\u00edm l\u00e0 \u0111i\u1ec3m n\u1ed5i b\u1eadt nh\u1ea5t c\u1ee7a Korg C2000, ch\u1ec9 c\u1ea7n nh\u1eb9 l\u01b0\u1edbt tay tr\u00ean nh\u1eefng ph\u00edm \u0111\u00e0n l\u00e0 c\u00e1c b\u1ea1n \u0111\u00e3 c\u00f3 th\u1ec3 t\u1ea1o n\u00ean nh\u1eefng giai \u0111i\u1ec7u, \u00e2m thanh v\u1eeba nh\u1eb9 nh\u00e0ng, thanh tho\u00e1t, v\u1eeba c\u00f3 c\u00e1i g\u00ec \u0111\u00f3 r\u1ea5t tinh t\u1ebf m\u00e0 kh\u00f4ng k\u00e9m ph\u1ea7n huy\u1ec1n b\u00ed v\u00e0 \u0111\u1ed9c \u0111\u00e1o.<br \/>\nC\u00e1c ph\u00edm c\u00f3 th\u1ec3 \u0111\u01b0\u1ee3c bao ph\u1ee7 v\u1edbi n\u1eafp tr\u01b0\u1ee3t sau khi s\u1eed d\u1ee5ng gi\u00fap tr\u00e1nh b\u1ee5i v\u00e0o b\u00e0n ph\u00edm.<\/span><\/p>\n<p class=\"p1\"><span class=\"s1\">V\u1edbi m\u1ee9c gi\u00e1 r\u1ebb, \u0111\u00e0n piano\u00a0<strong>Korg C2000<\/strong>\u00a0s\u1ebd l\u00e0 l\u1ef1a ch\u1ed1t cho c\u00e1c b\u1ea1n sinh vi\u00ean, h\u1ecdc sinh hay nh\u1eefng ng\u01b0\u1eddi m\u1edbi l\u00e0m quen v\u1edbi \u0111\u00e0n piano.<\/span><\/p>\n<div data-id=\"9ly1xDmkO1M\" data-query=\"\" data-src=\"https:\/\/www.youtube.com\/embed\/9ly1xDmkO1M\"><a href=\"https:\/\/www.facebook.com\/anpiano.saigon\" target=\"_blank\" rel=\"noopener\">T\u01b0 v\u1ea5n v\u00e0 ch\u1ecdn mua s\u1ea3n ph\u1ea9m kh\u00e1c t\u1ea1i \u0111\u00e2y<\/a><\/div>\n<div data-id=\"9ly1xDmkO1M\" data-query=\"\" data-src=\"https:\/\/www.youtube.com\/embed\/9ly1xDmkO1M\"><a href=\"http:\/\/thumuapiano.com\/\" target=\"_blank\" rel=\"noopener\">Ch\u00fang t\u00f4i nh\u1eadn thu mua Piano, h\u00e3y li\u00ean h\u1ec7 n\u1ebfu b\u1ea1n c\u00f3 nhu c\u1ea7u.<\/a><\/div>\n","protected":false},"excerpt":{"rendered":"<ul>\n<li>\n<h1><strong><span style=\"font-size: 24pt;\">Qu\u00e0 T\u1eb7ng:<\/span><\/strong><\/h1>\n<ul>\n<li>B\u1ea3o h\u00e0nh 9 th\u00e1ng <a href=\"https:\/\/anpiano.com\/chinh-sach-bao-hanh\/\">xem th\u00eam<\/a><\/li>\n<li>Gh\u1ebf<\/li>\n<li>Kh\u0103n ph\u1ee7 ph\u00edm<\/li>\n<li>\u0110\u1ed5i ngu\u1ed3n 220V<\/li>\n<li>Freeship HCM &#8211; HN &#8211; \u0110N &#8211; NT &#8211; BMT<\/li>\n<li>Kh\u00f3a h\u1ecdc online<\/li>\n<\/ul>\n<\/li>\n<\/ul>\n","protected":false},"featured_media":7715,"comment_status":"open","ping_status":"closed","template":"","meta":[],"product_cat":[17,135],"product_tag":[],"class_list":{"0":"post-7714","1":"product","2":"type-product","3":"status-publish","4":"has-post-thumbnail","6":"product_cat-piano-dan-dien","7":"product_cat-korg","9":"first","10":"instock","11":"sale","12":"shipping-taxable","13":"purchasable","14":"product-type-simple"},"jetpack_sharing_enabled":true,"_links":{"self":[{"href":"https:\/\/anpiano.com\/index.php?rest_route=\/wp\/v2\/product\/7714"}],"collection":[{"href":"https:\/\/anpiano.com\/index.php?rest_route=\/wp\/v2\/product"}],"about":[{"href":"https:\/\/anpiano.com\/index.php?rest_route=\/wp\/v2\/types\/product"}],"replies":[{"embeddable":true,"href":"https:\/\/anpiano.com\/index.php?rest_route=%2Fwp%2Fv2%2Fcomments&post=7714"}],"version-history":[{"count":3,"href":"https:\/\/anpiano.com\/index.php?rest_route=\/wp\/v2\/product\/7714\/revisions"}],"predecessor-version":[{"id":13439,"href":"https:\/\/anpiano.com\/index.php?rest_route=\/wp\/v2\/product\/7714\/revisions\/13439"}],"wp:featuredmedia":[{"embeddable":true,"href":"https:\/\/anpiano.com\/index.php?rest_route=\/wp\/v2\/media\/7715"}],"wp:attachment":[{"href":"https:\/\/anpiano.com\/index.php?rest_route=%2Fwp%2Fv2%2Fmedia&parent=7714"}],"wp:term":[{"taxonomy":"product_cat","embeddable":true,"href":"https:\/\/anpiano.com\/index.php?rest_route=%2Fwp%2Fv2%2Fproduct_cat&post=7714"},{"taxonomy":"product_tag","embeddable":true,"href":"https:\/\/anpiano.com\/index.php?rest_route=%2Fwp%2Fv2%2Fproduct_tag&post=7714"}],"curies":[{"name":"wp","href":"https:\/\/api.w.org\/{rel}","templated":true}]}}