{"id":8060,"date":"2022-06-04T13:56:24","date_gmt":"2022-06-04T06:56:24","guid":{"rendered":"https:\/\/anpiano.com\/?post_type=product&#038;p=8060"},"modified":"2025-11-01T17:22:15","modified_gmt":"2025-11-01T10:22:15","slug":"yamaha-g5-2","status":"publish","type":"product","link":"https:\/\/anpiano.com\/?product=yamaha-g5-2","title":{"rendered":"YAMAHA G5"},"content":{"rendered":"<h4 class=\"p1\">\u0110\u00e0n Gran<span class=\"s1\">d piano\u00a0<strong>Yamaha G5<\/strong> c\u00f3 k\u00edch th\u01b0\u1edbc l\u1edbn, ki\u1ec3u d\u00e1ng \u0111\u1eb9p, \u00e2m thanh t\u1ed1t, \u0111em l\u1ea1i c\u1ea3m h\u1ee9ng cho ng\u01b0\u1eddi ch\u01a1i. \u0110\u01b0\u1ee3c s\u1ea3n xu\u1ea5t c\u00e1ch \u0111\u00e2y r\u1ea5t l\u00e2u, trong kho\u1ea3ng nh\u1eefng n\u0103m 1977 \u0111\u1ebfn 1989 nh\u01b0ng v\u1edbi ch\u1ea5t l\u01b0\u1ee3ng v\u01b0\u1ee3t tr\u1ed9i, k\u1ef9 thu\u1eadt ti\u00ean ti\u1ebfn m\u00e0 cho \u0111\u1ebfn nay \u0111\u00e0n Grand Piano Yamaha G5 v\u1eabn l\u00e0 s\u1ea3n ph\u1ea9m \u0111\u01b0\u1ee3c r\u1ea5t nhi\u1ec1u c\u00e1c tay ch\u01a1i piano chuy\u00ean nghi\u1ec7p s\u0103n l\u00f9ng v\u00e0 l\u00e0 s\u1ea3n ph\u1ea9m b\u00e1n ch\u1ea1y h\u00e0ng \u0111\u1ea7u.\u00a0<\/span><\/h4>\n<p class=\"p1\"><span class=\"s1\">Trong nhi\u1ec1u d\u00f2ng piano Yamaha G-Series th\u00ec \u0111\u00e0n Grand Piano Yamaha G5 l\u00e0 s\u1ea3n ph\u1ea9m cao c\u1ea5p, ch\u1ea5t l\u01b0\u1ee3ng \u00e2m thanh v\u01b0\u1ee3t tr\u1ed9i, ho\u00e0n h\u1ea3o trong t\u1eebng chi ti\u1ebft thi\u1ebft k\u1ebf v\u1edbi k\u1ef9 thu\u1eadt tuy\u1ec7t h\u1ea3o nh\u1ea5t.<\/span><\/p>\n<p class=\"p1\"><span class=\"s1\">\u0110\u00e0n Grand piano Yamaha\u00a0G5 th\u01b0\u1eddng \u0111\u01b0\u1ee3c s\u1eed d\u1ee5ng \u1edf nh\u1eefng ph\u00f2ng h\u00f2a nh\u1ea1c v\u1eeba v\u00e0 nh\u1ecf, c\u00f3 giai \u0111i\u1ec7u tr\u1ea7m \u1ea5m.\u00a0Piano\u00a0Yamaha G5\u00a0d\u00f2ng s\u1ea3n ph\u1ea9m k\u1ebft h\u1ee3p v\u1ebb \u0111\u1eb9p h\u00ecnh d\u00e1ng v\u00e0 giai \u0111i\u1ec7u \u00e2m thanh, n\u00f3 c\u00f3 m\u1ed9t h\u1ec7 th\u1ed1ng ph\u00edm t\u1eadn d\u1ee5ng tr\u1ecdng l\u01b0\u1ee3ng c\u1ee7a ph\u00edm khi\u1ebfn cho ph\u00edm tr\u1edf v\u1ec1 v\u1ecb tr\u00ed ban \u0111\u1ea7u khi ch\u01a1i, v\u00ec th\u1ebf t\u1ea1o c\u1ea3m gi\u00e1c ph\u00edm chu\u1ea9n v\u00e0 \u00e2m thanh trong h\u01a1n so v\u1edbi c\u00e1c d\u00f2ng Upright. L\u00e0 d\u00f2ng\u00a0\u0111\u00e0n piano\u00a0to\u00e0n di\u1ec7n qua qu\u00e1 tr\u00ecnh c\u1ea3i ti\u1ebfn, ph\u00e1t tri\u1ec3n v\u1ec1 \u00e2m thanh c\u0169ng nh\u01b0 k\u1ef9 thu\u1eadt.<\/span><\/p>\n<p class=\"p1\"><span class=\"s1\">\u0110\u00e0n\u00a0Grand piano Yamaha G5\u00a0\u0111\u00e1p \u1ee9ng t\u1ed1t t\u1ea5t c\u1ea3 c\u00e1c t\u00ednh n\u0103ng cho bu\u1ed5i h\u00f2a nh\u1ea1c ch\u1ea5t l\u01b0\u1ee3ng c\u0169ng nh\u01b0 nh\u1eefng \u0111\u00f2i h\u1ecfi kh\u1eaft khe c\u1ee7a nh\u1eefng ngh\u1ec7 s\u0129 piano chuy\u00ean nghi\u1ec7p.<\/span><\/p>\n<p class=\"p1\"><span class=\"s1\">L\u1edbp v\u00e9c-ni s\u00e1ng b\u00f3ng tr\u00ean v\u00e0nh trong c\u1ee7a c\u00e2y \u0111\u00e0n c\u00e0ng l\u00e0m t\u00f4n th\u00eam v\u1ebb \u0111\u1eb9p qu\u00fd ph\u00e1i \u0111\u1eadm ch\u1ea5t qu\u00fd t\u1ed9c c\u1ee7a \u0111\u00e0n Piano Yamaha G5<\/span><\/p>\n<p class=\"p1\"><span class=\"s1\">B\u00e0n ph\u00edm c\u1ee7a \u0111\u00e0n Piano Yamaha G5 c\u00f3 88 ph\u00edm \u0111\u01b0\u1ee3c l\u00e0m b\u1eb1ng ch\u1ea5t li\u1ec7u ng\u00e0 t\u1ed5ng h\u1ee3p ch\u1ed1ng tr\u01a1n tr\u01b0\u1ee3t gi\u00fap ng\u01b0\u1eddi ch\u01a1i thao t\u00e1c r\u1ea5t tho\u1ea3i m\u00e1i.\u00a0B\u00faa \u0111\u00e0n, d\u00e2y \u0111\u00e0n \u0111\u1ec1u \u0111\u01b0\u1ee3c nh\u1eefng ng\u01b0\u1eddi th\u1ee3 th\u1ee7 c\u00f4ng l\u00e0nh ngh\u1ec1 c\u1ee7a Nh\u1eadt B\u1ea3n nghi\u00ean c\u1ee9u, d\u00e0nh nhi\u1ec1u th\u1eddi gian \u0111\u1ec3 ho\u00e0n th\u00e0nh. Ch\u1ea5t li\u1ec7u g\u1ed7 \u0111\u00e0n m\u1ecbn, sang tr\u1ecdng tr\u1ea3i qua nhi\u1ec1u c\u00f4ng \u0111o\u1ea1n m\u1edbi ho\u00e0n th\u00e0nh nh\u1eb1m \u0111\u1ea3m b\u1ea3o mang \u0111\u1ebfn \u00e2m thanh chu\u1ea9n v\u00e0 t\u1ed1t nh\u1ea5t.\u00a0<\/span><\/p>\n<p class=\"p1\"><span class=\"s1\">Nh\u1edd v\u00e0o thi\u1ebft k\u1ebf to\u00e0n di\u1ec7n t\u1eebng chi ti\u1ebft m\u00e0 ng\u01b0\u1eddi ch\u01a1i s\u1ebd ngay l\u1eadp t\u1ee9c b\u1ecb cu\u1ed1n h\u00fat b\u1edbi th\u1ee9 \u00e2m thanh ma m\u1ecb m\u00e0 d\u00f2ng s\u1ea3n ph\u1ea9m Yamaha G5 n\u00e0y c\u00f3 \u0111\u01b0\u1ee3c. Yamaha Grand Piano G5 \u2013 l\u00e0 d\u00f2ng s\u1ea3n ph\u1ea9m k\u1ebft h\u1ee3p v\u1ebb \u0111\u1eb9p h\u00ecnh d\u00e1ng v\u00e0 giai \u0111i\u1ec7u \u00e2m thanh.<\/span><\/p>\n<p><strong>TH\u00d4NG S\u1ed0 K\u1ef8 THU\u1eacT<\/strong><\/p>\n<ul>\n<li>Loa\u0323i: Grand Piano<\/li>\n<li>Th\u01b0\u01a1ng hi\u00ea\u0323u: Yamaha<\/li>\n<li>Model : G5<\/li>\n<li>Ma\u0300u s\u0103\u0301c: \u0110en b\u00f3ng &#8211; PE<\/li>\n<li>Sa\u0309n xu\u00e2\u0301t: C\u00f4ng ty Yamaha<\/li>\n<li>Nh\u00e2\u0323p kh\u00e2\u0309u: Nh\u00e2\u0323t Ba\u0309n.<\/li>\n<li>Ki\u0301ch th\u01b0\u01a1\u0301c: 148 x 197 x 101 cm<\/li>\n<li><a href=\"https:\/\/www.facebook.com\/Anpiano.hanoi\" target=\"_blank\" rel=\"noopener\">T\u01b0 v\u1ea5n v\u00e0 ch\u1ecdn mua s\u1ea3n\u00a0ph\u1ea9m kh\u00e1c t\u1ea1i \u0111\u00e2y<\/a><a href=\"http:\/\/thumuapiano.com\/\" target=\"_blank\" rel=\"noopener\">Ch\u00fang t\u00f4i nh\u1eadn thu mua Piano, h\u00e3y li\u00ean h\u1ec7 n\u1ebfu b\u1ea1n c\u00f3 nhu c\u1ea7u.<\/a><\/li>\n<\/ul>\n","protected":false},"excerpt":{"rendered":"<ul>\n<li>B\u1ea3o h\u00e0nh 10 n\u0103m <a href=\"https:\/\/anpiano.com\/chinh-sach-bao-hanh\/\">xem th\u00eam<\/a><\/li>\n<li>Gh\u1ebf<\/li>\n<li>Kh\u0103n ph\u1ee7 ph\u00edm<\/li>\n<li>Kh\u0103n ph\u1ee7 \u0111\u00e0n<\/li>\n<li>\u1ed0ng s\u1ea5y<\/li>\n<li>Freeship HCM \u2013 HN \u2013 \u0110N &#8211; NT &#8211; BMT<\/li>\n<li>Kh\u00f3a h\u1ecdc online<\/li>\n<\/ul>\n","protected":false},"featured_media":8061,"comment_status":"open","ping_status":"closed","template":"","meta":[],"product_cat":[124,322],"product_tag":[474,360,283,140],"class_list":{"0":"post-8060","1":"product","2":"type-product","3":"status-publish","4":"has-post-thumbnail","6":"product_cat-piano-grand","7":"product_cat-yamaha-grand","8":"product_tag-an-piano","9":"product_tag-dan-piano","10":"product_tag-piano-co","11":"product_tag-yamaha","13":"first","14":"instock","15":"sale","16":"shipping-taxable","17":"purchasable","18":"product-type-simple"},"jetpack_sharing_enabled":true,"_links":{"self":[{"href":"https:\/\/anpiano.com\/index.php?rest_route=\/wp\/v2\/product\/8060"}],"collection":[{"href":"https:\/\/anpiano.com\/index.php?rest_route=\/wp\/v2\/product"}],"about":[{"href":"https:\/\/anpiano.com\/index.php?rest_route=\/wp\/v2\/types\/product"}],"replies":[{"embeddable":true,"href":"https:\/\/anpiano.com\/index.php?rest_route=%2Fwp%2Fv2%2Fcomments&post=8060"}],"version-history":[{"count":3,"href":"https:\/\/anpiano.com\/index.php?rest_route=\/wp\/v2\/product\/8060\/revisions"}],"predecessor-version":[{"id":14405,"href":"https:\/\/anpiano.com\/index.php?rest_route=\/wp\/v2\/product\/8060\/revisions\/14405"}],"wp:featuredmedia":[{"embeddable":true,"href":"https:\/\/anpiano.com\/index.php?rest_route=\/wp\/v2\/media\/8061"}],"wp:attachment":[{"href":"https:\/\/anpiano.com\/index.php?rest_route=%2Fwp%2Fv2%2Fmedia&parent=8060"}],"wp:term":[{"taxonomy":"product_cat","embeddable":true,"href":"https:\/\/anpiano.com\/index.php?rest_route=%2Fwp%2Fv2%2Fproduct_cat&post=8060"},{"taxonomy":"product_tag","embeddable":true,"href":"https:\/\/anpiano.com\/index.php?rest_route=%2Fwp%2Fv2%2Fproduct_tag&post=8060"}],"curies":[{"name":"wp","href":"https:\/\/api.w.org\/{rel}","templated":true}]}}