{"id":8733,"date":"2022-08-28T15:25:52","date_gmt":"2022-08-28T08:25:52","guid":{"rendered":"https:\/\/anpiano.com\/?post_type=product&#038;p=8733"},"modified":"2025-09-27T18:16:38","modified_gmt":"2025-09-27T11:16:38","slug":"w102bw","status":"publish","type":"product","link":"https:\/\/anpiano.com\/?product=w102bw","title":{"rendered":"W102BW"},"content":{"rendered":"<h3 data-pid=\"GxI_fPJ1\">\u0110\u00e0n piano W102BW l\u00e0 \u0111\u1ea1i di\u1ec7n ti\u00eau bi\u1ec3u cho d\u00f2ng \u0111\u00e0n upright piano cao c\u1ea5p c\u1ee7a Yamaha, v\u1edbi ph\u1ea7n ngh\u1ec9 nh\u1ea1c l\u1edbn, \u0111\u1eb1ng sau ph\u1ea7n ngh\u1ec9 nh\u1ea1c l\u1edbn<\/h3>\n<h4 data-pid=\"esq__FL7\">\u0110\u01b0\u1ee3c trang b\u1ecb c\u00e1c l\u1ed7 kh\u1edbp n\u1ed1i c\u00f3 l\u1ee3i cho vi\u1ec7c d\u1eabn truy\u1ec1n \u00e2m thanh, b\u00faa g\u1ed7 g\u1ee5 cao c\u1ea5p d\u00f2ng W c\u00f3 \u00e2m s\u1eafc v\u00e0 c\u1ea3m gi\u00e1c tuy\u1ec7t v\u1eddi; ch\u00fang c\u00f3 th\u1ec3 th\u1ec3 hi\u1ec7n suy ngh\u0129 c\u1ee7a ng\u01b0\u1eddi ch\u01a1i m\u1ed9t c\u00e1ch s\u1eafc n\u00e9t v\u00e0 tinh t\u1ebf, v\u00e0 ng\u01b0\u1eddi bi\u1ec3u di\u1ec5n mang l\u1ea1i ni\u1ec1m vui b\u1ea5t t\u1eadn. D\u00f2ng W thu\u1ed9c d\u00f2ng cao c\u1ea5p YAMAHA T\u1ea5t c\u1ea3 c\u00e1c b\u1ed9 ph\u1eadn c\u1ee7a m\u00e1y \u0111\u01b0\u1ee3c thi\u1ebft k\u1ebf v\u00e0 s\u1ea3n xu\u1ea5t b\u1edfi Yamaha t\u1ea1i Nh\u1eadt B\u1ea3n.\u00a0YAMAHA W102 l\u00e0 m\u1ed9t trong nh\u1eefng t\u00e1c ph\u1ea9m ti\u00eau bi\u1ec3u c\u1ee7a d\u00f2ng g\u1ed7 YAMAHA W, v\u1edbi thi\u1ebft k\u1ebf v\u00e2n g\u1ed7 tinh t\u1ebf, ch\u00e2n \u0111\u1ebf nh\u1ea1c l\u1edbn, b\u00faa g\u1ed7 g\u1ee5.\u00a0N\u00f3 l\u00e0 m\u1ed9t c\u00e2y \u0111\u00e0n piano bi\u1ec3u di\u1ec5n r\u1ea5t cao c\u1ea5p v\u1edbi m\u00e0u g\u1ed7 m\u1edd v\u00e0 v\u00e2n g\u1ed7 trang nh\u00e3.\u00a0H\u01a1n n\u1eefa, c\u1ea5u h\u00ecnh b\u00ean trong \u0111\u01b0\u1ee3c c\u1ea3i ti\u1ebfn tr\u00ean c\u01a1 s\u1edf d\u00f2ng U, s\u1eed d\u1ee5ng b\u00faa cao c\u1ea5p v\u00e0 d\u00e2y \u0111\u1eb7c bi\u1ec7t.<\/h4>\n<p data-pid=\"-DF7okdF\">\u0110\u00e0n piano Yamaha c\u1ed5 \u0111i\u1ec3n w102 l\u00e0 t\u1eeb 1974 \u0111\u1ebfn 1980 \u0110\u00e0n piano Yamaha w102bw 1985 \u0111\u1ebfn 1987.<\/p>\n<p data-pid=\"ROJHAnxQ\">N\u00f3i chung, bw l\u00e0m d\u00e0y thanh h\u1ee3p \u00e2m trong c\u1ea5u h\u00ecnh.\u00a0C\u1ea5u h\u00ecnh b\u00faa g\u1ed7 g\u1ee5 c\u1ea5p K.\u00a0w102 l\u00e0 b\u00faa c\u1ea5p nn.\u00a0B\u00faa \u0111\u00e0n l\u00e0 ch\u00eca kh\u00f3a quy\u1ebft \u0111\u1ecbnh \u00e2m s\u1eafc c\u1ee7a \u0111\u00e0n piano.<\/p>\n<figure data-size=\"normal\"><img fetchpriority=\"high\" decoding=\"async\" class=\"alignnone size-medium wp-image-14349\" src=\"https:\/\/anpiano.com\/wp-content\/uploads\/2022\/08\/IMG_4797-300x225.jpeg\" alt=\"Yamaha W102BW\" width=\"300\" height=\"225\" srcset=\"https:\/\/anpiano.com\/wp-content\/uploads\/2022\/08\/IMG_4797-300x225.jpeg 300w, https:\/\/anpiano.com\/wp-content\/uploads\/2022\/08\/IMG_4797-1024x768.jpeg 1024w, https:\/\/anpiano.com\/wp-content\/uploads\/2022\/08\/IMG_4797-768x576.jpeg 768w, https:\/\/anpiano.com\/wp-content\/uploads\/2022\/08\/IMG_4797-1536x1152.jpeg 1536w, https:\/\/anpiano.com\/wp-content\/uploads\/2022\/08\/IMG_4797-2048x1536.jpeg 2048w, https:\/\/anpiano.com\/wp-content\/uploads\/2022\/08\/IMG_4797-247x185.jpeg 247w, https:\/\/anpiano.com\/wp-content\/uploads\/2022\/08\/IMG_4797-510x383.jpeg 510w\" sizes=\"(max-width: 300px) 100vw, 300px\" \/><\/figure>\n<figure data-size=\"normal\"><\/figure>\n<p data-pid=\"24QJ98ft\">b\u00faa w102bw k c\u1ea5p<\/p>\n<figure data-size=\"normal\"><img decoding=\"async\" class=\"origin_image zh-lightbox-thumb lazy\" src=\"https:\/\/pic2.zhimg.com\/80\/v2-b9c03444040645580ed4aff421f8a925_720w.jpg\" width=\"1440\" data-rawwidth=\"1440\" data-rawheight=\"1080\" data-size=\"normal\" data-original=\"https:\/\/pic2.zhimg.com\/v2-b9c03444040645580ed4aff421f8a925_r.jpg\" data-actualsrc=\"https:\/\/pic2.zhimg.com\/v2-b9c03444040645580ed4aff421f8a925_b.jpg\" data-lazy-status=\"ok\" \/><\/figure>\n<figure data-size=\"normal\"><\/figure>\n<p data-pid=\"phqed7PX\">w102 b\u00faa nn c\u1ea5p<\/p>\n<p>Th\u00f4ng s\u1ed1 k\u1ef9 thu\u1eadt :<\/p>\n<table class=\"attribute\">\n<tbody>\n<tr>\n<td>Nh\u00e0 s\u1ea3n xu\u1ea5t<\/td>\n<td>Yamaha<\/td>\n<\/tr>\n<tr>\n<td>Model<\/td>\n<td>W102BW<\/td>\n<\/tr>\n<tr>\n<td>Serial<\/td>\n<td>3210000 \u2013 4510000<\/td>\n<\/tr>\n<tr>\n<td>M\u00e0u<\/td>\n<td>N\u00e2u g\u1ee5<\/td>\n<\/tr>\n<tr>\n<td>\u0110i\u1ec3m ch\u1ea5t l\u01b0\u1ee3ng<\/td>\n<td>B\/A\/A\/A<\/td>\n<\/tr>\n<tr>\n<td>Pedals<\/td>\n<td>03 | Soft Pedal, Mute Pedal, Damper Pedal.<\/td>\n<\/tr>\n<tr>\n<td>K\u00edch th\u01b0\u1edbc<\/td>\n<td>Cao (Height):131 cm , R\u1ed9ng(Width):151 cm , Ngang(Depth):63 cm<\/td>\n<\/tr>\n<\/tbody>\n<\/table>\n<div data-id=\"9ly1xDmkO1M\" data-query=\"\" data-src=\"https:\/\/www.youtube.com\/embed\/9ly1xDmkO1M\"><a href=\"https:\/\/www.facebook.com\/Anpiano.hanoi\" target=\"_blank\" rel=\"noopener\">T\u01b0 v\u1ea5n v\u00e0 ch\u1ecdn mua s\u1ea3n ph\u1ea9m kh\u00e1c t\u1ea1i \u0111\u00e2y<\/a><\/div>\n<div data-id=\"9ly1xDmkO1M\" data-query=\"\" data-src=\"https:\/\/www.youtube.com\/embed\/9ly1xDmkO1M\"><a href=\"http:\/\/thumuapiano.com\/\" target=\"_blank\" rel=\"noopener\">Ch\u00fang t\u00f4i nh\u1eadn thu mua Piano, h\u00e3y li\u00ean h\u1ec7 n\u1ebfu b\u1ea1n c\u00f3 nhu c\u1ea7u.<\/a><\/div>\n","protected":false},"excerpt":{"rendered":"<ul>\n<li>B\u1ea3o h\u00e0nh 10 n\u0103m\u00a0<a href=\"https:\/\/anpiano.com\/chinh-sach-bao-hanh\/\">xem th\u00eam<\/a><\/li>\n<li>Gh\u1ebf<\/li>\n<li>Kh\u0103n ph\u1ee7 ph\u00edm<\/li>\n<li>Kh\u0103n ph\u1ee7 \u0111\u00e0n<\/li>\n<li>\u1ed0ng s\u1ea5y<\/li>\n<li>Freeship HCM \u2013 HN \u2013 \u0110N &#8211; NT &#8211; BMT<\/li>\n<li>Kh\u00f3a h\u1ecdc online<\/li>\n<\/ul>\n","protected":false},"featured_media":14343,"comment_status":"open","ping_status":"closed","template":"","meta":[],"product_cat":[125,326],"product_tag":[1060,1080,1079,1059,1078],"class_list":{"0":"post-8733","1":"product","2":"type-product","3":"status-publish","4":"has-post-thumbnail","6":"product_cat-piano-upright","7":"product_cat-yamaha-upright","8":"product_tag-dan-w102","9":"product_tag-dan-w102bw","10":"product_tag-w102bw","11":"product_tag-yamaha-w102","12":"product_tag-yamaha-w102bw","14":"first","15":"instock","16":"sale","17":"shipping-taxable","18":"purchasable","19":"product-type-simple"},"jetpack_sharing_enabled":true,"_links":{"self":[{"href":"https:\/\/anpiano.com\/index.php?rest_route=\/wp\/v2\/product\/8733"}],"collection":[{"href":"https:\/\/anpiano.com\/index.php?rest_route=\/wp\/v2\/product"}],"about":[{"href":"https:\/\/anpiano.com\/index.php?rest_route=\/wp\/v2\/types\/product"}],"replies":[{"embeddable":true,"href":"https:\/\/anpiano.com\/index.php?rest_route=%2Fwp%2Fv2%2Fcomments&post=8733"}],"version-history":[{"count":3,"href":"https:\/\/anpiano.com\/index.php?rest_route=\/wp\/v2\/product\/8733\/revisions"}],"predecessor-version":[{"id":14350,"href":"https:\/\/anpiano.com\/index.php?rest_route=\/wp\/v2\/product\/8733\/revisions\/14350"}],"wp:featuredmedia":[{"embeddable":true,"href":"https:\/\/anpiano.com\/index.php?rest_route=\/wp\/v2\/media\/14343"}],"wp:attachment":[{"href":"https:\/\/anpiano.com\/index.php?rest_route=%2Fwp%2Fv2%2Fmedia&parent=8733"}],"wp:term":[{"taxonomy":"product_cat","embeddable":true,"href":"https:\/\/anpiano.com\/index.php?rest_route=%2Fwp%2Fv2%2Fproduct_cat&post=8733"},{"taxonomy":"product_tag","embeddable":true,"href":"https:\/\/anpiano.com\/index.php?rest_route=%2Fwp%2Fv2%2Fproduct_tag&post=8733"}],"curies":[{"name":"wp","href":"https:\/\/api.w.org\/{rel}","templated":true}]}}