{"id":8738,"date":"2022-08-28T15:36:26","date_gmt":"2022-08-28T08:36:26","guid":{"rendered":"https:\/\/anpiano.com\/?post_type=product&#038;p=8738"},"modified":"2025-09-27T18:08:36","modified_gmt":"2025-09-27T11:08:36","slug":"yamaha-w104b","status":"publish","type":"product","link":"https:\/\/anpiano.com\/?product=yamaha-w104b","title":{"rendered":"Yamaha W104B"},"content":{"rendered":"<h4><strong>\u0110\u00e0n piano c\u01a1 Yamaha W104B<\/strong>\u00a0\u0111\u01b0\u1ee3c thi\u1ebft k\u1ebf v\u1edbi m\u00e0u n\u00e2u g\u1ed7 mang \u0111\u1eadm n\u00e9t c\u1ed5 \u0111i\u1ec3n, l\u1edbp ngo\u00e0i \u0111\u01b0\u1ee3c bao ph\u1ee7 b\u1edfi l\u1edbp s\u01a1n s\u00e1ng b\u00f3ng t\u1ea1o n\u00ean s\u1ef1 cu\u1ed1n h\u00fat cho ng\u01b0\u1eddi nh\u00ecn. Mang trong m\u00ecnh phong c\u00e1ch v\u1eeba hi\u1ec7n \u0111\u1ea1i v\u1eeba c\u1ed5 \u0111i\u1ec3n, m\u00e0u g\u1ed7 g\u1ee5 mang \u0111\u1ebfn s\u1ef1 \u0111\u1ed9c \u0111\u00e1o tr\u00ean c\u00e2y\u00a0<strong>W104B<\/strong>\u00a0m\u00e0 Yamaha \u0111\u00e3 \u0111em \u0111\u1ebfn cho b\u1ea1n.<\/h4>\n<p><img fetchpriority=\"high\" decoding=\"async\" class=\"alignnone size-medium wp-image-8739\" src=\"https:\/\/anpiano.com\/wp-content\/uploads\/2022\/08\/z3678261829563_da701ceca80afc6b4a304a1af6497f84-300x221.jpg\" alt=\"\" width=\"300\" height=\"221\" srcset=\"https:\/\/anpiano.com\/wp-content\/uploads\/2022\/08\/z3678261829563_da701ceca80afc6b4a304a1af6497f84-300x221.jpg 300w, https:\/\/anpiano.com\/wp-content\/uploads\/2022\/08\/z3678261829563_da701ceca80afc6b4a304a1af6497f84.jpg 450w\" sizes=\"(max-width: 300px) 100vw, 300px\" \/><\/p>\n<h2><strong>1. \u0110\u00e0n piano Yamaha W104B v\u1ebb \u0111\u1eb9p ngo\u1ea1i th\u1ea5t \u0111\u1eb9p, g\u1ed7 Mindy qu\u00ed hi\u1ebfm<\/strong><\/h2>\n<p><em><strong>\u0110\u00e0n piano Yamaha W104\u00a0<\/strong><\/em>\u00a0l\u00e0 m\u1ed9t c\u00e2y\u00a0\u0111\u00e0n piano c\u00f3 v\u1ebb ngo\u00e0i r\u1ea5t \u0111\u1eb9p, s\u1eed d\u1ee5ng g\u1ed7 Mindy, l\u00e0 m\u1ed9t lo\u1ea1i g\u1ed7 qu\u00fd hi\u1ebfm, cao c\u1ea5p \u0111\u01b0\u1ee3c s\u1eed d\u1ee5ng cho \u0111\u00e0n piano, c\u00e1c v\u00e2n g\u1ed7 r\u1ea5t r\u00f5 r\u00e0ng. \u0110\u01b0\u1ee3c thi\u1ebft k\u1ebf theo phong c\u00e1ch c\u1ed5 \u0111i\u1ec3n, ki\u1ec3u d\u00e1ng truy\u1ec1n th\u1ed1ng c\u1ee7a m\u1ed9t c\u00e2y \u0111\u00e0n\u00a0<a href=\"https:\/\/anpiano.com\/danh-muc\/piano-upright\/\">piano upright,<\/a> v\u1edbi ch\u00e2n \u0111\u00e0n th\u1eb3ng \u0111\u1ee9ng. C\u00e2y \u0111\u00e0n t\u1ea1o n\u00ean m\u1ed9t v\u1ebb \u0111\u1eb9p cu\u1ed1n h\u00fat, ph\u00f9 h\u1ee3p v\u1edbi kh\u00f4ng gian n\u1ed9i th\u1ea5t g\u1ed7. K\u1ebft h\u1ee3p v\u1edbi v\u1ebb \u0111\u1eb9p b\u00ean ngo\u00e0i,\u00a0<em><strong>\u0110\u00e0n piano Yamaha W104\u00a0<\/strong><\/em>\u00a0t\u1ea1o ra \u00e2m thanh s\u00e1ng v\u00e0 \u0111\u1eb9p.<\/p>\n<p>&nbsp;<\/p>\n<p>\u0110\u00e2y l\u00e0 ki\u1ec3u v\u1eabn g\u1ed7 ph\u1ed5 bi\u1ebftn trong s\u1ed1 c\u00e1c c\u00e2y \u0111\u00e0n piano Yamaha, v\u00e0 n\u00f3 l\u00e0 m\u1ed9t c\u00e2y \u0111\u00e0n piano c\u00f3 m\u00e0u r\u1ea5t hi\u1ebfm. Kh\u00f4ng ch\u1ec9 l\u00e0 v\u1ebb \u0111\u1eb9p c\u1ee7a v\u00e2n g\u1ed7 kh\u00f4ng phai, gam m\u00e0u kinh \u0111i\u1ec3n b\u1edfi v\u1ebb \u0111\u1eb9p tr\u01b0\u1eddng t\u1ed3n th\u1eddi gian, t\u1ea1o n\u00ean s\u1ef1 c\u1ed5 \u0111i\u1ec3n \u0111\u1ea7y cu\u1ed1n h\u00fat. Bao ph\u1ee7 b\u00ean ngo\u00e0i l\u00e0 l\u1edbp s\u01a1n s\u00e1ng b\u00f3ng, \u0111\u01b0\u1ee3c s\u01a1n theo c\u00f4ng ngh\u1ec7 Nh\u1eadt B\u1ea3n. V\u00ec th\u1ebf, l\u1edbp s\u01a1n c\u00f3 \u0111\u1ed9 d\u00e0y t\u1ed1t, m\u1ecbn v\u00e0 s\u00e1ng, c\u00e0ng t\u0103ng th\u00eam s\u1ee9c cu\u1ed1n h\u00fat cho c\u00e2y \u0111\u00e0n.<\/p>\n<p><img decoding=\"async\" class=\"alignnone size-medium wp-image-8744\" src=\"https:\/\/anpiano.com\/wp-content\/uploads\/2022\/08\/z3678261843377_5cedf19a56f3a061c319219260fbe220-300x221.jpg\" alt=\"\" width=\"300\" height=\"221\" srcset=\"https:\/\/anpiano.com\/wp-content\/uploads\/2022\/08\/z3678261843377_5cedf19a56f3a061c319219260fbe220-300x221.jpg 300w, https:\/\/anpiano.com\/wp-content\/uploads\/2022\/08\/z3678261843377_5cedf19a56f3a061c319219260fbe220.jpg 450w\" sizes=\"(max-width: 300px) 100vw, 300px\" \/><\/p>\n<p>Thi\u1ebft k\u1ebf \u0111\u01a1n gi\u1ea3n m\u00e0 hi\u1ec7n \u0111\u1ea1i, m\u00e0 ng\u01b0\u1ee3c l\u1ea1i mang \u0111\u1ebfn s\u1ef1 m\u1edbi m\u1ebb. M\u1eb7c d\u00f9 l\u00e0 \u0111\u00e0n piano \u0111\u00e3 qua s\u1eed d\u1ee5ng, nh\u01b0ng \u0111\u00e3 \u0111\u01b0\u1ee3c \u0111i\u1ec1u ch\u1ec9nh t\u1ed1t v\u1ec1 \u00e2m thanh, v\u1ec7 sinh \u0111\u00e0n b\u00ean trong v\u00e0 b\u00ean ngo\u00e0i c\u1ea9n th\u1eadn, v\u00ec v\u1eady\u00a0<em><strong>\u0110\u00e0n piano Yamaha W104\u00a0<\/strong><\/em>\u00a0s\u1ebd kh\u00f4ng bao gi\u1edd thua k\u00e9m m\u1ed9t c\u00e2y \u0111\u00e0n piano m\u1edbi. \u0110\u00e2y l\u00e0 m\u1ed9t lo\u1ea1i \u0111\u00e0n piano qu\u00fd m\u00e0 b\u1ea1n ch\u1eafc ch\u1eafn n\u00ean t\u00ecm hi\u1ec3u qua.<\/p>\n<h2><strong>2.\u00a0<\/strong><em><strong>\u0110\u00e0n piano Yamaha W104 l<\/strong><\/em><strong>\u00e0 c\u00e2y \u0111\u00e0n upright piano ti\u00eau chu\u1ea9n<\/strong><\/h2>\n<p><em><strong>\u0110\u00e0n piano Yamaha W104\u00a0<\/strong><\/em>\u00a0l\u00e0 c\u00e2y \u0111\u00e0n upright piano. V\u00ec th\u1ebf, th\u00f9ng \u0111\u00e0n thi\u1ebft k\u1ebf gi\u1ed1ng nh\u01b0 chi\u1ebfc h\u1ed9p \u0111\u1ee9ng v\u1edbi chi\u1ec1u cao 121 cm. \u0110\u00e0n c\u00f3 chi\u1ec1u d\u00e0i l\u00e0 151 cm, chi\u1ec1u r\u1ed9ng 62 cm. V\u1edbi k\u00edch th\u01b0\u1edbc n\u00e0y, c\u00e2y \u0111\u00e0n c\u00f3 t\u00ednh linh \u0111\u1ed9ng cao khi d\u1ec5 d\u00e0ng l\u1eafp \u0111\u1eb7t t\u1ea1i nhi\u1ec1u kh\u00f4ng gian, k\u1ec3 c\u1ea3 nh\u1eefng c\u0103n ph\u00f2ng c\u00f3 di\u1ec7n t\u00edch nh\u1ecf,\u00a0c\u0103n h\u1ed9 chung c\u01b0.<\/p>\n<p>&nbsp;<\/p>\n<h2><strong>3. H\u1ec7 th\u1ed1ng pedal chuy\u00ean d\u1ee5ng<\/strong><\/h2>\n<p><em><strong>\u0110\u00e0n piano Yamaha W104\u00a0<\/strong><\/em>\u0111\u01b0\u1ee3c h\u00e3ng trang b\u1ecb 3 b\u00e0n \u0111\u1ea1p (pedal) b\u1eb1ng h\u1ee3p kim \u0111\u1ed3ng, m\u1ea1 niken b\u00ean ngo\u00e0i, to\u00e1t l\u00ean m\u00e0u v\u00e0ng s\u00e1ng b\u00f3ng, t\u1ea1o \u0111i\u1ec3m nh\u1ea5n cho c\u00e2y \u0111\u00e0n v\u00e0 t\u0103ng th\u00eam v\u1ebb \u0111\u1eb9p sang tr\u1ecdng.<\/p>\n<p>&nbsp;<\/p>\n<p><img decoding=\"async\" class=\"alignnone size-medium wp-image-8688\" src=\"https:\/\/anpiano.com\/wp-content\/uploads\/2022\/08\/z3674082984502_d965e9ab9f4dd6bb2c91cd13a44cc027-300x225.jpg\" alt=\"\" width=\"300\" height=\"225\" srcset=\"https:\/\/anpiano.com\/wp-content\/uploads\/2022\/08\/z3674082984502_d965e9ab9f4dd6bb2c91cd13a44cc027-300x225.jpg 300w, https:\/\/anpiano.com\/wp-content\/uploads\/2022\/08\/z3674082984502_d965e9ab9f4dd6bb2c91cd13a44cc027-247x185.jpg 247w, https:\/\/anpiano.com\/wp-content\/uploads\/2022\/08\/z3674082984502_d965e9ab9f4dd6bb2c91cd13a44cc027-510x383.jpg 510w, https:\/\/anpiano.com\/wp-content\/uploads\/2022\/08\/z3674082984502_d965e9ab9f4dd6bb2c91cd13a44cc027.jpg 640w\" sizes=\"(max-width: 300px) 100vw, 300px\" \/><\/p>\n<p>\u0110\u1eb7c bi\u1ec7t, m\u1ed7i b\u00e0n \u0111\u1ea1p th\u1ef1c hi\u1ec7n 1 ch\u1ee9c n\u0103ng ri\u00eang, gi\u00fap ng\u01b0\u1eddi ch\u01a1i d\u1ec5 d\u00e0ng \u0111i\u1ec1u ch\u1ec9nh \u00e2m thanh theo \u00fd mu\u1ed1n nh\u1eb1m ph\u1ee5c v\u1ee5 t\u1ed1t cho m\u1ee5c \u0111\u00edch h\u1ecdc t\u1eadp, bi\u1ec3u di\u1ec5n. C\u1ee5 th\u1ec3 nh\u01b0 sau:<\/p>\n<p>\u2022 Soft pedal: B\u00e0n \u0111\u1ea1p n\u00e0y s\u1ebd gi\u00fap gi\u1ea3m \u00e2m thanh khi ph\u00e1t ra.<\/p>\n<p>\u2022 Sostenuto pedal: B\u00e0n \u0111\u1ea1p n\u00e0y s\u1ebd duy tr\u00ec \u00e2m thanh.<\/p>\n<p>\u2022 Damper pedal: B\u00e0n \u0111\u1ea1p n\u00e0y gi\u00fap vang \u00e2m. Do \u0111\u00f3, khi s\u1eed d\u1ee5ng, \u00e2m thanh ph\u00e1t ra s\u1ebd nh\u1eb9 nh\u00e0ng h\u01a1n.<\/p>\n<h2><strong>4. B\u00e0n ph\u00edm b\u1ec1n b\u1ec9, \u00eam m\u01b0\u1ee3t<\/strong><\/h2>\n<p>H\u1ec7 th\u1ed1ng b\u00e0n ph\u00edm c\u1ee7a \u0111\u00e0n \u0111\u01b0\u1ee3c ch\u1ebf t\u00e1c b\u1eb1ng g\u1ed7 v\u00e2n sam \u2013 lo\u1ea1i g\u1ed7 c\u00f3 \u0111\u1ed9 b\u1ec1n cao, si\u00eau nh\u1eb9 nh\u01b0ng c\u1ef1c r\u1eafn ch\u1eafc. V\u00ec th\u1ebf, gi\u00fap c\u00e1c ph\u00edm \u0111\u00e0n b\u1ec1n b\u1ec9 theo th\u1eddi gian v\u00e0 mang l\u1ea1i c\u1ea3m gi\u00e1c nh\u1ea5n ph\u00edm nh\u1eb9 nh\u00e0ng m\u00e0 kh\u00f4ng c\u1ea7n t\u1ed1n qu\u00e1 nhi\u1ec1u l\u1ef1c. \u0110\u1eb7c bi\u1ec7t, \u0111\u1ed9 truy\u1ec1n \u00e2m v\u00e0 \u0111\u1ed9 nh\u1ea1y c\u1ee7a g\u1ed7 v\u00e2n sam r\u1ea5t t\u1ed1t, gi\u00fap hi\u1ec7u qu\u1ea3 t\u00e1i t\u1ea1o ho\u1ea1t \u0111\u1ed9ng c\u1ee7a c\u00e1c ph\u00edm nhanh, t\u1ed1t h\u01a1n.<\/p>\n<p><img loading=\"lazy\" decoding=\"async\" class=\"alignnone size-medium wp-image-8743\" src=\"https:\/\/anpiano.com\/wp-content\/uploads\/2022\/08\/z3678261843371_3a3a83e406a251f261e0eed2acfb951b-300x221.jpg\" alt=\"\" width=\"300\" height=\"221\" srcset=\"https:\/\/anpiano.com\/wp-content\/uploads\/2022\/08\/z3678261843371_3a3a83e406a251f261e0eed2acfb951b-300x221.jpg 300w, https:\/\/anpiano.com\/wp-content\/uploads\/2022\/08\/z3678261843371_3a3a83e406a251f261e0eed2acfb951b.jpg 450w\" sizes=\"(max-width: 300px) 100vw, 300px\" \/><\/p>\n<p>Kh\u00f4ng ch\u1ec9 s\u1edf h\u1eefu l\u1edbp l\u00f5i ph\u00edm ch\u1eafc, b\u1ec1n m\u00e0 bao ph\u1ee7 b\u00ean ngo\u00e0i c\u00f2n l\u00e0 l\u1edbp nh\u1ef1a Phenolic Resin. Nh\u1edd l\u1edbp nh\u1ef1a n\u00e0y, b\u00e0n ph\u00edm ch\u1ed1ng \u0111\u01b0\u1ee3c m\u00e0i m\u00f2n, tr\u1ea7y x\u01b0\u1edbc. \u0110\u1ed3ng th\u1eddi, b\u1ea3o v\u1ec7 hi\u1ec7u qu\u1ea3 h\u1ec7 th\u1ed1ng ph\u00edm tr\u01b0\u1edbc h\u00f3a ch\u1ea5t, dung m\u00f4i hay nhi\u1ec7t \u0111\u1ed9 cao. M\u1eb7t kh\u00e1c, c\u00f2n t\u1ea1o c\u1ea3m gi\u00e1c ch\u00e2n th\u1ef1c, t\u1ef1 nhi\u00ean khi l\u01b0\u1edbt ng\u00f3n, gi\u00fap ng\u01b0\u1eddi ch\u01a1i say m\u00ea h\u01a1n khi luy\u1ec7n t\u1eadp v\u00e0 bi\u1ec3u di\u1ec5n.<\/p>\n<h2><strong>5. Ch\u1ea5t l\u01b0\u1ee3ng \u00e2m thanh<\/strong><\/h2>\n<p>Ngo\u00e0i ngo\u1ea1i th\u1ea5t \u0111\u1eb9p, b\u00e0n ph\u00edm m\u01b0\u1ee3t m\u00e0 th\u00ec ch\u1ea5t l\u01b0\u1ee3ng \u00e2m thanh l\u00e0 y\u1ebfu t\u1ed1 kh\u00f4ng th\u1ec3 b\u1ecf qua khi nh\u1eafc \u0111\u1ebfn b\u1ea5t c\u1ee9 nh\u1ea1c c\u1ee5 n\u00e0o, \u0111\u1eb7c bi\u1ec7t l\u00e0 \u0111\u00e0n piano acoustic.<\/p>\n<p><img loading=\"lazy\" decoding=\"async\" class=\"alignnone size-medium wp-image-8740\" src=\"https:\/\/anpiano.com\/wp-content\/uploads\/2022\/08\/z3678261832437_68489f56dc0dadad7d236e77841201fb-300x221.jpg\" alt=\"\" width=\"300\" height=\"221\" srcset=\"https:\/\/anpiano.com\/wp-content\/uploads\/2022\/08\/z3678261832437_68489f56dc0dadad7d236e77841201fb-300x221.jpg 300w, https:\/\/anpiano.com\/wp-content\/uploads\/2022\/08\/z3678261832437_68489f56dc0dadad7d236e77841201fb.jpg 450w\" sizes=\"(max-width: 300px) 100vw, 300px\" \/><\/p>\n<p><strong>TH\u00d4NG S\u1ed0 K\u1ef8 THU\u1eacT C\u1ee6A \u0110\u00c0N PIANO YAMAHA W104<\/strong><\/p>\n<table class=\"Table\" cellspacing=\"0\">\n<tbody>\n<tr>\n<td>T\u00ean s\u1ea3n ph\u1ea9m:<\/td>\n<td>Piano Yamaha W104<\/td>\n<\/tr>\n<tr>\n<td>Th\u01b0\u01a1ng hi\u1ec7u<\/td>\n<td>Yamaha<\/td>\n<\/tr>\n<tr>\n<td>Xu\u1ea5t x\u1ee9<\/td>\n<td>Nh\u1eadt B\u1ea3n<\/td>\n<\/tr>\n<tr>\n<td>M\u00e0u:<\/td>\n<td>\u0110en B\u00f3ng<\/td>\n<\/tr>\n<tr>\n<td>Tr\u1ecdng l\u01b0\u1ee3ng<\/td>\n<td>225 kg<\/td>\n<\/tr>\n<tr>\n<td>K\u00edch th\u01b0\u1edbc<\/td>\n<td>121cm*151cm*62cm (Chi\u1ec1u cao, chi\u1ec1u r\u1ed9ng, chi\u1ec1u s\u00e2u)<\/td>\n<\/tr>\n<tr>\n<td>Pedals<\/td>\n<td>03 | Soft Pedal, Mute Pedal, Damper Pedal<\/td>\n<\/tr>\n<\/tbody>\n<\/table>\n<p><a href=\"https:\/\/www.facebook.com\/Anpiano.hanoi\" target=\"_blank\" rel=\"noopener\">T\u01b0 v\u1ea5n v\u00e0 ch\u1ecdn mua s\u1ea3n\u00a0ph\u1ea9m kh\u00e1c t\u1ea1i \u0111\u00e2y<\/a><\/p>\n<p><a href=\"http:\/\/thumuapiano.com\/\" target=\"_blank\" rel=\"noopener\">Ch\u00fang t\u00f4i nh\u1eadn thu mua Piano, h\u00e3y li\u00ean h\u1ec7 n\u1ebfu b\u1ea1n c\u00f3 nhu c\u1ea7u.<\/a><\/p>\n","protected":false},"excerpt":{"rendered":"<ul>\n<li>B\u1ea3o h\u00e0nh 10 n\u0103m\u00a0<a href=\"https:\/\/anpiano.com\/chinh-sach-bao-hanh\/\">xem th\u00eam<\/a><\/li>\n<li>Gh\u1ebf<\/li>\n<li>Kh\u0103n ph\u1ee7 ph\u00edm<\/li>\n<li>Kh\u0103n ph\u1ee7 \u0111\u00e0n<\/li>\n<li>\u1ed0ng s\u1ea5y<\/li>\n<li>Freeship HCM \u2013 HN \u2013 \u0110N &#8211; NT &#8211; BMT<\/li>\n<li>Kh\u00f3a h\u1ecdc online<\/li>\n<\/ul>\n","protected":false},"featured_media":8744,"comment_status":"open","ping_status":"closed","template":"","meta":[],"product_cat":[125,326],"product_tag":[1083,672,1072,391,1081,1082],"class_list":{"0":"post-8738","1":"product","2":"type-product","3":"status-publish","4":"has-post-thumbnail","6":"product_cat-piano-upright","7":"product_cat-yamaha-upright","8":"product_tag-dan-co-w104b","9":"product_tag-dan-co-yamaha","10":"product_tag-piano-w104","11":"product_tag-w104","12":"product_tag-w104b","13":"product_tag-yamaha-w104b","15":"first","16":"instock","17":"sale","18":"shipping-taxable","19":"purchasable","20":"product-type-simple"},"jetpack_sharing_enabled":true,"_links":{"self":[{"href":"https:\/\/anpiano.com\/index.php?rest_route=\/wp\/v2\/product\/8738"}],"collection":[{"href":"https:\/\/anpiano.com\/index.php?rest_route=\/wp\/v2\/product"}],"about":[{"href":"https:\/\/anpiano.com\/index.php?rest_route=\/wp\/v2\/types\/product"}],"replies":[{"embeddable":true,"href":"https:\/\/anpiano.com\/index.php?rest_route=%2Fwp%2Fv2%2Fcomments&post=8738"}],"version-history":[{"count":3,"href":"https:\/\/anpiano.com\/index.php?rest_route=\/wp\/v2\/product\/8738\/revisions"}],"predecessor-version":[{"id":14342,"href":"https:\/\/anpiano.com\/index.php?rest_route=\/wp\/v2\/product\/8738\/revisions\/14342"}],"wp:featuredmedia":[{"embeddable":true,"href":"https:\/\/anpiano.com\/index.php?rest_route=\/wp\/v2\/media\/8744"}],"wp:attachment":[{"href":"https:\/\/anpiano.com\/index.php?rest_route=%2Fwp%2Fv2%2Fmedia&parent=8738"}],"wp:term":[{"taxonomy":"product_cat","embeddable":true,"href":"https:\/\/anpiano.com\/index.php?rest_route=%2Fwp%2Fv2%2Fproduct_cat&post=8738"},{"taxonomy":"product_tag","embeddable":true,"href":"https:\/\/anpiano.com\/index.php?rest_route=%2Fwp%2Fv2%2Fproduct_tag&post=8738"}],"curies":[{"name":"wp","href":"https:\/\/api.w.org\/{rel}","templated":true}]}}