{"id":8949,"date":"2022-11-11T12:07:22","date_gmt":"2022-11-11T05:07:22","guid":{"rendered":"https:\/\/anpiano.com\/?post_type=product&#038;p=8949"},"modified":"2025-09-27T17:48:04","modified_gmt":"2025-09-27T10:48:04","slug":"atlas-350wh","status":"publish","type":"product","link":"https:\/\/anpiano.com\/?product=atlas-350wh","title":{"rendered":"Atlas 350Wh"},"content":{"rendered":"<h4>Atlas Piano l\u00e0 m\u1ed9t trong b\u1ed1n nh\u00e0 s\u1ea3n xu\u1ea5t \u0111\u00e0n Piano h\u00e0ng \u0111\u1ea7u t\u1ea1i Nh\u1eadt B\u1ea3n, \u0111\u01b0\u1ee3c th\u00e0nh l\u1eadp b\u1edfi c\u00e1c chuy\u00ean gia v\u00e0 gi\u00e1o s\u01b0 t\u1ea1i \u0110\u1ea1i h\u1ecdc Qu\u1ed1c gia Tokyo c\u00f9ng m\u1ed9t s\u1ed1 nh\u00e0 thi\u1ebft k\u1ebf piano \u0111\u1ebfn t\u1eeb ch\u00e2u \u00c2u.<\/h4>\n<p>M\u1ed7i c\u00e2y \u0111\u00e0n piano th\u01b0\u01a1ng hi\u1ec7u Atlas \u0111\u1ec1u \u0111\u01b0\u1ee3c gi\u1edbi chuy\u00ean m\u00f4n \u0111\u00e1nh gi\u00e1 r\u1ea5t cao v\u1ec1 ch\u1ea5t l\u01b0\u1ee3ng t\u1eeb h\u00ecnh th\u1ee9c b\u00ean ngo\u00e0i \u0111\u1ebfn c\u1ea5u t\u1ea1o b\u1ed9 m\u00e1y c\u01a1 b\u00ean trong. \u0110\u1eb7c bi\u1ec7t, \u00e2m thanh v\u00e0 giai \u0111i\u1ec7u c\u1ee7a nh\u1eefng c\u00e2y \u0111\u00e0n piano Atlas \u0111\u01b0\u1ee3c t\u1ea1o ra \u0111\u1ec3 theo \u0111u\u1ed5i l\u00fd t\u01b0\u1edfng ch\u1ee9 kh\u00f4ng ph\u1ea3i l\u1ee3i nhu\u1eadn.<\/p>\n<p><img fetchpriority=\"high\" decoding=\"async\" class=\"alignnone wp-image-8954 size-medium\" src=\"https:\/\/anpiano.com\/wp-content\/uploads\/2022\/11\/z3872069073118_491534e057c2496be485b3b89728c76c-300x225.jpg\" alt=\"Atlas 350Wh\" width=\"300\" height=\"225\" srcset=\"https:\/\/anpiano.com\/wp-content\/uploads\/2022\/11\/z3872069073118_491534e057c2496be485b3b89728c76c-300x225.jpg 300w, https:\/\/anpiano.com\/wp-content\/uploads\/2022\/11\/z3872069073118_491534e057c2496be485b3b89728c76c-1024x768.jpg 1024w, https:\/\/anpiano.com\/wp-content\/uploads\/2022\/11\/z3872069073118_491534e057c2496be485b3b89728c76c-768x576.jpg 768w, https:\/\/anpiano.com\/wp-content\/uploads\/2022\/11\/z3872069073118_491534e057c2496be485b3b89728c76c-1536x1152.jpg 1536w, https:\/\/anpiano.com\/wp-content\/uploads\/2022\/11\/z3872069073118_491534e057c2496be485b3b89728c76c-2048x1536.jpg 2048w, https:\/\/anpiano.com\/wp-content\/uploads\/2022\/11\/z3872069073118_491534e057c2496be485b3b89728c76c-247x185.jpg 247w, https:\/\/anpiano.com\/wp-content\/uploads\/2022\/11\/z3872069073118_491534e057c2496be485b3b89728c76c-510x383.jpg 510w\" sizes=\"(max-width: 300px) 100vw, 300px\" \/><\/p>\n<p>Tr\u00ean th\u1ebf gi\u1edbi, \u0111\u00e0n piano Atlas 350Wh c\u0169ng r\u1ea5t n\u1ed5i ti\u1ebfng v\u00e0 \u0111\u01b0\u1ee3c nhi\u1ec1u ng\u01b0\u1eddi bi\u1ebft \u0111\u1ebfn.T\u1ea1i Nh\u1eadt B\u1ea3n, Atlas l\u00e0 th\u01b0\u01a1ng hi\u1ec7u \u0111\u1ea7u ti\u00ean \u0111\u01b0\u1ee3c B\u1ed9 Gi\u00e1o d\u1ee5c Nh\u1eadt B\u1ea3n ph\u00ea duy\u1ec7t \u0111\u1ec3 cung c\u1ea5p s\u1eed d\u1ee5ng cho h\u1ec7 th\u1ed1ng gi\u00e1o d\u1ee5c \u00e2m nh\u1ea1c. B\u1edfi \u1edf \u0111\u1ea5t n\u01b0\u1edbc n\u00e0y, h\u1ecd y\u00eau c\u1ea7u nh\u1ea1c c\u1ee5 ph\u1ee5c v\u1ee5 cho c\u00f4ng vi\u1ec7c gi\u1ea3ng d\u1ea1y ph\u1ea3i l\u00e0 s\u1ea3n ph\u1ea9m ch\u1ea5t l\u01b0\u1ee3ng cao.<\/p>\n<p>Kh\u00f4ng ch\u1ec9 \u0111\u1ec3 \u0111\u00e1p \u1ee9ng nhu c\u1ea7u gi\u1ea3ng d\u1ea1y t\u1ea1i Nh\u1eadt B\u1ea3n, \u0111\u00e0n piano Atlas c\u00f2n c\u00f3 m\u1eb7t v\u00e0 \u0111\u01b0\u1ee3c s\u1eed d\u1ee5ng t\u1ea1i h\u01a1n 50 qu\u1ed1c gia v\u00e0 v\u00f9ng l\u00e3nh th\u1ed5 tr\u00ean th\u1ebf gi\u1edbi, trong \u0111\u00f3 c\u00f3 Vi\u1ec7t Nam. \u0110\u1eb7c bi\u1ec7t, Atlas piano c\u00f2n \u0111\u01b0\u1ee3c \u0111\u00e1nh gi\u00e1 l\u00e0 &#8220;Vivaldi c\u1ee7a th\u1ebf gi\u1edbi&#8221;.<\/p>\n<p>\u0110\u00e0n piano Atlas 350Wh thu\u1ed9c d\u00f2ng Upright \u0110\u00e0n piano, c\u00f3 ki\u1ec3u d\u00e1ng ch\u00e2n c\u00e1ch \u0111i\u1ec7u h\u00ecnh cong, v\u00e0 mang \u00e2m thanh hay.Nhi\u1ec1u ng\u01b0\u1eddi m\u1edbi ch\u01a1i \u0111\u00e0n piano c\u00f3 th\u1ec3 kh\u00f4ng bi\u1ebft \u0111\u1ebfn Atlas, nh\u01b0ng v\u1edbi nh\u1eefng ng\u01b0\u1eddi ch\u01a1i \u0111\u00e0n l\u00e2u n\u0103m th\u00ec th\u01b0\u01a1ng hi\u1ec7u \u0111\u1ebfn n\u00e0y kh\u00f4ng c\u00f3 g\u00ec qu\u00e1 xa l\u1ea1. Kh\u00f4ng ph\u1ed5 bi\u1ebfn nh\u01b0 nh\u1eefng th\u01b0\u01a1ng hi\u1ec7u Nh\u1eadt kh\u00e1c nh\u01b0 Kawai, Yamaha.. nh\u01b0ng Atlas 350 c\u0169ng l\u00e0 s\u1ef1 l\u1ef1a ch\u1ecdn c\u1ee7a nhi\u1ec1u ng\u01b0\u1eddi t\u1ea1i Nh\u1eadt khi mua \u0111\u00e0n \u0111\u00e0n piano h\u1ecdc t\u1eadp.<\/p>\n<p><img decoding=\"async\" class=\"alignnone size-medium wp-image-8950\" src=\"https:\/\/anpiano.com\/wp-content\/uploads\/2022\/11\/z3872069052652_8c48983786e02aa5610a3a82cb36c80f-300x225.jpg\" alt=\"\" width=\"300\" height=\"225\" srcset=\"https:\/\/anpiano.com\/wp-content\/uploads\/2022\/11\/z3872069052652_8c48983786e02aa5610a3a82cb36c80f-300x225.jpg 300w, https:\/\/anpiano.com\/wp-content\/uploads\/2022\/11\/z3872069052652_8c48983786e02aa5610a3a82cb36c80f-1024x768.jpg 1024w, https:\/\/anpiano.com\/wp-content\/uploads\/2022\/11\/z3872069052652_8c48983786e02aa5610a3a82cb36c80f-768x576.jpg 768w, https:\/\/anpiano.com\/wp-content\/uploads\/2022\/11\/z3872069052652_8c48983786e02aa5610a3a82cb36c80f-1536x1152.jpg 1536w, https:\/\/anpiano.com\/wp-content\/uploads\/2022\/11\/z3872069052652_8c48983786e02aa5610a3a82cb36c80f-2048x1536.jpg 2048w, https:\/\/anpiano.com\/wp-content\/uploads\/2022\/11\/z3872069052652_8c48983786e02aa5610a3a82cb36c80f-247x185.jpg 247w, https:\/\/anpiano.com\/wp-content\/uploads\/2022\/11\/z3872069052652_8c48983786e02aa5610a3a82cb36c80f-510x383.jpg 510w\" sizes=\"(max-width: 300px) 100vw, 300px\" \/><\/p>\n<p>V\u1edbi chi\u1ec1u cao ti\u00eau chu\u1ea9n, \u0111\u00e0n piano Atlas 350Wh c\u0169ng r\u1ea5t ph\u00f9 h\u1ee3p cho nh\u1eefng ng\u01b0\u1eddi m\u1edbi ch\u01a1i \u0111\u00e0n \u0111\u00e0n piano. Ngo\u00e0i giai \u0111i\u1ec7u trong s\u00e1ng, piano Atlas 350 c\u00f2n c\u00f3 thi\u1ebft k\u1ebf tinh t\u1ebf, sang tr\u1ecdng t\u1ea1o n\u00ean s\u1ef1 \u1ea5n t\u01b0\u1ee3ng cho c\u0103n ph\u00f2ng c\u1ee7a b\u1ea1n.<\/p>\n<p>C\u00e2y \u0111\u00e0n n\u00e0y t\u1ea1o d\u1ea5u \u1ea5n \u0111\u1eb7c tr\u01b0ng b\u1edfi v\u1eadt li\u1ec7u tuy\u1ec7t v\u1eddi, do v\u1eady n\u00f3 c\u00f3 m\u1ed9t thi\u1ebft k\u1ebf b\u00ean ngo\u00e0i \u0111\u1ed9c \u0111\u00e1o,nh\u01b0ng t\u00f4n tr\u1ecdng nh\u1eefng truy\u1ec1n th\u1ed1ng nhi\u1ec1u th\u1ebf k\u1ef7 c\u1ee7a k\u1ef9 thu\u1eadt v\u0129 c\u1ea7m. \u0110\u1eb7c bi\u1ec7t, ph\u00edm \u0111\u00e0n nh\u1eb9 c\u00f3 th\u1ec3 gi\u00fap ng\u01b0\u1eddi ch\u01a1i k\u00e9o d\u00e0i th\u1eddi gian ch\u01a1i \u0111\u00e0n.<\/p>\n<p><img decoding=\"async\" class=\"alignnone size-medium wp-image-8961\" src=\"https:\/\/anpiano.com\/wp-content\/uploads\/2022\/11\/z3872069108919_dddb86b8be0535e320395b05a05b5cb2-300x225.jpg\" alt=\"\" width=\"300\" height=\"225\" srcset=\"https:\/\/anpiano.com\/wp-content\/uploads\/2022\/11\/z3872069108919_dddb86b8be0535e320395b05a05b5cb2-300x225.jpg 300w, https:\/\/anpiano.com\/wp-content\/uploads\/2022\/11\/z3872069108919_dddb86b8be0535e320395b05a05b5cb2-1024x768.jpg 1024w, https:\/\/anpiano.com\/wp-content\/uploads\/2022\/11\/z3872069108919_dddb86b8be0535e320395b05a05b5cb2-768x576.jpg 768w, https:\/\/anpiano.com\/wp-content\/uploads\/2022\/11\/z3872069108919_dddb86b8be0535e320395b05a05b5cb2-1536x1152.jpg 1536w, https:\/\/anpiano.com\/wp-content\/uploads\/2022\/11\/z3872069108919_dddb86b8be0535e320395b05a05b5cb2-2048x1536.jpg 2048w, https:\/\/anpiano.com\/wp-content\/uploads\/2022\/11\/z3872069108919_dddb86b8be0535e320395b05a05b5cb2-247x185.jpg 247w, https:\/\/anpiano.com\/wp-content\/uploads\/2022\/11\/z3872069108919_dddb86b8be0535e320395b05a05b5cb2-510x383.jpg 510w\" sizes=\"(max-width: 300px) 100vw, 300px\" \/><\/p>\n<p>Lo\u1ea1t b\u00faa g\u1ed7 g\u1ee5 cao c\u1ea5p c\u1ee7a \u0111\u00e0n t\u1ea1o ra \u00e2m thanh tuy\u1ec7t v\u1eddi v\u00e0 s\u1eafc n\u00e9t, bi\u1ec3u hi\u1ec7n tinh t\u1ebf suy ngh\u0129 c\u1ee7a ng\u01b0\u1eddi ch\u01a1i, t\u1ea1o r\u1ea5t nhi\u1ec1u ni\u1ec1m vui v\u00e0 s\u00e1ng t\u1ea1o cho nh\u1eefng ng\u01b0\u1eddi bi\u1ec3u di\u1ec5n.<\/p>\n<div data-id=\"9ly1xDmkO1M\" data-query=\"\" data-src=\"https:\/\/www.youtube.com\/embed\/9ly1xDmkO1M\"><a href=\"https:\/\/www.facebook.com\/anpiano.saigon\" target=\"_blank\" rel=\"noopener\">T\u01b0 v\u1ea5n v\u00e0 ch\u1ecdn mua s\u1ea3n ph\u1ea9m kh\u00e1c t\u1ea1i \u0111\u00e2y<\/a><\/div>\n<div data-id=\"9ly1xDmkO1M\" data-query=\"\" data-src=\"https:\/\/www.youtube.com\/embed\/9ly1xDmkO1M\"><a href=\"http:\/\/thumuapiano.com\/\" target=\"_blank\" rel=\"noopener\">Ch\u00fang t\u00f4i nh\u1eadn thu mua Piano, h\u00e3y li\u00ean h\u1ec7 n\u1ebfu b\u1ea1n c\u00f3 nhu c\u1ea7u.<\/a><\/div>\n","protected":false},"excerpt":{"rendered":"<ul>\n<li>B\u1ea3o h\u00e0nh 5 n\u0103m\u00a0<a href=\"https:\/\/anpiano.com\/chinh-sach-bao-hanh\/\">xem th\u00eam<\/a><\/li>\n<li>Gh\u1ebf<\/li>\n<li>Kh\u0103n ph\u1ee7 ph\u00edm<\/li>\n<li>Kh\u0103n ph\u1ee7 \u0111\u00e0n<\/li>\n<li>\u1ed0ng s\u1ea5y<\/li>\n<li>Freeship HCM \u2013 HN \u2013 \u0110N &#8211; NT &#8211; BMT<\/li>\n<li>Kh\u00f3a h\u1ecdc online<\/li>\n<\/ul>\n","protected":false},"featured_media":8950,"comment_status":"open","ping_status":"closed","template":"","meta":[],"product_cat":[125,325],"product_tag":[1103,1105,1104,1106,666],"class_list":{"0":"post-8949","1":"product","2":"type-product","3":"status-publish","4":"has-post-thumbnail","6":"product_cat-piano-upright","7":"product_cat-thuong-hieu-khac-piano-upright","8":"product_tag-atlas-350","9":"product_tag-dan-co-trang","10":"product_tag-dan-piano-trang","11":"product_tag-piano-atlas","12":"product_tag-piano-co-trang","14":"first","15":"instock","16":"sale","17":"shipping-taxable","18":"purchasable","19":"product-type-simple"},"jetpack_sharing_enabled":true,"_links":{"self":[{"href":"https:\/\/anpiano.com\/index.php?rest_route=\/wp\/v2\/product\/8949"}],"collection":[{"href":"https:\/\/anpiano.com\/index.php?rest_route=\/wp\/v2\/product"}],"about":[{"href":"https:\/\/anpiano.com\/index.php?rest_route=\/wp\/v2\/types\/product"}],"replies":[{"embeddable":true,"href":"https:\/\/anpiano.com\/index.php?rest_route=%2Fwp%2Fv2%2Fcomments&post=8949"}],"version-history":[{"count":4,"href":"https:\/\/anpiano.com\/index.php?rest_route=\/wp\/v2\/product\/8949\/revisions"}],"predecessor-version":[{"id":14318,"href":"https:\/\/anpiano.com\/index.php?rest_route=\/wp\/v2\/product\/8949\/revisions\/14318"}],"wp:featuredmedia":[{"embeddable":true,"href":"https:\/\/anpiano.com\/index.php?rest_route=\/wp\/v2\/media\/8950"}],"wp:attachment":[{"href":"https:\/\/anpiano.com\/index.php?rest_route=%2Fwp%2Fv2%2Fmedia&parent=8949"}],"wp:term":[{"taxonomy":"product_cat","embeddable":true,"href":"https:\/\/anpiano.com\/index.php?rest_route=%2Fwp%2Fv2%2Fproduct_cat&post=8949"},{"taxonomy":"product_tag","embeddable":true,"href":"https:\/\/anpiano.com\/index.php?rest_route=%2Fwp%2Fv2%2Fproduct_tag&post=8949"}],"curies":[{"name":"wp","href":"https:\/\/api.w.org\/{rel}","templated":true}]}}