{"id":8970,"date":"2022-11-18T16:33:05","date_gmt":"2022-11-18T09:33:05","guid":{"rendered":"https:\/\/anpiano.com\/?post_type=product&#038;p=8970"},"modified":"2025-09-27T17:47:30","modified_gmt":"2025-09-27T10:47:30","slug":"kawai-ca67","status":"publish","type":"product","link":"https:\/\/anpiano.com\/?product=kawai-ca67","title":{"rendered":"Kawai CA 67"},"content":{"rendered":"<h3>\u0110\u00e0n Piano \u0111i\u1ec7n\u00a0<strong>Kawai CA 67<\/strong> thu\u1ed9c Series CA (Concert Artist), s\u1edf h\u1eefu c\u00f4ng ngh\u1ec7 \u00e2m thanh Shigeru Kawai EX Rendering m\u1edbi \u0111\u01b0\u1ee3c Kawai nghi\u00ean c\u1ee9u v\u00e0 ph\u00e1t tri\u1ec3n. \u0110i c\u00f9ng h\u1ec7 th\u1ed1ng \u00e2m thanh m\u1ea1nh m\u1ebd l\u00e0 thi\u1ebft k\u1ebf ki\u1ec3u d\u00e1ng v\u00f4 c\u00f9ng sang tr\u1ecdng, \u0111\u1eb3ng c\u1ea5p ch\u00e2u \u00c2u.<\/h3>\n<p><img fetchpriority=\"high\" decoding=\"async\" class=\"alignnone\" src=\"https:\/\/anpiano.com\/wp-content\/uploads\/2022\/11\/z3891220371117_2c52cef5c667c4409428fb764ad1c1fd-300x300.jpg\" alt=\"Kawai CA 67\" width=\"300\" height=\"300\" \/><\/p>\n<p><strong>Kawai CA 67 <\/strong>thu\u1ed9c ph\u00e2n kh\u00fac piano \u0111i\u1ec7n cao c\u1ea5p nh\u1ea5t th\u01b0\u01a1ng hi\u1ec7u Kawai v\u1edbi c\u00f4ng ngh\u1ec7 ph\u00edm g\u1ed7 \u0111\u1ed9 nh\u1ea1y tuy\u1ec7t v\u1eddi c\u00f9ng ch\u1ea5t \u00e2m grand piano.<\/p>\n<p>Kawai CA 67 s\u1eed d\u1ee5ng h\u00e0nh \u0111\u1ed9ng b\u00e0n ph\u00edm b\u1eb1ng g\u1ed7 Grand Feel II m\u1edbi nh\u1ea5t c\u1ee7a Kawai, d\u1ef1a tr\u00ean 85 n\u0103m ch\u1ebf t\u00e1c \u0111\u00e0n piano acoustic \u0111\u1ec3 mang l\u1ea1i tr\u1ea3i nghi\u1ec7m ch\u01a1i nh\u1ea1c \u0111\u1eb7c bi\u1ec7t v\u00e0 ch\u00e2n th\u1ef1c. Nh\u01b0 v\u1edbi m\u1ed9t c\u00e2y \u0111\u1ea1i d\u01b0\u01a1ng c\u1ea7m, t\u1ea5t c\u1ea3 t\u00e1m m\u01b0\u01a1i t\u00e1m ph\u00edm \u0111en tr\u1eafng \u0111\u01b0\u1ee3c ch\u1ebf t\u00e1c t\u1eeb nh\u1eefng mi\u1ebfng g\u1ed7 d\u00e0i, xoay tr\u00ean m\u1ed9t chi\u1ebfc c\u00e2n b\u1eb1ng trung t\u00e2m trong m\u1ed9t chuy\u1ec3n \u0111\u1ed9ng m\u01b0\u1ee3t m\u00e0 gi\u1ed1ng nh\u01b0 b\u1eadp b\u00eanh. C\u00e1c ph\u00edm Grand Feel II d\u00e0i h\u01a1n b\u1ea5t k\u1ef3 c\u00e2y \u0111\u00e0n piano n\u00e0o kh\u00e1c, v\u1edbi kho\u1ea3ng c\u00e1ch \u0111i\u1ec3m tr\u1ee5c kh\u1edbp v\u1edbi c\u00e2y \u0111\u00e0n piano Kawai.<\/p>\n<h3>\u0110\u00e0n Piano \u0111i\u1ec7n Kawai CA 67 s\u1edf h\u1eefu \u00e2m thanh c\u1ee7a ba c\u00e2y \u0111\u1ea1i d\u01b0\u01a1ng c\u1ea7m \u0111\u1ea1t \u0111\u1eb3ng c\u1ea5p th\u1ebf gi\u1edbi<\/h3>\n<ul>\n<li>Ch\u1eafc h\u1eb3n m\u1ecdi ng\u01b0\u1eddi \u0111\u00e3 t\u1eebng nghe hay nh\u1eafc t\u1edbi \u00e2m thanh c\u1ee7a c\u00e2y \u0111\u1ea1i d\u01b0\u01a1ng c\u1ea7m EX r\u1ed3i nh\u1ec9 ? \u0110\u00f3 ch\u00ednh l\u00e0 c\u00e2y \u0111\u00e0n th\u01b0\u1eddng \u0111\u01b0\u1ee3c nhi\u1ec1u ngh\u1ec7 s\u0129 chuy\u00ean nghi\u1ec7p l\u1ef1a ch\u1ecdn \u0111\u1ec3 bi\u1ec3u di\u1ec5n t\u1ea1i nhi\u1ec1u cu\u1ed9c thi l\u1edbn nh\u01b0 cu\u1ed9c thi Piano qu\u1ed1c t\u1ebf\u00a0Choppin,\u00a0Tchaikovsky,\u00a0Rubinstein,\u2026<\/li>\n<li>H\u1ec7 th\u1ed1ng \u00e2m thanh c\u1ee7a Kawai CA 67 \u0111\u00e3 \u0111\u01b0\u1ee3c Kawai t\u00edch h\u1ee3p tr\u00ean CA67 c\u00f9ng 2 \u00e2m thanh \u0111\u1eb3ng c\u1ea5p th\u1ebf gi\u1edbi kh\u00e1c : Shigeru Kawai SK-5, Shigeru Kawai SK-EX huy\u1ec1n tho\u1ea1i\u2026<\/li>\n<li>T\u1eeb \u0111\u00f3, ng\u01b0\u1eddi ch\u01a1i c\u00f3 th\u1ec3 th\u01b0\u1edfng th\u1ee9c t\u1eebng c\u00f4ng ngh\u1ec7 \u00e2m thanh tinh hoa c\u1ee7a th\u1ebf gi\u1edbi mang l\u1ea1i ch\u1ec9 b\u1eb1ng m\u1ed9t thao t\u00e1c chuy\u1ec3n ti\u1ebfng tr\u00ean \u0111\u00e0n. \u0110i\u1ec1u n\u00e0y s\u1ebd k\u00edch th\u00edch kh\u1ea3 n\u0103ng c\u1ea3m th\u1ee5, t\u0103ng m\u1ee9c \u0111\u1ed9 th\u1ea9m m\u0129 \u00e2m nh\u1ea1c trong b\u1ea1n.<\/li>\n<\/ul>\n<h3><strong>\u0110\u1eb7c \u0111i\u1ec3m n\u1ed5i b\u1eadt:<\/strong><\/h3>\n<ul>\n<li>C\u00e1c m\u1eabu m\u1edbi c\u1ee7a bu\u1ed5i h\u00f2a nh\u1ea1c Shigeru Kawai v\u00e0 \u0111\u00e0n piano Chamber Grand<\/li>\n<li>C\u00f4ng ngh\u1ec7 \u00e2m thanh Harmonic Imaging XL v\u1edbi 88 ph\u00edm piano l\u1ea5y m\u1eabu<\/li>\n<li>60 nh\u1ea1c c\u1ee5 &amp; \u00e2m thanh cao c\u1ea5p<\/li>\n<li>H\u00e0nh \u0111\u1ed9ng ph\u00edm g\u1ed7 Grand Feel II (GFII) v\u1edbi t\u00ednh n\u0103ng ph\u00e1t hi\u1ec7n b\u1ed9 ba v\u00e0 c\u1ea3m bi\u1ebfn<\/li>\n<li>B\u1ec1 m\u1eb7t ph\u00edm ng\u00e0 v\u00e0 g\u1ed7 mun \u2013Touch<\/li>\n<li>\u00c2m thanh USB &#8211; Ph\u00e1t \/ Ghi c\u00e1c t\u1ec7p MP3 v\u00e0 WAV<\/li>\n<li>USB t\u1edbi thi\u1ebft b\u1ecb &amp; USB t\u1edbi m\u00e1y ch\u1ee7 l\u01b0u tr\u1eef<\/li>\n<li>256 Polyphony (t\u1ed1i \u0111a)<\/li>\n<li>C\u00e1c b\u00e0i h\u00e1t c\u1ee7a Alfred, Czerny, Beyer v\u00e0 Burgm\u00fcller \u0111\u01b0\u1ee3c t\u00edch h\u1ee3p s\u1eb5n<\/li>\n<li>H\u1ec7 th\u1ed1ng b\u00e0n \u0111\u1ea1p Grand Feel<\/li>\n<li>Ph\u00e9p thu\u1eadt h\u00f2a nh\u1ea1c v\u00e0 ch\u1ee9c n\u0103ng c\u1ee7a ng\u01b0\u1eddi ch\u01a1i th\u00e1nh ca<\/li>\n<li>Nh\u1ea1c Piano C\u1ed5 \u0111i\u1ec3n t\u00edch h\u1ee3p &#8211; 2 gi\u1edd.<\/li>\n<li>H\u1ec7 th\u1ed1ng \u00e2m thanh 100 Watt \/ 6 loa<\/li>\n<\/ul>\n<p><span style=\"font-size: 115%;\"><strong>Th\u00f4ng s\u1ed1 k\u1ef9 thu\u1eadt Kawai CA 67 :<\/strong><\/span><\/p>\n<table id=\"tablepress-67\">\n<tbody>\n<tr>\n<td>B\u00e0n ph\u00edm<\/td>\n<td>88 ph\u00edm g\u1ed7 v\u1edbi b\u1ec1 m\u1eb7t ph\u00edm Ivory \/ Ebony, h\u00e0nh \u0111\u1ed9ng Grand Feel II v\u1edbi Let-Off v\u00e0 Triple Sensor<\/td>\n<\/tr>\n<tr>\n<td>\u00c2m thanh n\u1ed9i b\u1ed9<\/td>\n<td>60<\/td>\n<\/tr>\n<tr>\n<td>Ngu\u1ed3n \u00e2m thanh<\/td>\n<td>Harmonic Imaging \u2122 XL (HI-XL), l\u1ea5y m\u1eabu piano 88 ph\u00edm, Grands: Shigeru Kawai EX, Kawai EX, SK-5<\/td>\n<\/tr>\n<tr>\n<td>K\u1ef9 thu\u1eadt vi\u00ean \u1ea3o<\/td>\n<td>Voicing (bao g\u1ed3m ti\u1ebfng n\u00f3i c\u1ee7a ng\u01b0\u1eddi d\u00f9ng tr\u00ean m\u1ed7i ph\u00edm), C\u1ed9ng h\u01b0\u1edfng gi\u1ea3m \u00e2m, Ti\u1ebfng \u1ed3n gi\u1ea3m \u00e2m, C\u1ed9ng h\u01b0\u1edfng chu\u1ed7i, C\u1ed9ng h\u01b0\u1edfng chu\u1ed7i kh\u00f4ng b\u1ecb c\u1ea3n tr\u1edf, C\u1ed9ng h\u01b0\u1edfng t\u1ee7, Hi\u1ec7u \u1ee9ng t\u1eaft ph\u00edm (bao g\u1ed3m ph\u00edm t\u1eaft), Ti\u1ebfng \u1ed3n r\u01a1i xu\u1ed1ng c\u1ee7a b\u00faa, \u0110\u1ed9 tr\u1ec5 c\u1ee7a b\u00faa, M\u00f4 ph\u1ecfng bo m\u1ea1ch , Th\u1eddi gian gi\u1ea3m d\u1ea7n, \u0110\u1ed9 s\u00e2u b\u00e0n \u0111\u1ea1p m\u1ec1m, \u0110\u01b0\u1eddng cong c\u1ea3m \u1ee9ng (bao g\u1ed3m c\u1ea3 \u0111\u01b0\u1eddng cong ng\u01b0\u1eddi d\u00f9ng), T\u00ednh c\u00e1ch (bao g\u1ed3m c\u1ea3 t\u00ednh c\u00e1ch ng\u01b0\u1eddi d\u00f9ng), Ph\u00edm t\u00ednh c\u00e1ch, \u0110i\u1ec1u ch\u1ec9nh \u0111\u1ed9 gi\u00e3n, \u0110i\u1ec1u ch\u1ec9nh ng\u01b0\u1eddi d\u00f9ng, \u00c2m l\u01b0\u1ee3ng ph\u00edm ng\u01b0\u1eddi d\u00f9ng, \u0110i\u1ec1u ch\u1ec9nh n\u1eeda b\u00e0n \u0111\u1ea1p, Ch\u1ea1m t\u1ed1i thi\u1ec3u<\/td>\n<\/tr>\n<tr>\n<td>Ph\u1ee9c \u0111i\u1ec7u<\/td>\n<td>t\u1ed1i \u0111a\u00a0256 n\u1ed1t nh\u1ea1c<\/td>\n<\/tr>\n<tr>\n<td>D\u1ed9i l\u1ea1i<\/td>\n<td>Ph\u00f2ng, Ph\u00f2ng ch\u1edd, S\u1ea3nh nh\u1ecf, Ph\u00f2ng h\u00f2a nh\u1ea1c, S\u1ea3nh tr\u1ef1c ti\u1ebfp, Nh\u00e0 th\u1edd<\/td>\n<\/tr>\n<tr>\n<td>Tham s\u1ed1 h\u1ed3i \u00e2m<\/td>\n<td>\u0110\u1ed9 s\u00e2u h\u1ed3i \u00e2m, Th\u1eddi gian h\u1ed3i \u00e2m<\/td>\n<\/tr>\n<tr>\n<td>C\u00e1c hi\u1ec7u \u1ee9ng<\/td>\n<td>Tr\u1ec5 \u00e2m thanh n\u1ed5i, Tr\u1ec5 ping, Tr\u1ec5 ba l\u1ea7n, H\u1ee3p x\u01b0\u1edbng, H\u1ee3p x\u01b0\u1edbng c\u1ed5 \u0111i\u1ec3n, Tremolo, Tremolo c\u1ed5 \u0111i\u1ec3n, Xoay t\u1ef1 \u0111\u1ed9ng, Xoay t\u1ef1 \u0111\u1ed9ng c\u1ed5 \u0111i\u1ec3n, Phaser, Quay, Hi\u1ec7u \u1ee9ng k\u1ebft h\u1ee3p x 4, Hi\u1ec7u \u1ee9ng khu\u1ebfch \u0111\u1ea1i x 3<\/td>\n<\/tr>\n<tr>\n<td>Tham s\u1ed1 Hi\u1ec7u \u1ee9ng<\/td>\n<td>Kh\u00f4 \/ \u01af\u1edbt, Th\u1eddi gian, T\u1ed1c \u0111\u1ed9, \u0110\u01a1n \u00e2m \/ \u00c2m thanh n\u1ed5i, T\u1ed1c \u0111\u1ed9 \/ T\u1ed1c \u0111\u1ed9 quay \u2013 C\u00e1c th\u00f4ng s\u1ed1 ph\u1ee5 thu\u1ed9c v\u00e0o hi\u1ec7u \u1ee9ng.<\/td>\n<\/tr>\n<tr>\n<td>Ch\u1ebf \u0111\u1ed9 b\u00e0n ph\u00edm<\/td>\n<td>Ch\u1ebf \u0111\u1ed9 k\u00e9p, Ch\u1ebf \u0111\u1ed9 chia t\u00e1ch, Ch\u1ebf \u0111\u1ed9 b\u1ed1n tay (c\u00f3 th\u1ec3 \u0111i\u1ec1u ch\u1ec9nh \u00c2m l\u01b0\u1ee3ng \/ C\u00e2n b\u1eb1ng)<\/td>\n<\/tr>\n<tr>\n<td>Touch Curves<\/td>\n<td>Nh\u1eb9 +, Nh\u1eb9, B\u00ecnh th\u01b0\u1eddng, N\u1eb7ng, N\u1eb7ng +, T\u1eaft (Kh\u00f4ng \u0111\u1ed5i), Ng\u01b0\u1eddi d\u00f9ng<\/td>\n<\/tr>\n<tr>\n<td>T\u00ednh c\u00e1ch<\/td>\n<td>T\u00ednh kh\u00ed b\u00ecnh \u0111\u1eb3ng (Ch\u1ec9 d\u00e0nh cho \u0111\u00e0n piano b\u00ecnh \u0111\u1eb3ng), T\u00ednh kh\u00ed thu\u1ea7n khi\u1ebft (Ch\u00ednh), T\u00ednh kh\u00ed thu\u1ea7n khi\u1ebft (T\u00ednh c\u00e1ch ph\u1ee5), Pythagore, Meantone, Werckmeister III, Kirnberger III, T\u00ednh kh\u00ed b\u00ecnh \u0111\u1eb3ng (Ph\u1eb3ng), T\u00ednh kh\u00ed b\u00ecnh \u0111\u1eb3ng (\u0110\u1ed9 c\u0103ng ngang b\u1eb1ng), T\u00ednh kh\u00ed ng\u01b0\u1eddi d\u00f9ng<\/td>\n<\/tr>\n<tr>\n<td>Ch\u1ee9c n\u0103ng USB: Ph\u00e1t l\u1ea1i \u00e2m thanh<\/td>\n<td>MP3: 32 kHz \/ 44,1 kHz \/ 48 kHz, Mono \/ Stereo, Bit Rate: 8-320 kBit \/ s (kh\u00f4ng \u0111\u1ed5i &amp; c\u00f3 th\u1ec3 thay \u0111\u1ed5i) WAV: 32 kHz \/ 44,1 kHz \/ 48 kHz, Mono \/ Stereo<\/td>\n<\/tr>\n<tr>\n<td>Ch\u1ee9c n\u0103ng USB: Ghi \u00e2m thanh<\/td>\n<td>MP3: 44,1 kHz, 16 bit, \u00c2m thanh n\u1ed5i, 192 kBit \/ s (kh\u00f4ng \u0111\u1ed5i) WAV: 44,1 kHz, 16 bit, \u00c2m thanh n\u1ed5i, 1.411 kBit \/ s (kh\u00f4ng n\u00e9n)<\/td>\n<\/tr>\n<tr>\n<td>M\u00e1y ghi \u00e2m n\u1ed9i b\u1ed9<\/td>\n<td>10 B\u00e0i h\u00e1t, 2 B\u1ea3n nh\u1ea1c, t\u1ed1i \u0111a.\u00a090.000 ghi ch\u00fa<\/td>\n<\/tr>\n<tr>\n<td>M\u00e1y \u0111\u1ebfm nh\u1ecbp<\/td>\n<td>10 nh\u1ecbp, nh\u1ecbp \u0111\u1ed9, \u00e2m l\u01b0\u1ee3ng, c\u1ed9ng v\u1edbi 100 nh\u1ecbp tr\u1ed1ng<\/td>\n<\/tr>\n<tr>\n<td>\u0110\u0103ng k\u00fd<\/td>\n<td>16 k\u1ef7 ni\u1ec7m<\/td>\n<\/tr>\n<tr>\n<td>C\u00e1c ch\u1ee9c n\u0103ng USB kh\u00e1c<\/td>\n<td>T\u1ea3i b\u00e0i h\u00e1t n\u1ed9i b\u1ed9, t\u1ea3i \u0111\u0103ng k\u00fd, t\u1ea3i b\u1ed9 nh\u1edb ng\u01b0\u1eddi d\u00f9ng, l\u01b0u b\u00e0i h\u00e1t n\u1ed9i b\u1ed9, l\u01b0u b\u00e0i h\u00e1t SMF, l\u01b0u \u0111\u0103ng k\u00fd, ti\u1ebft ki\u1ec7m b\u1ed9 nh\u1edb ng\u01b0\u1eddi d\u00f9ng, \u0111\u1ed5i t\u00ean t\u1ec7p, x\u00f3a t\u1ec7p, \u0111\u1ecbnh d\u1ea1ng USB, chuy\u1ec3n \u0111\u1ed5i b\u00e0i h\u00e1t th\u00e0nh \u00e2m thanh, Overdub \u00e2m thanh<\/td>\n<\/tr>\n<tr>\n<td>Ph\u01b0\u01a1ng ti\u1ec7n b\u00ean ngo\u00e0i<\/td>\n<td>Thanh USB, \u1ed4 \u0111\u0129a USB, \u1ed4 c\u1ee9ng USB<\/td>\n<\/tr>\n<tr>\n<td>C\u00e1c t\u00ednh n\u0103ng kh\u00e1c<\/td>\n<td>H\u1ec7 th\u1ed1ng heaphone SHS, Lo\u1ea1i tai nghe, Ph\u00edm \/ \u0110\u1ed9 d\u1ecbch chuy\u1ec3n b\u00e0i h\u00e1t, \u0110i\u1ec1u khi\u1ec3n giai \u0111i\u1ec7u (bao g\u1ed3m EQ c\u1ee7a ng\u01b0\u1eddi d\u00f9ng), \u00c2m l\u01b0\u1ee3ng loa, \u00c2m l\u01b0\u1ee3ng \u0111i\u1ec7n tho\u1ea1i, \u00c2m l\u01b0\u1ee3ng \u0111\u01b0\u1eddng v\u00e0o, \u00c2m l\u01b0\u1ee3ng \u0111\u01b0\u1eddng ra, T\u0103ng \u00e2m thanh ghi, EQ treo t\u01b0\u1eddng, \u0110i\u1ec1u ch\u1ec9nh, Gi\u1eef b\u1ed9 gi\u1ea3m \u00e2m, B\u1ed1n tay, \u0110\u1ed9 t\u01b0\u01a1ng ph\u1ea3n LCD, B\u1ed9 nh\u1edb ng\u01b0\u1eddi d\u00f9ng, Kh\u00f4i ph\u1ee5c c\u00e0i \u0111\u1eb7t g\u1ed1c, Thay \u0111\u1ed5i qu\u00e3ng t\u00e1m th\u1ea5p h\u01a1n, B\u1eadt \/ t\u1eaft b\u00e0n \u0111\u1ea1p th\u1ea5p h\u01a1n, C\u00e2n b\u1eb1ng ph\u00e2n t\u00e1ch, D\u1ecbch chuy\u1ec3n qu\u00e3ng t\u00e1m l\u1edbp, \u0110\u1ed9ng l\u1ef1c l\u1edbp, C\u00e2n b\u1eb1ng k\u00e9p, K\u00eanh MIDI, G\u1eedi PGM #, \u0110i\u1ec1u khi\u1ec3n c\u1ee5c b\u1ed9, Truy\u1ec1n PGM #, Ch\u1ebf \u0111\u1ed9 \u0111a t\u00edn hi\u1ec7u , T\u1eaft ti\u1ebfng k\u00eanh, T\u1ef1 \u0111\u1ed9ng t\u1eaft ngu\u1ed3n<\/td>\n<\/tr>\n<tr>\n<td>Ch\u1ee9c n\u0103ng b\u00e0i h\u1ecdc<\/td>\n<td>T\u1ed5ng c\u1ed9ng 542 b\u00e0i h\u00e1t.\u00a0Czerny, Burgm\u00fcller, Beyer, Bach, Chopin v\u00e0 Hanon (bao g\u1ed3m b\u1ea3n in);\u00a0S\u00e1ch c\u1ee7a Alfred kh\u00f4ng c\u00f3 \u0111i\u1ec3m in.\u00a0C\u00e1c b\u00e0i th\u1ef1c h\u00e0nh ng\u00f3n tay b\u1ed5 sung v\u1edbi 4 thang \u00e2m (Major, n.Minor, h.Minor, m.Minor), 2 Arpeggio-, 2 Cadence- v\u00e0 2 Chord th\u1ef1c h\u00e0nh m\u1ed7i ph\u00edm trong t\u1ea5t c\u1ea3 c\u00e1c ph\u00edm v\u1edbi h\u1ec7 th\u1ed1ng t\u00ednh \u0111i\u1ec3m<\/td>\n<\/tr>\n<tr>\n<td>Nh\u1ea1c piano<\/td>\n<td>29 b\u00e0i h\u00e1t<\/td>\n<\/tr>\n<tr>\n<td>H\u00f2a nh\u1ea1c b\u00e0i h\u00e1t ma thu\u1eadt<\/td>\n<td>176<\/td>\n<\/tr>\n<tr>\n<td>Tr\u01b0ng b\u00e0y<\/td>\n<td>M\u00e0n h\u00ecnh LCD 128 x 64 pixel v\u1edbi \u0111\u00e8n n\u1ec1n<\/td>\n<\/tr>\n<tr>\n<td>B\u00e0n \u0111\u1ea1p<\/td>\n<td>H\u1ec7 th\u1ed1ng b\u00e0n \u0111\u1ea1p Grand Feel: B\u1ec1n v\u1eefng (c\u00f3 h\u1ed7 tr\u1ee3 n\u1eeda b\u00e0n \u0111\u1ea1p), M\u1ec1m m\u1ea1i, Sostenuto.<\/td>\n<\/tr>\n<tr>\n<td>N\u1eafp ch\u00eca kh\u00f3a<\/td>\n<td>v\u00e2ng, lo\u1ea1i \u1ea9n<\/td>\n<\/tr>\n<tr>\n<td>Gi\u00e1 nh\u1ea1c<\/td>\n<td>c\u1ef1c l\u1edbn v\u1edbi b\u1ec1 m\u1eb7t da<\/td>\n<\/tr>\n<tr>\n<td>Jacks<\/td>\n<td>LINE IN (\u00c2m thanh n\u1ed5i 3,5mm), \u0111i\u1ec1u ch\u1ec9nh m\u1ee9c LINE IN, LINE OUT (L \/ MONO, R), \u0111i\u1ec1u khi\u1ec3n LINE OUT, tai nghe x 2 (\u00c2m thanh n\u1ed5i 3,5mm v\u00e0 \u00c2m thanh n\u1ed5i 6,3mm), MIDI (IN \/ OUT), USB t\u1edbi m\u00e1y ch\u1ee7, USB t\u1edbi thi\u1ebft b\u1ecb<\/td>\n<\/tr>\n<tr>\n<td>H\u1ec7 th\u1ed1ng \u00e2m thanh<\/td>\n<td>Loa tr\u00ean 2 x 13cm + 2 x 8x12cm + Tweeter 2 x 5cm<\/td>\n<\/tr>\n<tr>\n<td>C\u00f4ng su\u1ea5t ra<\/td>\n<td>2 x 50W<\/td>\n<\/tr>\n<tr>\n<td>S\u1ef1 ti\u00eau th\u1ee5 n\u0103ng l\u01b0\u1ee3ng<\/td>\n<td>45W<\/td>\n<\/tr>\n<tr>\n<td>K\u00edch th\u01b0\u1edbc<\/td>\n<td>57 1\/3 \u201c(145,5 cm) (W) x 18\u201d (45,5 cm) (D) x 36 1\/2 \u201c(92,5 cm) (H)<\/td>\n<\/tr>\n<tr>\n<td>C\u00e2n n\u1eb7ng<\/td>\n<td>167 lbs (76 kg)<\/td>\n<\/tr>\n<tr>\n<td>K\u1ebft th\u00fac<\/td>\n<td>Satin \u0111en cao c\u1ea5p, G\u1ed7 h\u1ed3ng s\u1eafc cao c\u1ea5p, Satin tr\u1eafng cao c\u1ea5p<\/td>\n<\/tr>\n<\/tbody>\n<\/table>\n<div data-id=\"9ly1xDmkO1M\" data-query=\"\" data-src=\"https:\/\/www.youtube.com\/embed\/9ly1xDmkO1M\"><\/div>\n<div data-id=\"9ly1xDmkO1M\" data-query=\"\" data-src=\"https:\/\/www.youtube.com\/embed\/9ly1xDmkO1M\"><a href=\"https:\/\/www.facebook.com\/anpiano.saigon\" target=\"_blank\" rel=\"noopener\">T\u01b0 v\u1ea5n v\u00e0 ch\u1ecdn mua s\u1ea3n ph\u1ea9m kh\u00e1c t\u1ea1i \u0111\u00e2y<\/a><\/div>\n<div data-id=\"9ly1xDmkO1M\" data-query=\"\" data-src=\"https:\/\/www.youtube.com\/embed\/9ly1xDmkO1M\"><a href=\"http:\/\/thumuapiano.com\/\" target=\"_blank\" rel=\"noopener\">Ch\u00fang t\u00f4i nh\u1eadn thu mua Piano, h\u00e3y li\u00ean h\u1ec7 n\u1ebfu b\u1ea1n c\u00f3 nhu c\u1ea7u.<\/a><\/div>\n","protected":false},"excerpt":{"rendered":"<ul>\n<li>B\u1ea3o h\u00e0nh 24 th\u00e1ng\u00a0<a href=\"https:\/\/anpiano.com\/chinh-sach-bao-hanh\/\">xem th\u00eam<\/a><\/li>\n<li>Gh\u1ebf<\/li>\n<li>Kh\u0103n ph\u1ee7 ph\u00edm<\/li>\n<li>\u0110\u1ed5i ngu\u1ed3n 220V<\/li>\n<li>Freeship HCM \u2013 HN \u2013 \u0110N\u00a0&#8211; NT &#8211; BMT<\/li>\n<li>Kh\u00f3a h\u1ecdc online<\/li>\n<\/ul>\n","protected":false},"featured_media":8975,"comment_status":"open","ping_status":"closed","template":"","meta":[],"product_cat":[17,132],"product_tag":[474,482,360,300,143,641,637,438],"class_list":{"0":"post-8970","1":"product","2":"type-product","3":"status-publish","4":"has-post-thumbnail","6":"product_cat-piano-dan-dien","7":"product_cat-ka-wai","8":"product_tag-an-piano","9":"product_tag-dan-dien","10":"product_tag-dan-piano","11":"product_tag-kawai","12":"product_tag-piano-dien","13":"product_tag-piano-gia-re","14":"product_tag-piano-kawai","15":"product_tag-pianodien","17":"first","18":"instock","19":"sale","20":"shipping-taxable","21":"purchasable","22":"product-type-simple"},"jetpack_sharing_enabled":true,"_links":{"self":[{"href":"https:\/\/anpiano.com\/index.php?rest_route=\/wp\/v2\/product\/8970"}],"collection":[{"href":"https:\/\/anpiano.com\/index.php?rest_route=\/wp\/v2\/product"}],"about":[{"href":"https:\/\/anpiano.com\/index.php?rest_route=\/wp\/v2\/types\/product"}],"replies":[{"embeddable":true,"href":"https:\/\/anpiano.com\/index.php?rest_route=%2Fwp%2Fv2%2Fcomments&post=8970"}],"version-history":[{"count":2,"href":"https:\/\/anpiano.com\/index.php?rest_route=\/wp\/v2\/product\/8970\/revisions"}],"predecessor-version":[{"id":14316,"href":"https:\/\/anpiano.com\/index.php?rest_route=\/wp\/v2\/product\/8970\/revisions\/14316"}],"wp:featuredmedia":[{"embeddable":true,"href":"https:\/\/anpiano.com\/index.php?rest_route=\/wp\/v2\/media\/8975"}],"wp:attachment":[{"href":"https:\/\/anpiano.com\/index.php?rest_route=%2Fwp%2Fv2%2Fmedia&parent=8970"}],"wp:term":[{"taxonomy":"product_cat","embeddable":true,"href":"https:\/\/anpiano.com\/index.php?rest_route=%2Fwp%2Fv2%2Fproduct_cat&post=8970"},{"taxonomy":"product_tag","embeddable":true,"href":"https:\/\/anpiano.com\/index.php?rest_route=%2Fwp%2Fv2%2Fproduct_tag&post=8970"}],"curies":[{"name":"wp","href":"https:\/\/api.w.org\/{rel}","templated":true}]}}