{"id":9041,"date":"2022-11-28T18:15:37","date_gmt":"2022-11-28T11:15:37","guid":{"rendered":"https:\/\/anpiano.com\/?post_type=product&#038;p=9041"},"modified":"2025-09-27T17:44:32","modified_gmt":"2025-09-27T10:44:32","slug":"yamaha-mc10bic","status":"publish","type":"product","link":"https:\/\/anpiano.com\/?product=yamaha-mc10bic","title":{"rendered":"Yamaha MC10"},"content":{"rendered":"<h3><strong>Yamaha MC10<\/strong> l\u00e0 model Yamaha cao c\u1ea5p v\u1edbi thi\u1ebft k\u1ebf nh\u1ecf g\u1ecdn nh\u01b0ng kh\u00f4ng k\u00e9m ph\u1ea7n sang tr\u1ecdng. \u0110\u00e2y l\u00e0 m\u1eabu \u0111\u00e0n r\u1ea5t ph\u00f9 h\u1ee3p v\u1edbi nhi\u1ec1u kh\u00f4ng gian c\u1ee7a gia \u0111\u00ecnh Vi\u1ec7t.<\/h3>\n<p><strong>Yamaha MC10<\/strong>\u00a0ngay t\u1eeb khi m\u1edbi ra \u0111\u1eddi cho \u0111\u1ebfn nay lu\u00f4n nh\u1eadn \u0111\u01b0\u1ee3c s\u1ef1 \u01b0u \u00e1i c\u1ee7a c\u00e1c nh\u1ea1c s\u1ef9 v\u00e0 ngh\u1ec7 s\u1ef9 piano chuy\u00ean nghi\u1ec7p b\u1edfi s\u1ef1 k\u1ebft h\u1ee3p h\u00e0i h\u00f2a gi\u1eefa c\u1ed5 \u0111i\u1ec3n v\u00e0 hi\u1ec7n \u0111\u1ea1i, mang l\u1ea1i \u00e2m thanh trong s\u00e1ng v\u00e0 v\u00f4 c\u00f9ng \u1ea5m \u00e1p.<\/p>\n<h3><strong>\u0110\u1eb7c \u0111i\u1ec3m c\u1ea5u t\u1ea1o \u0111\u00e0n:<\/strong><\/h3>\n<ul>\n<li>B\u00e0n ph\u00edm v\u1edbi c\u00f4ng ngh\u1ec7 Acrypet cho ph\u00edm tr\u1eafng v\u00e0 phenol cho ph\u00edm \u0111en \u0111em l\u1ea1i c\u1ea3m gi\u00e1c ph\u00edm ho\u00e0n h\u1ea3o.<\/li>\n<li>B\u1ea3ng c\u1ed9ng h\u01b0\u1edfng (Sounboard) c\u1ee7a c\u00e2y \u0111\u00e0n piano \u0111\u01b0\u1ee3c l\u00e0m b\u1eb1ng ch\u1ea5t li\u1ec7u g\u1ed7 v\u00e2n sam.<\/li>\n<li>B\u1ed9 khung (frame) b\u1eb1ng gang, \u0111\u1ed9 c\u1ed9ng h\u01b0\u1edfng v\u00e0 c\u1ea5u tr\u00fac c\u1ee7a c\u00e2y \u0111\u00e0n \u0111\u01b0\u1ee3c \u0111\u00e1nh gi\u00e1 l\u00e0 c\u1ef1c k\u1ef3 t\u1ed1t.<\/li>\n<li>D\u00e2y \u0111\u00e0n \u0111\u01b0\u1ee3c ch\u1ebf t\u1ea1o b\u1eb1ng th\u00e9p c\u01b0\u1eddng \u0111\u1ed9 cao h\u1ed9i t\u1ee5 y\u1ebfu t\u1ed1 d\u1ebbo dai, \u00edt cacbon nh\u1ea5t, d\u00e2y c\u00f3 \u0111\u01b0\u1eddng k\u00ednh kh\u00e1c nhau v\u1edbi t\u1ed5ng s\u1ed1 l\u01b0\u1ee3ng d\u00e2y \u0111\u00e0n l\u00e0 220 d\u00e2y.<\/li>\n<li>B\u00faa \u0111\u00e0n b\u1eb1ng 100% l\u00f4ng c\u1eebu \u0111\u01b0\u1ee3c l\u1ef1a ch\u1ecdn \u0111\u1eb7c bi\u1ec7t cho m\u1ed7i m\u00f4 h\u00ecnh \u0111\u1ec3 cung c\u1ea5p s\u1ea3n xu\u1ea5t giai \u0111i\u1ec7u t\u1ed1i \u01b0u, \u0111\u00e1p \u1ee9ng v\u00e0 \u0111\u1ed9 b\u1ec1n l\u00e2u d\u00e0i v\u00e0 mang l\u1ea1i \u00e2m thanh tuy\u1ec7t h\u1ea3o.<\/li>\n<li>Ch\u1ea5t li\u1ec7u c\u1ee7a b\u1ed9 Pedals \u0111\u01b0\u1ee3c \u0111\u00fac t\u1eeb h\u1ee3p kim \u0111\u1ed3ng n\u00ean r\u1ea5t ch\u1eafc ch\u1eafn v\u00e0 m\u00e0u v\u00e0ng s\u00e1ng b\u00f3ng.<\/li>\n<\/ul>\n<div data-id=\"9ly1xDmkO1M\" data-query=\"\" data-src=\"https:\/\/www.youtube.com\/embed\/9ly1xDmkO1M\"><a href=\"https:\/\/www.facebook.com\/anpiano.saigon\" target=\"_blank\" rel=\"noopener\">T\u01b0 v\u1ea5n v\u00e0 ch\u1ecdn mua s\u1ea3n ph\u1ea9m kh\u00e1c t\u1ea1i \u0111\u00e2y<\/a><\/div>\n<div data-id=\"9ly1xDmkO1M\" data-query=\"\" data-src=\"https:\/\/www.youtube.com\/embed\/9ly1xDmkO1M\"><a href=\"http:\/\/thumuapiano.com\/\" target=\"_blank\" rel=\"noopener\">Ch\u00fang t\u00f4i nh\u1eadn thu mua Piano, h\u00e3y li\u00ean h\u1ec7 n\u1ebfu b\u1ea1n c\u00f3 nhu c\u1ea7u.<\/a><\/div>\n","protected":false},"excerpt":{"rendered":"<ul>\n<li>B\u1ea3o h\u00e0nh 10 n\u0103m <a href=\"https:\/\/anpiano.com\/chinh-sach-bao-hanh\/\">xem th\u00eam<\/a><\/li>\n<li>Gh\u1ebf<\/li>\n<li>Kh\u0103n ph\u1ee7 ph\u00edm<\/li>\n<li>Kh\u0103n ph\u1ee7 \u0111\u00e0n<\/li>\n<li>\u1ed0ng s\u1ea5y<\/li>\n<li>Freeship HCM \u2013 HN \u2013 \u0110N &#8211; NT &#8211; BMT<\/li>\n<li>Kh\u00f3a h\u1ecdc online<\/li>\n<\/ul>\n","protected":false},"featured_media":11034,"comment_status":"open","ping_status":"closed","template":"","meta":[],"product_cat":[125,326],"product_tag":[474,142,283,632,657,298,140],"class_list":{"0":"post-9041","1":"product","2":"type-product","3":"status-publish","4":"has-post-thumbnail","6":"product_cat-piano-upright","7":"product_cat-yamaha-upright","8":"product_tag-an-piano","9":"product_tag-piano","10":"product_tag-piano-co","11":"product_tag-piano-co-gia-re","12":"product_tag-piano-co-yamaha","13":"product_tag-piano-upright","14":"product_tag-yamaha","16":"first","17":"instock","18":"sale","19":"featured","20":"shipping-taxable","21":"purchasable","22":"product-type-simple"},"jetpack_sharing_enabled":true,"_links":{"self":[{"href":"https:\/\/anpiano.com\/index.php?rest_route=\/wp\/v2\/product\/9041"}],"collection":[{"href":"https:\/\/anpiano.com\/index.php?rest_route=\/wp\/v2\/product"}],"about":[{"href":"https:\/\/anpiano.com\/index.php?rest_route=\/wp\/v2\/types\/product"}],"replies":[{"embeddable":true,"href":"https:\/\/anpiano.com\/index.php?rest_route=%2Fwp%2Fv2%2Fcomments&post=9041"}],"version-history":[{"count":2,"href":"https:\/\/anpiano.com\/index.php?rest_route=\/wp\/v2\/product\/9041\/revisions"}],"predecessor-version":[{"id":13787,"href":"https:\/\/anpiano.com\/index.php?rest_route=\/wp\/v2\/product\/9041\/revisions\/13787"}],"wp:featuredmedia":[{"embeddable":true,"href":"https:\/\/anpiano.com\/index.php?rest_route=\/wp\/v2\/media\/11034"}],"wp:attachment":[{"href":"https:\/\/anpiano.com\/index.php?rest_route=%2Fwp%2Fv2%2Fmedia&parent=9041"}],"wp:term":[{"taxonomy":"product_cat","embeddable":true,"href":"https:\/\/anpiano.com\/index.php?rest_route=%2Fwp%2Fv2%2Fproduct_cat&post=9041"},{"taxonomy":"product_tag","embeddable":true,"href":"https:\/\/anpiano.com\/index.php?rest_route=%2Fwp%2Fv2%2Fproduct_tag&post=9041"}],"curies":[{"name":"wp","href":"https:\/\/api.w.org\/{rel}","templated":true}]}}